{"id":11427,"date":"2021-10-25T01:21:19","date_gmt":"2021-10-24T23:21:19","guid":{"rendered":"https:\/\/www.swisspica.ch\/?post_type=product&#038;p=11427"},"modified":"2026-02-14T11:08:16","modified_gmt":"2026-02-14T10:08:16","slug":"albino-beluga","status":"publish","type":"product","link":"https:\/\/www.swisspica.ch\/en\/products\/kaviar\/albino-beluga\/","title":{"rendered":"Albino Beluga (Almas)"},"content":{"rendered":"<p>Iranian craftsmanship and expertise generate a revival of real caviar taste \u2013 in sustainable breeding quality. We offer best caviar from HACCP certified breeding farms that use ISO certified food and give enough space to the fish to grow naturally. No growth hormones or other artificial additives are used.<br \/>\nCaviar is rich in vitamins A, D and B12, proteins, omega-3 fatty acids, the mineral salts calcium, phosphorus and magnesium and in the trace element iron. Caviar furthermore contains vitamin E and essential amino acids.<\/p>\n<p><strong>Certificates:\u00a0 <img loading=\"lazy\" decoding=\"async\" class=\"alignnone wp-image-18828 size-full\" src=\"https:\/\/www.swisspica.ch\/wp-content\/uploads\/2023\/06\/certs2.png\" alt=\"\" width=\"375\" height=\"100\" srcset=\"https:\/\/www.swisspica.ch\/wp-content\/uploads\/2023\/06\/certs2.png 375w, https:\/\/www.swisspica.ch\/wp-content\/uploads\/2023\/06\/certs2-300x80.png 300w, https:\/\/www.swisspica.ch\/wp-content\/uploads\/2023\/06\/certs2-18x5.png 18w, https:\/\/www.swisspica.ch\/wp-content\/uploads\/2023\/06\/certs2-60x16.png 60w, https:\/\/www.swisspica.ch\/wp-content\/uploads\/2023\/06\/certs2-150x40.png 150w\" sizes=\"auto, (max-width: 375px) 100vw, 375px\" \/><\/strong><\/p>","protected":false},"excerpt":{"rendered":"<p><strong>The White Rarity<\/strong><\/p>\n<ul>\n<li>Rare white-greyish colour.<\/li>\n<li>Grain size of 3.1 \u2013 3.5 mm.<\/li>\n<li>Typical and creamy, buttery Beluga taste. Grain with fine skin.<\/li>\n<li>Melts delicately on your tongue.<\/li>\n<\/ul>\n<p>Don\u2019t hesitate to <strong><u><a href=\"\/en\/contact-us\/\">contact us<\/a><\/u><\/strong><\/p>","protected":false},"featured_media":16686,"comment_status":"open","ping_status":"closed","template":"","meta":[],"product_brand":[],"product_cat":[96],"product_tag":[],"class_list":{"0":"post-11427","1":"product","2":"type-product","3":"status-publish","4":"has-post-thumbnail","6":"product_cat-kaviar","8":"first","9":"instock","10":"taxable","11":"shipping-taxable","12":"purchasable","13":"product-type-variable","14":"has-default-attributes"},"yoast_head":"<!-- This site is optimized with the Yoast SEO plugin v27.1.1 - https:\/\/yoast.com\/product\/yoast-seo-wordpress\/ -->\n<title>Albino Beluga (Almas)<\/title>\n<meta name=\"robots\" content=\"index, follow, max-snippet:-1, max-image-preview:large, max-video-preview:-1\" \/>\n<link rel=\"canonical\" href=\"https:\/\/www.swisspica.ch\/en\/products\/kaviar\/albino-beluga\/\" \/>\n<meta property=\"og:locale\" content=\"en_US\" \/>\n<meta property=\"og:type\" content=\"article\" \/>\n<meta property=\"og:title\" content=\"Albino Beluga (Almas)\" \/>\n<meta property=\"og:description\" content=\"Die weisse Rarit\u00e4t   Seltene weiss-gr\u00e4uliche Farbe.  Korngr\u00f6sse von 3.1 \u2013 3.5 mm.  Typischer, cremig-butteriger Beluga Geschmack. Korn mit delikater H\u00fclle.  Zergeht zart auf der Zunge.  Z\u00f6gern Sie nicht, uns zu kontaktieren.\" \/>\n<meta property=\"og:url\" content=\"https:\/\/www.swisspica.ch\/en\/products\/kaviar\/albino-beluga\/\" \/>\n<meta property=\"og:site_name\" content=\"Swisspica\" \/>\n<meta property=\"article:publisher\" content=\"https:\/\/www.facebook.com\/swisspica.delights\" \/>\n<meta property=\"article:modified_time\" content=\"2026-02-14T10:08:16+00:00\" \/>\n<meta property=\"og:image\" content=\"https:\/\/www.swisspica.ch\/wp-content\/uploads\/2023\/06\/beluga-albino-imperiumcaviar.jpg\" \/>\n\t<meta property=\"og:image:width\" content=\"1000\" \/>\n\t<meta property=\"og:image:height\" content=\"1000\" \/>\n\t<meta property=\"og:image:type\" content=\"image\/jpeg\" \/>\n<meta name=\"twitter:card\" content=\"summary_large_image\" \/>\n<meta name=\"twitter:label1\" content=\"Availability\" \/>\n\t<meta name=\"twitter:data1\" content=\"In stock\" \/>\n<script type=\"application\/ld+json\" class=\"yoast-schema-graph\">{\"@context\":\"https:\/\/schema.org\",\"@graph\":[{\"@type\":\"WebPage\",\"@id\":\"https:\/\/www.swisspica.ch\/products\/kaviar\/albino-beluga\/\",\"url\":\"https:\/\/www.swisspica.ch\/products\/kaviar\/albino-beluga\/\",\"name\":\"Albino Beluga (Almas)\",\"isPartOf\":{\"@id\":\"https:\/\/www.swisspica.ch\/#website\"},\"primaryImageOfPage\":{\"@id\":\"https:\/\/www.swisspica.ch\/products\/kaviar\/albino-beluga\/#primaryimage\"},\"image\":{\"@id\":\"https:\/\/www.swisspica.ch\/products\/kaviar\/albino-beluga\/#primaryimage\"},\"thumbnailUrl\":\"https:\/\/www.swisspica.ch\/wp-content\/uploads\/2023\/06\/beluga-albino-imperiumcaviar.jpg\",\"datePublished\":\"2021-10-24T23:21:19+00:00\",\"dateModified\":\"2026-02-14T10:08:16+00:00\",\"breadcrumb\":{\"@id\":\"https:\/\/www.swisspica.ch\/products\/kaviar\/albino-beluga\/#breadcrumb\"},\"inLanguage\":\"en-US\",\"potentialAction\":[{\"@type\":\"ReadAction\",\"target\":[\"https:\/\/www.swisspica.ch\/products\/kaviar\/albino-beluga\/\"]}]},{\"@type\":\"ImageObject\",\"inLanguage\":\"en-US\",\"@id\":\"https:\/\/www.swisspica.ch\/products\/kaviar\/albino-beluga\/#primaryimage\",\"url\":\"https:\/\/www.swisspica.ch\/wp-content\/uploads\/2023\/06\/beluga-albino-imperiumcaviar.jpg\",\"contentUrl\":\"https:\/\/www.swisspica.ch\/wp-content\/uploads\/2023\/06\/beluga-albino-imperiumcaviar.jpg\",\"width\":1000,\"height\":1000},{\"@type\":\"BreadcrumbList\",\"@id\":\"https:\/\/www.swisspica.ch\/products\/kaviar\/albino-beluga\/#breadcrumb\",\"itemListElement\":[{\"@type\":\"ListItem\",\"position\":1,\"name\":\"Startseite\",\"item\":\"https:\/\/www.swisspica.ch\/\"},{\"@type\":\"ListItem\",\"position\":2,\"name\":\"Shop\",\"item\":\"https:\/\/www.swisspica.ch\/products\/\"},{\"@type\":\"ListItem\",\"position\":3,\"name\":\"Kaviar\",\"item\":\"https:\/\/www.swisspica.ch\/products-category\/kaviar\/\"},{\"@type\":\"ListItem\",\"position\":4,\"name\":\"Albino Beluga (Almas)\"}]},{\"@type\":\"WebSite\",\"@id\":\"https:\/\/www.swisspica.ch\/#website\",\"url\":\"https:\/\/www.swisspica.ch\/\",\"name\":\"Swisspica: Naturprodukte\",\"description\":\"Naturprodukte, Lebensstil, Deko &amp; Geschenkideen\",\"publisher\":{\"@id\":\"https:\/\/www.swisspica.ch\/#organization\"},\"alternateName\":\"Swisspica\",\"potentialAction\":[{\"@type\":\"SearchAction\",\"target\":{\"@type\":\"EntryPoint\",\"urlTemplate\":\"https:\/\/www.swisspica.ch\/?s={search_term_string}\"},\"query-input\":{\"@type\":\"PropertyValueSpecification\",\"valueRequired\":true,\"valueName\":\"search_term_string\"}}],\"inLanguage\":\"en-US\"},{\"@type\":\"Organization\",\"@id\":\"https:\/\/www.swisspica.ch\/#organization\",\"name\":\"Swisspica\",\"alternateName\":\"Swisspica: Naturprodukte, Lebensstil, Deko & Geschenkideen\",\"url\":\"https:\/\/www.swisspica.ch\/\",\"logo\":{\"@type\":\"ImageObject\",\"inLanguage\":\"en-US\",\"@id\":\"https:\/\/www.swisspica.ch\/#\/schema\/logo\/image\/\",\"url\":\"https:\/\/www.swisspica.ch\/wp-content\/uploads\/2020\/12\/swisspica-logo-gold-no-shadow.png\",\"contentUrl\":\"https:\/\/www.swisspica.ch\/wp-content\/uploads\/2020\/12\/swisspica-logo-gold-no-shadow.png\",\"width\":1166,\"height\":449,\"caption\":\"Swisspica\"},\"image\":{\"@id\":\"https:\/\/www.swisspica.ch\/#\/schema\/logo\/image\/\"},\"sameAs\":[\"https:\/\/www.facebook.com\/swisspica.delights\",\"https:\/\/www.instagram.com\/swisspica\/\"]}]}<\/script>\n<meta property=\"og:availability\" content=\"instock\" \/>\n<meta property=\"product:availability\" content=\"instock\" \/>\n<meta property=\"product:condition\" content=\"new\" \/>\n<!-- \/ Yoast SEO plugin. -->","yoast_head_json":{"title":"Albino Beluga (Almas)","robots":{"index":"index","follow":"follow","max-snippet":"max-snippet:-1","max-image-preview":"max-image-preview:large","max-video-preview":"max-video-preview:-1"},"canonical":"https:\/\/www.swisspica.ch\/en\/products\/kaviar\/albino-beluga\/","og_locale":"en_US","og_type":"article","og_title":"Albino Beluga (Almas)","og_description":"Die weisse Rarit\u00e4t   Seltene weiss-gr\u00e4uliche Farbe.  Korngr\u00f6sse von 3.1 \u2013 3.5 mm.  Typischer, cremig-butteriger Beluga Geschmack. Korn mit delikater H\u00fclle.  Zergeht zart auf der Zunge.  Z\u00f6gern Sie nicht, uns zu kontaktieren.","og_url":"https:\/\/www.swisspica.ch\/en\/products\/kaviar\/albino-beluga\/","og_site_name":"Swisspica","article_publisher":"https:\/\/www.facebook.com\/swisspica.delights","article_modified_time":"2026-02-14T10:08:16+00:00","og_image":[{"width":1000,"height":1000,"url":"https:\/\/www.swisspica.ch\/wp-content\/uploads\/2023\/06\/beluga-albino-imperiumcaviar.jpg","type":"image\/jpeg"}],"twitter_card":"summary_large_image","twitter_misc":{"Availability":"In stock"},"schema":{"@context":"https:\/\/schema.org","@graph":[{"@type":"WebPage","@id":"https:\/\/www.swisspica.ch\/products\/kaviar\/albino-beluga\/","url":"https:\/\/www.swisspica.ch\/products\/kaviar\/albino-beluga\/","name":"Albino Beluga (Almas)","isPartOf":{"@id":"https:\/\/www.swisspica.ch\/#website"},"primaryImageOfPage":{"@id":"https:\/\/www.swisspica.ch\/products\/kaviar\/albino-beluga\/#primaryimage"},"image":{"@id":"https:\/\/www.swisspica.ch\/products\/kaviar\/albino-beluga\/#primaryimage"},"thumbnailUrl":"https:\/\/www.swisspica.ch\/wp-content\/uploads\/2023\/06\/beluga-albino-imperiumcaviar.jpg","datePublished":"2021-10-24T23:21:19+00:00","dateModified":"2026-02-14T10:08:16+00:00","breadcrumb":{"@id":"https:\/\/www.swisspica.ch\/products\/kaviar\/albino-beluga\/#breadcrumb"},"inLanguage":"en-US","potentialAction":[{"@type":"ReadAction","target":["https:\/\/www.swisspica.ch\/products\/kaviar\/albino-beluga\/"]}]},{"@type":"ImageObject","inLanguage":"en-US","@id":"https:\/\/www.swisspica.ch\/products\/kaviar\/albino-beluga\/#primaryimage","url":"https:\/\/www.swisspica.ch\/wp-content\/uploads\/2023\/06\/beluga-albino-imperiumcaviar.jpg","contentUrl":"https:\/\/www.swisspica.ch\/wp-content\/uploads\/2023\/06\/beluga-albino-imperiumcaviar.jpg","width":1000,"height":1000},{"@type":"BreadcrumbList","@id":"https:\/\/www.swisspica.ch\/products\/kaviar\/albino-beluga\/#breadcrumb","itemListElement":[{"@type":"ListItem","position":1,"name":"Startseite","item":"https:\/\/www.swisspica.ch\/"},{"@type":"ListItem","position":2,"name":"Shop","item":"https:\/\/www.swisspica.ch\/products\/"},{"@type":"ListItem","position":3,"name":"Kaviar","item":"https:\/\/www.swisspica.ch\/products-category\/kaviar\/"},{"@type":"ListItem","position":4,"name":"Albino Beluga (Almas)"}]},{"@type":"WebSite","@id":"https:\/\/www.swisspica.ch\/#website","url":"https:\/\/www.swisspica.ch\/","name":"Swisspica: Naturprodukte","description":"Naturprodukte, Lebensstil, Deko &amp; Geschenkideen","publisher":{"@id":"https:\/\/www.swisspica.ch\/#organization"},"alternateName":"Swisspica","potentialAction":[{"@type":"SearchAction","target":{"@type":"EntryPoint","urlTemplate":"https:\/\/www.swisspica.ch\/?s={search_term_string}"},"query-input":{"@type":"PropertyValueSpecification","valueRequired":true,"valueName":"search_term_string"}}],"inLanguage":"en-US"},{"@type":"Organization","@id":"https:\/\/www.swisspica.ch\/#organization","name":"Swisspica","alternateName":"Swisspica: Naturprodukte, Lebensstil, Deko & Geschenkideen","url":"https:\/\/www.swisspica.ch\/","logo":{"@type":"ImageObject","inLanguage":"en-US","@id":"https:\/\/www.swisspica.ch\/#\/schema\/logo\/image\/","url":"https:\/\/www.swisspica.ch\/wp-content\/uploads\/2020\/12\/swisspica-logo-gold-no-shadow.png","contentUrl":"https:\/\/www.swisspica.ch\/wp-content\/uploads\/2020\/12\/swisspica-logo-gold-no-shadow.png","width":1166,"height":449,"caption":"Swisspica"},"image":{"@id":"https:\/\/www.swisspica.ch\/#\/schema\/logo\/image\/"},"sameAs":["https:\/\/www.facebook.com\/swisspica.delights","https:\/\/www.instagram.com\/swisspica\/"]}]},"og_availability":"instock","product_availability":"instock","product_condition":"new"},"_links":{"self":[{"href":"https:\/\/www.swisspica.ch\/en\/wp-json\/wp\/v2\/product\/11427","targetHints":{"allow":["GET"]}}],"collection":[{"href":"https:\/\/www.swisspica.ch\/en\/wp-json\/wp\/v2\/product"}],"about":[{"href":"https:\/\/www.swisspica.ch\/en\/wp-json\/wp\/v2\/types\/product"}],"replies":[{"embeddable":true,"href":"https:\/\/www.swisspica.ch\/en\/wp-json\/wp\/v2\/comments?post=11427"}],"version-history":[{"count":1,"href":"https:\/\/www.swisspica.ch\/en\/wp-json\/wp\/v2\/product\/11427\/revisions"}],"predecessor-version":[{"id":18831,"href":"https:\/\/www.swisspica.ch\/en\/wp-json\/wp\/v2\/product\/11427\/revisions\/18831"}],"wp:featuredmedia":[{"embeddable":true,"href":"https:\/\/www.swisspica.ch\/en\/wp-json\/wp\/v2\/media\/16686"}],"wp:attachment":[{"href":"https:\/\/www.swisspica.ch\/en\/wp-json\/wp\/v2\/media?parent=11427"}],"wp:term":[{"taxonomy":"product_brand","embeddable":true,"href":"https:\/\/www.swisspica.ch\/en\/wp-json\/wp\/v2\/product_brand?post=11427"},{"taxonomy":"product_cat","embeddable":true,"href":"https:\/\/www.swisspica.ch\/en\/wp-json\/wp\/v2\/product_cat?post=11427"},{"taxonomy":"product_tag","embeddable":true,"href":"https:\/\/www.swisspica.ch\/en\/wp-json\/wp\/v2\/product_tag?post=11427"}],"curies":[{"name":"wp","href":"https:\/\/api.w.org\/{rel}","templated":true}]}}