{"id":15243,"date":"2023-10-21T22:18:13","date_gmt":"2023-10-21T20:18:13","guid":{"rendered":"https:\/\/www.swisspica.ch\/?post_type=product&#038;p=15243"},"modified":"2026-03-20T18:32:36","modified_gmt":"2026-03-20T17:32:36","slug":"naturreines-orangenbluetenwasser","status":"publish","type":"product","link":"https:\/\/www.swisspica.ch\/en\/products\/bluetenwaesser\/naturreines-orangenbluetenwasser\/","title":{"rendered":"Natural Orange Blossom Water"},"content":{"rendered":"<p>This natural orange blossom water originates from Iran, famous for its herbal medicine and herbal products. Use it in cooking and baking to add a fine, very pleasant fragrance and flavour to your dishes. Contains no sugar, sweeteners or preservatives.<\/p>\n<p>Natural orange blossom water from Iran. Bottled under strict hygiene conditions. Completely natural. Free from preservatives and any genetically modified materials.<\/p>\n<p><strong>Certificates:\u00a0 <img loading=\"lazy\" decoding=\"async\" class=\"alignnone size-full wp-image-18846\" src=\"https:\/\/www.swisspica.ch\/wp-content\/uploads\/2020\/04\/certs-5.png\" alt=\"\" width=\"81\" height=\"100\" srcset=\"https:\/\/www.swisspica.ch\/wp-content\/uploads\/2020\/04\/certs-5.png 81w, https:\/\/www.swisspica.ch\/wp-content\/uploads\/2020\/04\/certs-5-10x12.png 10w, https:\/\/www.swisspica.ch\/wp-content\/uploads\/2020\/04\/certs-5-60x74.png 60w\" sizes=\"auto, (max-width: 81px) 100vw, 81px\" \/><\/strong><\/p>","protected":false},"excerpt":{"rendered":"<p>Natural Orange Blossom Water from Iran<\/p>\n<ul>\n<li>250 ml bottle<\/li>\n<li>Adds a flowery-oriental touch to your pastries and dishes.<\/li>\n<li>Our Iranian orange blossom water is also delicious when enjoyed pure or with some water.<\/li>\n<li>Free from sugar, sweeteners and preservatives.<\/li>\n<\/ul>\n<p>Don\u2019t hesitate to <strong><u><a href=\"\/en\/contact-us\/\">contact us<\/a><br \/>\n<\/u><\/strong><\/p>","protected":false},"featured_media":15248,"comment_status":"open","ping_status":"closed","template":"","meta":[],"product_brand":[],"product_cat":[246],"product_tag":[247,226],"class_list":{"0":"post-15243","1":"product","2":"type-product","3":"status-publish","4":"has-post-thumbnail","6":"product_cat-bluetenwaesser","7":"product_tag-bluetenwaesser","8":"product_tag-organic","9":"product_shipping_class-glass","11":"first","12":"instock","13":"sale","14":"taxable","15":"shipping-taxable","16":"purchasable","17":"product-type-variable","18":"has-default-attributes"},"yoast_head":"<!-- This site is optimized with the Yoast SEO plugin v27.1.1 - https:\/\/yoast.com\/product\/yoast-seo-wordpress\/ -->\n<title>Naturreines Orangenbl\u00fctenwasser<\/title>\n<meta name=\"robots\" content=\"index, follow, max-snippet:-1, max-image-preview:large, max-video-preview:-1\" \/>\n<link rel=\"canonical\" href=\"https:\/\/www.swisspica.ch\/en\/products\/bluetenwaesser\/naturreines-orangenbluetenwasser\/\" \/>\n<meta property=\"og:locale\" content=\"en_US\" \/>\n<meta property=\"og:type\" content=\"article\" \/>\n<meta property=\"og:title\" content=\"Naturreines Orangenbl\u00fctenwasser\" \/>\n<meta property=\"og:description\" content=\"Naturreines Orangenbl\u00fctenwasser aus Iran   250 ml Flasche  Ein blumig-orientalischer Geschmack f\u00fcr Ihre Backwaren und Gerichte.  Unser iranisches Orangenbl\u00fctenwasser ist auch pur oder mit Wasser verd\u00fcnnt sehr zu empfehlen.  Enth\u00e4lt weder Zucker, S\u00fcssungsmittel noch Konservierungsstoffe.  Z\u00f6gern Sie nicht, uns zu kontaktieren.\" \/>\n<meta property=\"og:url\" content=\"https:\/\/www.swisspica.ch\/en\/products\/bluetenwaesser\/naturreines-orangenbluetenwasser\/\" \/>\n<meta property=\"og:site_name\" content=\"Swisspica\" \/>\n<meta property=\"article:publisher\" content=\"https:\/\/www.facebook.com\/swisspica.delights\" \/>\n<meta property=\"article:modified_time\" content=\"2026-03-20T17:32:36+00:00\" \/>\n<meta property=\"og:image\" content=\"https:\/\/www.swisspica.ch\/wp-content\/uploads\/2023\/10\/swisspica-orange-blossom-water.jpg\" \/>\n\t<meta property=\"og:image:width\" content=\"600\" \/>\n\t<meta property=\"og:image:height\" content=\"600\" \/>\n\t<meta property=\"og:image:type\" content=\"image\/jpeg\" \/>\n<meta name=\"twitter:card\" content=\"summary_large_image\" \/>\n<meta name=\"twitter:label1\" content=\"Availability\" \/>\n\t<meta name=\"twitter:data1\" content=\"In stock\" \/>\n<script type=\"application\/ld+json\" class=\"yoast-schema-graph\">{\"@context\":\"https:\/\/schema.org\",\"@graph\":[{\"@type\":\"WebPage\",\"@id\":\"https:\/\/www.swisspica.ch\/products\/bluetenwaesser\/naturreines-orangenbluetenwasser\/\",\"url\":\"https:\/\/www.swisspica.ch\/products\/bluetenwaesser\/naturreines-orangenbluetenwasser\/\",\"name\":\"Naturreines Orangenbl\u00fctenwasser\",\"isPartOf\":{\"@id\":\"https:\/\/www.swisspica.ch\/#website\"},\"primaryImageOfPage\":{\"@id\":\"https:\/\/www.swisspica.ch\/products\/bluetenwaesser\/naturreines-orangenbluetenwasser\/#primaryimage\"},\"image\":{\"@id\":\"https:\/\/www.swisspica.ch\/products\/bluetenwaesser\/naturreines-orangenbluetenwasser\/#primaryimage\"},\"thumbnailUrl\":\"https:\/\/www.swisspica.ch\/wp-content\/uploads\/2023\/10\/swisspica-orange-blossom-water.jpg\",\"datePublished\":\"2023-10-21T20:18:13+00:00\",\"dateModified\":\"2026-03-20T17:32:36+00:00\",\"breadcrumb\":{\"@id\":\"https:\/\/www.swisspica.ch\/products\/bluetenwaesser\/naturreines-orangenbluetenwasser\/#breadcrumb\"},\"inLanguage\":\"en-US\",\"potentialAction\":[{\"@type\":\"ReadAction\",\"target\":[\"https:\/\/www.swisspica.ch\/products\/bluetenwaesser\/naturreines-orangenbluetenwasser\/\"]}]},{\"@type\":\"ImageObject\",\"inLanguage\":\"en-US\",\"@id\":\"https:\/\/www.swisspica.ch\/products\/bluetenwaesser\/naturreines-orangenbluetenwasser\/#primaryimage\",\"url\":\"https:\/\/www.swisspica.ch\/wp-content\/uploads\/2023\/10\/swisspica-orange-blossom-water.jpg\",\"contentUrl\":\"https:\/\/www.swisspica.ch\/wp-content\/uploads\/2023\/10\/swisspica-orange-blossom-water.jpg\",\"width\":600,\"height\":600},{\"@type\":\"BreadcrumbList\",\"@id\":\"https:\/\/www.swisspica.ch\/products\/bluetenwaesser\/naturreines-orangenbluetenwasser\/#breadcrumb\",\"itemListElement\":[{\"@type\":\"ListItem\",\"position\":1,\"name\":\"Startseite\",\"item\":\"https:\/\/www.swisspica.ch\/\"},{\"@type\":\"ListItem\",\"position\":2,\"name\":\"Shop\",\"item\":\"https:\/\/www.swisspica.ch\/products\/\"},{\"@type\":\"ListItem\",\"position\":3,\"name\":\"Bl\u00fctenw\u00e4sser\",\"item\":\"https:\/\/www.swisspica.ch\/products-category\/bluetenwaesser\/\"},{\"@type\":\"ListItem\",\"position\":4,\"name\":\"Naturreines Orangenbl\u00fctenwasser\"}]},{\"@type\":\"WebSite\",\"@id\":\"https:\/\/www.swisspica.ch\/#website\",\"url\":\"https:\/\/www.swisspica.ch\/\",\"name\":\"Swisspica: Naturprodukte\",\"description\":\"Naturprodukte, Lebensstil, Deko &amp; Geschenkideen\",\"publisher\":{\"@id\":\"https:\/\/www.swisspica.ch\/#organization\"},\"alternateName\":\"Swisspica\",\"potentialAction\":[{\"@type\":\"SearchAction\",\"target\":{\"@type\":\"EntryPoint\",\"urlTemplate\":\"https:\/\/www.swisspica.ch\/?s={search_term_string}\"},\"query-input\":{\"@type\":\"PropertyValueSpecification\",\"valueRequired\":true,\"valueName\":\"search_term_string\"}}],\"inLanguage\":\"en-US\"},{\"@type\":\"Organization\",\"@id\":\"https:\/\/www.swisspica.ch\/#organization\",\"name\":\"Swisspica\",\"alternateName\":\"Swisspica: Naturprodukte, Lebensstil, Deko & Geschenkideen\",\"url\":\"https:\/\/www.swisspica.ch\/\",\"logo\":{\"@type\":\"ImageObject\",\"inLanguage\":\"en-US\",\"@id\":\"https:\/\/www.swisspica.ch\/#\/schema\/logo\/image\/\",\"url\":\"https:\/\/www.swisspica.ch\/wp-content\/uploads\/2020\/12\/swisspica-logo-gold-no-shadow.png\",\"contentUrl\":\"https:\/\/www.swisspica.ch\/wp-content\/uploads\/2020\/12\/swisspica-logo-gold-no-shadow.png\",\"width\":1166,\"height\":449,\"caption\":\"Swisspica\"},\"image\":{\"@id\":\"https:\/\/www.swisspica.ch\/#\/schema\/logo\/image\/\"},\"sameAs\":[\"https:\/\/www.facebook.com\/swisspica.delights\",\"https:\/\/www.instagram.com\/swisspica\/\"]}]}<\/script>\n<meta property=\"og:availability\" content=\"instock\" \/>\n<meta property=\"product:availability\" content=\"instock\" \/>\n<meta property=\"product:condition\" content=\"new\" \/>\n<!-- \/ Yoast SEO plugin. -->","yoast_head_json":{"title":"Natural Orange Blossom Water","robots":{"index":"index","follow":"follow","max-snippet":"max-snippet:-1","max-image-preview":"max-image-preview:large","max-video-preview":"max-video-preview:-1"},"canonical":"https:\/\/www.swisspica.ch\/en\/products\/bluetenwaesser\/naturreines-orangenbluetenwasser\/","og_locale":"en_US","og_type":"article","og_title":"Naturreines Orangenbl\u00fctenwasser","og_description":"Naturreines Orangenbl\u00fctenwasser aus Iran   250 ml Flasche  Ein blumig-orientalischer Geschmack f\u00fcr Ihre Backwaren und Gerichte.  Unser iranisches Orangenbl\u00fctenwasser ist auch pur oder mit Wasser verd\u00fcnnt sehr zu empfehlen.  Enth\u00e4lt weder Zucker, S\u00fcssungsmittel noch Konservierungsstoffe.  Z\u00f6gern Sie nicht, uns zu kontaktieren.","og_url":"https:\/\/www.swisspica.ch\/en\/products\/bluetenwaesser\/naturreines-orangenbluetenwasser\/","og_site_name":"Swisspica","article_publisher":"https:\/\/www.facebook.com\/swisspica.delights","article_modified_time":"2026-03-20T17:32:36+00:00","og_image":[{"width":600,"height":600,"url":"https:\/\/www.swisspica.ch\/wp-content\/uploads\/2023\/10\/swisspica-orange-blossom-water.jpg","type":"image\/jpeg"}],"twitter_card":"summary_large_image","twitter_misc":{"Availability":"In stock"},"schema":{"@context":"https:\/\/schema.org","@graph":[{"@type":"WebPage","@id":"https:\/\/www.swisspica.ch\/products\/bluetenwaesser\/naturreines-orangenbluetenwasser\/","url":"https:\/\/www.swisspica.ch\/products\/bluetenwaesser\/naturreines-orangenbluetenwasser\/","name":"Natural Orange Blossom Water","isPartOf":{"@id":"https:\/\/www.swisspica.ch\/#website"},"primaryImageOfPage":{"@id":"https:\/\/www.swisspica.ch\/products\/bluetenwaesser\/naturreines-orangenbluetenwasser\/#primaryimage"},"image":{"@id":"https:\/\/www.swisspica.ch\/products\/bluetenwaesser\/naturreines-orangenbluetenwasser\/#primaryimage"},"thumbnailUrl":"https:\/\/www.swisspica.ch\/wp-content\/uploads\/2023\/10\/swisspica-orange-blossom-water.jpg","datePublished":"2023-10-21T20:18:13+00:00","dateModified":"2026-03-20T17:32:36+00:00","breadcrumb":{"@id":"https:\/\/www.swisspica.ch\/products\/bluetenwaesser\/naturreines-orangenbluetenwasser\/#breadcrumb"},"inLanguage":"en-US","potentialAction":[{"@type":"ReadAction","target":["https:\/\/www.swisspica.ch\/products\/bluetenwaesser\/naturreines-orangenbluetenwasser\/"]}]},{"@type":"ImageObject","inLanguage":"en-US","@id":"https:\/\/www.swisspica.ch\/products\/bluetenwaesser\/naturreines-orangenbluetenwasser\/#primaryimage","url":"https:\/\/www.swisspica.ch\/wp-content\/uploads\/2023\/10\/swisspica-orange-blossom-water.jpg","contentUrl":"https:\/\/www.swisspica.ch\/wp-content\/uploads\/2023\/10\/swisspica-orange-blossom-water.jpg","width":600,"height":600},{"@type":"BreadcrumbList","@id":"https:\/\/www.swisspica.ch\/products\/bluetenwaesser\/naturreines-orangenbluetenwasser\/#breadcrumb","itemListElement":[{"@type":"ListItem","position":1,"name":"Startseite","item":"https:\/\/www.swisspica.ch\/"},{"@type":"ListItem","position":2,"name":"Shop","item":"https:\/\/www.swisspica.ch\/products\/"},{"@type":"ListItem","position":3,"name":"Bl\u00fctenw\u00e4sser","item":"https:\/\/www.swisspica.ch\/products-category\/bluetenwaesser\/"},{"@type":"ListItem","position":4,"name":"Naturreines Orangenbl\u00fctenwasser"}]},{"@type":"WebSite","@id":"https:\/\/www.swisspica.ch\/#website","url":"https:\/\/www.swisspica.ch\/","name":"Swisspica: Naturprodukte","description":"Naturprodukte, Lebensstil, Deko &amp; Geschenkideen","publisher":{"@id":"https:\/\/www.swisspica.ch\/#organization"},"alternateName":"Swisspica","potentialAction":[{"@type":"SearchAction","target":{"@type":"EntryPoint","urlTemplate":"https:\/\/www.swisspica.ch\/?s={search_term_string}"},"query-input":{"@type":"PropertyValueSpecification","valueRequired":true,"valueName":"search_term_string"}}],"inLanguage":"en-US"},{"@type":"Organization","@id":"https:\/\/www.swisspica.ch\/#organization","name":"Swisspica","alternateName":"Swisspica: Naturprodukte, Lebensstil, Deko & Geschenkideen","url":"https:\/\/www.swisspica.ch\/","logo":{"@type":"ImageObject","inLanguage":"en-US","@id":"https:\/\/www.swisspica.ch\/#\/schema\/logo\/image\/","url":"https:\/\/www.swisspica.ch\/wp-content\/uploads\/2020\/12\/swisspica-logo-gold-no-shadow.png","contentUrl":"https:\/\/www.swisspica.ch\/wp-content\/uploads\/2020\/12\/swisspica-logo-gold-no-shadow.png","width":1166,"height":449,"caption":"Swisspica"},"image":{"@id":"https:\/\/www.swisspica.ch\/#\/schema\/logo\/image\/"},"sameAs":["https:\/\/www.facebook.com\/swisspica.delights","https:\/\/www.instagram.com\/swisspica\/"]}]},"og_availability":"instock","product_availability":"instock","product_condition":"new"},"_links":{"self":[{"href":"https:\/\/www.swisspica.ch\/en\/wp-json\/wp\/v2\/product\/15243","targetHints":{"allow":["GET"]}}],"collection":[{"href":"https:\/\/www.swisspica.ch\/en\/wp-json\/wp\/v2\/product"}],"about":[{"href":"https:\/\/www.swisspica.ch\/en\/wp-json\/wp\/v2\/types\/product"}],"replies":[{"embeddable":true,"href":"https:\/\/www.swisspica.ch\/en\/wp-json\/wp\/v2\/comments?post=15243"}],"version-history":[{"count":1,"href":"https:\/\/www.swisspica.ch\/en\/wp-json\/wp\/v2\/product\/15243\/revisions"}],"predecessor-version":[{"id":18857,"href":"https:\/\/www.swisspica.ch\/en\/wp-json\/wp\/v2\/product\/15243\/revisions\/18857"}],"wp:featuredmedia":[{"embeddable":true,"href":"https:\/\/www.swisspica.ch\/en\/wp-json\/wp\/v2\/media\/15248"}],"wp:attachment":[{"href":"https:\/\/www.swisspica.ch\/en\/wp-json\/wp\/v2\/media?parent=15243"}],"wp:term":[{"taxonomy":"product_brand","embeddable":true,"href":"https:\/\/www.swisspica.ch\/en\/wp-json\/wp\/v2\/product_brand?post=15243"},{"taxonomy":"product_cat","embeddable":true,"href":"https:\/\/www.swisspica.ch\/en\/wp-json\/wp\/v2\/product_cat?post=15243"},{"taxonomy":"product_tag","embeddable":true,"href":"https:\/\/www.swisspica.ch\/en\/wp-json\/wp\/v2\/product_tag?post=15243"}],"curies":[{"name":"wp","href":"https:\/\/api.w.org\/{rel}","templated":true}]}}