{"id":15884,"date":"2024-02-13T18:09:31","date_gmt":"2024-02-13T17:09:31","guid":{"rendered":"https:\/\/www.swisspica.ch\/?post_type=product&#038;p=15884"},"modified":"2026-01-07T22:47:17","modified_gmt":"2026-01-07T21:47:17","slug":"persiana-everyday","status":"publish","type":"product","link":"https:\/\/www.swisspica.ch\/en\/products\/lebensstil\/persiana-everyday\/","title":{"rendered":"Persiana Everyday"},"content":{"rendered":"<p>The bestselling author of Persian and Middle Eastern cuisine Sabrina Ghayour is back. In Persiana Everyday, she delights us with 100 new easy recipes. Her credo: the less time we spend cooking, the more time we have to enjoy the cooked food with friends and family. Salads, savoury main courses, vegetarian treats or sweet desserts \u2013 Sabrina Ghayour\u2019s new book offers us many simple recipes that bring her culinary style to the point: it stands for savour, simplicity, reliability and the discovery of new aromas. Each of the quick recipes is a refined flavoured delight and suits perfectly for everyday use.<\/p>\n<ul>\n<li>Language: German \/ French<\/li>\n<li>Pages: 240<\/li>\n<li>Size: 24.6 x 18.9 cm \/ 25.3 x 19.6 cm<\/li>\n<li>Hardcover<\/li>\n<\/ul>","protected":false},"excerpt":{"rendered":"<p><strong>100 Persian Recipes \u2013 Easy, Quick and Delicious<\/strong><br \/>\nAuthor: Sabrina Ghayour<\/p>\n<p>The bestselling author of Persian and Middle Eastern cuisine Sabrina Ghayour is back. In Persiana Everyday, she delights us with 100 new easy recipes. Her credo: the less time we spend cooking, the more time we have to enjoy the cooked food with friends and family. Salads, savoury main courses, vegetarian treats or sweet desserts \u2013 Sabrina Ghayour\u2019s new book offers us many simple recipes that bring her culinary style to the point: it stands for savour, simplicity, reliability and the discovery of new aromas. Each of the quick recipes is a refined flavoured delight and suits perfectly for everyday use.<\/p>","protected":false},"featured_media":15887,"comment_status":"open","ping_status":"closed","template":"","meta":[],"product_brand":[],"product_cat":[249],"product_tag":[252,253],"class_list":{"0":"post-15884","1":"product","2":"type-product","3":"status-publish","4":"has-post-thumbnail","6":"product_cat-lebensstil","7":"product_tag-buecher","8":"product_tag-deko","10":"first","11":"instock","12":"taxable","13":"shipping-taxable","14":"purchasable","15":"product-type-variable","16":"has-default-attributes"},"yoast_head":"<!-- This site is optimized with the Yoast SEO plugin v27.1.1 - https:\/\/yoast.com\/product\/yoast-seo-wordpress\/ -->\n<title>Persiana Everyday<\/title>\n<meta name=\"robots\" content=\"index, follow, max-snippet:-1, max-image-preview:large, max-video-preview:-1\" \/>\n<link rel=\"canonical\" href=\"https:\/\/www.swisspica.ch\/en\/products\/lebensstil\/persiana-everyday\/\" \/>\n<meta property=\"og:locale\" content=\"en_US\" \/>\n<meta property=\"og:type\" content=\"article\" \/>\n<meta property=\"og:title\" content=\"Persiana Everyday\" \/>\n<meta property=\"og:description\" content=\"100 persische Rezepte \u2013 Einfach, schnell und k\u00f6stlich Autorin: Sabrina Ghayour  Die Bestsellerautorin der persischen und nah\u00f6stlichen K\u00fcche Sabrina Ghayour ist zur\u00fcck. In Persiana Everyday begeistert die Stark\u00f6chin mit 100 neuen unkomplizierten Gerichten. Ihr Motto dabei: Je weniger Zeit wir mit dem Kochen verbringen, umso mehr Zeit haben wir, das Gekochte mit Freunden und der Familie zu genie\u00dfen. Ob Salat, deftige Hauptspeise, vegetarische K\u00f6stlichkeit oder s\u00fc\u00dfes Dessert \u2013 das neue Buch von Sabrina Ghayour pr\u00e4sentiert uns viele einfache Rezepte, die ihren kulinarischen Stil auf den Punkt bringen: er steht f\u00fcr Geschmack, Unkompliziertheit, Verl\u00e4sslichkeit und das Erkunden von neuen Aromen. Jedes der schnellen Rezepte ist ein raffiniert gew\u00fcrzter Hochgenuss und perfekt f\u00fcr den Alltag geeignet.\" \/>\n<meta property=\"og:url\" content=\"https:\/\/www.swisspica.ch\/en\/products\/lebensstil\/persiana-everyday\/\" \/>\n<meta property=\"og:site_name\" content=\"Swisspica\" \/>\n<meta property=\"article:publisher\" content=\"https:\/\/www.facebook.com\/swisspica.delights\" \/>\n<meta property=\"article:modified_time\" content=\"2026-01-07T21:47:17+00:00\" \/>\n<meta property=\"og:image\" content=\"https:\/\/www.swisspica.ch\/wp-content\/uploads\/2024\/02\/book-persiana-everyday.jpg\" \/>\n\t<meta property=\"og:image:width\" content=\"600\" \/>\n\t<meta property=\"og:image:height\" content=\"600\" \/>\n\t<meta property=\"og:image:type\" content=\"image\/jpeg\" \/>\n<meta name=\"twitter:card\" content=\"summary_large_image\" \/>\n<meta name=\"twitter:label1\" content=\"Availability\" \/>\n\t<meta name=\"twitter:data1\" content=\"In stock\" \/>\n<script type=\"application\/ld+json\" class=\"yoast-schema-graph\">{\"@context\":\"https:\/\/schema.org\",\"@graph\":[{\"@type\":\"WebPage\",\"@id\":\"https:\/\/www.swisspica.ch\/products\/lebensstil\/persiana-everyday\/\",\"url\":\"https:\/\/www.swisspica.ch\/products\/lebensstil\/persiana-everyday\/\",\"name\":\"Persiana Everyday\",\"isPartOf\":{\"@id\":\"https:\/\/www.swisspica.ch\/#website\"},\"primaryImageOfPage\":{\"@id\":\"https:\/\/www.swisspica.ch\/products\/lebensstil\/persiana-everyday\/#primaryimage\"},\"image\":{\"@id\":\"https:\/\/www.swisspica.ch\/products\/lebensstil\/persiana-everyday\/#primaryimage\"},\"thumbnailUrl\":\"https:\/\/www.swisspica.ch\/wp-content\/uploads\/2024\/02\/book-persiana-everyday.jpg\",\"datePublished\":\"2024-02-13T17:09:31+00:00\",\"dateModified\":\"2026-01-07T21:47:17+00:00\",\"breadcrumb\":{\"@id\":\"https:\/\/www.swisspica.ch\/products\/lebensstil\/persiana-everyday\/#breadcrumb\"},\"inLanguage\":\"en-US\",\"potentialAction\":[{\"@type\":\"ReadAction\",\"target\":[\"https:\/\/www.swisspica.ch\/products\/lebensstil\/persiana-everyday\/\"]}]},{\"@type\":\"ImageObject\",\"inLanguage\":\"en-US\",\"@id\":\"https:\/\/www.swisspica.ch\/products\/lebensstil\/persiana-everyday\/#primaryimage\",\"url\":\"https:\/\/www.swisspica.ch\/wp-content\/uploads\/2024\/02\/book-persiana-everyday.jpg\",\"contentUrl\":\"https:\/\/www.swisspica.ch\/wp-content\/uploads\/2024\/02\/book-persiana-everyday.jpg\",\"width\":600,\"height\":600},{\"@type\":\"BreadcrumbList\",\"@id\":\"https:\/\/www.swisspica.ch\/products\/lebensstil\/persiana-everyday\/#breadcrumb\",\"itemListElement\":[{\"@type\":\"ListItem\",\"position\":1,\"name\":\"Startseite\",\"item\":\"https:\/\/www.swisspica.ch\/\"},{\"@type\":\"ListItem\",\"position\":2,\"name\":\"Shop\",\"item\":\"https:\/\/www.swisspica.ch\/products\/\"},{\"@type\":\"ListItem\",\"position\":3,\"name\":\"Lebensstil\",\"item\":\"https:\/\/www.swisspica.ch\/products-category\/lebensstil\/\"},{\"@type\":\"ListItem\",\"position\":4,\"name\":\"Persiana Everyday\"}]},{\"@type\":\"WebSite\",\"@id\":\"https:\/\/www.swisspica.ch\/#website\",\"url\":\"https:\/\/www.swisspica.ch\/\",\"name\":\"Swisspica: Naturprodukte\",\"description\":\"Naturprodukte, Lebensstil, Deko &amp; Geschenkideen\",\"publisher\":{\"@id\":\"https:\/\/www.swisspica.ch\/#organization\"},\"alternateName\":\"Swisspica\",\"potentialAction\":[{\"@type\":\"SearchAction\",\"target\":{\"@type\":\"EntryPoint\",\"urlTemplate\":\"https:\/\/www.swisspica.ch\/?s={search_term_string}\"},\"query-input\":{\"@type\":\"PropertyValueSpecification\",\"valueRequired\":true,\"valueName\":\"search_term_string\"}}],\"inLanguage\":\"en-US\"},{\"@type\":\"Organization\",\"@id\":\"https:\/\/www.swisspica.ch\/#organization\",\"name\":\"Swisspica\",\"alternateName\":\"Swisspica: Naturprodukte, Lebensstil, Deko & Geschenkideen\",\"url\":\"https:\/\/www.swisspica.ch\/\",\"logo\":{\"@type\":\"ImageObject\",\"inLanguage\":\"en-US\",\"@id\":\"https:\/\/www.swisspica.ch\/#\/schema\/logo\/image\/\",\"url\":\"https:\/\/www.swisspica.ch\/wp-content\/uploads\/2020\/12\/swisspica-logo-gold-no-shadow.png\",\"contentUrl\":\"https:\/\/www.swisspica.ch\/wp-content\/uploads\/2020\/12\/swisspica-logo-gold-no-shadow.png\",\"width\":1166,\"height\":449,\"caption\":\"Swisspica\"},\"image\":{\"@id\":\"https:\/\/www.swisspica.ch\/#\/schema\/logo\/image\/\"},\"sameAs\":[\"https:\/\/www.facebook.com\/swisspica.delights\",\"https:\/\/www.instagram.com\/swisspica\/\"]}]}<\/script>\n<meta property=\"og:availability\" content=\"instock\" \/>\n<meta property=\"product:availability\" content=\"instock\" \/>\n<meta property=\"product:condition\" content=\"new\" \/>\n<!-- \/ Yoast SEO plugin. -->","yoast_head_json":{"title":"Persiana Everyday","robots":{"index":"index","follow":"follow","max-snippet":"max-snippet:-1","max-image-preview":"max-image-preview:large","max-video-preview":"max-video-preview:-1"},"canonical":"https:\/\/www.swisspica.ch\/en\/products\/lebensstil\/persiana-everyday\/","og_locale":"en_US","og_type":"article","og_title":"Persiana Everyday","og_description":"100 persische Rezepte \u2013 Einfach, schnell und k\u00f6stlich Autorin: Sabrina Ghayour  Die Bestsellerautorin der persischen und nah\u00f6stlichen K\u00fcche Sabrina Ghayour ist zur\u00fcck. In Persiana Everyday begeistert die Stark\u00f6chin mit 100 neuen unkomplizierten Gerichten. Ihr Motto dabei: Je weniger Zeit wir mit dem Kochen verbringen, umso mehr Zeit haben wir, das Gekochte mit Freunden und der Familie zu genie\u00dfen. Ob Salat, deftige Hauptspeise, vegetarische K\u00f6stlichkeit oder s\u00fc\u00dfes Dessert \u2013 das neue Buch von Sabrina Ghayour pr\u00e4sentiert uns viele einfache Rezepte, die ihren kulinarischen Stil auf den Punkt bringen: er steht f\u00fcr Geschmack, Unkompliziertheit, Verl\u00e4sslichkeit und das Erkunden von neuen Aromen. Jedes der schnellen Rezepte ist ein raffiniert gew\u00fcrzter Hochgenuss und perfekt f\u00fcr den Alltag geeignet.","og_url":"https:\/\/www.swisspica.ch\/en\/products\/lebensstil\/persiana-everyday\/","og_site_name":"Swisspica","article_publisher":"https:\/\/www.facebook.com\/swisspica.delights","article_modified_time":"2026-01-07T21:47:17+00:00","og_image":[{"width":600,"height":600,"url":"https:\/\/www.swisspica.ch\/wp-content\/uploads\/2024\/02\/book-persiana-everyday.jpg","type":"image\/jpeg"}],"twitter_card":"summary_large_image","twitter_misc":{"Availability":"In stock"},"schema":{"@context":"https:\/\/schema.org","@graph":[{"@type":"WebPage","@id":"https:\/\/www.swisspica.ch\/products\/lebensstil\/persiana-everyday\/","url":"https:\/\/www.swisspica.ch\/products\/lebensstil\/persiana-everyday\/","name":"Persiana Everyday","isPartOf":{"@id":"https:\/\/www.swisspica.ch\/#website"},"primaryImageOfPage":{"@id":"https:\/\/www.swisspica.ch\/products\/lebensstil\/persiana-everyday\/#primaryimage"},"image":{"@id":"https:\/\/www.swisspica.ch\/products\/lebensstil\/persiana-everyday\/#primaryimage"},"thumbnailUrl":"https:\/\/www.swisspica.ch\/wp-content\/uploads\/2024\/02\/book-persiana-everyday.jpg","datePublished":"2024-02-13T17:09:31+00:00","dateModified":"2026-01-07T21:47:17+00:00","breadcrumb":{"@id":"https:\/\/www.swisspica.ch\/products\/lebensstil\/persiana-everyday\/#breadcrumb"},"inLanguage":"en-US","potentialAction":[{"@type":"ReadAction","target":["https:\/\/www.swisspica.ch\/products\/lebensstil\/persiana-everyday\/"]}]},{"@type":"ImageObject","inLanguage":"en-US","@id":"https:\/\/www.swisspica.ch\/products\/lebensstil\/persiana-everyday\/#primaryimage","url":"https:\/\/www.swisspica.ch\/wp-content\/uploads\/2024\/02\/book-persiana-everyday.jpg","contentUrl":"https:\/\/www.swisspica.ch\/wp-content\/uploads\/2024\/02\/book-persiana-everyday.jpg","width":600,"height":600},{"@type":"BreadcrumbList","@id":"https:\/\/www.swisspica.ch\/products\/lebensstil\/persiana-everyday\/#breadcrumb","itemListElement":[{"@type":"ListItem","position":1,"name":"Startseite","item":"https:\/\/www.swisspica.ch\/"},{"@type":"ListItem","position":2,"name":"Shop","item":"https:\/\/www.swisspica.ch\/products\/"},{"@type":"ListItem","position":3,"name":"Lebensstil","item":"https:\/\/www.swisspica.ch\/products-category\/lebensstil\/"},{"@type":"ListItem","position":4,"name":"Persiana Everyday"}]},{"@type":"WebSite","@id":"https:\/\/www.swisspica.ch\/#website","url":"https:\/\/www.swisspica.ch\/","name":"Swisspica: Naturprodukte","description":"Naturprodukte, Lebensstil, Deko &amp; Geschenkideen","publisher":{"@id":"https:\/\/www.swisspica.ch\/#organization"},"alternateName":"Swisspica","potentialAction":[{"@type":"SearchAction","target":{"@type":"EntryPoint","urlTemplate":"https:\/\/www.swisspica.ch\/?s={search_term_string}"},"query-input":{"@type":"PropertyValueSpecification","valueRequired":true,"valueName":"search_term_string"}}],"inLanguage":"en-US"},{"@type":"Organization","@id":"https:\/\/www.swisspica.ch\/#organization","name":"Swisspica","alternateName":"Swisspica: Naturprodukte, Lebensstil, Deko & Geschenkideen","url":"https:\/\/www.swisspica.ch\/","logo":{"@type":"ImageObject","inLanguage":"en-US","@id":"https:\/\/www.swisspica.ch\/#\/schema\/logo\/image\/","url":"https:\/\/www.swisspica.ch\/wp-content\/uploads\/2020\/12\/swisspica-logo-gold-no-shadow.png","contentUrl":"https:\/\/www.swisspica.ch\/wp-content\/uploads\/2020\/12\/swisspica-logo-gold-no-shadow.png","width":1166,"height":449,"caption":"Swisspica"},"image":{"@id":"https:\/\/www.swisspica.ch\/#\/schema\/logo\/image\/"},"sameAs":["https:\/\/www.facebook.com\/swisspica.delights","https:\/\/www.instagram.com\/swisspica\/"]}]},"og_availability":"instock","product_availability":"instock","product_condition":"new"},"_links":{"self":[{"href":"https:\/\/www.swisspica.ch\/en\/wp-json\/wp\/v2\/product\/15884","targetHints":{"allow":["GET"]}}],"collection":[{"href":"https:\/\/www.swisspica.ch\/en\/wp-json\/wp\/v2\/product"}],"about":[{"href":"https:\/\/www.swisspica.ch\/en\/wp-json\/wp\/v2\/types\/product"}],"replies":[{"embeddable":true,"href":"https:\/\/www.swisspica.ch\/en\/wp-json\/wp\/v2\/comments?post=15884"}],"version-history":[{"count":0,"href":"https:\/\/www.swisspica.ch\/en\/wp-json\/wp\/v2\/product\/15884\/revisions"}],"wp:featuredmedia":[{"embeddable":true,"href":"https:\/\/www.swisspica.ch\/en\/wp-json\/wp\/v2\/media\/15887"}],"wp:attachment":[{"href":"https:\/\/www.swisspica.ch\/en\/wp-json\/wp\/v2\/media?parent=15884"}],"wp:term":[{"taxonomy":"product_brand","embeddable":true,"href":"https:\/\/www.swisspica.ch\/en\/wp-json\/wp\/v2\/product_brand?post=15884"},{"taxonomy":"product_cat","embeddable":true,"href":"https:\/\/www.swisspica.ch\/en\/wp-json\/wp\/v2\/product_cat?post=15884"},{"taxonomy":"product_tag","embeddable":true,"href":"https:\/\/www.swisspica.ch\/en\/wp-json\/wp\/v2\/product_tag?post=15884"}],"curies":[{"name":"wp","href":"https:\/\/api.w.org\/{rel}","templated":true}]}}