{"id":15970,"date":"2024-02-29T21:01:33","date_gmt":"2024-02-29T20:01:33","guid":{"rendered":"https:\/\/www.swisspica.ch\/?post_type=product&#038;p=15970"},"modified":"2026-01-07T22:47:12","modified_gmt":"2026-01-07T21:47:12","slug":"weste-in-puristischem-ecru","status":"publish","type":"product","link":"https:\/\/www.swisspica.ch\/en\/products\/lebensstil\/weste-in-puristischem-ecru\/","title":{"rendered":"Waistcoat in purist ecru"},"content":{"rendered":"<p>Sleeveless, short waistcoat in ecru with brown embroidery and ties on both sides. 100% natural cotton.<\/p>\n<ul>\n<li>Weight: 135g<\/li>\n<li>Size: S-M<\/li>\n<\/ul>","protected":false},"excerpt":{"rendered":"<p>Sleeveless, short waistcoat in ecru with brown embroidery and ties on both sides. 100% natural cotton.<\/p>\n<ul>\n<li>Weight: 135g<\/li>\n<li>Size: S-M<\/li>\n<\/ul>","protected":false},"featured_media":15971,"comment_status":"open","ping_status":"closed","template":"","meta":[],"product_brand":[],"product_cat":[249],"product_tag":[252,253],"class_list":{"0":"post-15970","1":"product","2":"type-product","3":"status-publish","4":"has-post-thumbnail","6":"product_cat-lebensstil","7":"product_tag-buecher","8":"product_tag-deko","10":"first","11":"instock","12":"taxable","13":"shipping-taxable","14":"purchasable","15":"product-type-simple"},"yoast_head":"<!-- This site is optimized with the Yoast SEO plugin v27.1.1 - https:\/\/yoast.com\/product\/yoast-seo-wordpress\/ -->\n<title>Weste in puristischem Ecru<\/title>\n<meta name=\"robots\" content=\"index, follow, max-snippet:-1, max-image-preview:large, max-video-preview:-1\" \/>\n<link rel=\"canonical\" href=\"https:\/\/www.swisspica.ch\/en\/products\/lebensstil\/weste-in-puristischem-ecru\/\" \/>\n<meta property=\"og:locale\" content=\"en_US\" \/>\n<meta property=\"og:type\" content=\"article\" \/>\n<meta property=\"og:title\" content=\"Weste in puristischem Ecru\" \/>\n<meta property=\"og:description\" content=\"\u00c4rmellose, kurze Weste in Ecru mit brauner Stickerei und beidseitigen B\u00e4ndeln. 100% naturreine Baumwolle.   Gewicht: 135g  Gr\u00f6sse: S-M\" \/>\n<meta property=\"og:url\" content=\"https:\/\/www.swisspica.ch\/en\/products\/lebensstil\/weste-in-puristischem-ecru\/\" \/>\n<meta property=\"og:site_name\" content=\"Swisspica\" \/>\n<meta property=\"article:publisher\" content=\"https:\/\/www.facebook.com\/swisspica.delights\" \/>\n<meta property=\"article:modified_time\" content=\"2026-01-07T21:47:12+00:00\" \/>\n<meta property=\"og:image\" content=\"https:\/\/www.swisspica.ch\/wp-content\/uploads\/2024\/02\/Weste-in-puristischem-Ecru.jpg\" \/>\n\t<meta property=\"og:image:width\" content=\"600\" \/>\n\t<meta property=\"og:image:height\" content=\"600\" \/>\n\t<meta property=\"og:image:type\" content=\"image\/jpeg\" \/>\n<meta name=\"twitter:card\" content=\"summary_large_image\" \/>\n<meta name=\"twitter:label1\" content=\"Price\" \/>\n\t<meta name=\"twitter:data1\" content=\"45.00&nbsp;&#067;&#072;&#070; (Inkl. MWST)\" \/>\n\t<meta name=\"twitter:label2\" content=\"Availability\" \/>\n\t<meta name=\"twitter:data2\" content=\"In stock\" \/>\n<script type=\"application\/ld+json\" class=\"yoast-schema-graph\">{\"@context\":\"https:\/\/schema.org\",\"@graph\":[{\"@type\":\"WebPage\",\"@id\":\"https:\/\/www.swisspica.ch\/products\/lebensstil\/weste-in-puristischem-ecru\/\",\"url\":\"https:\/\/www.swisspica.ch\/products\/lebensstil\/weste-in-puristischem-ecru\/\",\"name\":\"Weste in puristischem Ecru\",\"isPartOf\":{\"@id\":\"https:\/\/www.swisspica.ch\/#website\"},\"primaryImageOfPage\":{\"@id\":\"https:\/\/www.swisspica.ch\/products\/lebensstil\/weste-in-puristischem-ecru\/#primaryimage\"},\"image\":{\"@id\":\"https:\/\/www.swisspica.ch\/products\/lebensstil\/weste-in-puristischem-ecru\/#primaryimage\"},\"thumbnailUrl\":\"https:\/\/www.swisspica.ch\/wp-content\/uploads\/2024\/02\/Weste-in-puristischem-Ecru.jpg\",\"datePublished\":\"2024-02-29T20:01:33+00:00\",\"dateModified\":\"2026-01-07T21:47:12+00:00\",\"breadcrumb\":{\"@id\":\"https:\/\/www.swisspica.ch\/products\/lebensstil\/weste-in-puristischem-ecru\/#breadcrumb\"},\"inLanguage\":\"en-US\",\"potentialAction\":[{\"@type\":\"ReadAction\",\"target\":[\"https:\/\/www.swisspica.ch\/products\/lebensstil\/weste-in-puristischem-ecru\/\"]}]},{\"@type\":\"ImageObject\",\"inLanguage\":\"en-US\",\"@id\":\"https:\/\/www.swisspica.ch\/products\/lebensstil\/weste-in-puristischem-ecru\/#primaryimage\",\"url\":\"https:\/\/www.swisspica.ch\/wp-content\/uploads\/2024\/02\/Weste-in-puristischem-Ecru.jpg\",\"contentUrl\":\"https:\/\/www.swisspica.ch\/wp-content\/uploads\/2024\/02\/Weste-in-puristischem-Ecru.jpg\",\"width\":600,\"height\":600},{\"@type\":\"BreadcrumbList\",\"@id\":\"https:\/\/www.swisspica.ch\/products\/lebensstil\/weste-in-puristischem-ecru\/#breadcrumb\",\"itemListElement\":[{\"@type\":\"ListItem\",\"position\":1,\"name\":\"Startseite\",\"item\":\"https:\/\/www.swisspica.ch\/\"},{\"@type\":\"ListItem\",\"position\":2,\"name\":\"Shop\",\"item\":\"https:\/\/www.swisspica.ch\/products\/\"},{\"@type\":\"ListItem\",\"position\":3,\"name\":\"Lebensstil\",\"item\":\"https:\/\/www.swisspica.ch\/products-category\/lebensstil\/\"},{\"@type\":\"ListItem\",\"position\":4,\"name\":\"Weste in puristischem Ecru\"}]},{\"@type\":\"WebSite\",\"@id\":\"https:\/\/www.swisspica.ch\/#website\",\"url\":\"https:\/\/www.swisspica.ch\/\",\"name\":\"Swisspica: Naturprodukte\",\"description\":\"Naturprodukte, Lebensstil, Deko &amp; Geschenkideen\",\"publisher\":{\"@id\":\"https:\/\/www.swisspica.ch\/#organization\"},\"alternateName\":\"Swisspica\",\"potentialAction\":[{\"@type\":\"SearchAction\",\"target\":{\"@type\":\"EntryPoint\",\"urlTemplate\":\"https:\/\/www.swisspica.ch\/?s={search_term_string}\"},\"query-input\":{\"@type\":\"PropertyValueSpecification\",\"valueRequired\":true,\"valueName\":\"search_term_string\"}}],\"inLanguage\":\"en-US\"},{\"@type\":\"Organization\",\"@id\":\"https:\/\/www.swisspica.ch\/#organization\",\"name\":\"Swisspica\",\"alternateName\":\"Swisspica: Naturprodukte, Lebensstil, Deko & Geschenkideen\",\"url\":\"https:\/\/www.swisspica.ch\/\",\"logo\":{\"@type\":\"ImageObject\",\"inLanguage\":\"en-US\",\"@id\":\"https:\/\/www.swisspica.ch\/#\/schema\/logo\/image\/\",\"url\":\"https:\/\/www.swisspica.ch\/wp-content\/uploads\/2020\/12\/swisspica-logo-gold-no-shadow.png\",\"contentUrl\":\"https:\/\/www.swisspica.ch\/wp-content\/uploads\/2020\/12\/swisspica-logo-gold-no-shadow.png\",\"width\":1166,\"height\":449,\"caption\":\"Swisspica\"},\"image\":{\"@id\":\"https:\/\/www.swisspica.ch\/#\/schema\/logo\/image\/\"},\"sameAs\":[\"https:\/\/www.facebook.com\/swisspica.delights\",\"https:\/\/www.instagram.com\/swisspica\/\"]}]}<\/script>\n<meta property=\"product:price:amount\" content=\"45.00\" \/>\n<meta property=\"product:price:currency\" content=\"CHF\" \/>\n<meta property=\"og:availability\" content=\"instock\" \/>\n<meta property=\"product:availability\" content=\"instock\" \/>\n<meta property=\"product:condition\" content=\"new\" \/>\n<!-- \/ Yoast SEO plugin. -->","yoast_head_json":{"title":"Waistcoat in purist ecru","robots":{"index":"index","follow":"follow","max-snippet":"max-snippet:-1","max-image-preview":"max-image-preview:large","max-video-preview":"max-video-preview:-1"},"canonical":"https:\/\/www.swisspica.ch\/en\/products\/lebensstil\/weste-in-puristischem-ecru\/","og_locale":"en_US","og_type":"article","og_title":"Weste in puristischem Ecru","og_description":"\u00c4rmellose, kurze Weste in Ecru mit brauner Stickerei und beidseitigen B\u00e4ndeln. 100% naturreine Baumwolle.   Gewicht: 135g  Gr\u00f6sse: S-M","og_url":"https:\/\/www.swisspica.ch\/en\/products\/lebensstil\/weste-in-puristischem-ecru\/","og_site_name":"Swisspica","article_publisher":"https:\/\/www.facebook.com\/swisspica.delights","article_modified_time":"2026-01-07T21:47:12+00:00","og_image":[{"width":600,"height":600,"url":"https:\/\/www.swisspica.ch\/wp-content\/uploads\/2024\/02\/Weste-in-puristischem-Ecru.jpg","type":"image\/jpeg"}],"twitter_card":"summary_large_image","twitter_misc":{"Price":"45.00&nbsp;&#67;&#72;&#70; (Inkl. MWST)","Availability":"In stock"},"schema":{"@context":"https:\/\/schema.org","@graph":[{"@type":"WebPage","@id":"https:\/\/www.swisspica.ch\/products\/lebensstil\/weste-in-puristischem-ecru\/","url":"https:\/\/www.swisspica.ch\/products\/lebensstil\/weste-in-puristischem-ecru\/","name":"Waistcoat in purist ecru","isPartOf":{"@id":"https:\/\/www.swisspica.ch\/#website"},"primaryImageOfPage":{"@id":"https:\/\/www.swisspica.ch\/products\/lebensstil\/weste-in-puristischem-ecru\/#primaryimage"},"image":{"@id":"https:\/\/www.swisspica.ch\/products\/lebensstil\/weste-in-puristischem-ecru\/#primaryimage"},"thumbnailUrl":"https:\/\/www.swisspica.ch\/wp-content\/uploads\/2024\/02\/Weste-in-puristischem-Ecru.jpg","datePublished":"2024-02-29T20:01:33+00:00","dateModified":"2026-01-07T21:47:12+00:00","breadcrumb":{"@id":"https:\/\/www.swisspica.ch\/products\/lebensstil\/weste-in-puristischem-ecru\/#breadcrumb"},"inLanguage":"en-US","potentialAction":[{"@type":"ReadAction","target":["https:\/\/www.swisspica.ch\/products\/lebensstil\/weste-in-puristischem-ecru\/"]}]},{"@type":"ImageObject","inLanguage":"en-US","@id":"https:\/\/www.swisspica.ch\/products\/lebensstil\/weste-in-puristischem-ecru\/#primaryimage","url":"https:\/\/www.swisspica.ch\/wp-content\/uploads\/2024\/02\/Weste-in-puristischem-Ecru.jpg","contentUrl":"https:\/\/www.swisspica.ch\/wp-content\/uploads\/2024\/02\/Weste-in-puristischem-Ecru.jpg","width":600,"height":600},{"@type":"BreadcrumbList","@id":"https:\/\/www.swisspica.ch\/products\/lebensstil\/weste-in-puristischem-ecru\/#breadcrumb","itemListElement":[{"@type":"ListItem","position":1,"name":"Startseite","item":"https:\/\/www.swisspica.ch\/"},{"@type":"ListItem","position":2,"name":"Shop","item":"https:\/\/www.swisspica.ch\/products\/"},{"@type":"ListItem","position":3,"name":"Lebensstil","item":"https:\/\/www.swisspica.ch\/products-category\/lebensstil\/"},{"@type":"ListItem","position":4,"name":"Weste in puristischem Ecru"}]},{"@type":"WebSite","@id":"https:\/\/www.swisspica.ch\/#website","url":"https:\/\/www.swisspica.ch\/","name":"Swisspica: Naturprodukte","description":"Naturprodukte, Lebensstil, Deko &amp; Geschenkideen","publisher":{"@id":"https:\/\/www.swisspica.ch\/#organization"},"alternateName":"Swisspica","potentialAction":[{"@type":"SearchAction","target":{"@type":"EntryPoint","urlTemplate":"https:\/\/www.swisspica.ch\/?s={search_term_string}"},"query-input":{"@type":"PropertyValueSpecification","valueRequired":true,"valueName":"search_term_string"}}],"inLanguage":"en-US"},{"@type":"Organization","@id":"https:\/\/www.swisspica.ch\/#organization","name":"Swisspica","alternateName":"Swisspica: Naturprodukte, Lebensstil, Deko & Geschenkideen","url":"https:\/\/www.swisspica.ch\/","logo":{"@type":"ImageObject","inLanguage":"en-US","@id":"https:\/\/www.swisspica.ch\/#\/schema\/logo\/image\/","url":"https:\/\/www.swisspica.ch\/wp-content\/uploads\/2020\/12\/swisspica-logo-gold-no-shadow.png","contentUrl":"https:\/\/www.swisspica.ch\/wp-content\/uploads\/2020\/12\/swisspica-logo-gold-no-shadow.png","width":1166,"height":449,"caption":"Swisspica"},"image":{"@id":"https:\/\/www.swisspica.ch\/#\/schema\/logo\/image\/"},"sameAs":["https:\/\/www.facebook.com\/swisspica.delights","https:\/\/www.instagram.com\/swisspica\/"]}]},"product_price_amount":"45.00","product_price_currency":"CHF","og_availability":"instock","product_availability":"instock","product_condition":"new"},"_links":{"self":[{"href":"https:\/\/www.swisspica.ch\/en\/wp-json\/wp\/v2\/product\/15970","targetHints":{"allow":["GET"]}}],"collection":[{"href":"https:\/\/www.swisspica.ch\/en\/wp-json\/wp\/v2\/product"}],"about":[{"href":"https:\/\/www.swisspica.ch\/en\/wp-json\/wp\/v2\/types\/product"}],"replies":[{"embeddable":true,"href":"https:\/\/www.swisspica.ch\/en\/wp-json\/wp\/v2\/comments?post=15970"}],"version-history":[{"count":0,"href":"https:\/\/www.swisspica.ch\/en\/wp-json\/wp\/v2\/product\/15970\/revisions"}],"wp:featuredmedia":[{"embeddable":true,"href":"https:\/\/www.swisspica.ch\/en\/wp-json\/wp\/v2\/media\/15971"}],"wp:attachment":[{"href":"https:\/\/www.swisspica.ch\/en\/wp-json\/wp\/v2\/media?parent=15970"}],"wp:term":[{"taxonomy":"product_brand","embeddable":true,"href":"https:\/\/www.swisspica.ch\/en\/wp-json\/wp\/v2\/product_brand?post=15970"},{"taxonomy":"product_cat","embeddable":true,"href":"https:\/\/www.swisspica.ch\/en\/wp-json\/wp\/v2\/product_cat?post=15970"},{"taxonomy":"product_tag","embeddable":true,"href":"https:\/\/www.swisspica.ch\/en\/wp-json\/wp\/v2\/product_tag?post=15970"}],"curies":[{"name":"wp","href":"https:\/\/api.w.org\/{rel}","templated":true}]}}