{"id":16005,"date":"2024-03-01T02:44:11","date_gmt":"2024-03-01T01:44:11","guid":{"rendered":"https:\/\/www.swisspica.ch\/?post_type=product&#038;p=16005"},"modified":"2026-03-20T18:32:36","modified_gmt":"2026-03-20T17:32:36","slug":"elegante-safranbox-mit-moerser","status":"publish","type":"product","link":"https:\/\/www.swisspica.ch\/en\/products\/safran\/elegante-safranbox-mit-moerser\/","title":{"rendered":"Elegant saffron box with mortar"},"content":{"rendered":"<p>This lovely wooden saffron box comes with a saffron tin of your choice and a small mortar with pestle. A unique gift!<\/p>\n<ul>\n<li>Weight: 200g (without saffron tin)<\/li>\n<li>Dimensions: 13 x 13 x 5 cm (width x length x height)<\/li>\n<\/ul>\n<p><strong>Certificates:\u00a0 <img loading=\"lazy\" decoding=\"async\" class=\"alignnone wp-image-18838 size-full\" src=\"https:\/\/www.swisspica.ch\/wp-content\/uploads\/2024\/03\/certs-3.png\" alt=\"\" width=\"156\" height=\"100\" srcset=\"https:\/\/www.swisspica.ch\/wp-content\/uploads\/2024\/03\/certs-3.png 156w, https:\/\/www.swisspica.ch\/wp-content\/uploads\/2024\/03\/certs-3-18x12.png 18w, https:\/\/www.swisspica.ch\/wp-content\/uploads\/2024\/03\/certs-3-60x38.png 60w, https:\/\/www.swisspica.ch\/wp-content\/uploads\/2024\/03\/certs-3-150x96.png 150w\" sizes=\"auto, (max-width: 156px) 100vw, 156px\" \/><\/strong><\/p>","protected":false},"excerpt":{"rendered":"<p>This lovely wooden saffron box comes with a saffron tin of your choice and a small mortar with pestle. A unique gift!<\/p>\n<ul>\n<li>Weight: 200g (without saffron tin)<\/li>\n<li>Dimensions: 13 x 13 x 5 cm (width x length x height)<\/li>\n<\/ul>","protected":false},"featured_media":16013,"comment_status":"open","ping_status":"closed","template":"","meta":[],"product_brand":[],"product_cat":[163,104],"product_tag":[252,253],"class_list":{"0":"post-16005","1":"product","2":"type-product","3":"status-publish","4":"has-post-thumbnail","6":"product_cat-special-offers","7":"product_cat-safran","8":"product_tag-buecher","9":"product_tag-deko","11":"first","12":"instock","13":"taxable","14":"shipping-taxable","15":"purchasable","16":"product-type-variable","17":"has-default-attributes"},"yoast_head":"<!-- This site is optimized with the Yoast SEO plugin v27.1.1 - https:\/\/yoast.com\/product\/yoast-seo-wordpress\/ -->\n<title>Elegante Safranbox mit M\u00f6rser<\/title>\n<meta name=\"robots\" content=\"index, follow, max-snippet:-1, max-image-preview:large, max-video-preview:-1\" \/>\n<link rel=\"canonical\" href=\"https:\/\/www.swisspica.ch\/en\/products\/safran\/elegante-safranbox-mit-moerser\/\" \/>\n<meta property=\"og:locale\" content=\"en_US\" \/>\n<meta property=\"og:type\" content=\"article\" \/>\n<meta property=\"og:title\" content=\"Elegante Safranbox mit M\u00f6rser\" \/>\n<meta property=\"og:description\" content=\"Diese h\u00fcbsche Safranbox aus Holz enth\u00e4lt neben einer Safrandose nach Ihrer Wahl einen kleinen M\u00f6rser mit St\u00f6ssel. Ein einzigartiges Geschenk!   Gewicht: 200g (ohne Safrandose)  Dimensionen: 13 x 13 x 5 cm (Breite x L\u00e4nge x H\u00f6he)\" \/>\n<meta property=\"og:url\" content=\"https:\/\/www.swisspica.ch\/en\/products\/safran\/elegante-safranbox-mit-moerser\/\" \/>\n<meta property=\"og:site_name\" content=\"Swisspica\" \/>\n<meta property=\"article:publisher\" content=\"https:\/\/www.facebook.com\/swisspica.delights\" \/>\n<meta property=\"article:modified_time\" content=\"2026-03-20T17:32:36+00:00\" \/>\n<meta property=\"og:image\" content=\"https:\/\/www.swisspica.ch\/wp-content\/uploads\/2024\/03\/Elegante-Safranbox2-1.jpg\" \/>\n\t<meta property=\"og:image:width\" content=\"600\" \/>\n\t<meta property=\"og:image:height\" content=\"600\" \/>\n\t<meta property=\"og:image:type\" content=\"image\/jpeg\" \/>\n<meta name=\"twitter:card\" content=\"summary_large_image\" \/>\n<meta name=\"twitter:label1\" content=\"Availability\" \/>\n\t<meta name=\"twitter:data1\" content=\"In stock\" \/>\n<script type=\"application\/ld+json\" class=\"yoast-schema-graph\">{\"@context\":\"https:\/\/schema.org\",\"@graph\":[{\"@type\":\"WebPage\",\"@id\":\"https:\/\/www.swisspica.ch\/products\/safran\/elegante-safranbox-mit-moerser\/\",\"url\":\"https:\/\/www.swisspica.ch\/products\/safran\/elegante-safranbox-mit-moerser\/\",\"name\":\"Elegante Safranbox mit M\u00f6rser\",\"isPartOf\":{\"@id\":\"https:\/\/www.swisspica.ch\/#website\"},\"primaryImageOfPage\":{\"@id\":\"https:\/\/www.swisspica.ch\/products\/safran\/elegante-safranbox-mit-moerser\/#primaryimage\"},\"image\":{\"@id\":\"https:\/\/www.swisspica.ch\/products\/safran\/elegante-safranbox-mit-moerser\/#primaryimage\"},\"thumbnailUrl\":\"https:\/\/www.swisspica.ch\/wp-content\/uploads\/2024\/03\/Elegante-Safranbox2-1.jpg\",\"datePublished\":\"2024-03-01T01:44:11+00:00\",\"dateModified\":\"2026-03-20T17:32:36+00:00\",\"breadcrumb\":{\"@id\":\"https:\/\/www.swisspica.ch\/products\/safran\/elegante-safranbox-mit-moerser\/#breadcrumb\"},\"inLanguage\":\"en-US\",\"potentialAction\":[{\"@type\":\"ReadAction\",\"target\":[\"https:\/\/www.swisspica.ch\/products\/safran\/elegante-safranbox-mit-moerser\/\"]}]},{\"@type\":\"ImageObject\",\"inLanguage\":\"en-US\",\"@id\":\"https:\/\/www.swisspica.ch\/products\/safran\/elegante-safranbox-mit-moerser\/#primaryimage\",\"url\":\"https:\/\/www.swisspica.ch\/wp-content\/uploads\/2024\/03\/Elegante-Safranbox2-1.jpg\",\"contentUrl\":\"https:\/\/www.swisspica.ch\/wp-content\/uploads\/2024\/03\/Elegante-Safranbox2-1.jpg\",\"width\":600,\"height\":600},{\"@type\":\"BreadcrumbList\",\"@id\":\"https:\/\/www.swisspica.ch\/products\/safran\/elegante-safranbox-mit-moerser\/#breadcrumb\",\"itemListElement\":[{\"@type\":\"ListItem\",\"position\":1,\"name\":\"Startseite\",\"item\":\"https:\/\/www.swisspica.ch\/\"},{\"@type\":\"ListItem\",\"position\":2,\"name\":\"Shop\",\"item\":\"https:\/\/www.swisspica.ch\/products\/\"},{\"@type\":\"ListItem\",\"position\":3,\"name\":\"Safran\",\"item\":\"https:\/\/www.swisspica.ch\/products-category\/safran\/\"},{\"@type\":\"ListItem\",\"position\":4,\"name\":\"Elegante Safranbox mit M\u00f6rser\"}]},{\"@type\":\"WebSite\",\"@id\":\"https:\/\/www.swisspica.ch\/#website\",\"url\":\"https:\/\/www.swisspica.ch\/\",\"name\":\"Swisspica: Naturprodukte\",\"description\":\"Naturprodukte, Lebensstil, Deko &amp; Geschenkideen\",\"publisher\":{\"@id\":\"https:\/\/www.swisspica.ch\/#organization\"},\"alternateName\":\"Swisspica\",\"potentialAction\":[{\"@type\":\"SearchAction\",\"target\":{\"@type\":\"EntryPoint\",\"urlTemplate\":\"https:\/\/www.swisspica.ch\/?s={search_term_string}\"},\"query-input\":{\"@type\":\"PropertyValueSpecification\",\"valueRequired\":true,\"valueName\":\"search_term_string\"}}],\"inLanguage\":\"en-US\"},{\"@type\":\"Organization\",\"@id\":\"https:\/\/www.swisspica.ch\/#organization\",\"name\":\"Swisspica\",\"alternateName\":\"Swisspica: Naturprodukte, Lebensstil, Deko & Geschenkideen\",\"url\":\"https:\/\/www.swisspica.ch\/\",\"logo\":{\"@type\":\"ImageObject\",\"inLanguage\":\"en-US\",\"@id\":\"https:\/\/www.swisspica.ch\/#\/schema\/logo\/image\/\",\"url\":\"https:\/\/www.swisspica.ch\/wp-content\/uploads\/2020\/12\/swisspica-logo-gold-no-shadow.png\",\"contentUrl\":\"https:\/\/www.swisspica.ch\/wp-content\/uploads\/2020\/12\/swisspica-logo-gold-no-shadow.png\",\"width\":1166,\"height\":449,\"caption\":\"Swisspica\"},\"image\":{\"@id\":\"https:\/\/www.swisspica.ch\/#\/schema\/logo\/image\/\"},\"sameAs\":[\"https:\/\/www.facebook.com\/swisspica.delights\",\"https:\/\/www.instagram.com\/swisspica\/\"]}]}<\/script>\n<meta property=\"og:availability\" content=\"instock\" \/>\n<meta property=\"product:availability\" content=\"instock\" \/>\n<meta property=\"product:condition\" content=\"new\" \/>\n<!-- \/ Yoast SEO plugin. -->","yoast_head_json":{"title":"Elegant saffron box with mortar","robots":{"index":"index","follow":"follow","max-snippet":"max-snippet:-1","max-image-preview":"max-image-preview:large","max-video-preview":"max-video-preview:-1"},"canonical":"https:\/\/www.swisspica.ch\/en\/products\/safran\/elegante-safranbox-mit-moerser\/","og_locale":"en_US","og_type":"article","og_title":"Elegante Safranbox mit M\u00f6rser","og_description":"Diese h\u00fcbsche Safranbox aus Holz enth\u00e4lt neben einer Safrandose nach Ihrer Wahl einen kleinen M\u00f6rser mit St\u00f6ssel. Ein einzigartiges Geschenk!   Gewicht: 200g (ohne Safrandose)  Dimensionen: 13 x 13 x 5 cm (Breite x L\u00e4nge x H\u00f6he)","og_url":"https:\/\/www.swisspica.ch\/en\/products\/safran\/elegante-safranbox-mit-moerser\/","og_site_name":"Swisspica","article_publisher":"https:\/\/www.facebook.com\/swisspica.delights","article_modified_time":"2026-03-20T17:32:36+00:00","og_image":[{"width":600,"height":600,"url":"https:\/\/www.swisspica.ch\/wp-content\/uploads\/2024\/03\/Elegante-Safranbox2-1.jpg","type":"image\/jpeg"}],"twitter_card":"summary_large_image","twitter_misc":{"Availability":"In stock"},"schema":{"@context":"https:\/\/schema.org","@graph":[{"@type":"WebPage","@id":"https:\/\/www.swisspica.ch\/products\/safran\/elegante-safranbox-mit-moerser\/","url":"https:\/\/www.swisspica.ch\/products\/safran\/elegante-safranbox-mit-moerser\/","name":"Elegant saffron box with mortar","isPartOf":{"@id":"https:\/\/www.swisspica.ch\/#website"},"primaryImageOfPage":{"@id":"https:\/\/www.swisspica.ch\/products\/safran\/elegante-safranbox-mit-moerser\/#primaryimage"},"image":{"@id":"https:\/\/www.swisspica.ch\/products\/safran\/elegante-safranbox-mit-moerser\/#primaryimage"},"thumbnailUrl":"https:\/\/www.swisspica.ch\/wp-content\/uploads\/2024\/03\/Elegante-Safranbox2-1.jpg","datePublished":"2024-03-01T01:44:11+00:00","dateModified":"2026-03-20T17:32:36+00:00","breadcrumb":{"@id":"https:\/\/www.swisspica.ch\/products\/safran\/elegante-safranbox-mit-moerser\/#breadcrumb"},"inLanguage":"en-US","potentialAction":[{"@type":"ReadAction","target":["https:\/\/www.swisspica.ch\/products\/safran\/elegante-safranbox-mit-moerser\/"]}]},{"@type":"ImageObject","inLanguage":"en-US","@id":"https:\/\/www.swisspica.ch\/products\/safran\/elegante-safranbox-mit-moerser\/#primaryimage","url":"https:\/\/www.swisspica.ch\/wp-content\/uploads\/2024\/03\/Elegante-Safranbox2-1.jpg","contentUrl":"https:\/\/www.swisspica.ch\/wp-content\/uploads\/2024\/03\/Elegante-Safranbox2-1.jpg","width":600,"height":600},{"@type":"BreadcrumbList","@id":"https:\/\/www.swisspica.ch\/products\/safran\/elegante-safranbox-mit-moerser\/#breadcrumb","itemListElement":[{"@type":"ListItem","position":1,"name":"Startseite","item":"https:\/\/www.swisspica.ch\/"},{"@type":"ListItem","position":2,"name":"Shop","item":"https:\/\/www.swisspica.ch\/products\/"},{"@type":"ListItem","position":3,"name":"Safran","item":"https:\/\/www.swisspica.ch\/products-category\/safran\/"},{"@type":"ListItem","position":4,"name":"Elegante Safranbox mit M\u00f6rser"}]},{"@type":"WebSite","@id":"https:\/\/www.swisspica.ch\/#website","url":"https:\/\/www.swisspica.ch\/","name":"Swisspica: Naturprodukte","description":"Naturprodukte, Lebensstil, Deko &amp; Geschenkideen","publisher":{"@id":"https:\/\/www.swisspica.ch\/#organization"},"alternateName":"Swisspica","potentialAction":[{"@type":"SearchAction","target":{"@type":"EntryPoint","urlTemplate":"https:\/\/www.swisspica.ch\/?s={search_term_string}"},"query-input":{"@type":"PropertyValueSpecification","valueRequired":true,"valueName":"search_term_string"}}],"inLanguage":"en-US"},{"@type":"Organization","@id":"https:\/\/www.swisspica.ch\/#organization","name":"Swisspica","alternateName":"Swisspica: Naturprodukte, Lebensstil, Deko & Geschenkideen","url":"https:\/\/www.swisspica.ch\/","logo":{"@type":"ImageObject","inLanguage":"en-US","@id":"https:\/\/www.swisspica.ch\/#\/schema\/logo\/image\/","url":"https:\/\/www.swisspica.ch\/wp-content\/uploads\/2020\/12\/swisspica-logo-gold-no-shadow.png","contentUrl":"https:\/\/www.swisspica.ch\/wp-content\/uploads\/2020\/12\/swisspica-logo-gold-no-shadow.png","width":1166,"height":449,"caption":"Swisspica"},"image":{"@id":"https:\/\/www.swisspica.ch\/#\/schema\/logo\/image\/"},"sameAs":["https:\/\/www.facebook.com\/swisspica.delights","https:\/\/www.instagram.com\/swisspica\/"]}]},"og_availability":"instock","product_availability":"instock","product_condition":"new"},"_links":{"self":[{"href":"https:\/\/www.swisspica.ch\/en\/wp-json\/wp\/v2\/product\/16005","targetHints":{"allow":["GET"]}}],"collection":[{"href":"https:\/\/www.swisspica.ch\/en\/wp-json\/wp\/v2\/product"}],"about":[{"href":"https:\/\/www.swisspica.ch\/en\/wp-json\/wp\/v2\/types\/product"}],"replies":[{"embeddable":true,"href":"https:\/\/www.swisspica.ch\/en\/wp-json\/wp\/v2\/comments?post=16005"}],"version-history":[{"count":1,"href":"https:\/\/www.swisspica.ch\/en\/wp-json\/wp\/v2\/product\/16005\/revisions"}],"predecessor-version":[{"id":18839,"href":"https:\/\/www.swisspica.ch\/en\/wp-json\/wp\/v2\/product\/16005\/revisions\/18839"}],"wp:featuredmedia":[{"embeddable":true,"href":"https:\/\/www.swisspica.ch\/en\/wp-json\/wp\/v2\/media\/16013"}],"wp:attachment":[{"href":"https:\/\/www.swisspica.ch\/en\/wp-json\/wp\/v2\/media?parent=16005"}],"wp:term":[{"taxonomy":"product_brand","embeddable":true,"href":"https:\/\/www.swisspica.ch\/en\/wp-json\/wp\/v2\/product_brand?post=16005"},{"taxonomy":"product_cat","embeddable":true,"href":"https:\/\/www.swisspica.ch\/en\/wp-json\/wp\/v2\/product_cat?post=16005"},{"taxonomy":"product_tag","embeddable":true,"href":"https:\/\/www.swisspica.ch\/en\/wp-json\/wp\/v2\/product_tag?post=16005"}],"curies":[{"name":"wp","href":"https:\/\/api.w.org\/{rel}","templated":true}]}}