{"id":18465,"date":"2025-11-13T14:44:06","date_gmt":"2025-11-13T13:44:06","guid":{"rendered":"https:\/\/www.swisspica.ch\/?post_type=product&#038;p=18465"},"modified":"2026-01-07T22:47:12","modified_gmt":"2026-01-07T21:47:12","slug":"babydecke-aus-lammwolle-rosa-karomuster","status":"publish","type":"product","link":"https:\/\/www.swisspica.ch\/en\/products\/lebensstil\/babydecke-aus-lammwolle-rosa-karomuster\/","title":{"rendered":"Lambswool Baby Blanket \u2013 Pink Check"},"content":{"rendered":"<p>Give your little one a cosy night\u2019s sleep with a traditional baby blanket. Woven in the West of Ireland, our baby blankets are known to stand the test of time and have always been passed down through generations.<\/p>","protected":false},"excerpt":{"rendered":"<p>Detailed with soft pink block checks, this design is an adorable addition to any crib and the perfect future heirloom for a new family. Every baby blanket arrives in a gift box.<\/p>\n<p>Size: 80 x 120 cm<\/p>\n<link rel=\"stylesheet\" id=\"elementor-post-18438-css\" href=\"https:\/\/www.swisspica.ch\/wp-content\/uploads\/elementor\/css\/post-18438.css?ver=1776368069\" type=\"text\/css\" media=\"all\">\n<div data-elementor-type=\"wp-post\" data-elementor-id=\"18438\" class=\"elementor elementor-18438\" data-elementor-post-type=\"cms_block\">\n<div class=\"elementor-element elementor-element-998fe64 e-con-full fixp e-flex e-con e-parent\" data-id=\"998fe64\" data-element_type=\"container\" data-e-type=\"container\" data-settings=\"{&quot;background_background&quot;:&quot;classic&quot;}\">\n<div class=\"elementor-element elementor-element-64c814c elementor-icon-list--layout-traditional elementor-list-item-link-full_width elementor-widget elementor-widget-icon-list\" data-id=\"64c814c\" data-element_type=\"widget\" data-e-type=\"widget\" data-widget_type=\"icon-list.default\">\n<div class=\"elementor-widget-container\">\n<ul class=\"elementor-icon-list-items\">\n<li class=\"elementor-icon-list-item\">\n\t\t\t\t\t\t\t\t\t\t\t<span class=\"elementor-icon-list-icon\"><br \/>\n\t\t\t\t\t\t\t<i aria-hidden=\"true\" class=\"fas fa-tshirt\"><\/i>\t\t\t\t\t\t<\/span><br \/>\n\t\t\t\t\t\t\t\t\t\t<span class=\"elementor-icon-list-text\">100% Natural Lambswool<\/span>\n\t\t\t\t\t\t\t\t\t<\/li>\n<li class=\"elementor-icon-list-item\">\n\t\t\t\t\t\t\t\t\t\t\t<span class=\"elementor-icon-list-icon\"><br \/>\n\t\t\t\t\t\t\t<i aria-hidden=\"true\" class=\"fas fa-map-marked-alt\"><\/i>\t\t\t\t\t\t<\/span><br \/>\n\t\t\t\t\t\t\t\t\t\t<span class=\"elementor-icon-list-text\">Origin: Ireland<\/span>\n\t\t\t\t\t\t\t\t\t<\/li>\n<\/ul><\/div>\n<\/p><\/div>\n<\/p><\/div>\n<\/p><\/div>","protected":false},"featured_media":18458,"comment_status":"open","ping_status":"closed","template":"","meta":[],"product_brand":[],"product_cat":[249],"product_tag":[344],"class_list":{"0":"post-18465","1":"product","2":"type-product","3":"status-publish","4":"has-post-thumbnail","6":"product_cat-lebensstil","7":"product_tag-lebensstil","9":"first","10":"instock","11":"taxable","12":"shipping-taxable","13":"purchasable","14":"product-type-variable","15":"has-default-attributes"},"yoast_head":"<!-- This site is optimized with the Yoast SEO plugin v27.1.1 - https:\/\/yoast.com\/product\/yoast-seo-wordpress\/ -->\n<title>Babydecke aus Lammwolle \u2013 Rosa Karomuster<\/title>\n<meta name=\"robots\" content=\"index, follow, max-snippet:-1, max-image-preview:large, max-video-preview:-1\" \/>\n<link rel=\"canonical\" href=\"https:\/\/www.swisspica.ch\/en\/products\/lebensstil\/babydecke-aus-lammwolle-rosa-karomuster\/\" \/>\n<meta property=\"og:locale\" content=\"en_US\" \/>\n<meta property=\"og:type\" content=\"article\" \/>\n<meta property=\"og:title\" content=\"Babydecke aus Lammwolle \u2013 Rosa Karomuster\" \/>\n<meta property=\"og:description\" content=\"Das Karomuster in Zartrosa ist eine s\u00fcsse Bereicherung f\u00fcr jedes Babybett und das ideale Generationenst\u00fcck f\u00fcr eine neue Familie. Alle Babydecken werden in einer Geschenkbox geliefert.  Gr\u00f6sse: 80 x 120 cm\" \/>\n<meta property=\"og:url\" content=\"https:\/\/www.swisspica.ch\/en\/products\/lebensstil\/babydecke-aus-lammwolle-rosa-karomuster\/\" \/>\n<meta property=\"og:site_name\" content=\"Swisspica\" \/>\n<meta property=\"article:publisher\" content=\"https:\/\/www.facebook.com\/swisspica.delights\" \/>\n<meta property=\"article:modified_time\" content=\"2026-01-07T21:47:12+00:00\" \/>\n<meta property=\"og:image\" content=\"https:\/\/www.swisspica.ch\/wp-content\/uploads\/2025\/11\/Lambswool-Baby-Blanket-Pink-Check_1.webp\" \/>\n\t<meta property=\"og:image:width\" content=\"1000\" \/>\n\t<meta property=\"og:image:height\" content=\"1000\" \/>\n\t<meta property=\"og:image:type\" content=\"image\/webp\" \/>\n<meta name=\"twitter:card\" content=\"summary_large_image\" \/>\n<meta name=\"twitter:label1\" content=\"Availability\" \/>\n\t<meta name=\"twitter:data1\" content=\"In stock\" \/>\n<script type=\"application\/ld+json\" class=\"yoast-schema-graph\">{\"@context\":\"https:\/\/schema.org\",\"@graph\":[{\"@type\":\"WebPage\",\"@id\":\"https:\/\/www.swisspica.ch\/products\/lebensstil\/babydecke-aus-lammwolle-rosa-karomuster\/\",\"url\":\"https:\/\/www.swisspica.ch\/products\/lebensstil\/babydecke-aus-lammwolle-rosa-karomuster\/\",\"name\":\"Babydecke aus Lammwolle \u2013 Rosa Karomuster\",\"isPartOf\":{\"@id\":\"https:\/\/www.swisspica.ch\/#website\"},\"primaryImageOfPage\":{\"@id\":\"https:\/\/www.swisspica.ch\/products\/lebensstil\/babydecke-aus-lammwolle-rosa-karomuster\/#primaryimage\"},\"image\":{\"@id\":\"https:\/\/www.swisspica.ch\/products\/lebensstil\/babydecke-aus-lammwolle-rosa-karomuster\/#primaryimage\"},\"thumbnailUrl\":\"https:\/\/www.swisspica.ch\/wp-content\/uploads\/2025\/11\/Lambswool-Baby-Blanket-Pink-Check_1.webp\",\"datePublished\":\"2025-11-13T13:44:06+00:00\",\"dateModified\":\"2026-01-07T21:47:12+00:00\",\"breadcrumb\":{\"@id\":\"https:\/\/www.swisspica.ch\/products\/lebensstil\/babydecke-aus-lammwolle-rosa-karomuster\/#breadcrumb\"},\"inLanguage\":\"en-US\",\"potentialAction\":[{\"@type\":\"ReadAction\",\"target\":[\"https:\/\/www.swisspica.ch\/products\/lebensstil\/babydecke-aus-lammwolle-rosa-karomuster\/\"]}]},{\"@type\":\"ImageObject\",\"inLanguage\":\"en-US\",\"@id\":\"https:\/\/www.swisspica.ch\/products\/lebensstil\/babydecke-aus-lammwolle-rosa-karomuster\/#primaryimage\",\"url\":\"https:\/\/www.swisspica.ch\/wp-content\/uploads\/2025\/11\/Lambswool-Baby-Blanket-Pink-Check_1.webp\",\"contentUrl\":\"https:\/\/www.swisspica.ch\/wp-content\/uploads\/2025\/11\/Lambswool-Baby-Blanket-Pink-Check_1.webp\",\"width\":1000,\"height\":1000},{\"@type\":\"BreadcrumbList\",\"@id\":\"https:\/\/www.swisspica.ch\/products\/lebensstil\/babydecke-aus-lammwolle-rosa-karomuster\/#breadcrumb\",\"itemListElement\":[{\"@type\":\"ListItem\",\"position\":1,\"name\":\"Startseite\",\"item\":\"https:\/\/www.swisspica.ch\/\"},{\"@type\":\"ListItem\",\"position\":2,\"name\":\"Shop\",\"item\":\"https:\/\/www.swisspica.ch\/products\/\"},{\"@type\":\"ListItem\",\"position\":3,\"name\":\"Lebensstil\",\"item\":\"https:\/\/www.swisspica.ch\/products-category\/lebensstil\/\"},{\"@type\":\"ListItem\",\"position\":4,\"name\":\"Babydecke aus Lammwolle \u2013 Rosa Karomuster\"}]},{\"@type\":\"WebSite\",\"@id\":\"https:\/\/www.swisspica.ch\/#website\",\"url\":\"https:\/\/www.swisspica.ch\/\",\"name\":\"Swisspica: Naturprodukte\",\"description\":\"Naturprodukte, Lebensstil, Deko &amp; Geschenkideen\",\"publisher\":{\"@id\":\"https:\/\/www.swisspica.ch\/#organization\"},\"alternateName\":\"Swisspica\",\"potentialAction\":[{\"@type\":\"SearchAction\",\"target\":{\"@type\":\"EntryPoint\",\"urlTemplate\":\"https:\/\/www.swisspica.ch\/?s={search_term_string}\"},\"query-input\":{\"@type\":\"PropertyValueSpecification\",\"valueRequired\":true,\"valueName\":\"search_term_string\"}}],\"inLanguage\":\"en-US\"},{\"@type\":\"Organization\",\"@id\":\"https:\/\/www.swisspica.ch\/#organization\",\"name\":\"Swisspica\",\"alternateName\":\"Swisspica: Naturprodukte, Lebensstil, Deko & Geschenkideen\",\"url\":\"https:\/\/www.swisspica.ch\/\",\"logo\":{\"@type\":\"ImageObject\",\"inLanguage\":\"en-US\",\"@id\":\"https:\/\/www.swisspica.ch\/#\/schema\/logo\/image\/\",\"url\":\"https:\/\/www.swisspica.ch\/wp-content\/uploads\/2020\/12\/swisspica-logo-gold-no-shadow.png\",\"contentUrl\":\"https:\/\/www.swisspica.ch\/wp-content\/uploads\/2020\/12\/swisspica-logo-gold-no-shadow.png\",\"width\":1166,\"height\":449,\"caption\":\"Swisspica\"},\"image\":{\"@id\":\"https:\/\/www.swisspica.ch\/#\/schema\/logo\/image\/\"},\"sameAs\":[\"https:\/\/www.facebook.com\/swisspica.delights\",\"https:\/\/www.instagram.com\/swisspica\/\"]}]}<\/script>\n<meta property=\"og:availability\" content=\"instock\" \/>\n<meta property=\"product:availability\" content=\"instock\" \/>\n<meta property=\"product:condition\" content=\"new\" \/>\n<!-- \/ Yoast SEO plugin. -->","yoast_head_json":{"title":"Lambswool Baby Blanket \u2013 Pink Check","robots":{"index":"index","follow":"follow","max-snippet":"max-snippet:-1","max-image-preview":"max-image-preview:large","max-video-preview":"max-video-preview:-1"},"canonical":"https:\/\/www.swisspica.ch\/en\/products\/lebensstil\/babydecke-aus-lammwolle-rosa-karomuster\/","og_locale":"en_US","og_type":"article","og_title":"Babydecke aus Lammwolle \u2013 Rosa Karomuster","og_description":"Das Karomuster in Zartrosa ist eine s\u00fcsse Bereicherung f\u00fcr jedes Babybett und das ideale Generationenst\u00fcck f\u00fcr eine neue Familie. Alle Babydecken werden in einer Geschenkbox geliefert.  Gr\u00f6sse: 80 x 120 cm","og_url":"https:\/\/www.swisspica.ch\/en\/products\/lebensstil\/babydecke-aus-lammwolle-rosa-karomuster\/","og_site_name":"Swisspica","article_publisher":"https:\/\/www.facebook.com\/swisspica.delights","article_modified_time":"2026-01-07T21:47:12+00:00","og_image":[{"width":1000,"height":1000,"url":"https:\/\/www.swisspica.ch\/wp-content\/uploads\/2025\/11\/Lambswool-Baby-Blanket-Pink-Check_1.webp","type":"image\/webp"}],"twitter_card":"summary_large_image","twitter_misc":{"Availability":"In stock"},"schema":{"@context":"https:\/\/schema.org","@graph":[{"@type":"WebPage","@id":"https:\/\/www.swisspica.ch\/products\/lebensstil\/babydecke-aus-lammwolle-rosa-karomuster\/","url":"https:\/\/www.swisspica.ch\/products\/lebensstil\/babydecke-aus-lammwolle-rosa-karomuster\/","name":"Lambswool Baby Blanket \u2013 Pink Check","isPartOf":{"@id":"https:\/\/www.swisspica.ch\/#website"},"primaryImageOfPage":{"@id":"https:\/\/www.swisspica.ch\/products\/lebensstil\/babydecke-aus-lammwolle-rosa-karomuster\/#primaryimage"},"image":{"@id":"https:\/\/www.swisspica.ch\/products\/lebensstil\/babydecke-aus-lammwolle-rosa-karomuster\/#primaryimage"},"thumbnailUrl":"https:\/\/www.swisspica.ch\/wp-content\/uploads\/2025\/11\/Lambswool-Baby-Blanket-Pink-Check_1.webp","datePublished":"2025-11-13T13:44:06+00:00","dateModified":"2026-01-07T21:47:12+00:00","breadcrumb":{"@id":"https:\/\/www.swisspica.ch\/products\/lebensstil\/babydecke-aus-lammwolle-rosa-karomuster\/#breadcrumb"},"inLanguage":"en-US","potentialAction":[{"@type":"ReadAction","target":["https:\/\/www.swisspica.ch\/products\/lebensstil\/babydecke-aus-lammwolle-rosa-karomuster\/"]}]},{"@type":"ImageObject","inLanguage":"en-US","@id":"https:\/\/www.swisspica.ch\/products\/lebensstil\/babydecke-aus-lammwolle-rosa-karomuster\/#primaryimage","url":"https:\/\/www.swisspica.ch\/wp-content\/uploads\/2025\/11\/Lambswool-Baby-Blanket-Pink-Check_1.webp","contentUrl":"https:\/\/www.swisspica.ch\/wp-content\/uploads\/2025\/11\/Lambswool-Baby-Blanket-Pink-Check_1.webp","width":1000,"height":1000},{"@type":"BreadcrumbList","@id":"https:\/\/www.swisspica.ch\/products\/lebensstil\/babydecke-aus-lammwolle-rosa-karomuster\/#breadcrumb","itemListElement":[{"@type":"ListItem","position":1,"name":"Startseite","item":"https:\/\/www.swisspica.ch\/"},{"@type":"ListItem","position":2,"name":"Shop","item":"https:\/\/www.swisspica.ch\/products\/"},{"@type":"ListItem","position":3,"name":"Lebensstil","item":"https:\/\/www.swisspica.ch\/products-category\/lebensstil\/"},{"@type":"ListItem","position":4,"name":"Babydecke aus Lammwolle \u2013 Rosa Karomuster"}]},{"@type":"WebSite","@id":"https:\/\/www.swisspica.ch\/#website","url":"https:\/\/www.swisspica.ch\/","name":"Swisspica: Naturprodukte","description":"Naturprodukte, Lebensstil, Deko &amp; Geschenkideen","publisher":{"@id":"https:\/\/www.swisspica.ch\/#organization"},"alternateName":"Swisspica","potentialAction":[{"@type":"SearchAction","target":{"@type":"EntryPoint","urlTemplate":"https:\/\/www.swisspica.ch\/?s={search_term_string}"},"query-input":{"@type":"PropertyValueSpecification","valueRequired":true,"valueName":"search_term_string"}}],"inLanguage":"en-US"},{"@type":"Organization","@id":"https:\/\/www.swisspica.ch\/#organization","name":"Swisspica","alternateName":"Swisspica: Naturprodukte, Lebensstil, Deko & Geschenkideen","url":"https:\/\/www.swisspica.ch\/","logo":{"@type":"ImageObject","inLanguage":"en-US","@id":"https:\/\/www.swisspica.ch\/#\/schema\/logo\/image\/","url":"https:\/\/www.swisspica.ch\/wp-content\/uploads\/2020\/12\/swisspica-logo-gold-no-shadow.png","contentUrl":"https:\/\/www.swisspica.ch\/wp-content\/uploads\/2020\/12\/swisspica-logo-gold-no-shadow.png","width":1166,"height":449,"caption":"Swisspica"},"image":{"@id":"https:\/\/www.swisspica.ch\/#\/schema\/logo\/image\/"},"sameAs":["https:\/\/www.facebook.com\/swisspica.delights","https:\/\/www.instagram.com\/swisspica\/"]}]},"og_availability":"instock","product_availability":"instock","product_condition":"new"},"_links":{"self":[{"href":"https:\/\/www.swisspica.ch\/en\/wp-json\/wp\/v2\/product\/18465","targetHints":{"allow":["GET"]}}],"collection":[{"href":"https:\/\/www.swisspica.ch\/en\/wp-json\/wp\/v2\/product"}],"about":[{"href":"https:\/\/www.swisspica.ch\/en\/wp-json\/wp\/v2\/types\/product"}],"replies":[{"embeddable":true,"href":"https:\/\/www.swisspica.ch\/en\/wp-json\/wp\/v2\/comments?post=18465"}],"version-history":[{"count":3,"href":"https:\/\/www.swisspica.ch\/en\/wp-json\/wp\/v2\/product\/18465\/revisions"}],"predecessor-version":[{"id":18548,"href":"https:\/\/www.swisspica.ch\/en\/wp-json\/wp\/v2\/product\/18465\/revisions\/18548"}],"wp:featuredmedia":[{"embeddable":true,"href":"https:\/\/www.swisspica.ch\/en\/wp-json\/wp\/v2\/media\/18458"}],"wp:attachment":[{"href":"https:\/\/www.swisspica.ch\/en\/wp-json\/wp\/v2\/media?parent=18465"}],"wp:term":[{"taxonomy":"product_brand","embeddable":true,"href":"https:\/\/www.swisspica.ch\/en\/wp-json\/wp\/v2\/product_brand?post=18465"},{"taxonomy":"product_cat","embeddable":true,"href":"https:\/\/www.swisspica.ch\/en\/wp-json\/wp\/v2\/product_cat?post=18465"},{"taxonomy":"product_tag","embeddable":true,"href":"https:\/\/www.swisspica.ch\/en\/wp-json\/wp\/v2\/product_tag?post=18465"}],"curies":[{"name":"wp","href":"https:\/\/api.w.org\/{rel}","templated":true}]}}