{"id":18514,"date":"2025-11-13T17:42:27","date_gmt":"2025-11-13T16:42:27","guid":{"rendered":"https:\/\/www.swisspica.ch\/?post_type=product&#038;p=18514"},"modified":"2026-01-07T22:47:12","modified_gmt":"2026-01-07T21:47:12","slug":"ueberwurf-rosslare-aus-lammwolle-tuerkisblaues-tartanmuster","status":"publish","type":"product","link":"https:\/\/www.swisspica.ch\/en\/products\/lebensstil\/ueberwurf-rosslare-aus-lammwolle-tuerkisblaues-tartanmuster\/","title":{"rendered":"Rosslare Lambswool Throw \u2013 Turq Tartan"},"content":{"rendered":"<p>Inspired by the coastal beauty of Rosslare, this lambswool throw is a vibrant blend of tradition and contemporary style. Woven in County Mayo (Ireland), it features a striking turquoise tartan pattern, bringing a fresh and uplifting touch to any space. This throw is timeless and luxurious, a true celebration of Irish craftsmanship.<\/p>","protected":false},"excerpt":{"rendered":"<p>Made from premium lambswool, this throw offers exceptional softness and warmth, perfect for cosy evenings or as a statement piece in your home. It features a vibrant turquoise tartan design and adds warmth and a pop of colour to any space.<\/p>\n<p>Size: 140 x 180 cm<\/p>\n<link rel=\"stylesheet\" id=\"elementor-post-18438-css\" href=\"https:\/\/www.swisspica.ch\/wp-content\/uploads\/elementor\/css\/post-18438.css?ver=1776368069\" type=\"text\/css\" media=\"all\">\n<div data-elementor-type=\"wp-post\" data-elementor-id=\"18438\" class=\"elementor elementor-18438\" data-elementor-post-type=\"cms_block\">\n<div class=\"elementor-element elementor-element-998fe64 e-con-full fixp e-flex e-con e-parent\" data-id=\"998fe64\" data-element_type=\"container\" data-e-type=\"container\" data-settings=\"{&quot;background_background&quot;:&quot;classic&quot;}\">\n<div class=\"elementor-element elementor-element-64c814c elementor-icon-list--layout-traditional elementor-list-item-link-full_width elementor-widget elementor-widget-icon-list\" data-id=\"64c814c\" data-element_type=\"widget\" data-e-type=\"widget\" data-widget_type=\"icon-list.default\">\n<div class=\"elementor-widget-container\">\n<ul class=\"elementor-icon-list-items\">\n<li class=\"elementor-icon-list-item\">\n\t\t\t\t\t\t\t\t\t\t\t<span class=\"elementor-icon-list-icon\"><br \/>\n\t\t\t\t\t\t\t<i aria-hidden=\"true\" class=\"fas fa-tshirt\"><\/i>\t\t\t\t\t\t<\/span><br \/>\n\t\t\t\t\t\t\t\t\t\t<span class=\"elementor-icon-list-text\">100% Natural Lambswool<\/span>\n\t\t\t\t\t\t\t\t\t<\/li>\n<li class=\"elementor-icon-list-item\">\n\t\t\t\t\t\t\t\t\t\t\t<span class=\"elementor-icon-list-icon\"><br \/>\n\t\t\t\t\t\t\t<i aria-hidden=\"true\" class=\"fas fa-map-marked-alt\"><\/i>\t\t\t\t\t\t<\/span><br \/>\n\t\t\t\t\t\t\t\t\t\t<span class=\"elementor-icon-list-text\">Origin: Ireland<\/span>\n\t\t\t\t\t\t\t\t\t<\/li>\n<\/ul><\/div>\n<\/p><\/div>\n<\/p><\/div>\n<\/p><\/div>","protected":false},"featured_media":18495,"comment_status":"open","ping_status":"closed","template":"","meta":[],"product_brand":[],"product_cat":[249],"product_tag":[344],"class_list":{"0":"post-18514","1":"product","2":"type-product","3":"status-publish","4":"has-post-thumbnail","6":"product_cat-lebensstil","7":"product_tag-lebensstil","9":"first","10":"outofstock","11":"taxable","12":"shipping-taxable","13":"purchasable","14":"product-type-variable","15":"has-default-attributes"},"yoast_head":"<!-- This site is optimized with the Yoast SEO plugin v27.1.1 - https:\/\/yoast.com\/product\/yoast-seo-wordpress\/ -->\n<title>\u00dcberwurf \u00abRosslare\u00bb aus Lammwolle \u2013 T\u00fcrkisblaues Tartanmuster<\/title>\n<meta name=\"robots\" content=\"index, follow, max-snippet:-1, max-image-preview:large, max-video-preview:-1\" \/>\n<link rel=\"canonical\" href=\"https:\/\/www.swisspica.ch\/en\/products\/lebensstil\/ueberwurf-rosslare-aus-lammwolle-tuerkisblaues-tartanmuster\/\" \/>\n<meta property=\"og:locale\" content=\"en_US\" \/>\n<meta property=\"og:type\" content=\"article\" \/>\n<meta property=\"og:title\" content=\"\u00dcberwurf \u00abRosslare\u00bb aus Lammwolle \u2013 T\u00fcrkisblaues Tartanmuster\" \/>\n<meta property=\"og:description\" content=\"Dieser \u00dcberwurf aus bester Lammwolle bietet aussergew\u00f6hnliche Weichheit und W\u00e4rme \u2013 perfekt f\u00fcr gem\u00fctliche Abende oder als Blickfang bei Ihnen zu Hause. Er besticht durch ein lebhaftes Design mit t\u00fcrkisblauem Tartanmuster und f\u00fcgt jedem Raum W\u00e4rme und einen Farbakzent hinzu.  Gr\u00f6sse: 140 x 180 cm\" \/>\n<meta property=\"og:url\" content=\"https:\/\/www.swisspica.ch\/en\/products\/lebensstil\/ueberwurf-rosslare-aus-lammwolle-tuerkisblaues-tartanmuster\/\" \/>\n<meta property=\"og:site_name\" content=\"Swisspica\" \/>\n<meta property=\"article:publisher\" content=\"https:\/\/www.facebook.com\/swisspica.delights\" \/>\n<meta property=\"article:modified_time\" content=\"2026-01-07T21:47:12+00:00\" \/>\n<meta property=\"og:image\" content=\"https:\/\/www.swisspica.ch\/wp-content\/uploads\/2025\/11\/Lambswool-Throws-Rosslare-Turq-Tartan_2.webp\" \/>\n\t<meta property=\"og:image:width\" content=\"1000\" \/>\n\t<meta property=\"og:image:height\" content=\"1000\" \/>\n\t<meta property=\"og:image:type\" content=\"image\/webp\" \/>\n<meta name=\"twitter:card\" content=\"summary_large_image\" \/>\n<meta name=\"twitter:label1\" content=\"Availability\" \/>\n\t<meta name=\"twitter:data1\" content=\"Out of stock\" \/>\n<script type=\"application\/ld+json\" class=\"yoast-schema-graph\">{\"@context\":\"https:\/\/schema.org\",\"@graph\":[{\"@type\":\"WebPage\",\"@id\":\"https:\/\/www.swisspica.ch\/products\/lebensstil\/ueberwurf-rosslare-aus-lammwolle-tuerkisblaues-tartanmuster\/\",\"url\":\"https:\/\/www.swisspica.ch\/products\/lebensstil\/ueberwurf-rosslare-aus-lammwolle-tuerkisblaues-tartanmuster\/\",\"name\":\"\u00dcberwurf \u00abRosslare\u00bb aus Lammwolle \u2013 T\u00fcrkisblaues Tartanmuster\",\"isPartOf\":{\"@id\":\"https:\/\/www.swisspica.ch\/#website\"},\"primaryImageOfPage\":{\"@id\":\"https:\/\/www.swisspica.ch\/products\/lebensstil\/ueberwurf-rosslare-aus-lammwolle-tuerkisblaues-tartanmuster\/#primaryimage\"},\"image\":{\"@id\":\"https:\/\/www.swisspica.ch\/products\/lebensstil\/ueberwurf-rosslare-aus-lammwolle-tuerkisblaues-tartanmuster\/#primaryimage\"},\"thumbnailUrl\":\"https:\/\/www.swisspica.ch\/wp-content\/uploads\/2025\/11\/Lambswool-Throws-Rosslare-Turq-Tartan_2.webp\",\"datePublished\":\"2025-11-13T16:42:27+00:00\",\"dateModified\":\"2026-01-07T21:47:12+00:00\",\"breadcrumb\":{\"@id\":\"https:\/\/www.swisspica.ch\/products\/lebensstil\/ueberwurf-rosslare-aus-lammwolle-tuerkisblaues-tartanmuster\/#breadcrumb\"},\"inLanguage\":\"en-US\",\"potentialAction\":[{\"@type\":\"ReadAction\",\"target\":[\"https:\/\/www.swisspica.ch\/products\/lebensstil\/ueberwurf-rosslare-aus-lammwolle-tuerkisblaues-tartanmuster\/\"]}]},{\"@type\":\"ImageObject\",\"inLanguage\":\"en-US\",\"@id\":\"https:\/\/www.swisspica.ch\/products\/lebensstil\/ueberwurf-rosslare-aus-lammwolle-tuerkisblaues-tartanmuster\/#primaryimage\",\"url\":\"https:\/\/www.swisspica.ch\/wp-content\/uploads\/2025\/11\/Lambswool-Throws-Rosslare-Turq-Tartan_2.webp\",\"contentUrl\":\"https:\/\/www.swisspica.ch\/wp-content\/uploads\/2025\/11\/Lambswool-Throws-Rosslare-Turq-Tartan_2.webp\",\"width\":1000,\"height\":1000},{\"@type\":\"BreadcrumbList\",\"@id\":\"https:\/\/www.swisspica.ch\/products\/lebensstil\/ueberwurf-rosslare-aus-lammwolle-tuerkisblaues-tartanmuster\/#breadcrumb\",\"itemListElement\":[{\"@type\":\"ListItem\",\"position\":1,\"name\":\"Startseite\",\"item\":\"https:\/\/www.swisspica.ch\/\"},{\"@type\":\"ListItem\",\"position\":2,\"name\":\"Shop\",\"item\":\"https:\/\/www.swisspica.ch\/products\/\"},{\"@type\":\"ListItem\",\"position\":3,\"name\":\"Lebensstil\",\"item\":\"https:\/\/www.swisspica.ch\/products-category\/lebensstil\/\"},{\"@type\":\"ListItem\",\"position\":4,\"name\":\"\u00dcberwurf \u00abRosslare\u00bb aus Lammwolle \u2013 T\u00fcrkisblaues Tartanmuster\"}]},{\"@type\":\"WebSite\",\"@id\":\"https:\/\/www.swisspica.ch\/#website\",\"url\":\"https:\/\/www.swisspica.ch\/\",\"name\":\"Swisspica: Naturprodukte\",\"description\":\"Naturprodukte, Lebensstil, Deko &amp; Geschenkideen\",\"publisher\":{\"@id\":\"https:\/\/www.swisspica.ch\/#organization\"},\"alternateName\":\"Swisspica\",\"potentialAction\":[{\"@type\":\"SearchAction\",\"target\":{\"@type\":\"EntryPoint\",\"urlTemplate\":\"https:\/\/www.swisspica.ch\/?s={search_term_string}\"},\"query-input\":{\"@type\":\"PropertyValueSpecification\",\"valueRequired\":true,\"valueName\":\"search_term_string\"}}],\"inLanguage\":\"en-US\"},{\"@type\":\"Organization\",\"@id\":\"https:\/\/www.swisspica.ch\/#organization\",\"name\":\"Swisspica\",\"alternateName\":\"Swisspica: Naturprodukte, Lebensstil, Deko & Geschenkideen\",\"url\":\"https:\/\/www.swisspica.ch\/\",\"logo\":{\"@type\":\"ImageObject\",\"inLanguage\":\"en-US\",\"@id\":\"https:\/\/www.swisspica.ch\/#\/schema\/logo\/image\/\",\"url\":\"https:\/\/www.swisspica.ch\/wp-content\/uploads\/2020\/12\/swisspica-logo-gold-no-shadow.png\",\"contentUrl\":\"https:\/\/www.swisspica.ch\/wp-content\/uploads\/2020\/12\/swisspica-logo-gold-no-shadow.png\",\"width\":1166,\"height\":449,\"caption\":\"Swisspica\"},\"image\":{\"@id\":\"https:\/\/www.swisspica.ch\/#\/schema\/logo\/image\/\"},\"sameAs\":[\"https:\/\/www.facebook.com\/swisspica.delights\",\"https:\/\/www.instagram.com\/swisspica\/\"]}]}<\/script>\n<meta property=\"og:availability\" content=\"out of stock\" \/>\n<meta property=\"product:availability\" content=\"out of stock\" \/>\n<meta property=\"product:condition\" content=\"new\" \/>\n<!-- \/ Yoast SEO plugin. -->","yoast_head_json":{"title":"Rosslare Lambswool Throw \u2013 Turq Tartan","robots":{"index":"index","follow":"follow","max-snippet":"max-snippet:-1","max-image-preview":"max-image-preview:large","max-video-preview":"max-video-preview:-1"},"canonical":"https:\/\/www.swisspica.ch\/en\/products\/lebensstil\/ueberwurf-rosslare-aus-lammwolle-tuerkisblaues-tartanmuster\/","og_locale":"en_US","og_type":"article","og_title":"\u00dcberwurf \u00abRosslare\u00bb aus Lammwolle \u2013 T\u00fcrkisblaues Tartanmuster","og_description":"Dieser \u00dcberwurf aus bester Lammwolle bietet aussergew\u00f6hnliche Weichheit und W\u00e4rme \u2013 perfekt f\u00fcr gem\u00fctliche Abende oder als Blickfang bei Ihnen zu Hause. Er besticht durch ein lebhaftes Design mit t\u00fcrkisblauem Tartanmuster und f\u00fcgt jedem Raum W\u00e4rme und einen Farbakzent hinzu.  Gr\u00f6sse: 140 x 180 cm","og_url":"https:\/\/www.swisspica.ch\/en\/products\/lebensstil\/ueberwurf-rosslare-aus-lammwolle-tuerkisblaues-tartanmuster\/","og_site_name":"Swisspica","article_publisher":"https:\/\/www.facebook.com\/swisspica.delights","article_modified_time":"2026-01-07T21:47:12+00:00","og_image":[{"width":1000,"height":1000,"url":"https:\/\/www.swisspica.ch\/wp-content\/uploads\/2025\/11\/Lambswool-Throws-Rosslare-Turq-Tartan_2.webp","type":"image\/webp"}],"twitter_card":"summary_large_image","twitter_misc":{"Availability":"Out of stock"},"schema":{"@context":"https:\/\/schema.org","@graph":[{"@type":"WebPage","@id":"https:\/\/www.swisspica.ch\/products\/lebensstil\/ueberwurf-rosslare-aus-lammwolle-tuerkisblaues-tartanmuster\/","url":"https:\/\/www.swisspica.ch\/products\/lebensstil\/ueberwurf-rosslare-aus-lammwolle-tuerkisblaues-tartanmuster\/","name":"Rosslare Lambswool Throw \u2013 Turq Tartan","isPartOf":{"@id":"https:\/\/www.swisspica.ch\/#website"},"primaryImageOfPage":{"@id":"https:\/\/www.swisspica.ch\/products\/lebensstil\/ueberwurf-rosslare-aus-lammwolle-tuerkisblaues-tartanmuster\/#primaryimage"},"image":{"@id":"https:\/\/www.swisspica.ch\/products\/lebensstil\/ueberwurf-rosslare-aus-lammwolle-tuerkisblaues-tartanmuster\/#primaryimage"},"thumbnailUrl":"https:\/\/www.swisspica.ch\/wp-content\/uploads\/2025\/11\/Lambswool-Throws-Rosslare-Turq-Tartan_2.webp","datePublished":"2025-11-13T16:42:27+00:00","dateModified":"2026-01-07T21:47:12+00:00","breadcrumb":{"@id":"https:\/\/www.swisspica.ch\/products\/lebensstil\/ueberwurf-rosslare-aus-lammwolle-tuerkisblaues-tartanmuster\/#breadcrumb"},"inLanguage":"en-US","potentialAction":[{"@type":"ReadAction","target":["https:\/\/www.swisspica.ch\/products\/lebensstil\/ueberwurf-rosslare-aus-lammwolle-tuerkisblaues-tartanmuster\/"]}]},{"@type":"ImageObject","inLanguage":"en-US","@id":"https:\/\/www.swisspica.ch\/products\/lebensstil\/ueberwurf-rosslare-aus-lammwolle-tuerkisblaues-tartanmuster\/#primaryimage","url":"https:\/\/www.swisspica.ch\/wp-content\/uploads\/2025\/11\/Lambswool-Throws-Rosslare-Turq-Tartan_2.webp","contentUrl":"https:\/\/www.swisspica.ch\/wp-content\/uploads\/2025\/11\/Lambswool-Throws-Rosslare-Turq-Tartan_2.webp","width":1000,"height":1000},{"@type":"BreadcrumbList","@id":"https:\/\/www.swisspica.ch\/products\/lebensstil\/ueberwurf-rosslare-aus-lammwolle-tuerkisblaues-tartanmuster\/#breadcrumb","itemListElement":[{"@type":"ListItem","position":1,"name":"Startseite","item":"https:\/\/www.swisspica.ch\/"},{"@type":"ListItem","position":2,"name":"Shop","item":"https:\/\/www.swisspica.ch\/products\/"},{"@type":"ListItem","position":3,"name":"Lebensstil","item":"https:\/\/www.swisspica.ch\/products-category\/lebensstil\/"},{"@type":"ListItem","position":4,"name":"\u00dcberwurf \u00abRosslare\u00bb aus Lammwolle \u2013 T\u00fcrkisblaues Tartanmuster"}]},{"@type":"WebSite","@id":"https:\/\/www.swisspica.ch\/#website","url":"https:\/\/www.swisspica.ch\/","name":"Swisspica: Naturprodukte","description":"Naturprodukte, Lebensstil, Deko &amp; Geschenkideen","publisher":{"@id":"https:\/\/www.swisspica.ch\/#organization"},"alternateName":"Swisspica","potentialAction":[{"@type":"SearchAction","target":{"@type":"EntryPoint","urlTemplate":"https:\/\/www.swisspica.ch\/?s={search_term_string}"},"query-input":{"@type":"PropertyValueSpecification","valueRequired":true,"valueName":"search_term_string"}}],"inLanguage":"en-US"},{"@type":"Organization","@id":"https:\/\/www.swisspica.ch\/#organization","name":"Swisspica","alternateName":"Swisspica: Naturprodukte, Lebensstil, Deko & Geschenkideen","url":"https:\/\/www.swisspica.ch\/","logo":{"@type":"ImageObject","inLanguage":"en-US","@id":"https:\/\/www.swisspica.ch\/#\/schema\/logo\/image\/","url":"https:\/\/www.swisspica.ch\/wp-content\/uploads\/2020\/12\/swisspica-logo-gold-no-shadow.png","contentUrl":"https:\/\/www.swisspica.ch\/wp-content\/uploads\/2020\/12\/swisspica-logo-gold-no-shadow.png","width":1166,"height":449,"caption":"Swisspica"},"image":{"@id":"https:\/\/www.swisspica.ch\/#\/schema\/logo\/image\/"},"sameAs":["https:\/\/www.facebook.com\/swisspica.delights","https:\/\/www.instagram.com\/swisspica\/"]}]},"og_availability":"out of stock","product_availability":"out of stock","product_condition":"new"},"_links":{"self":[{"href":"https:\/\/www.swisspica.ch\/en\/wp-json\/wp\/v2\/product\/18514","targetHints":{"allow":["GET"]}}],"collection":[{"href":"https:\/\/www.swisspica.ch\/en\/wp-json\/wp\/v2\/product"}],"about":[{"href":"https:\/\/www.swisspica.ch\/en\/wp-json\/wp\/v2\/types\/product"}],"replies":[{"embeddable":true,"href":"https:\/\/www.swisspica.ch\/en\/wp-json\/wp\/v2\/comments?post=18514"}],"version-history":[{"count":3,"href":"https:\/\/www.swisspica.ch\/en\/wp-json\/wp\/v2\/product\/18514\/revisions"}],"predecessor-version":[{"id":18544,"href":"https:\/\/www.swisspica.ch\/en\/wp-json\/wp\/v2\/product\/18514\/revisions\/18544"}],"wp:featuredmedia":[{"embeddable":true,"href":"https:\/\/www.swisspica.ch\/en\/wp-json\/wp\/v2\/media\/18495"}],"wp:attachment":[{"href":"https:\/\/www.swisspica.ch\/en\/wp-json\/wp\/v2\/media?parent=18514"}],"wp:term":[{"taxonomy":"product_brand","embeddable":true,"href":"https:\/\/www.swisspica.ch\/en\/wp-json\/wp\/v2\/product_brand?post=18514"},{"taxonomy":"product_cat","embeddable":true,"href":"https:\/\/www.swisspica.ch\/en\/wp-json\/wp\/v2\/product_cat?post=18514"},{"taxonomy":"product_tag","embeddable":true,"href":"https:\/\/www.swisspica.ch\/en\/wp-json\/wp\/v2\/product_tag?post=18514"}],"curies":[{"name":"wp","href":"https:\/\/api.w.org\/{rel}","templated":true}]}}