{"id":18762,"date":"2025-12-27T21:58:26","date_gmt":"2025-12-27T20:58:26","guid":{"rendered":"https:\/\/www.swisspica.ch\/?post_type=product&#038;p=18762"},"modified":"2026-03-23T17:30:47","modified_gmt":"2026-03-23T16:30:47","slug":"geschenkbox-mit-pflege-aus-seetang","status":"publish","type":"product","link":"https:\/\/www.swisspica.ch\/en\/products\/lebensstil\/geschenkbox-mit-pflege-aus-seetang\/","title":{"rendered":"Gift Box with Seaweed Care"},"content":{"rendered":"<p>Need more details? Click on the products below to visit the respective product page.<\/p>\n<ul>\n<li><a href=\"https:\/\/www.swisspica.ch\/en\/products\/lebensstil\/bartoel-aus-seetang\/\" target=\"_blank\" rel=\"noopener\">Seaweed Infused Beard Oil<\/a><\/li>\n<li><a href=\"https:\/\/www.swisspica.ch\/en\/products\/lebensstil\/gesichtsoel-aus-seetang\/\" target=\"_blank\" rel=\"noopener\">Seaweed Infused Facial Oil<\/a><\/li>\n<li><a href=\"https:\/\/www.swisspica.ch\/en\/products\/lebensstil\/koerperoel-aus-seetang\/\" target=\"_blank\" rel=\"noopener\">Seaweed Infused Body Oil<\/a><\/li>\n<li><a href=\"https:\/\/www.swisspica.ch\/en\/products\/lebensstil\/umweltfreundliche-handgemachte-seife-aus-seetang\/\" target=\"_blank\" rel=\"noopener\">Eco-friendly Handmade Seaweed Soap<\/a><\/li>\n<\/ul>","protected":false},"excerpt":{"rendered":"<p>Lovely gift boxes with high quality care products made of seaweed. Ideal for those who appreciate natural, maritime cosmetics and wish to offer themselves or their loved ones something special.<\/p>\n<link rel=\"stylesheet\" id=\"elementor-post-18231-css\" href=\"https:\/\/www.swisspica.ch\/wp-content\/uploads\/elementor\/css\/post-18231.css?ver=1776361402\" type=\"text\/css\" media=\"all\">\n<div data-elementor-type=\"wp-post\" data-elementor-id=\"18231\" class=\"elementor elementor-18231\" data-elementor-post-type=\"cms_block\">\n<div class=\"elementor-element elementor-element-998fe64 e-con-full fixp e-flex e-con e-parent\" data-id=\"998fe64\" data-element_type=\"container\" data-e-type=\"container\" data-settings=\"{&quot;background_background&quot;:&quot;classic&quot;}\">\n<div class=\"elementor-element elementor-element-64c814c elementor-icon-list--layout-traditional elementor-list-item-link-full_width elementor-widget elementor-widget-icon-list\" data-id=\"64c814c\" data-element_type=\"widget\" data-e-type=\"widget\" data-widget_type=\"icon-list.default\">\n<div class=\"elementor-widget-container\">\n<ul class=\"elementor-icon-list-items\">\n<li class=\"elementor-icon-list-item\">\n\t\t\t\t\t\t\t\t\t\t\t<span class=\"elementor-icon-list-icon\"><br \/>\n\t\t\t\t\t\t\t<i aria-hidden=\"true\" class=\"fas fa-leaf\"><\/i>\t\t\t\t\t\t<\/span><br \/>\n\t\t\t\t\t\t\t\t\t\t<span class=\"elementor-icon-list-text\">With Natural Irish Seaweed, 100% Vegan Ingredients<\/span>\n\t\t\t\t\t\t\t\t\t<\/li>\n<li class=\"elementor-icon-list-item\">\n\t\t\t\t\t\t\t\t\t\t\t<span class=\"elementor-icon-list-icon\"><br \/>\n\t\t\t\t\t\t\t<i aria-hidden=\"true\" class=\"fas fa-map-marked-alt\"><\/i>\t\t\t\t\t\t<\/span><br \/>\n\t\t\t\t\t\t\t\t\t\t<span class=\"elementor-icon-list-text\">Origin: Ireland<\/span>\n\t\t\t\t\t\t\t\t\t<\/li>\n<\/ul><\/div>\n<\/p><\/div>\n<\/p><\/div>\n<\/p><\/div>","protected":false},"featured_media":18784,"comment_status":"open","ping_status":"closed","template":"","meta":[],"product_brand":[],"product_cat":[163,249],"product_tag":[98,97],"class_list":{"0":"post-18762","1":"product","2":"type-product","3":"status-publish","4":"has-post-thumbnail","6":"product_cat-special-offers","7":"product_cat-lebensstil","8":"product_tag-beluga","9":"product_tag-caviar","11":"first","12":"instock","13":"taxable","14":"shipping-taxable","15":"purchasable","16":"product-type-variable"},"yoast_head":"<!-- This site is optimized with the Yoast SEO plugin v27.1.1 - https:\/\/yoast.com\/product\/yoast-seo-wordpress\/ -->\n<title>Geschenkbox mit Pflege aus Seetang<\/title>\n<meta name=\"robots\" content=\"index, follow, max-snippet:-1, max-image-preview:large, max-video-preview:-1\" \/>\n<link rel=\"canonical\" href=\"https:\/\/www.swisspica.ch\/en\/products\/lebensstil\/geschenkbox-mit-pflege-aus-seetang\/\" \/>\n<meta property=\"og:locale\" content=\"en_US\" \/>\n<meta property=\"og:type\" content=\"article\" \/>\n<meta property=\"og:title\" content=\"Geschenkbox mit Pflege aus Seetang\" \/>\n<meta property=\"og:description\" content=\"Liebevoll zusammengestellte Geschenkboxen mit hochwertigen Pflegeprodukten aus Seetang. Ideal f\u00fcr alle, die nat\u00fcrliche, maritime Kosmetik sch\u00e4tzen und sich selbst oder ihren Liebsten etwas Besonderes schenken m\u00f6chten.\" \/>\n<meta property=\"og:url\" content=\"https:\/\/www.swisspica.ch\/en\/products\/lebensstil\/geschenkbox-mit-pflege-aus-seetang\/\" \/>\n<meta property=\"og:site_name\" content=\"Swisspica\" \/>\n<meta property=\"article:publisher\" content=\"https:\/\/www.facebook.com\/swisspica.delights\" \/>\n<meta property=\"article:modified_time\" content=\"2026-03-23T16:30:47+00:00\" \/>\n<meta property=\"og:image\" content=\"https:\/\/www.swisspica.ch\/wp-content\/uploads\/2025\/12\/aran-gift-box-1.jpg\" \/>\n\t<meta property=\"og:image:width\" content=\"1264\" \/>\n\t<meta property=\"og:image:height\" content=\"1380\" \/>\n\t<meta property=\"og:image:type\" content=\"image\/jpeg\" \/>\n<meta name=\"twitter:card\" content=\"summary_large_image\" \/>\n<meta name=\"twitter:label1\" content=\"Availability\" \/>\n\t<meta name=\"twitter:data1\" content=\"In stock\" \/>\n<script type=\"application\/ld+json\" class=\"yoast-schema-graph\">{\"@context\":\"https:\/\/schema.org\",\"@graph\":[{\"@type\":\"WebPage\",\"@id\":\"https:\/\/www.swisspica.ch\/products\/lebensstil\/geschenkbox-mit-pflege-aus-seetang\/\",\"url\":\"https:\/\/www.swisspica.ch\/products\/lebensstil\/geschenkbox-mit-pflege-aus-seetang\/\",\"name\":\"Geschenkbox mit Pflege aus Seetang\",\"isPartOf\":{\"@id\":\"https:\/\/www.swisspica.ch\/#website\"},\"primaryImageOfPage\":{\"@id\":\"https:\/\/www.swisspica.ch\/products\/lebensstil\/geschenkbox-mit-pflege-aus-seetang\/#primaryimage\"},\"image\":{\"@id\":\"https:\/\/www.swisspica.ch\/products\/lebensstil\/geschenkbox-mit-pflege-aus-seetang\/#primaryimage\"},\"thumbnailUrl\":\"https:\/\/www.swisspica.ch\/wp-content\/uploads\/2025\/12\/aran-gift-box-1.jpg\",\"datePublished\":\"2025-12-27T20:58:26+00:00\",\"dateModified\":\"2026-03-23T16:30:47+00:00\",\"breadcrumb\":{\"@id\":\"https:\/\/www.swisspica.ch\/products\/lebensstil\/geschenkbox-mit-pflege-aus-seetang\/#breadcrumb\"},\"inLanguage\":\"en-US\",\"potentialAction\":[{\"@type\":\"ReadAction\",\"target\":[\"https:\/\/www.swisspica.ch\/products\/lebensstil\/geschenkbox-mit-pflege-aus-seetang\/\"]}]},{\"@type\":\"ImageObject\",\"inLanguage\":\"en-US\",\"@id\":\"https:\/\/www.swisspica.ch\/products\/lebensstil\/geschenkbox-mit-pflege-aus-seetang\/#primaryimage\",\"url\":\"https:\/\/www.swisspica.ch\/wp-content\/uploads\/2025\/12\/aran-gift-box-1.jpg\",\"contentUrl\":\"https:\/\/www.swisspica.ch\/wp-content\/uploads\/2025\/12\/aran-gift-box-1.jpg\",\"width\":1264,\"height\":1380},{\"@type\":\"BreadcrumbList\",\"@id\":\"https:\/\/www.swisspica.ch\/products\/lebensstil\/geschenkbox-mit-pflege-aus-seetang\/#breadcrumb\",\"itemListElement\":[{\"@type\":\"ListItem\",\"position\":1,\"name\":\"Startseite\",\"item\":\"https:\/\/www.swisspica.ch\/\"},{\"@type\":\"ListItem\",\"position\":2,\"name\":\"Shop\",\"item\":\"https:\/\/www.swisspica.ch\/products\/\"},{\"@type\":\"ListItem\",\"position\":3,\"name\":\"Lebensstil\",\"item\":\"https:\/\/www.swisspica.ch\/products-category\/lebensstil\/\"},{\"@type\":\"ListItem\",\"position\":4,\"name\":\"Geschenkbox mit Pflege aus Seetang\"}]},{\"@type\":\"WebSite\",\"@id\":\"https:\/\/www.swisspica.ch\/#website\",\"url\":\"https:\/\/www.swisspica.ch\/\",\"name\":\"Swisspica: Naturprodukte\",\"description\":\"Naturprodukte, Lebensstil, Deko &amp; Geschenkideen\",\"publisher\":{\"@id\":\"https:\/\/www.swisspica.ch\/#organization\"},\"alternateName\":\"Swisspica\",\"potentialAction\":[{\"@type\":\"SearchAction\",\"target\":{\"@type\":\"EntryPoint\",\"urlTemplate\":\"https:\/\/www.swisspica.ch\/?s={search_term_string}\"},\"query-input\":{\"@type\":\"PropertyValueSpecification\",\"valueRequired\":true,\"valueName\":\"search_term_string\"}}],\"inLanguage\":\"en-US\"},{\"@type\":\"Organization\",\"@id\":\"https:\/\/www.swisspica.ch\/#organization\",\"name\":\"Swisspica\",\"alternateName\":\"Swisspica: Naturprodukte, Lebensstil, Deko & Geschenkideen\",\"url\":\"https:\/\/www.swisspica.ch\/\",\"logo\":{\"@type\":\"ImageObject\",\"inLanguage\":\"en-US\",\"@id\":\"https:\/\/www.swisspica.ch\/#\/schema\/logo\/image\/\",\"url\":\"https:\/\/www.swisspica.ch\/wp-content\/uploads\/2020\/12\/swisspica-logo-gold-no-shadow.png\",\"contentUrl\":\"https:\/\/www.swisspica.ch\/wp-content\/uploads\/2020\/12\/swisspica-logo-gold-no-shadow.png\",\"width\":1166,\"height\":449,\"caption\":\"Swisspica\"},\"image\":{\"@id\":\"https:\/\/www.swisspica.ch\/#\/schema\/logo\/image\/\"},\"sameAs\":[\"https:\/\/www.facebook.com\/swisspica.delights\",\"https:\/\/www.instagram.com\/swisspica\/\"]}]}<\/script>\n<meta property=\"og:availability\" content=\"instock\" \/>\n<meta property=\"product:availability\" content=\"instock\" \/>\n<meta property=\"product:condition\" content=\"new\" \/>\n<!-- \/ Yoast SEO plugin. -->","yoast_head_json":{"title":"Gift Box with Seaweed Care","robots":{"index":"index","follow":"follow","max-snippet":"max-snippet:-1","max-image-preview":"max-image-preview:large","max-video-preview":"max-video-preview:-1"},"canonical":"https:\/\/www.swisspica.ch\/en\/products\/lebensstil\/geschenkbox-mit-pflege-aus-seetang\/","og_locale":"en_US","og_type":"article","og_title":"Geschenkbox mit Pflege aus Seetang","og_description":"Liebevoll zusammengestellte Geschenkboxen mit hochwertigen Pflegeprodukten aus Seetang. Ideal f\u00fcr alle, die nat\u00fcrliche, maritime Kosmetik sch\u00e4tzen und sich selbst oder ihren Liebsten etwas Besonderes schenken m\u00f6chten.","og_url":"https:\/\/www.swisspica.ch\/en\/products\/lebensstil\/geschenkbox-mit-pflege-aus-seetang\/","og_site_name":"Swisspica","article_publisher":"https:\/\/www.facebook.com\/swisspica.delights","article_modified_time":"2026-03-23T16:30:47+00:00","og_image":[{"width":1264,"height":1380,"url":"https:\/\/www.swisspica.ch\/wp-content\/uploads\/2025\/12\/aran-gift-box-1.jpg","type":"image\/jpeg"}],"twitter_card":"summary_large_image","twitter_misc":{"Availability":"In stock"},"schema":{"@context":"https:\/\/schema.org","@graph":[{"@type":"WebPage","@id":"https:\/\/www.swisspica.ch\/products\/lebensstil\/geschenkbox-mit-pflege-aus-seetang\/","url":"https:\/\/www.swisspica.ch\/products\/lebensstil\/geschenkbox-mit-pflege-aus-seetang\/","name":"Gift Box with Seaweed Care","isPartOf":{"@id":"https:\/\/www.swisspica.ch\/#website"},"primaryImageOfPage":{"@id":"https:\/\/www.swisspica.ch\/products\/lebensstil\/geschenkbox-mit-pflege-aus-seetang\/#primaryimage"},"image":{"@id":"https:\/\/www.swisspica.ch\/products\/lebensstil\/geschenkbox-mit-pflege-aus-seetang\/#primaryimage"},"thumbnailUrl":"https:\/\/www.swisspica.ch\/wp-content\/uploads\/2025\/12\/aran-gift-box-1.jpg","datePublished":"2025-12-27T20:58:26+00:00","dateModified":"2026-03-23T16:30:47+00:00","breadcrumb":{"@id":"https:\/\/www.swisspica.ch\/products\/lebensstil\/geschenkbox-mit-pflege-aus-seetang\/#breadcrumb"},"inLanguage":"en-US","potentialAction":[{"@type":"ReadAction","target":["https:\/\/www.swisspica.ch\/products\/lebensstil\/geschenkbox-mit-pflege-aus-seetang\/"]}]},{"@type":"ImageObject","inLanguage":"en-US","@id":"https:\/\/www.swisspica.ch\/products\/lebensstil\/geschenkbox-mit-pflege-aus-seetang\/#primaryimage","url":"https:\/\/www.swisspica.ch\/wp-content\/uploads\/2025\/12\/aran-gift-box-1.jpg","contentUrl":"https:\/\/www.swisspica.ch\/wp-content\/uploads\/2025\/12\/aran-gift-box-1.jpg","width":1264,"height":1380},{"@type":"BreadcrumbList","@id":"https:\/\/www.swisspica.ch\/products\/lebensstil\/geschenkbox-mit-pflege-aus-seetang\/#breadcrumb","itemListElement":[{"@type":"ListItem","position":1,"name":"Startseite","item":"https:\/\/www.swisspica.ch\/"},{"@type":"ListItem","position":2,"name":"Shop","item":"https:\/\/www.swisspica.ch\/products\/"},{"@type":"ListItem","position":3,"name":"Lebensstil","item":"https:\/\/www.swisspica.ch\/products-category\/lebensstil\/"},{"@type":"ListItem","position":4,"name":"Geschenkbox mit Pflege aus Seetang"}]},{"@type":"WebSite","@id":"https:\/\/www.swisspica.ch\/#website","url":"https:\/\/www.swisspica.ch\/","name":"Swisspica: Naturprodukte","description":"Naturprodukte, Lebensstil, Deko &amp; Geschenkideen","publisher":{"@id":"https:\/\/www.swisspica.ch\/#organization"},"alternateName":"Swisspica","potentialAction":[{"@type":"SearchAction","target":{"@type":"EntryPoint","urlTemplate":"https:\/\/www.swisspica.ch\/?s={search_term_string}"},"query-input":{"@type":"PropertyValueSpecification","valueRequired":true,"valueName":"search_term_string"}}],"inLanguage":"en-US"},{"@type":"Organization","@id":"https:\/\/www.swisspica.ch\/#organization","name":"Swisspica","alternateName":"Swisspica: Naturprodukte, Lebensstil, Deko & Geschenkideen","url":"https:\/\/www.swisspica.ch\/","logo":{"@type":"ImageObject","inLanguage":"en-US","@id":"https:\/\/www.swisspica.ch\/#\/schema\/logo\/image\/","url":"https:\/\/www.swisspica.ch\/wp-content\/uploads\/2020\/12\/swisspica-logo-gold-no-shadow.png","contentUrl":"https:\/\/www.swisspica.ch\/wp-content\/uploads\/2020\/12\/swisspica-logo-gold-no-shadow.png","width":1166,"height":449,"caption":"Swisspica"},"image":{"@id":"https:\/\/www.swisspica.ch\/#\/schema\/logo\/image\/"},"sameAs":["https:\/\/www.facebook.com\/swisspica.delights","https:\/\/www.instagram.com\/swisspica\/"]}]},"og_availability":"instock","product_availability":"instock","product_condition":"new"},"_links":{"self":[{"href":"https:\/\/www.swisspica.ch\/en\/wp-json\/wp\/v2\/product\/18762","targetHints":{"allow":["GET"]}}],"collection":[{"href":"https:\/\/www.swisspica.ch\/en\/wp-json\/wp\/v2\/product"}],"about":[{"href":"https:\/\/www.swisspica.ch\/en\/wp-json\/wp\/v2\/types\/product"}],"replies":[{"embeddable":true,"href":"https:\/\/www.swisspica.ch\/en\/wp-json\/wp\/v2\/comments?post=18762"}],"version-history":[{"count":2,"href":"https:\/\/www.swisspica.ch\/en\/wp-json\/wp\/v2\/product\/18762\/revisions"}],"predecessor-version":[{"id":19122,"href":"https:\/\/www.swisspica.ch\/en\/wp-json\/wp\/v2\/product\/18762\/revisions\/19122"}],"wp:featuredmedia":[{"embeddable":true,"href":"https:\/\/www.swisspica.ch\/en\/wp-json\/wp\/v2\/media\/18784"}],"wp:attachment":[{"href":"https:\/\/www.swisspica.ch\/en\/wp-json\/wp\/v2\/media?parent=18762"}],"wp:term":[{"taxonomy":"product_brand","embeddable":true,"href":"https:\/\/www.swisspica.ch\/en\/wp-json\/wp\/v2\/product_brand?post=18762"},{"taxonomy":"product_cat","embeddable":true,"href":"https:\/\/www.swisspica.ch\/en\/wp-json\/wp\/v2\/product_cat?post=18762"},{"taxonomy":"product_tag","embeddable":true,"href":"https:\/\/www.swisspica.ch\/en\/wp-json\/wp\/v2\/product_tag?post=18762"}],"curies":[{"name":"wp","href":"https:\/\/api.w.org\/{rel}","templated":true}]}}