{"id":19013,"date":"2026-03-10T18:40:09","date_gmt":"2026-03-10T17:40:09","guid":{"rendered":"https:\/\/www.swisspica.ch\/?post_type=product&#038;p=19013"},"modified":"2026-03-23T17:25:18","modified_gmt":"2026-03-23T16:25:18","slug":"schafwolloel-fuer-haare-und-koerper","status":"publish","type":"product","link":"https:\/\/www.swisspica.ch\/en\/products\/lebensstil\/schafwolloel-fuer-haare-und-koerper\/","title":{"rendered":"Body &amp; Hair Sheep\u2019s Wool Oil"},"content":{"rendered":"<p>Massage into the hands or all over the body.<\/p>\n<p>Naturally and subtly scented with Lavender, Geranium and Ylang Ylang.<\/p>\n<p>Made using all natural ingredients. Palm-oil free. Suitable for all skin types. Quick-drying.<\/p>\n<p>It is the ultimate multi-purpose oil, some of the uses include:\u00a0<\/p>\n<ul>\n<li>on damp skin after a shower or bath.<\/li>\n<li>on your baby bump!<\/li>\n<li>as a beard and hair oil.<\/li>\n<li>applied on areas of rough skin, e.g. balls of the feet, heels or elbows.<\/li>\n<li>as cuticle care.<\/li>\n<li>as a massage oil.<\/li>\n<li>illuminating the skin (particularly when applied over tan).<\/li>\n<\/ul>","protected":false},"excerpt":{"rendered":"<p>This rich, yet non-greasy wool body oil is made using lanolin, a natural oil from sheep\u2019s wool, that soothes, nourishes and protects the skin.<\/p>\n<link rel=\"stylesheet\" id=\"elementor-post-19019-css\" href=\"https:\/\/www.swisspica.ch\/wp-content\/uploads\/elementor\/css\/post-19019.css?ver=1776364949\" type=\"text\/css\" media=\"all\">\n<div data-elementor-type=\"wp-post\" data-elementor-id=\"19019\" class=\"elementor elementor-19019\" data-elementor-post-type=\"cms_block\">\n<div class=\"elementor-element elementor-element-998fe64 e-con-full fixp e-flex e-con e-parent\" data-id=\"998fe64\" data-element_type=\"container\" data-e-type=\"container\" data-settings=\"{&quot;background_background&quot;:&quot;classic&quot;}\">\n<div class=\"elementor-element elementor-element-64c814c elementor-icon-list--layout-traditional elementor-list-item-link-full_width elementor-widget elementor-widget-icon-list\" data-id=\"64c814c\" data-element_type=\"widget\" data-e-type=\"widget\" data-widget_type=\"icon-list.default\">\n<div class=\"elementor-widget-container\">\n<ul class=\"elementor-icon-list-items\">\n<li class=\"elementor-icon-list-item\">\n\t\t\t\t\t\t\t\t\t\t\t<span class=\"elementor-icon-list-icon\"><br \/>\n\t\t\t\t\t\t\t<i aria-hidden=\"true\" class=\"fas fa-leaf\"><\/i>\t\t\t\t\t\t<\/span><br \/>\n\t\t\t\t\t\t\t\t\t\t<span class=\"elementor-icon-list-text\">With Natural Irish Sheep\u2019s Wool Oil, 100% Natural Ingredients<\/span>\n\t\t\t\t\t\t\t\t\t<\/li>\n<li class=\"elementor-icon-list-item\">\n\t\t\t\t\t\t\t\t\t\t\t<span class=\"elementor-icon-list-icon\"><br \/>\n\t\t\t\t\t\t\t<i aria-hidden=\"true\" class=\"fas fa-map-marked-alt\"><\/i>\t\t\t\t\t\t<\/span><br \/>\n\t\t\t\t\t\t\t\t\t\t<span class=\"elementor-icon-list-text\">Origin: Ireland<\/span>\n\t\t\t\t\t\t\t\t\t<\/li>\n<\/ul><\/div>\n<\/p><\/div>\n<\/p><\/div>\n<\/p><\/div>","protected":false},"featured_media":19014,"comment_status":"open","ping_status":"closed","template":"","meta":[],"product_brand":[],"product_cat":[249],"product_tag":[368],"class_list":{"0":"post-19013","1":"product","2":"type-product","3":"status-publish","4":"has-post-thumbnail","6":"product_cat-lebensstil","7":"product_tag-naturrein","9":"first","10":"instock","11":"taxable","12":"shipping-taxable","13":"purchasable","14":"product-type-variable","15":"has-default-attributes"},"yoast_head":"<!-- This site is optimized with the Yoast SEO plugin v27.1.1 - https:\/\/yoast.com\/product\/yoast-seo-wordpress\/ -->\n<title>Schafwoll\u00f6l f\u00fcr Haare und K\u00f6rper<\/title>\n<meta name=\"description\" content=\"Dieses reichhaltige, nicht fettende Woll\u00f6l f\u00fcr den K\u00f6rper wird aus Lanolin hergestellt \u2013 ein nat\u00fcrliches \u00d6l der Schafwolle, das die Haut beruhigt, pflegt und sch\u00fctzt.\" \/>\n<meta name=\"robots\" content=\"index, follow, max-snippet:-1, max-image-preview:large, max-video-preview:-1\" \/>\n<link rel=\"canonical\" href=\"https:\/\/www.swisspica.ch\/en\/products\/lebensstil\/schafwolloel-fuer-haare-und-koerper\/\" \/>\n<meta property=\"og:locale\" content=\"en_US\" \/>\n<meta property=\"og:type\" content=\"article\" \/>\n<meta property=\"og:title\" content=\"Schafwoll\u00f6l f\u00fcr Haare und K\u00f6rper\" \/>\n<meta property=\"og:description\" content=\"Dieses reichhaltige, nicht fettende Woll\u00f6l f\u00fcr den K\u00f6rper wird aus Lanolin hergestellt \u2013 ein nat\u00fcrliches \u00d6l der Schafwolle, das die Haut beruhigt, pflegt und sch\u00fctzt.\" \/>\n<meta property=\"og:url\" content=\"https:\/\/www.swisspica.ch\/en\/products\/lebensstil\/schafwolloel-fuer-haare-und-koerper\/\" \/>\n<meta property=\"og:site_name\" content=\"Swisspica\" \/>\n<meta property=\"article:publisher\" content=\"https:\/\/www.facebook.com\/swisspica.delights\" \/>\n<meta property=\"article:modified_time\" content=\"2026-03-23T16:25:18+00:00\" \/>\n<meta property=\"og:image\" content=\"https:\/\/www.swisspica.ch\/wp-content\/uploads\/2026\/03\/Banor-Body-Hair-Oil-1.webp\" \/>\n\t<meta property=\"og:image:width\" content=\"1054\" \/>\n\t<meta property=\"og:image:height\" content=\"1580\" \/>\n\t<meta property=\"og:image:type\" content=\"image\/webp\" \/>\n<meta name=\"twitter:card\" content=\"summary_large_image\" \/>\n<meta name=\"twitter:label1\" content=\"Availability\" \/>\n\t<meta name=\"twitter:data1\" content=\"In stock\" \/>\n<script type=\"application\/ld+json\" class=\"yoast-schema-graph\">{\"@context\":\"https:\/\/schema.org\",\"@graph\":[{\"@type\":\"WebPage\",\"@id\":\"https:\/\/www.swisspica.ch\/products\/lebensstil\/schafwolloel-fuer-haare-und-koerper\/\",\"url\":\"https:\/\/www.swisspica.ch\/products\/lebensstil\/schafwolloel-fuer-haare-und-koerper\/\",\"name\":\"Schafwoll\u00f6l f\u00fcr Haare und K\u00f6rper\",\"isPartOf\":{\"@id\":\"https:\/\/www.swisspica.ch\/#website\"},\"primaryImageOfPage\":{\"@id\":\"https:\/\/www.swisspica.ch\/products\/lebensstil\/schafwolloel-fuer-haare-und-koerper\/#primaryimage\"},\"image\":{\"@id\":\"https:\/\/www.swisspica.ch\/products\/lebensstil\/schafwolloel-fuer-haare-und-koerper\/#primaryimage\"},\"thumbnailUrl\":\"https:\/\/www.swisspica.ch\/wp-content\/uploads\/2026\/03\/Banor-Body-Hair-Oil-1.webp\",\"datePublished\":\"2026-03-10T17:40:09+00:00\",\"dateModified\":\"2026-03-23T16:25:18+00:00\",\"description\":\"Dieses reichhaltige, nicht fettende Woll\u00f6l f\u00fcr den K\u00f6rper wird aus Lanolin hergestellt \u2013 ein nat\u00fcrliches \u00d6l der Schafwolle, das die Haut beruhigt, pflegt und sch\u00fctzt.\",\"breadcrumb\":{\"@id\":\"https:\/\/www.swisspica.ch\/products\/lebensstil\/schafwolloel-fuer-haare-und-koerper\/#breadcrumb\"},\"inLanguage\":\"en-US\",\"potentialAction\":[{\"@type\":\"ReadAction\",\"target\":[\"https:\/\/www.swisspica.ch\/products\/lebensstil\/schafwolloel-fuer-haare-und-koerper\/\"]}]},{\"@type\":\"ImageObject\",\"inLanguage\":\"en-US\",\"@id\":\"https:\/\/www.swisspica.ch\/products\/lebensstil\/schafwolloel-fuer-haare-und-koerper\/#primaryimage\",\"url\":\"https:\/\/www.swisspica.ch\/wp-content\/uploads\/2026\/03\/Banor-Body-Hair-Oil-1.webp\",\"contentUrl\":\"https:\/\/www.swisspica.ch\/wp-content\/uploads\/2026\/03\/Banor-Body-Hair-Oil-1.webp\",\"width\":1054,\"height\":1580},{\"@type\":\"BreadcrumbList\",\"@id\":\"https:\/\/www.swisspica.ch\/products\/lebensstil\/schafwolloel-fuer-haare-und-koerper\/#breadcrumb\",\"itemListElement\":[{\"@type\":\"ListItem\",\"position\":1,\"name\":\"Startseite\",\"item\":\"https:\/\/www.swisspica.ch\/\"},{\"@type\":\"ListItem\",\"position\":2,\"name\":\"Shop\",\"item\":\"https:\/\/www.swisspica.ch\/products\/\"},{\"@type\":\"ListItem\",\"position\":3,\"name\":\"Lebensstil\",\"item\":\"https:\/\/www.swisspica.ch\/products-category\/lebensstil\/\"},{\"@type\":\"ListItem\",\"position\":4,\"name\":\"Schafwoll\u00f6l f\u00fcr Haare und K\u00f6rper\"}]},{\"@type\":\"WebSite\",\"@id\":\"https:\/\/www.swisspica.ch\/#website\",\"url\":\"https:\/\/www.swisspica.ch\/\",\"name\":\"Swisspica: Naturprodukte\",\"description\":\"Naturprodukte, Lebensstil, Deko &amp; Geschenkideen\",\"publisher\":{\"@id\":\"https:\/\/www.swisspica.ch\/#organization\"},\"alternateName\":\"Swisspica\",\"potentialAction\":[{\"@type\":\"SearchAction\",\"target\":{\"@type\":\"EntryPoint\",\"urlTemplate\":\"https:\/\/www.swisspica.ch\/?s={search_term_string}\"},\"query-input\":{\"@type\":\"PropertyValueSpecification\",\"valueRequired\":true,\"valueName\":\"search_term_string\"}}],\"inLanguage\":\"en-US\"},{\"@type\":\"Organization\",\"@id\":\"https:\/\/www.swisspica.ch\/#organization\",\"name\":\"Swisspica\",\"alternateName\":\"Swisspica: Naturprodukte, Lebensstil, Deko & Geschenkideen\",\"url\":\"https:\/\/www.swisspica.ch\/\",\"logo\":{\"@type\":\"ImageObject\",\"inLanguage\":\"en-US\",\"@id\":\"https:\/\/www.swisspica.ch\/#\/schema\/logo\/image\/\",\"url\":\"https:\/\/www.swisspica.ch\/wp-content\/uploads\/2020\/12\/swisspica-logo-gold-no-shadow.png\",\"contentUrl\":\"https:\/\/www.swisspica.ch\/wp-content\/uploads\/2020\/12\/swisspica-logo-gold-no-shadow.png\",\"width\":1166,\"height\":449,\"caption\":\"Swisspica\"},\"image\":{\"@id\":\"https:\/\/www.swisspica.ch\/#\/schema\/logo\/image\/\"},\"sameAs\":[\"https:\/\/www.facebook.com\/swisspica.delights\",\"https:\/\/www.instagram.com\/swisspica\/\"]}]}<\/script>\n<meta property=\"og:availability\" content=\"instock\" \/>\n<meta property=\"product:availability\" content=\"instock\" \/>\n<meta property=\"product:condition\" content=\"new\" \/>\n<!-- \/ Yoast SEO plugin. -->","yoast_head_json":{"title":"Body &amp; Hair Sheep\u2019s Wool Oil","description":"This rich, yet non-greasy wool body oil is made using lanolin, a natural oil from sheep\u2019s wool, that soothes, nourishes and protects the skin.","robots":{"index":"index","follow":"follow","max-snippet":"max-snippet:-1","max-image-preview":"max-image-preview:large","max-video-preview":"max-video-preview:-1"},"canonical":"https:\/\/www.swisspica.ch\/en\/products\/lebensstil\/schafwolloel-fuer-haare-und-koerper\/","og_locale":"en_US","og_type":"article","og_title":"Schafwoll\u00f6l f\u00fcr Haare und K\u00f6rper","og_description":"Dieses reichhaltige, nicht fettende Woll\u00f6l f\u00fcr den K\u00f6rper wird aus Lanolin hergestellt \u2013 ein nat\u00fcrliches \u00d6l der Schafwolle, das die Haut beruhigt, pflegt und sch\u00fctzt.","og_url":"https:\/\/www.swisspica.ch\/en\/products\/lebensstil\/schafwolloel-fuer-haare-und-koerper\/","og_site_name":"Swisspica","article_publisher":"https:\/\/www.facebook.com\/swisspica.delights","article_modified_time":"2026-03-23T16:25:18+00:00","og_image":[{"width":1054,"height":1580,"url":"https:\/\/www.swisspica.ch\/wp-content\/uploads\/2026\/03\/Banor-Body-Hair-Oil-1.webp","type":"image\/webp"}],"twitter_card":"summary_large_image","twitter_misc":{"Availability":"In stock"},"schema":{"@context":"https:\/\/schema.org","@graph":[{"@type":"WebPage","@id":"https:\/\/www.swisspica.ch\/products\/lebensstil\/schafwolloel-fuer-haare-und-koerper\/","url":"https:\/\/www.swisspica.ch\/products\/lebensstil\/schafwolloel-fuer-haare-und-koerper\/","name":"Body &amp; Hair Sheep\u2019s Wool Oil","isPartOf":{"@id":"https:\/\/www.swisspica.ch\/#website"},"primaryImageOfPage":{"@id":"https:\/\/www.swisspica.ch\/products\/lebensstil\/schafwolloel-fuer-haare-und-koerper\/#primaryimage"},"image":{"@id":"https:\/\/www.swisspica.ch\/products\/lebensstil\/schafwolloel-fuer-haare-und-koerper\/#primaryimage"},"thumbnailUrl":"https:\/\/www.swisspica.ch\/wp-content\/uploads\/2026\/03\/Banor-Body-Hair-Oil-1.webp","datePublished":"2026-03-10T17:40:09+00:00","dateModified":"2026-03-23T16:25:18+00:00","description":"This rich, yet non-greasy wool body oil is made using lanolin, a natural oil from sheep\u2019s wool, that soothes, nourishes and protects the skin.","breadcrumb":{"@id":"https:\/\/www.swisspica.ch\/products\/lebensstil\/schafwolloel-fuer-haare-und-koerper\/#breadcrumb"},"inLanguage":"en-US","potentialAction":[{"@type":"ReadAction","target":["https:\/\/www.swisspica.ch\/products\/lebensstil\/schafwolloel-fuer-haare-und-koerper\/"]}]},{"@type":"ImageObject","inLanguage":"en-US","@id":"https:\/\/www.swisspica.ch\/products\/lebensstil\/schafwolloel-fuer-haare-und-koerper\/#primaryimage","url":"https:\/\/www.swisspica.ch\/wp-content\/uploads\/2026\/03\/Banor-Body-Hair-Oil-1.webp","contentUrl":"https:\/\/www.swisspica.ch\/wp-content\/uploads\/2026\/03\/Banor-Body-Hair-Oil-1.webp","width":1054,"height":1580},{"@type":"BreadcrumbList","@id":"https:\/\/www.swisspica.ch\/products\/lebensstil\/schafwolloel-fuer-haare-und-koerper\/#breadcrumb","itemListElement":[{"@type":"ListItem","position":1,"name":"Startseite","item":"https:\/\/www.swisspica.ch\/"},{"@type":"ListItem","position":2,"name":"Shop","item":"https:\/\/www.swisspica.ch\/products\/"},{"@type":"ListItem","position":3,"name":"Lebensstil","item":"https:\/\/www.swisspica.ch\/products-category\/lebensstil\/"},{"@type":"ListItem","position":4,"name":"Schafwoll\u00f6l f\u00fcr Haare und K\u00f6rper"}]},{"@type":"WebSite","@id":"https:\/\/www.swisspica.ch\/#website","url":"https:\/\/www.swisspica.ch\/","name":"Swisspica: Naturprodukte","description":"Naturprodukte, Lebensstil, Deko &amp; Geschenkideen","publisher":{"@id":"https:\/\/www.swisspica.ch\/#organization"},"alternateName":"Swisspica","potentialAction":[{"@type":"SearchAction","target":{"@type":"EntryPoint","urlTemplate":"https:\/\/www.swisspica.ch\/?s={search_term_string}"},"query-input":{"@type":"PropertyValueSpecification","valueRequired":true,"valueName":"search_term_string"}}],"inLanguage":"en-US"},{"@type":"Organization","@id":"https:\/\/www.swisspica.ch\/#organization","name":"Swisspica","alternateName":"Swisspica: Naturprodukte, Lebensstil, Deko & Geschenkideen","url":"https:\/\/www.swisspica.ch\/","logo":{"@type":"ImageObject","inLanguage":"en-US","@id":"https:\/\/www.swisspica.ch\/#\/schema\/logo\/image\/","url":"https:\/\/www.swisspica.ch\/wp-content\/uploads\/2020\/12\/swisspica-logo-gold-no-shadow.png","contentUrl":"https:\/\/www.swisspica.ch\/wp-content\/uploads\/2020\/12\/swisspica-logo-gold-no-shadow.png","width":1166,"height":449,"caption":"Swisspica"},"image":{"@id":"https:\/\/www.swisspica.ch\/#\/schema\/logo\/image\/"},"sameAs":["https:\/\/www.facebook.com\/swisspica.delights","https:\/\/www.instagram.com\/swisspica\/"]}]},"og_availability":"instock","product_availability":"instock","product_condition":"new"},"_links":{"self":[{"href":"https:\/\/www.swisspica.ch\/en\/wp-json\/wp\/v2\/product\/19013","targetHints":{"allow":["GET"]}}],"collection":[{"href":"https:\/\/www.swisspica.ch\/en\/wp-json\/wp\/v2\/product"}],"about":[{"href":"https:\/\/www.swisspica.ch\/en\/wp-json\/wp\/v2\/types\/product"}],"replies":[{"embeddable":true,"href":"https:\/\/www.swisspica.ch\/en\/wp-json\/wp\/v2\/comments?post=19013"}],"version-history":[{"count":2,"href":"https:\/\/www.swisspica.ch\/en\/wp-json\/wp\/v2\/product\/19013\/revisions"}],"predecessor-version":[{"id":19025,"href":"https:\/\/www.swisspica.ch\/en\/wp-json\/wp\/v2\/product\/19013\/revisions\/19025"}],"wp:featuredmedia":[{"embeddable":true,"href":"https:\/\/www.swisspica.ch\/en\/wp-json\/wp\/v2\/media\/19014"}],"wp:attachment":[{"href":"https:\/\/www.swisspica.ch\/en\/wp-json\/wp\/v2\/media?parent=19013"}],"wp:term":[{"taxonomy":"product_brand","embeddable":true,"href":"https:\/\/www.swisspica.ch\/en\/wp-json\/wp\/v2\/product_brand?post=19013"},{"taxonomy":"product_cat","embeddable":true,"href":"https:\/\/www.swisspica.ch\/en\/wp-json\/wp\/v2\/product_cat?post=19013"},{"taxonomy":"product_tag","embeddable":true,"href":"https:\/\/www.swisspica.ch\/en\/wp-json\/wp\/v2\/product_tag?post=19013"}],"curies":[{"name":"wp","href":"https:\/\/api.w.org\/{rel}","templated":true}]}}