{"id":3170,"date":"2019-05-13T07:43:09","date_gmt":"2019-05-13T05:43:09","guid":{"rendered":"https:\/\/www.swisspica.ch\/?post_type=product&#038;p=3170"},"modified":"2026-03-29T20:24:55","modified_gmt":"2026-03-29T18:24:55","slug":"negin-saffron","status":"publish","type":"product","link":"https:\/\/www.swisspica.ch\/en\/products\/safran\/negin-saffron\/","title":{"rendered":"Super Negin"},"content":{"rendered":"<p>The world\u2019s best saffron originates from the Iranian province South Khorasan. We provide you the original certified (ISO 3632-2, category I) and in different stigma lengths. HACCP certified farms.<br \/>\nSaffron has a (very) high content of potassium and manganese and is rich in vitamins C, B6 and folate, and in phosphorus, magnesium, iron and copper. Moreover, it contains omega-3 fatty acids (ALA), fibre, proteins and riboflavin (vitamin B2).<br \/>\nSaffron is used in countless dishes in Iran. Why not add the noble flavour of our saffron to your creations, too?<\/p>\n<p><strong>Certificates:\u00a0 <img loading=\"lazy\" decoding=\"async\" class=\"alignnone wp-image-18838 size-full\" src=\"https:\/\/www.swisspica.ch\/wp-content\/uploads\/2024\/03\/certs-3.png\" alt=\"\" width=\"156\" height=\"100\" srcset=\"https:\/\/www.swisspica.ch\/wp-content\/uploads\/2024\/03\/certs-3.png 156w, https:\/\/www.swisspica.ch\/wp-content\/uploads\/2024\/03\/certs-3-18x12.png 18w, https:\/\/www.swisspica.ch\/wp-content\/uploads\/2024\/03\/certs-3-60x38.png 60w, https:\/\/www.swisspica.ch\/wp-content\/uploads\/2024\/03\/certs-3-150x96.png 150w\" sizes=\"auto, (max-width: 156px) 100vw, 156px\" \/><\/strong><\/p>","protected":false},"excerpt":{"rendered":"<p>The most famous Iranian saffron<\/p>\n<ul>\n<li>Sumptous red colour.<\/li>\n<li>Intense bitter flavour.<\/li>\n<li>Extra long threads<\/li>\n<\/ul>\n<p>Don\u2019t hesitate to <strong><u><a href=\"\/en\/contact-us\/\">contact us<\/a><\/u><\/strong><\/p>","protected":false},"featured_media":18923,"comment_status":"open","ping_status":"closed","template":"","meta":[],"product_brand":[],"product_cat":[104],"product_tag":[226,224],"class_list":{"0":"post-3170","1":"product","2":"type-product","3":"status-publish","4":"has-post-thumbnail","6":"product_cat-safran","7":"product_tag-organic","8":"product_tag-safran","10":"first","11":"instock","12":"taxable","13":"shipping-taxable","14":"purchasable","15":"product-type-variable","16":"has-default-attributes"},"yoast_head":"<!-- This site is optimized with the Yoast SEO plugin v27.1.1 - https:\/\/yoast.com\/product\/yoast-seo-wordpress\/ -->\n<title>Super Negin<\/title>\n<meta name=\"robots\" content=\"index, follow, max-snippet:-1, max-image-preview:large, max-video-preview:-1\" \/>\n<link rel=\"canonical\" href=\"https:\/\/www.swisspica.ch\/en\/products\/safran\/negin-saffron\/\" \/>\n<meta property=\"og:locale\" content=\"en_US\" \/>\n<meta property=\"og:type\" content=\"article\" \/>\n<meta property=\"og:title\" content=\"Super Negin\" \/>\n<meta property=\"og:description\" content=\"Der bekannteste Safran aus Iran   Pr\u00e4chtiges Rot.  Intensiv-bitterer Geschmack.  Extralange F\u00e4den  Z\u00f6gern Sie nicht, uns zu kontaktieren.\" \/>\n<meta property=\"og:url\" content=\"https:\/\/www.swisspica.ch\/en\/products\/safran\/negin-saffron\/\" \/>\n<meta property=\"og:site_name\" content=\"Swisspica\" \/>\n<meta property=\"article:publisher\" content=\"https:\/\/www.facebook.com\/swisspica.delights\" \/>\n<meta property=\"article:modified_time\" content=\"2026-03-29T18:24:55+00:00\" \/>\n<meta property=\"og:image\" content=\"https:\/\/www.swisspica.ch\/wp-content\/uploads\/2019\/05\/super-negin-swisspica-1.jpg\" \/>\n\t<meta property=\"og:image:width\" content=\"1500\" \/>\n\t<meta property=\"og:image:height\" content=\"1500\" \/>\n\t<meta property=\"og:image:type\" content=\"image\/jpeg\" \/>\n<meta name=\"twitter:card\" content=\"summary_large_image\" \/>\n<meta name=\"twitter:label1\" content=\"Availability\" \/>\n\t<meta name=\"twitter:data1\" content=\"In stock\" \/>\n<script type=\"application\/ld+json\" class=\"yoast-schema-graph\">{\"@context\":\"https:\/\/schema.org\",\"@graph\":[{\"@type\":\"WebPage\",\"@id\":\"https:\/\/www.swisspica.ch\/products\/safran\/negin-saffron\/\",\"url\":\"https:\/\/www.swisspica.ch\/products\/safran\/negin-saffron\/\",\"name\":\"Super Negin\",\"isPartOf\":{\"@id\":\"https:\/\/www.swisspica.ch\/#website\"},\"primaryImageOfPage\":{\"@id\":\"https:\/\/www.swisspica.ch\/products\/safran\/negin-saffron\/#primaryimage\"},\"image\":{\"@id\":\"https:\/\/www.swisspica.ch\/products\/safran\/negin-saffron\/#primaryimage\"},\"thumbnailUrl\":\"https:\/\/www.swisspica.ch\/wp-content\/uploads\/2019\/05\/super-negin-swisspica-1.jpg\",\"datePublished\":\"2019-05-13T05:43:09+00:00\",\"dateModified\":\"2026-03-29T18:24:55+00:00\",\"breadcrumb\":{\"@id\":\"https:\/\/www.swisspica.ch\/products\/safran\/negin-saffron\/#breadcrumb\"},\"inLanguage\":\"en-US\",\"potentialAction\":[{\"@type\":\"ReadAction\",\"target\":[\"https:\/\/www.swisspica.ch\/products\/safran\/negin-saffron\/\"]}]},{\"@type\":\"ImageObject\",\"inLanguage\":\"en-US\",\"@id\":\"https:\/\/www.swisspica.ch\/products\/safran\/negin-saffron\/#primaryimage\",\"url\":\"https:\/\/www.swisspica.ch\/wp-content\/uploads\/2019\/05\/super-negin-swisspica-1.jpg\",\"contentUrl\":\"https:\/\/www.swisspica.ch\/wp-content\/uploads\/2019\/05\/super-negin-swisspica-1.jpg\",\"width\":1500,\"height\":1500},{\"@type\":\"BreadcrumbList\",\"@id\":\"https:\/\/www.swisspica.ch\/products\/safran\/negin-saffron\/#breadcrumb\",\"itemListElement\":[{\"@type\":\"ListItem\",\"position\":1,\"name\":\"Startseite\",\"item\":\"https:\/\/www.swisspica.ch\/\"},{\"@type\":\"ListItem\",\"position\":2,\"name\":\"Shop\",\"item\":\"https:\/\/www.swisspica.ch\/products\/\"},{\"@type\":\"ListItem\",\"position\":3,\"name\":\"Safran\",\"item\":\"https:\/\/www.swisspica.ch\/products-category\/safran\/\"},{\"@type\":\"ListItem\",\"position\":4,\"name\":\"Super Negin\"}]},{\"@type\":\"WebSite\",\"@id\":\"https:\/\/www.swisspica.ch\/#website\",\"url\":\"https:\/\/www.swisspica.ch\/\",\"name\":\"Swisspica: Naturprodukte\",\"description\":\"Naturprodukte, Lebensstil, Deko &amp; Geschenkideen\",\"publisher\":{\"@id\":\"https:\/\/www.swisspica.ch\/#organization\"},\"alternateName\":\"Swisspica\",\"potentialAction\":[{\"@type\":\"SearchAction\",\"target\":{\"@type\":\"EntryPoint\",\"urlTemplate\":\"https:\/\/www.swisspica.ch\/?s={search_term_string}\"},\"query-input\":{\"@type\":\"PropertyValueSpecification\",\"valueRequired\":true,\"valueName\":\"search_term_string\"}}],\"inLanguage\":\"en-US\"},{\"@type\":\"Organization\",\"@id\":\"https:\/\/www.swisspica.ch\/#organization\",\"name\":\"Swisspica\",\"alternateName\":\"Swisspica: Naturprodukte, Lebensstil, Deko & Geschenkideen\",\"url\":\"https:\/\/www.swisspica.ch\/\",\"logo\":{\"@type\":\"ImageObject\",\"inLanguage\":\"en-US\",\"@id\":\"https:\/\/www.swisspica.ch\/#\/schema\/logo\/image\/\",\"url\":\"https:\/\/www.swisspica.ch\/wp-content\/uploads\/2020\/12\/swisspica-logo-gold-no-shadow.png\",\"contentUrl\":\"https:\/\/www.swisspica.ch\/wp-content\/uploads\/2020\/12\/swisspica-logo-gold-no-shadow.png\",\"width\":1166,\"height\":449,\"caption\":\"Swisspica\"},\"image\":{\"@id\":\"https:\/\/www.swisspica.ch\/#\/schema\/logo\/image\/\"},\"sameAs\":[\"https:\/\/www.facebook.com\/swisspica.delights\",\"https:\/\/www.instagram.com\/swisspica\/\"]}]}<\/script>\n<meta property=\"og:availability\" content=\"instock\" \/>\n<meta property=\"product:availability\" content=\"instock\" \/>\n<meta property=\"product:condition\" content=\"new\" \/>\n<!-- \/ Yoast SEO plugin. -->","yoast_head_json":{"title":"Super Negin","robots":{"index":"index","follow":"follow","max-snippet":"max-snippet:-1","max-image-preview":"max-image-preview:large","max-video-preview":"max-video-preview:-1"},"canonical":"https:\/\/www.swisspica.ch\/en\/products\/safran\/negin-saffron\/","og_locale":"en_US","og_type":"article","og_title":"Super Negin","og_description":"Der bekannteste Safran aus Iran   Pr\u00e4chtiges Rot.  Intensiv-bitterer Geschmack.  Extralange F\u00e4den  Z\u00f6gern Sie nicht, uns zu kontaktieren.","og_url":"https:\/\/www.swisspica.ch\/en\/products\/safran\/negin-saffron\/","og_site_name":"Swisspica","article_publisher":"https:\/\/www.facebook.com\/swisspica.delights","article_modified_time":"2026-03-29T18:24:55+00:00","og_image":[{"width":1500,"height":1500,"url":"https:\/\/www.swisspica.ch\/wp-content\/uploads\/2019\/05\/super-negin-swisspica-1.jpg","type":"image\/jpeg"}],"twitter_card":"summary_large_image","twitter_misc":{"Availability":"In stock"},"schema":{"@context":"https:\/\/schema.org","@graph":[{"@type":"WebPage","@id":"https:\/\/www.swisspica.ch\/products\/safran\/negin-saffron\/","url":"https:\/\/www.swisspica.ch\/products\/safran\/negin-saffron\/","name":"Super Negin","isPartOf":{"@id":"https:\/\/www.swisspica.ch\/#website"},"primaryImageOfPage":{"@id":"https:\/\/www.swisspica.ch\/products\/safran\/negin-saffron\/#primaryimage"},"image":{"@id":"https:\/\/www.swisspica.ch\/products\/safran\/negin-saffron\/#primaryimage"},"thumbnailUrl":"https:\/\/www.swisspica.ch\/wp-content\/uploads\/2019\/05\/super-negin-swisspica-1.jpg","datePublished":"2019-05-13T05:43:09+00:00","dateModified":"2026-03-29T18:24:55+00:00","breadcrumb":{"@id":"https:\/\/www.swisspica.ch\/products\/safran\/negin-saffron\/#breadcrumb"},"inLanguage":"en-US","potentialAction":[{"@type":"ReadAction","target":["https:\/\/www.swisspica.ch\/products\/safran\/negin-saffron\/"]}]},{"@type":"ImageObject","inLanguage":"en-US","@id":"https:\/\/www.swisspica.ch\/products\/safran\/negin-saffron\/#primaryimage","url":"https:\/\/www.swisspica.ch\/wp-content\/uploads\/2019\/05\/super-negin-swisspica-1.jpg","contentUrl":"https:\/\/www.swisspica.ch\/wp-content\/uploads\/2019\/05\/super-negin-swisspica-1.jpg","width":1500,"height":1500},{"@type":"BreadcrumbList","@id":"https:\/\/www.swisspica.ch\/products\/safran\/negin-saffron\/#breadcrumb","itemListElement":[{"@type":"ListItem","position":1,"name":"Startseite","item":"https:\/\/www.swisspica.ch\/"},{"@type":"ListItem","position":2,"name":"Shop","item":"https:\/\/www.swisspica.ch\/products\/"},{"@type":"ListItem","position":3,"name":"Safran","item":"https:\/\/www.swisspica.ch\/products-category\/safran\/"},{"@type":"ListItem","position":4,"name":"Super Negin"}]},{"@type":"WebSite","@id":"https:\/\/www.swisspica.ch\/#website","url":"https:\/\/www.swisspica.ch\/","name":"Swisspica: Naturprodukte","description":"Naturprodukte, Lebensstil, Deko &amp; Geschenkideen","publisher":{"@id":"https:\/\/www.swisspica.ch\/#organization"},"alternateName":"Swisspica","potentialAction":[{"@type":"SearchAction","target":{"@type":"EntryPoint","urlTemplate":"https:\/\/www.swisspica.ch\/?s={search_term_string}"},"query-input":{"@type":"PropertyValueSpecification","valueRequired":true,"valueName":"search_term_string"}}],"inLanguage":"en-US"},{"@type":"Organization","@id":"https:\/\/www.swisspica.ch\/#organization","name":"Swisspica","alternateName":"Swisspica: Naturprodukte, Lebensstil, Deko & Geschenkideen","url":"https:\/\/www.swisspica.ch\/","logo":{"@type":"ImageObject","inLanguage":"en-US","@id":"https:\/\/www.swisspica.ch\/#\/schema\/logo\/image\/","url":"https:\/\/www.swisspica.ch\/wp-content\/uploads\/2020\/12\/swisspica-logo-gold-no-shadow.png","contentUrl":"https:\/\/www.swisspica.ch\/wp-content\/uploads\/2020\/12\/swisspica-logo-gold-no-shadow.png","width":1166,"height":449,"caption":"Swisspica"},"image":{"@id":"https:\/\/www.swisspica.ch\/#\/schema\/logo\/image\/"},"sameAs":["https:\/\/www.facebook.com\/swisspica.delights","https:\/\/www.instagram.com\/swisspica\/"]}]},"og_availability":"instock","product_availability":"instock","product_condition":"new"},"_links":{"self":[{"href":"https:\/\/www.swisspica.ch\/en\/wp-json\/wp\/v2\/product\/3170","targetHints":{"allow":["GET"]}}],"collection":[{"href":"https:\/\/www.swisspica.ch\/en\/wp-json\/wp\/v2\/product"}],"about":[{"href":"https:\/\/www.swisspica.ch\/en\/wp-json\/wp\/v2\/types\/product"}],"replies":[{"embeddable":true,"href":"https:\/\/www.swisspica.ch\/en\/wp-json\/wp\/v2\/comments?post=3170"}],"version-history":[{"count":3,"href":"https:\/\/www.swisspica.ch\/en\/wp-json\/wp\/v2\/product\/3170\/revisions"}],"predecessor-version":[{"id":18844,"href":"https:\/\/www.swisspica.ch\/en\/wp-json\/wp\/v2\/product\/3170\/revisions\/18844"}],"wp:featuredmedia":[{"embeddable":true,"href":"https:\/\/www.swisspica.ch\/en\/wp-json\/wp\/v2\/media\/18923"}],"wp:attachment":[{"href":"https:\/\/www.swisspica.ch\/en\/wp-json\/wp\/v2\/media?parent=3170"}],"wp:term":[{"taxonomy":"product_brand","embeddable":true,"href":"https:\/\/www.swisspica.ch\/en\/wp-json\/wp\/v2\/product_brand?post=3170"},{"taxonomy":"product_cat","embeddable":true,"href":"https:\/\/www.swisspica.ch\/en\/wp-json\/wp\/v2\/product_cat?post=3170"},{"taxonomy":"product_tag","embeddable":true,"href":"https:\/\/www.swisspica.ch\/en\/wp-json\/wp\/v2\/product_tag?post=3170"}],"curies":[{"name":"wp","href":"https:\/\/api.w.org\/{rel}","templated":true}]}}