{"id":3520,"date":"2020-04-18T07:41:08","date_gmt":"2020-04-18T05:41:08","guid":{"rendered":"https:\/\/www.swisspica.ch\/?post_type=product&#038;p=3520"},"modified":"2026-02-14T11:46:09","modified_gmt":"2026-02-14T10:46:09","slug":"natives-olivenoel-extra","status":"publish","type":"product","link":"https:\/\/www.swisspica.ch\/en\/products\/oliven\/natives-olivenoel-extra\/","title":{"rendered":"Organic Extra Virgin Olive Oil"},"content":{"rendered":"<p>Organic, crunchy, large and shiny green: these are our olives. A globally unique approach to production with a closed ecological cycle, scientific innovation and a passionate founding family complement the rare provenance. Did you already know about Iranian olives?<br \/>\nWe offer you the most exquisite selection of organic green olives and purest extra virgin olive oil coming directly from the heart of Iran. Our olives are high in monounsaturated fatty acids (oleic acid) and contain a source of fibre. Our olive oil contains polyphenols and is rich in monounsaturated fatty acids and vitamin E. Both products are free of trans fatty acids.<\/p>\n<p><strong>Certificates:\u00a0 \u00a0<\/strong><img loading=\"lazy\" decoding=\"async\" class=\"alignnone size-full wp-image-18847\" src=\"https:\/\/www.swisspica.ch\/wp-content\/uploads\/2020\/04\/certs-4.png\" alt=\"\" width=\"162\" height=\"100\" srcset=\"https:\/\/www.swisspica.ch\/wp-content\/uploads\/2020\/04\/certs-4.png 162w, https:\/\/www.swisspica.ch\/wp-content\/uploads\/2020\/04\/certs-4-18x12.png 18w, https:\/\/www.swisspica.ch\/wp-content\/uploads\/2020\/04\/certs-4-60x37.png 60w, https:\/\/www.swisspica.ch\/wp-content\/uploads\/2020\/04\/certs-4-150x93.png 150w\" sizes=\"auto, (max-width: 162px) 100vw, 162px\" \/><\/p>","protected":false},"excerpt":{"rendered":"<p>Purest organic extra virgin olive oil from Iran. A true and unique gem!<\/p>\n<ul>\n<li>0.5 Litre bottle<\/li>\n<li>Harmonious taste with a strong and bitter finish<\/li>\n<li>Intense greenish yellow colour<\/li>\n<\/ul>\n<p>Don\u2019t hesitate to <strong><u><a href=\"\/en\/contact-us\/\">contact us<\/a><br \/>\n<\/u><\/strong><\/p>","protected":false},"featured_media":9945,"comment_status":"open","ping_status":"closed","template":"","meta":[],"product_brand":[],"product_cat":[115],"product_tag":[221,223,226],"class_list":{"0":"post-3520","1":"product","2":"type-product","3":"status-publish","4":"has-post-thumbnail","6":"product_cat-oliven","7":"product_tag-oliven","8":"product_tag-olivenoel","9":"product_tag-organic","10":"product_shipping_class-glass","12":"first","13":"outofstock","14":"taxable","15":"shipping-taxable","16":"purchasable","17":"product-type-variable","18":"has-default-attributes"},"yoast_head":"<!-- This site is optimized with the Yoast SEO plugin v27.1.1 - https:\/\/yoast.com\/product\/yoast-seo-wordpress\/ -->\n<title>Natives Bio-Oliven\u00f6l extra<\/title>\n<meta name=\"robots\" content=\"index, follow, max-snippet:-1, max-image-preview:large, max-video-preview:-1\" \/>\n<link rel=\"canonical\" href=\"https:\/\/www.swisspica.ch\/en\/products\/oliven\/natives-olivenoel-extra\/\" \/>\n<meta property=\"og:locale\" content=\"en_US\" \/>\n<meta property=\"og:type\" content=\"article\" \/>\n<meta property=\"og:title\" content=\"Natives Bio-Oliven\u00f6l extra\" \/>\n<meta property=\"og:description\" content=\"Reinstes natives Bio-Oliven\u00f6l extra aus Iran. Eine wahre Rarit\u00e4t!   0.5 Liter Flasche  Ausgeglichener Geschmack mit kr\u00e4ftig-bitterem Abgang  Intensiver gelb-gr\u00fcner Farbton  Z\u00f6gern Sie nicht, uns zu kontaktieren.\" \/>\n<meta property=\"og:url\" content=\"https:\/\/www.swisspica.ch\/en\/products\/oliven\/natives-olivenoel-extra\/\" \/>\n<meta property=\"og:site_name\" content=\"Swisspica\" \/>\n<meta property=\"article:publisher\" content=\"https:\/\/www.facebook.com\/swisspica.delights\" \/>\n<meta property=\"article:modified_time\" content=\"2026-02-14T10:46:09+00:00\" \/>\n<meta property=\"og:image\" content=\"https:\/\/www.swisspica.ch\/wp-content\/uploads\/2020\/04\/oliveoil-swisspica.jpg\" \/>\n\t<meta property=\"og:image:width\" content=\"600\" \/>\n\t<meta property=\"og:image:height\" content=\"600\" \/>\n\t<meta property=\"og:image:type\" content=\"image\/jpeg\" \/>\n<meta name=\"twitter:card\" content=\"summary_large_image\" \/>\n<meta name=\"twitter:label1\" content=\"Availability\" \/>\n\t<meta name=\"twitter:data1\" content=\"Out of stock\" \/>\n<script type=\"application\/ld+json\" class=\"yoast-schema-graph\">{\"@context\":\"https:\/\/schema.org\",\"@graph\":[{\"@type\":\"WebPage\",\"@id\":\"https:\/\/www.swisspica.ch\/products\/oliven\/natives-olivenoel-extra\/\",\"url\":\"https:\/\/www.swisspica.ch\/products\/oliven\/natives-olivenoel-extra\/\",\"name\":\"Natives Bio-Oliven\u00f6l extra\",\"isPartOf\":{\"@id\":\"https:\/\/www.swisspica.ch\/#website\"},\"primaryImageOfPage\":{\"@id\":\"https:\/\/www.swisspica.ch\/products\/oliven\/natives-olivenoel-extra\/#primaryimage\"},\"image\":{\"@id\":\"https:\/\/www.swisspica.ch\/products\/oliven\/natives-olivenoel-extra\/#primaryimage\"},\"thumbnailUrl\":\"https:\/\/www.swisspica.ch\/wp-content\/uploads\/2020\/04\/oliveoil-swisspica.jpg\",\"datePublished\":\"2020-04-18T05:41:08+00:00\",\"dateModified\":\"2026-02-14T10:46:09+00:00\",\"breadcrumb\":{\"@id\":\"https:\/\/www.swisspica.ch\/products\/oliven\/natives-olivenoel-extra\/#breadcrumb\"},\"inLanguage\":\"en-US\",\"potentialAction\":[{\"@type\":\"ReadAction\",\"target\":[\"https:\/\/www.swisspica.ch\/products\/oliven\/natives-olivenoel-extra\/\"]}]},{\"@type\":\"ImageObject\",\"inLanguage\":\"en-US\",\"@id\":\"https:\/\/www.swisspica.ch\/products\/oliven\/natives-olivenoel-extra\/#primaryimage\",\"url\":\"https:\/\/www.swisspica.ch\/wp-content\/uploads\/2020\/04\/oliveoil-swisspica.jpg\",\"contentUrl\":\"https:\/\/www.swisspica.ch\/wp-content\/uploads\/2020\/04\/oliveoil-swisspica.jpg\",\"width\":600,\"height\":600},{\"@type\":\"BreadcrumbList\",\"@id\":\"https:\/\/www.swisspica.ch\/products\/oliven\/natives-olivenoel-extra\/#breadcrumb\",\"itemListElement\":[{\"@type\":\"ListItem\",\"position\":1,\"name\":\"Startseite\",\"item\":\"https:\/\/www.swisspica.ch\/\"},{\"@type\":\"ListItem\",\"position\":2,\"name\":\"Shop\",\"item\":\"https:\/\/www.swisspica.ch\/products\/\"},{\"@type\":\"ListItem\",\"position\":3,\"name\":\"Bio-Oliven\",\"item\":\"https:\/\/www.swisspica.ch\/products-category\/oliven\/\"},{\"@type\":\"ListItem\",\"position\":4,\"name\":\"Natives Bio-Oliven\u00f6l extra\"}]},{\"@type\":\"WebSite\",\"@id\":\"https:\/\/www.swisspica.ch\/#website\",\"url\":\"https:\/\/www.swisspica.ch\/\",\"name\":\"Swisspica: Naturprodukte\",\"description\":\"Naturprodukte, Lebensstil, Deko &amp; Geschenkideen\",\"publisher\":{\"@id\":\"https:\/\/www.swisspica.ch\/#organization\"},\"alternateName\":\"Swisspica\",\"potentialAction\":[{\"@type\":\"SearchAction\",\"target\":{\"@type\":\"EntryPoint\",\"urlTemplate\":\"https:\/\/www.swisspica.ch\/?s={search_term_string}\"},\"query-input\":{\"@type\":\"PropertyValueSpecification\",\"valueRequired\":true,\"valueName\":\"search_term_string\"}}],\"inLanguage\":\"en-US\"},{\"@type\":\"Organization\",\"@id\":\"https:\/\/www.swisspica.ch\/#organization\",\"name\":\"Swisspica\",\"alternateName\":\"Swisspica: Naturprodukte, Lebensstil, Deko & Geschenkideen\",\"url\":\"https:\/\/www.swisspica.ch\/\",\"logo\":{\"@type\":\"ImageObject\",\"inLanguage\":\"en-US\",\"@id\":\"https:\/\/www.swisspica.ch\/#\/schema\/logo\/image\/\",\"url\":\"https:\/\/www.swisspica.ch\/wp-content\/uploads\/2020\/12\/swisspica-logo-gold-no-shadow.png\",\"contentUrl\":\"https:\/\/www.swisspica.ch\/wp-content\/uploads\/2020\/12\/swisspica-logo-gold-no-shadow.png\",\"width\":1166,\"height\":449,\"caption\":\"Swisspica\"},\"image\":{\"@id\":\"https:\/\/www.swisspica.ch\/#\/schema\/logo\/image\/\"},\"sameAs\":[\"https:\/\/www.facebook.com\/swisspica.delights\",\"https:\/\/www.instagram.com\/swisspica\/\"]}]}<\/script>\n<meta property=\"og:availability\" content=\"out of stock\" \/>\n<meta property=\"product:availability\" content=\"out of stock\" \/>\n<meta property=\"product:condition\" content=\"new\" \/>\n<!-- \/ Yoast SEO plugin. -->","yoast_head_json":{"title":"Organic Extra Virgin Olive Oil","robots":{"index":"index","follow":"follow","max-snippet":"max-snippet:-1","max-image-preview":"max-image-preview:large","max-video-preview":"max-video-preview:-1"},"canonical":"https:\/\/www.swisspica.ch\/en\/products\/oliven\/natives-olivenoel-extra\/","og_locale":"en_US","og_type":"article","og_title":"Natives Bio-Oliven\u00f6l extra","og_description":"Reinstes natives Bio-Oliven\u00f6l extra aus Iran. Eine wahre Rarit\u00e4t!   0.5 Liter Flasche  Ausgeglichener Geschmack mit kr\u00e4ftig-bitterem Abgang  Intensiver gelb-gr\u00fcner Farbton  Z\u00f6gern Sie nicht, uns zu kontaktieren.","og_url":"https:\/\/www.swisspica.ch\/en\/products\/oliven\/natives-olivenoel-extra\/","og_site_name":"Swisspica","article_publisher":"https:\/\/www.facebook.com\/swisspica.delights","article_modified_time":"2026-02-14T10:46:09+00:00","og_image":[{"width":600,"height":600,"url":"https:\/\/www.swisspica.ch\/wp-content\/uploads\/2020\/04\/oliveoil-swisspica.jpg","type":"image\/jpeg"}],"twitter_card":"summary_large_image","twitter_misc":{"Availability":"Out of stock"},"schema":{"@context":"https:\/\/schema.org","@graph":[{"@type":"WebPage","@id":"https:\/\/www.swisspica.ch\/products\/oliven\/natives-olivenoel-extra\/","url":"https:\/\/www.swisspica.ch\/products\/oliven\/natives-olivenoel-extra\/","name":"Organic Extra Virgin Olive Oil","isPartOf":{"@id":"https:\/\/www.swisspica.ch\/#website"},"primaryImageOfPage":{"@id":"https:\/\/www.swisspica.ch\/products\/oliven\/natives-olivenoel-extra\/#primaryimage"},"image":{"@id":"https:\/\/www.swisspica.ch\/products\/oliven\/natives-olivenoel-extra\/#primaryimage"},"thumbnailUrl":"https:\/\/www.swisspica.ch\/wp-content\/uploads\/2020\/04\/oliveoil-swisspica.jpg","datePublished":"2020-04-18T05:41:08+00:00","dateModified":"2026-02-14T10:46:09+00:00","breadcrumb":{"@id":"https:\/\/www.swisspica.ch\/products\/oliven\/natives-olivenoel-extra\/#breadcrumb"},"inLanguage":"en-US","potentialAction":[{"@type":"ReadAction","target":["https:\/\/www.swisspica.ch\/products\/oliven\/natives-olivenoel-extra\/"]}]},{"@type":"ImageObject","inLanguage":"en-US","@id":"https:\/\/www.swisspica.ch\/products\/oliven\/natives-olivenoel-extra\/#primaryimage","url":"https:\/\/www.swisspica.ch\/wp-content\/uploads\/2020\/04\/oliveoil-swisspica.jpg","contentUrl":"https:\/\/www.swisspica.ch\/wp-content\/uploads\/2020\/04\/oliveoil-swisspica.jpg","width":600,"height":600},{"@type":"BreadcrumbList","@id":"https:\/\/www.swisspica.ch\/products\/oliven\/natives-olivenoel-extra\/#breadcrumb","itemListElement":[{"@type":"ListItem","position":1,"name":"Startseite","item":"https:\/\/www.swisspica.ch\/"},{"@type":"ListItem","position":2,"name":"Shop","item":"https:\/\/www.swisspica.ch\/products\/"},{"@type":"ListItem","position":3,"name":"Bio-Oliven","item":"https:\/\/www.swisspica.ch\/products-category\/oliven\/"},{"@type":"ListItem","position":4,"name":"Natives Bio-Oliven\u00f6l extra"}]},{"@type":"WebSite","@id":"https:\/\/www.swisspica.ch\/#website","url":"https:\/\/www.swisspica.ch\/","name":"Swisspica: Naturprodukte","description":"Naturprodukte, Lebensstil, Deko &amp; Geschenkideen","publisher":{"@id":"https:\/\/www.swisspica.ch\/#organization"},"alternateName":"Swisspica","potentialAction":[{"@type":"SearchAction","target":{"@type":"EntryPoint","urlTemplate":"https:\/\/www.swisspica.ch\/?s={search_term_string}"},"query-input":{"@type":"PropertyValueSpecification","valueRequired":true,"valueName":"search_term_string"}}],"inLanguage":"en-US"},{"@type":"Organization","@id":"https:\/\/www.swisspica.ch\/#organization","name":"Swisspica","alternateName":"Swisspica: Naturprodukte, Lebensstil, Deko & Geschenkideen","url":"https:\/\/www.swisspica.ch\/","logo":{"@type":"ImageObject","inLanguage":"en-US","@id":"https:\/\/www.swisspica.ch\/#\/schema\/logo\/image\/","url":"https:\/\/www.swisspica.ch\/wp-content\/uploads\/2020\/12\/swisspica-logo-gold-no-shadow.png","contentUrl":"https:\/\/www.swisspica.ch\/wp-content\/uploads\/2020\/12\/swisspica-logo-gold-no-shadow.png","width":1166,"height":449,"caption":"Swisspica"},"image":{"@id":"https:\/\/www.swisspica.ch\/#\/schema\/logo\/image\/"},"sameAs":["https:\/\/www.facebook.com\/swisspica.delights","https:\/\/www.instagram.com\/swisspica\/"]}]},"og_availability":"out of stock","product_availability":"out of stock","product_condition":"new"},"_links":{"self":[{"href":"https:\/\/www.swisspica.ch\/en\/wp-json\/wp\/v2\/product\/3520","targetHints":{"allow":["GET"]}}],"collection":[{"href":"https:\/\/www.swisspica.ch\/en\/wp-json\/wp\/v2\/product"}],"about":[{"href":"https:\/\/www.swisspica.ch\/en\/wp-json\/wp\/v2\/types\/product"}],"replies":[{"embeddable":true,"href":"https:\/\/www.swisspica.ch\/en\/wp-json\/wp\/v2\/comments?post=3520"}],"version-history":[{"count":2,"href":"https:\/\/www.swisspica.ch\/en\/wp-json\/wp\/v2\/product\/3520\/revisions"}],"predecessor-version":[{"id":18849,"href":"https:\/\/www.swisspica.ch\/en\/wp-json\/wp\/v2\/product\/3520\/revisions\/18849"}],"wp:featuredmedia":[{"embeddable":true,"href":"https:\/\/www.swisspica.ch\/en\/wp-json\/wp\/v2\/media\/9945"}],"wp:attachment":[{"href":"https:\/\/www.swisspica.ch\/en\/wp-json\/wp\/v2\/media?parent=3520"}],"wp:term":[{"taxonomy":"product_brand","embeddable":true,"href":"https:\/\/www.swisspica.ch\/en\/wp-json\/wp\/v2\/product_brand?post=3520"},{"taxonomy":"product_cat","embeddable":true,"href":"https:\/\/www.swisspica.ch\/en\/wp-json\/wp\/v2\/product_cat?post=3520"},{"taxonomy":"product_tag","embeddable":true,"href":"https:\/\/www.swisspica.ch\/en\/wp-json\/wp\/v2\/product_tag?post=3520"}],"curies":[{"name":"wp","href":"https:\/\/api.w.org\/{rel}","templated":true}]}}