{"id":5311,"date":"2020-12-13T21:33:04","date_gmt":"2020-12-13T20:33:04","guid":{"rendered":"https:\/\/www.swisspica.ch\/?page_id=5311"},"modified":"2025-02-01T19:21:25","modified_gmt":"2025-02-01T18:21:25","slug":"terms-and-conditions","status":"publish","type":"page","link":"https:\/\/www.swisspica.ch\/fr\/terms-and-conditions\/","title":{"rendered":"Conditions g\u00e9n\u00e9rales"},"content":{"rendered":"<div data-elementor-type=\"wp-page\" data-elementor-id=\"5311\" class=\"elementor elementor-5311\" data-elementor-post-type=\"page\">\n\t\t\t\t<div class=\"wd-negative-gap elementor-element elementor-element-07a61c7 e-flex e-con-boxed e-con e-parent\" data-id=\"07a61c7\" data-element_type=\"container\" data-e-type=\"container\">\n\t\t\t\t\t<div class=\"e-con-inner\">\n\t\t\t\t<div class=\"elementor-element elementor-element-bd40b1d color-scheme-inherit text-left elementor-widget elementor-widget-text-editor\" data-id=\"bd40b1d\" data-element_type=\"widget\" data-e-type=\"widget\" data-widget_type=\"text-editor.default\">\n\t\t\t\t<div class=\"elementor-widget-container\">\n\t\t\t\t\t\t\t\t\t<h2 style=\"text-align: center;\"><strong>Conditions g\u00e9n\u00e9rales de la soci\u00e9t\u00e9 en nom collectif Swisspica<\/strong><\/h2><p>\u00a0<\/p><h4><strong>\u00a01. <\/strong><strong>Champ d\u2019application<\/strong><\/h4><p>Les conditions g\u00e9n\u00e9rales de la soci\u00e9t\u00e9 en nom collectif Swisspica (ci-apr\u00e8s \u00abCG\u00bb) s\u2019appliquent aux achats r\u00e9alis\u00e9s en Suisse chez la soci\u00e9t\u00e9 en nom collectif Swisspica.<\/p><p>Lors de l\u2019achat, la version actuelle des CG est applicable. Les modifications contractuelles, les accords s\u00e9par\u00e9s et les conditions du client forment partie int\u00e9grante du contrat  uniquement apr\u00e8s acceptation \u00e9crite par Swisspica.<\/p><h4><strong>2. Conclusion du contrat<\/strong><\/h4><p>En cas d\u2019achat ou de commande de produits sur le site web de Swisspica, par t\u00e9l\u00e9phone ou courriel, le client indique sa ferme intention de conclure un contrat en envoyant sa commande et accepte ainsi les pr\u00e9sentes CG.<\/p><p>Avec la confirmation de l\u2019ordre d\u2018achat par Swisspica, le contrat est conclu. La conclusion du contrat est soumise \u00e0 la condition de la disponibilit\u00e9 des produits command\u00e9s ou d\u2019une indication de prix erron\u00e9e. La marchandise reste la propri\u00e9t\u00e9 de Swisspica jusqu\u2019\u00e0 son paiement int\u00e9gral.<\/p><h4><strong>3. Indications du prix et paiement<\/strong><\/h4><p>Tous les prix indiqu\u00e9s sur le site web s\u2019entendent TVA et autres taxes l\u00e9gales incluses et peuvent \u00eatre modifi\u00e9s en tout temps. Sauf indication contraire, les frais de port y sont exclus.<\/p><p>Les prix pour les clients professionnels, qu'ils soient mentionn\u00e9s dans les listes de prix, les offres ou de mani\u00e8re verbale, s\u2019entendent TVA exclues et peuvent varier de ceux affich\u00e9s sur le site web de Swisspica.<\/p><p>Les modes de paiement sont indiqu\u00e9s sur le site web et incluent: paiement anticip\u00e9 ou avec carte de cr\u00e9dit, PayPal ou TWINT. La qualit\u00e9 sup\u00e9rieure de nos produits ne nous permet malheureseument pas de livrer sur facture. Tout paiement doit normalement \u00eatre effectu\u00e9 en franc suisse.<\/p><h4><strong><br \/>4. Droit de r\u00e9vocation<\/strong><\/h4><p>Une annulation de la commande peut \u00eatre effectu\u00e9e le jour de la commande par courriel, par t\u00e9l\u00e9phone ou en utilisant le formulaire de contact sur le site web de Swisspica.<\/p><p>Lorsque la commande est annul\u00e9e ult\u00e9rieurement, Swisspica se r\u00e9serve le droit de pr\u00e9lever des frais de service s\u2019\u00e9levant \u00e0 50 CHF et de mettre en facture des d\u00e9penses devenues inutiles jusqu\u2019\u00e0 un taux de 100% du prix de livraison (incluant le prix de vente et les frais de port).<\/p><h4><strong>5. Livraison et d\u00e9lai de livraison <\/strong><\/h4><p>Nous n\u2019effectuons en principe que des livraisons pour des clients ayant une adresse de livraison en Suisse ou dans la Principaut\u00e9 du Liechtenstein. Si l\u2019adresse du client se trouve en dehors de cette zone de livraison, Swisspica peut livrer sur demande.<\/p><p>Si le client ne r\u00e9ceptionne pas les produits command\u00e9s au jour communiqu\u00e9 par Swisspica ou le service de livraison, Swisspica peut annuler le contrat et facturer au client les frais de livraison et les pertes de valeur \u00e9ventuelles.<\/p><p>Swisspica livre normalement dans les 2 \u00e0 3 jours ouvrables. Des difficult\u00e9s de production ou de livraison peuvent entra\u00eener des retards de livraison chez Swisspica ou le service de livraison. Des informations au sujet de la disponibilit\u00e9 des produits et du d\u00e9lai de livraison sont ainsi sans garantie et peuvent \u00e0 tout moment changer.<\/p><h4><strong><br \/>6. R\u00e9clamations et responsabilit\u00e9 de Swisspica<\/strong><\/h4><p>Les d\u00e9fauts constat\u00e9s doivent \u00eatre signal\u00e9s \u00e0 Swisspica imm\u00e9diatement apr\u00e8s leur d\u00e9couverte. Les r\u00e9clamations sont uniquement applicables dans les 24 heures apr\u00e8s la r\u00e9ception des produits. Swisspica d\u00e9cline toute responsabilit\u00e9 pour les d\u00e9fauts que les clients ont constat\u00e9s ou auraient pu constater lors de la r\u00e9ception des produits et qu\u2019ils n\u2019ont pas imm\u00e9diatement signal\u00e9s \u00e0 Swisspica d\u00e8s leur d\u00e9couverte et dans le d\u00e9lai de r\u00e9clamation. Les clients sont d\u00e9chus de leur droit au remboursement s\u2019ils ne conservent pas les produits selon les indications de Swisspica ou les manipulent de mani\u00e8re inappropri\u00e9e.<\/p><p>En cas de d\u00e9faut imputable \u00e0 Swisspica, Swisspica est en droit d\u2019opter pour le remplacement du produit ou le remboursement de son prix d\u2019achat initial. Si Swisspica d\u00e9cide de remplacer le produit d\u00e9fectueux, le client ne peut pr\u00e9tendre ni \u00e0 la r\u00e9dhibition du contrat, ni \u00e0 une r\u00e9duction du prix d\u2019achat, ni m\u00eame \u00e0 des dommages-int\u00e9r\u00eats.<\/p><p>La responsabilit\u00e9 de Swisspica se limite aux dommages indirects et directs caus\u00e9s intentionnellement ou par suite d\u2019une n\u00e9gligence grave, quelle que soit la base des revendications. Swisspica d\u00e9cline toute responsabilit\u00e9 pour des informations incorrectes ou omisses par erreur sur le site web de Swisspica.<\/p><h4><strong><br \/>6-1. Responsabilit\u00e9 en cas de d\u00e9lais de livraison<\/strong><\/h4><p>Les clients sont inform\u00e9s de tout retard de livraison cons\u00e9quent. Les retards de livraison ne donnent pas droit au client de r\u00e9silier le contrat ou de demander le remboursement total ou partiel du prix d\u2019achat.<\/p><p>La responsabilit\u00e9 de Swisspica se limite \u00e0 des retards de livraison qui peuvent lui \u00eatre imput\u00e9s et qui ont provoqu\u00e9 des dommages indirects et directs caus\u00e9s intentionnellement ou par suite d\u2019une n\u00e9gligence grave, quelle que soit la base des revendications, sans toutefois exc\u00e9der le montant factur\u00e9 pour le produit concern\u00e9. En cas de retard ou de d\u00e9faut de livraison dont Swisspica n'est pas responsable, la responsabilit\u00e9 est enti\u00e8rement exclue.<\/p><h4><strong><br \/>7. Remarques g\u00e9n\u00e9rales au sujet de nos produits<\/strong><\/h4><p>Nos produits sont des produits naturels sans additifs chimiques. Chaque produit a ses propri\u00e9t\u00e9s comme par exemple des couleurs, des saveurs ou des dimensions qui lui sont propres et qui le rendent unique. Des diff\u00e9rences naturelles ne constituent pas un d\u00e9faut et ne peuvent faire l\u2019objet d\u2019une r\u00e9clamation.<\/p><h4><strong><br \/>8. Protection des donn\u00e9es<\/strong><\/h4><p>La version la plus r\u00e9cente de la d\u00e9claration de confidentialit\u00e9 de Swisspica s'applique au stockage et au traitement des donn\u00e9es des clients. Elle peut \u00eatre consult\u00e9e sur notre site web ou envoy\u00e9e sur demande.<\/p><h4><strong><br \/>9. Service aux clients<\/strong><\/h4><p>N\u2019h\u00e9sitez pas \u00e0 nous contacter en cas de questions et de r\u00e9clamations concernant nos produits et leur livraison:<\/p><h5><strong>Swisspica Kollektivgesellschaft<\/strong><\/h5><p>c\/o Romain Hintermann<\/p><p>Zwickystrasse 61, 8600 D\u00fcbendorf, Schweiz.<\/p><p>E-Mail: kontakt@swisspica.ch<\/p><p class=\"translation-block\">Formulaire <a href=\"\/fr\/contact-us\/\" target=\"_self\">de contact<\/a> sur notre site web<\/p><p>T\u00e9l\u00e9phone: +41 76 579 27 55<\/p><h4><strong><br \/>10. Droit applicable et for juridique<\/strong><\/h4><p>Seul le droit suisse est applicable. Le for juridique est le tribunal de district de Uster.<\/p>\t\t\t\t\t\t\t\t<\/div>\n\t\t\t\t<\/div>\n\t\t\t\t\t<\/div>\n\t\t\t\t<\/div>\n\t\t\t\t<\/div>","protected":false},"excerpt":{"rendered":"<p>Allgemeine Gesch\u00e4ftsbedingungen der Swisspica Kollektivgesellschaft \u00a0 \u00a01. Geltungsbereich Die allgemeinen Gesch\u00e4ftsbedingungen der Swisspica Kollektivgesellschaft (nachfolgend &#171;AGB&#187; genannt) gelten beim Einkauf<\/p>","protected":false},"author":1,"featured_media":0,"parent":0,"menu_order":0,"comment_status":"closed","ping_status":"closed","template":"","meta":{"footnotes":""},"class_list":["post-5311","page","type-page","status-publish","hentry"],"yoast_head":"<!-- This site is optimized with the Yoast SEO plugin v27.1.1 - https:\/\/yoast.com\/product\/yoast-seo-wordpress\/ -->\n<title>Allgemeine Gesch\u00e4ftsbedingungen<\/title>\n<meta name=\"robots\" content=\"index, follow, max-snippet:-1, max-image-preview:large, max-video-preview:-1\" \/>\n<link rel=\"canonical\" href=\"https:\/\/www.swisspica.ch\/fr\/terms-and-conditions\/\" \/>\n<meta property=\"og:locale\" content=\"fr_FR\" \/>\n<meta property=\"og:type\" content=\"article\" \/>\n<meta property=\"og:title\" content=\"Allgemeine Gesch\u00e4ftsbedingungen\" \/>\n<meta property=\"og:description\" content=\"Allgemeine Gesch\u00e4ftsbedingungen der Swisspica Kollektivgesellschaft \u00a0 \u00a01. Geltungsbereich Die allgemeinen Gesch\u00e4ftsbedingungen der Swisspica Kollektivgesellschaft (nachfolgend &#171;AGB&#187; genannt) gelten beim Einkauf\" \/>\n<meta property=\"og:url\" content=\"https:\/\/www.swisspica.ch\/fr\/terms-and-conditions\/\" \/>\n<meta property=\"og:site_name\" content=\"Swisspica\" \/>\n<meta property=\"article:publisher\" content=\"https:\/\/www.facebook.com\/swisspica.delights\" \/>\n<meta property=\"article:modified_time\" content=\"2025-02-01T18:21:25+00:00\" \/>\n<meta name=\"twitter:card\" content=\"summary_large_image\" \/>\n<meta name=\"twitter:label1\" content=\"Dur\u00e9e de lecture estim\u00e9e\" \/>\n\t<meta name=\"twitter:data1\" content=\"5 minutes\" \/>\n<script type=\"application\/ld+json\" class=\"yoast-schema-graph\">{\"@context\":\"https:\/\/schema.org\",\"@graph\":[{\"@type\":\"WebPage\",\"@id\":\"https:\/\/www.swisspica.ch\/terms-and-conditions\/\",\"url\":\"https:\/\/www.swisspica.ch\/terms-and-conditions\/\",\"name\":\"Allgemeine Gesch\u00e4ftsbedingungen\",\"isPartOf\":{\"@id\":\"https:\/\/www.swisspica.ch\/#website\"},\"datePublished\":\"2020-12-13T20:33:04+00:00\",\"dateModified\":\"2025-02-01T18:21:25+00:00\",\"breadcrumb\":{\"@id\":\"https:\/\/www.swisspica.ch\/terms-and-conditions\/#breadcrumb\"},\"inLanguage\":\"fr-FR\",\"potentialAction\":[{\"@type\":\"ReadAction\",\"target\":[\"https:\/\/www.swisspica.ch\/terms-and-conditions\/\"]}]},{\"@type\":\"BreadcrumbList\",\"@id\":\"https:\/\/www.swisspica.ch\/terms-and-conditions\/#breadcrumb\",\"itemListElement\":[{\"@type\":\"ListItem\",\"position\":1,\"name\":\"Startseite\",\"item\":\"https:\/\/www.swisspica.ch\/\"},{\"@type\":\"ListItem\",\"position\":2,\"name\":\"Allgemeine Gesch\u00e4ftsbedingungen\"}]},{\"@type\":\"WebSite\",\"@id\":\"https:\/\/www.swisspica.ch\/#website\",\"url\":\"https:\/\/www.swisspica.ch\/\",\"name\":\"Swisspica: Naturprodukte\",\"description\":\"Naturprodukte, Lebensstil, Deko &amp; Geschenkideen\",\"publisher\":{\"@id\":\"https:\/\/www.swisspica.ch\/#organization\"},\"alternateName\":\"Swisspica\",\"potentialAction\":[{\"@type\":\"SearchAction\",\"target\":{\"@type\":\"EntryPoint\",\"urlTemplate\":\"https:\/\/www.swisspica.ch\/?s={search_term_string}\"},\"query-input\":{\"@type\":\"PropertyValueSpecification\",\"valueRequired\":true,\"valueName\":\"search_term_string\"}}],\"inLanguage\":\"fr-FR\"},{\"@type\":\"Organization\",\"@id\":\"https:\/\/www.swisspica.ch\/#organization\",\"name\":\"Swisspica\",\"alternateName\":\"Swisspica: Naturprodukte, Lebensstil, Deko & Geschenkideen\",\"url\":\"https:\/\/www.swisspica.ch\/\",\"logo\":{\"@type\":\"ImageObject\",\"inLanguage\":\"fr-FR\",\"@id\":\"https:\/\/www.swisspica.ch\/#\/schema\/logo\/image\/\",\"url\":\"https:\/\/www.swisspica.ch\/wp-content\/uploads\/2020\/12\/swisspica-logo-gold-no-shadow.png\",\"contentUrl\":\"https:\/\/www.swisspica.ch\/wp-content\/uploads\/2020\/12\/swisspica-logo-gold-no-shadow.png\",\"width\":1166,\"height\":449,\"caption\":\"Swisspica\"},\"image\":{\"@id\":\"https:\/\/www.swisspica.ch\/#\/schema\/logo\/image\/\"},\"sameAs\":[\"https:\/\/www.facebook.com\/swisspica.delights\",\"https:\/\/www.instagram.com\/swisspica\/\"]}]}<\/script>\n<!-- \/ Yoast SEO plugin. -->","yoast_head_json":{"title":"Conditions g\u00e9n\u00e9rales","robots":{"index":"index","follow":"follow","max-snippet":"max-snippet:-1","max-image-preview":"max-image-preview:large","max-video-preview":"max-video-preview:-1"},"canonical":"https:\/\/www.swisspica.ch\/fr\/terms-and-conditions\/","og_locale":"fr_FR","og_type":"article","og_title":"Allgemeine Gesch\u00e4ftsbedingungen","og_description":"Allgemeine Gesch\u00e4ftsbedingungen der Swisspica Kollektivgesellschaft \u00a0 \u00a01. Geltungsbereich Die allgemeinen Gesch\u00e4ftsbedingungen der Swisspica Kollektivgesellschaft (nachfolgend &#171;AGB&#187; genannt) gelten beim Einkauf","og_url":"https:\/\/www.swisspica.ch\/fr\/terms-and-conditions\/","og_site_name":"Swisspica","article_publisher":"https:\/\/www.facebook.com\/swisspica.delights","article_modified_time":"2025-02-01T18:21:25+00:00","twitter_card":"summary_large_image","twitter_misc":{"Dur\u00e9e de lecture estim\u00e9e":"5 minutes"},"schema":{"@context":"https:\/\/schema.org","@graph":[{"@type":"WebPage","@id":"https:\/\/www.swisspica.ch\/terms-and-conditions\/","url":"https:\/\/www.swisspica.ch\/terms-and-conditions\/","name":"Conditions g\u00e9n\u00e9rales","isPartOf":{"@id":"https:\/\/www.swisspica.ch\/#website"},"datePublished":"2020-12-13T20:33:04+00:00","dateModified":"2025-02-01T18:21:25+00:00","breadcrumb":{"@id":"https:\/\/www.swisspica.ch\/terms-and-conditions\/#breadcrumb"},"inLanguage":"fr-FR","potentialAction":[{"@type":"ReadAction","target":["https:\/\/www.swisspica.ch\/terms-and-conditions\/"]}]},{"@type":"BreadcrumbList","@id":"https:\/\/www.swisspica.ch\/terms-and-conditions\/#breadcrumb","itemListElement":[{"@type":"ListItem","position":1,"name":"Startseite","item":"https:\/\/www.swisspica.ch\/"},{"@type":"ListItem","position":2,"name":"Allgemeine Gesch\u00e4ftsbedingungen"}]},{"@type":"WebSite","@id":"https:\/\/www.swisspica.ch\/#website","url":"https:\/\/www.swisspica.ch\/","name":"Swisspica: Naturprodukte","description":"Naturprodukte, Lebensstil, Deko &amp; Geschenkideen","publisher":{"@id":"https:\/\/www.swisspica.ch\/#organization"},"alternateName":"Swisspica","potentialAction":[{"@type":"SearchAction","target":{"@type":"EntryPoint","urlTemplate":"https:\/\/www.swisspica.ch\/?s={search_term_string}"},"query-input":{"@type":"PropertyValueSpecification","valueRequired":true,"valueName":"search_term_string"}}],"inLanguage":"fr-FR"},{"@type":"Organization","@id":"https:\/\/www.swisspica.ch\/#organization","name":"Swisspica","alternateName":"Swisspica: Naturprodukte, Lebensstil, Deko & Geschenkideen","url":"https:\/\/www.swisspica.ch\/","logo":{"@type":"ImageObject","inLanguage":"fr-FR","@id":"https:\/\/www.swisspica.ch\/#\/schema\/logo\/image\/","url":"https:\/\/www.swisspica.ch\/wp-content\/uploads\/2020\/12\/swisspica-logo-gold-no-shadow.png","contentUrl":"https:\/\/www.swisspica.ch\/wp-content\/uploads\/2020\/12\/swisspica-logo-gold-no-shadow.png","width":1166,"height":449,"caption":"Swisspica"},"image":{"@id":"https:\/\/www.swisspica.ch\/#\/schema\/logo\/image\/"},"sameAs":["https:\/\/www.facebook.com\/swisspica.delights","https:\/\/www.instagram.com\/swisspica\/"]}]}},"_links":{"self":[{"href":"https:\/\/www.swisspica.ch\/fr\/wp-json\/wp\/v2\/pages\/5311","targetHints":{"allow":["GET"]}}],"collection":[{"href":"https:\/\/www.swisspica.ch\/fr\/wp-json\/wp\/v2\/pages"}],"about":[{"href":"https:\/\/www.swisspica.ch\/fr\/wp-json\/wp\/v2\/types\/page"}],"author":[{"embeddable":true,"href":"https:\/\/www.swisspica.ch\/fr\/wp-json\/wp\/v2\/users\/1"}],"replies":[{"embeddable":true,"href":"https:\/\/www.swisspica.ch\/fr\/wp-json\/wp\/v2\/comments?post=5311"}],"version-history":[{"count":0,"href":"https:\/\/www.swisspica.ch\/fr\/wp-json\/wp\/v2\/pages\/5311\/revisions"}],"wp:attachment":[{"href":"https:\/\/www.swisspica.ch\/fr\/wp-json\/wp\/v2\/media?parent=5311"}],"curies":[{"name":"wp","href":"https:\/\/api.w.org\/{rel}","templated":true}]}}