{"id":7,"date":"2010-08-13T17:00:54","date_gmt":"2010-08-13T15:00:54","guid":{"rendered":"http:\/\/localhost:8888\/pure\/?page_id=2"},"modified":"2025-10-26T09:32:59","modified_gmt":"2025-10-26T08:32:59","slug":"about-us","status":"publish","type":"page","link":"https:\/\/www.swisspica.ch\/fr\/about-us\/","title":{"rendered":"Qui sommes-nous"},"content":{"rendered":"<div data-elementor-type=\"wp-post\" data-elementor-id=\"7\" class=\"elementor elementor-7\" data-elementor-post-type=\"page\">\n\t\t\t\t\t\t<section class=\"wd-negative-gap elementor-section elementor-top-section elementor-element elementor-element-0d29d18 elementor-section-boxed elementor-section-height-default elementor-section-height-default\" data-id=\"0d29d18\" data-element_type=\"section\" data-e-type=\"section\">\n\t\t\t\t\t\t<div class=\"elementor-container elementor-column-gap-default\">\n\t\t\t\t\t<div class=\"elementor-column elementor-col-100 elementor-top-column elementor-element elementor-element-6b241a4\" data-id=\"6b241a4\" data-element_type=\"column\" data-e-type=\"column\">\n\t\t\t<div class=\"elementor-widget-wrap elementor-element-populated\">\n\t\t\t\t\t\t<section class=\"wd-negative-gap elementor-section elementor-inner-section elementor-element elementor-element-59610c7 elementor-reverse-mobile elementor-section-boxed elementor-section-height-default elementor-section-height-default\" data-id=\"59610c7\" data-element_type=\"section\" data-e-type=\"section\">\n\t\t\t\t\t\t<div class=\"elementor-container elementor-column-gap-default\">\n\t\t\t\t\t<div class=\"elementor-column elementor-col-50 elementor-inner-column elementor-element elementor-element-8b7bf1b\" data-id=\"8b7bf1b\" data-element_type=\"column\" data-e-type=\"column\">\n\t\t\t<div class=\"elementor-widget-wrap elementor-element-populated\">\n\t\t\t\t\t\t<div class=\"elementor-element elementor-element-f1e0eb5 elementor-widget elementor-widget-heading\" data-id=\"f1e0eb5\" data-element_type=\"widget\" data-e-type=\"widget\" data-widget_type=\"heading.default\">\n\t\t\t\t<div class=\"elementor-widget-container\">\n\t\t\t\t\t<h2 class=\"elementor-heading-title elementor-size-xl\">Qui sommes-nous<\/h2>\t\t\t\t<\/div>\n\t\t\t\t<\/div>\n\t\t\t\t<div class=\"elementor-element elementor-element-3579dbe color-scheme-inherit text-left elementor-widget elementor-widget-text-editor\" data-id=\"3579dbe\" data-element_type=\"widget\" data-e-type=\"widget\" data-widget_type=\"text-editor.default\">\n\t\t\t\t<div class=\"elementor-widget-container\">\n\t\t\t\t\t\t\t\t\t<p class=\"MsoNormal\" style=\"text-align: left;\"><span lang=\"DE\">Nous sommes une petite entreprise familiale, sise \u00e0 Zurich et sp\u00e9cialis\u00e9e dans les produits naturels. Nous privil\u00e9gions des crit\u00e8res diff\u00e9rents - pour notre entreprise et pour vous: excellente qualit\u00e9, productions bio certifi\u00e9es, protection de l'environnement et des esp\u00e8ces, promotion d'id\u00e9es novatrices et conseil personnalis\u00e9 \u00e0 la client\u00e8le. A la faveur de contacts directs et familiaux, nous sommes en mesure de vous proposer tous nos produits en excellente qualit\u00e9 et \u00e0 la fra\u00eecheur garantie.<\/span><\/p><p>Le premier produit de notre entreprise encore dans son lancement fut un excellent safran iranien. A ce propos, le nom de notre entreprise Swisspica a un lien direct avec le safran, \"spica\" en \u00e9tant la d\u00e9nomination latine. Dans le cadre de la recherche de personnes int\u00e9ress\u00e9es, nous avons rapidement r\u00e9alis\u00e9 qu'il existait une grande demande en une autre d\u00e9licatesse de l'Iran. Il fallut peu de temps pour que nous travaillions d'arrache-pied \u00e0 ce que ce produit fasse partie de notre assortiment: le caviar iranien. <span style=\"text-decoration: underline;\"><a href=\"https:\/\/www.swisspica.ch\/fr\/blog\/wer-sind-wir\/\">En savoir plus...<\/a><\/span><\/p>\t\t\t\t\t\t\t\t<\/div>\n\t\t\t\t<\/div>\n\t\t\t\t\t<\/div>\n\t\t<\/div>\n\t\t\t\t<div class=\"elementor-column elementor-col-50 elementor-inner-column elementor-element elementor-element-3f5ca3d\" data-id=\"3f5ca3d\" data-element_type=\"column\" data-e-type=\"column\">\n\t\t\t<div class=\"elementor-widget-wrap elementor-element-populated\">\n\t\t\t\t\t\t<div class=\"elementor-element elementor-element-e4d0def elementor-widget elementor-widget-image\" data-id=\"e4d0def\" data-element_type=\"widget\" data-e-type=\"widget\" data-widget_type=\"image.default\">\n\t\t\t\t<div class=\"elementor-widget-container\">\n\t\t\t\t\t\t\t\t\t\t\t\t\t\t\t<img decoding=\"async\" src=\"https:\/\/www.swisspica.ch\/wp-content\/uploads\/elementor\/thumbs\/uberuns-caviar-swisspica-imperiumcaviar2-r1k3bmikruzgo3n6mn3mwbpu3u750bpzce0ippg6e0.jpg\" title=\"uberuns-caviar-swisspica-imperiumcaviar2\" alt=\"uberuns-caviar-swisspica-imperiumcaviar2\" loading=\"lazy\" \/>\t\t\t\t\t\t\t\t\t\t\t\t\t\t\t<\/div>\n\t\t\t\t<\/div>\n\t\t\t\t\t<\/div>\n\t\t<\/div>\n\t\t\t\t\t<\/div>\n\t\t<\/section>\n\t\t\t\t\t<\/div>\n\t\t<\/div>\n\t\t\t\t\t<\/div>\n\t\t<\/section>\n\t\t\t\t<section class=\"wd-negative-gap elementor-section elementor-top-section elementor-element elementor-element-3f2c18f elementor-section-boxed elementor-section-height-default elementor-section-height-default\" data-id=\"3f2c18f\" data-element_type=\"section\" data-e-type=\"section\">\n\t\t\t\t\t\t<div class=\"elementor-container elementor-column-gap-default\">\n\t\t\t\t\t<div class=\"elementor-column elementor-col-100 elementor-top-column elementor-element elementor-element-1d85d00\" data-id=\"1d85d00\" data-element_type=\"column\" data-e-type=\"column\">\n\t\t\t<div class=\"elementor-widget-wrap elementor-element-populated\">\n\t\t\t\t\t\t<section class=\"wd-negative-gap elementor-section elementor-inner-section elementor-element elementor-element-240560f elementor-section-boxed elementor-section-height-default elementor-section-height-default\" data-id=\"240560f\" data-element_type=\"section\" data-e-type=\"section\">\n\t\t\t\t\t\t<div class=\"elementor-container elementor-column-gap-default\">\n\t\t\t\t\t<div class=\"elementor-column elementor-col-50 elementor-inner-column elementor-element elementor-element-6efa208\" data-id=\"6efa208\" data-element_type=\"column\" data-e-type=\"column\">\n\t\t\t<div class=\"elementor-widget-wrap elementor-element-populated\">\n\t\t\t\t\t\t<div class=\"elementor-element elementor-element-ce51dfb elementor-widget elementor-widget-image\" data-id=\"ce51dfb\" data-element_type=\"widget\" data-e-type=\"widget\" data-widget_type=\"image.default\">\n\t\t\t\t<div class=\"elementor-widget-container\">\n\t\t\t\t\t\t\t\t\t\t\t\t\t\t\t<img decoding=\"async\" src=\"https:\/\/www.swisspica.ch\/wp-content\/uploads\/elementor\/thumbs\/caviar-is-served-r1k3bngeyp0qzplth5i9gthap82i80tpoio06zes7s.jpg\" title=\"caviar-is-served\" alt=\"caviar-is-served\" loading=\"lazy\" \/>\t\t\t\t\t\t\t\t\t\t\t\t\t\t\t<\/div>\n\t\t\t\t<\/div>\n\t\t\t\t\t<\/div>\n\t\t<\/div>\n\t\t\t\t<div class=\"elementor-column elementor-col-50 elementor-inner-column elementor-element elementor-element-63e4096\" data-id=\"63e4096\" data-element_type=\"column\" data-e-type=\"column\">\n\t\t\t<div class=\"elementor-widget-wrap elementor-element-populated\">\n\t\t\t\t\t\t<div class=\"elementor-element elementor-element-659e62b elementor-widget elementor-widget-heading\" data-id=\"659e62b\" data-element_type=\"widget\" data-e-type=\"widget\" data-widget_type=\"heading.default\">\n\t\t\t\t<div class=\"elementor-widget-container\">\n\t\t\t\t\t<h2 class=\"elementor-heading-title elementor-size-xl\">Responsabilit\u00e9 d\u2018entreprise<\/h2>\t\t\t\t<\/div>\n\t\t\t\t<\/div>\n\t\t\t\t<div class=\"elementor-element elementor-element-a633f03 color-scheme-inherit text-left elementor-widget elementor-widget-text-editor\" data-id=\"a633f03\" data-element_type=\"widget\" data-e-type=\"widget\" data-widget_type=\"text-editor.default\">\n\t\t\t\t<div class=\"elementor-widget-container\">\n\t\t\t\t\t\t\t\t\t<p>Nous nous soucions de l'environnement, de l'\u00e9thique et de la justice sociale. Nous contr\u00f4lons et garantissons tous les processus ayant trait \u00e0 la production, l'importation et la vente. Nous restons \u00e0 l'\u00e9coute de nos clients, de leurs souhaits personnels et leurs attentes.<\/p><p class=\"translation-block\">Nous soutenons enti\u00e8rement la protection de l'environnement et des esp\u00e8ces et nous int\u00e9grons le plus de produits bio possibles dans notre assortiment. Le respect et l'observance des normes et standards internationaux sont pour nous une \u00e9vidence. Les certifications de nos produits sont l'expression de cette pr\u00e9occupation. Nous nous engageons \u00e9galement pour une application rigoureuse de la <span style=\"text-decoration: underline\"><strong><em><a href=\"https:\/\/www.blv.admin.ch\/blv\/de\/home\/das-blv\/kooperationen\/internationale-institutionen\/cites.html\" target=\"_self\">Convention sur le commerce international des esp\u00e8ces de faune et de flore sauvages menac\u00e9es d'extinction<\/a> <\/em><\/strong><\/span>(CITES).<\/p>\t\t\t\t\t\t\t\t<\/div>\n\t\t\t\t<\/div>\n\t\t\t\t\t<\/div>\n\t\t<\/div>\n\t\t\t\t\t<\/div>\n\t\t<\/section>\n\t\t\t\t\t<\/div>\n\t\t<\/div>\n\t\t\t\t\t<\/div>\n\t\t<\/section>\n\t\t\t\t<\/div>","protected":false},"excerpt":{"rendered":"<p>Wer sind wir Wir sind ein famili\u00e4res Kleinunternehmen aus Z\u00fcrich, spezialisiert auf Naturprodukte. Wir setzen andere Akzente \u2013 f\u00fcr unsere<\/p>","protected":false},"author":1,"featured_media":0,"parent":0,"menu_order":0,"comment_status":"closed","ping_status":"closed","template":"","meta":{"footnotes":""},"class_list":["post-7","page","type-page","status-publish","hentry"],"yoast_head":"<!-- This site is optimized with the Yoast SEO plugin v27.1.1 - https:\/\/yoast.com\/product\/yoast-seo-wordpress\/ -->\n<title>\u00dcber uns<\/title>\n<meta name=\"robots\" content=\"index, follow, max-snippet:-1, max-image-preview:large, max-video-preview:-1\" \/>\n<link rel=\"canonical\" href=\"https:\/\/www.swisspica.ch\/fr\/about-us\/\" \/>\n<meta property=\"og:locale\" content=\"fr_FR\" \/>\n<meta property=\"og:type\" content=\"article\" \/>\n<meta property=\"og:title\" content=\"\u00dcber uns\" \/>\n<meta property=\"og:description\" content=\"Wer sind wir Wir sind ein famili\u00e4res Kleinunternehmen aus Z\u00fcrich, spezialisiert auf Naturprodukte. Wir setzen andere Akzente \u2013 f\u00fcr unsere\" \/>\n<meta property=\"og:url\" content=\"https:\/\/www.swisspica.ch\/fr\/about-us\/\" \/>\n<meta property=\"og:site_name\" content=\"Swisspica\" \/>\n<meta property=\"article:publisher\" content=\"https:\/\/www.facebook.com\/swisspica.delights\" \/>\n<meta property=\"article:modified_time\" content=\"2025-10-26T08:32:59+00:00\" \/>\n<meta property=\"og:image\" content=\"https:\/\/www.swisspica.ch\/wp-content\/uploads\/elementor\/thumbs\/uberuns-caviar-swisspica-imperiumcaviar2-r1k3bmikruzgo3n6mn3mwbpu3u750bpzce0ippg6e0.jpg\" \/>\n<meta name=\"twitter:card\" content=\"summary_large_image\" \/>\n<meta name=\"twitter:label1\" content=\"Dur\u00e9e de lecture estim\u00e9e\" \/>\n\t<meta name=\"twitter:data1\" content=\"2 minutes\" \/>\n<script type=\"application\/ld+json\" class=\"yoast-schema-graph\">{\"@context\":\"https:\/\/schema.org\",\"@graph\":[{\"@type\":\"WebPage\",\"@id\":\"https:\/\/www.swisspica.ch\/about-us\/\",\"url\":\"https:\/\/www.swisspica.ch\/about-us\/\",\"name\":\"\u00dcber uns\",\"isPartOf\":{\"@id\":\"https:\/\/www.swisspica.ch\/#website\"},\"primaryImageOfPage\":{\"@id\":\"https:\/\/www.swisspica.ch\/about-us\/#primaryimage\"},\"image\":{\"@id\":\"https:\/\/www.swisspica.ch\/about-us\/#primaryimage\"},\"thumbnailUrl\":\"https:\/\/www.swisspica.ch\/wp-content\/uploads\/elementor\/thumbs\/uberuns-caviar-swisspica-imperiumcaviar2-r1k3bmikruzgo3n6mn3mwbpu3u750bpzce0ippg6e0.jpg\",\"datePublished\":\"2010-08-13T15:00:54+00:00\",\"dateModified\":\"2025-10-26T08:32:59+00:00\",\"breadcrumb\":{\"@id\":\"https:\/\/www.swisspica.ch\/about-us\/#breadcrumb\"},\"inLanguage\":\"fr-FR\",\"potentialAction\":[{\"@type\":\"ReadAction\",\"target\":[\"https:\/\/www.swisspica.ch\/about-us\/\"]}]},{\"@type\":\"ImageObject\",\"inLanguage\":\"fr-FR\",\"@id\":\"https:\/\/www.swisspica.ch\/about-us\/#primaryimage\",\"url\":\"https:\/\/www.swisspica.ch\/wp-content\/uploads\/elementor\/thumbs\/uberuns-caviar-swisspica-imperiumcaviar2-r1k3bmikruzgo3n6mn3mwbpu3u750bpzce0ippg6e0.jpg\",\"contentUrl\":\"https:\/\/www.swisspica.ch\/wp-content\/uploads\/elementor\/thumbs\/uberuns-caviar-swisspica-imperiumcaviar2-r1k3bmikruzgo3n6mn3mwbpu3u750bpzce0ippg6e0.jpg\"},{\"@type\":\"BreadcrumbList\",\"@id\":\"https:\/\/www.swisspica.ch\/about-us\/#breadcrumb\",\"itemListElement\":[{\"@type\":\"ListItem\",\"position\":1,\"name\":\"Startseite\",\"item\":\"https:\/\/www.swisspica.ch\/\"},{\"@type\":\"ListItem\",\"position\":2,\"name\":\"\u00dcber uns\"}]},{\"@type\":\"WebSite\",\"@id\":\"https:\/\/www.swisspica.ch\/#website\",\"url\":\"https:\/\/www.swisspica.ch\/\",\"name\":\"Swisspica: Naturprodukte\",\"description\":\"Naturprodukte, Lebensstil, Deko &amp; Geschenkideen\",\"publisher\":{\"@id\":\"https:\/\/www.swisspica.ch\/#organization\"},\"alternateName\":\"Swisspica\",\"potentialAction\":[{\"@type\":\"SearchAction\",\"target\":{\"@type\":\"EntryPoint\",\"urlTemplate\":\"https:\/\/www.swisspica.ch\/?s={search_term_string}\"},\"query-input\":{\"@type\":\"PropertyValueSpecification\",\"valueRequired\":true,\"valueName\":\"search_term_string\"}}],\"inLanguage\":\"fr-FR\"},{\"@type\":\"Organization\",\"@id\":\"https:\/\/www.swisspica.ch\/#organization\",\"name\":\"Swisspica\",\"alternateName\":\"Swisspica: Naturprodukte, Lebensstil, Deko & Geschenkideen\",\"url\":\"https:\/\/www.swisspica.ch\/\",\"logo\":{\"@type\":\"ImageObject\",\"inLanguage\":\"fr-FR\",\"@id\":\"https:\/\/www.swisspica.ch\/#\/schema\/logo\/image\/\",\"url\":\"https:\/\/www.swisspica.ch\/wp-content\/uploads\/2020\/12\/swisspica-logo-gold-no-shadow.png\",\"contentUrl\":\"https:\/\/www.swisspica.ch\/wp-content\/uploads\/2020\/12\/swisspica-logo-gold-no-shadow.png\",\"width\":1166,\"height\":449,\"caption\":\"Swisspica\"},\"image\":{\"@id\":\"https:\/\/www.swisspica.ch\/#\/schema\/logo\/image\/\"},\"sameAs\":[\"https:\/\/www.facebook.com\/swisspica.delights\",\"https:\/\/www.instagram.com\/swisspica\/\"]}]}<\/script>\n<!-- \/ Yoast SEO plugin. -->","yoast_head_json":{"title":"Qui sommes-nous","robots":{"index":"index","follow":"follow","max-snippet":"max-snippet:-1","max-image-preview":"max-image-preview:large","max-video-preview":"max-video-preview:-1"},"canonical":"https:\/\/www.swisspica.ch\/fr\/about-us\/","og_locale":"fr_FR","og_type":"article","og_title":"\u00dcber uns","og_description":"Wer sind wir Wir sind ein famili\u00e4res Kleinunternehmen aus Z\u00fcrich, spezialisiert auf Naturprodukte. Wir setzen andere Akzente \u2013 f\u00fcr unsere","og_url":"https:\/\/www.swisspica.ch\/fr\/about-us\/","og_site_name":"Swisspica","article_publisher":"https:\/\/www.facebook.com\/swisspica.delights","article_modified_time":"2025-10-26T08:32:59+00:00","og_image":[{"url":"https:\/\/www.swisspica.ch\/wp-content\/uploads\/elementor\/thumbs\/uberuns-caviar-swisspica-imperiumcaviar2-r1k3bmikruzgo3n6mn3mwbpu3u750bpzce0ippg6e0.jpg","type":"","width":"","height":""}],"twitter_card":"summary_large_image","twitter_misc":{"Dur\u00e9e de lecture estim\u00e9e":"2 minutes"},"schema":{"@context":"https:\/\/schema.org","@graph":[{"@type":"WebPage","@id":"https:\/\/www.swisspica.ch\/about-us\/","url":"https:\/\/www.swisspica.ch\/about-us\/","name":"Qui sommes-nous","isPartOf":{"@id":"https:\/\/www.swisspica.ch\/#website"},"primaryImageOfPage":{"@id":"https:\/\/www.swisspica.ch\/about-us\/#primaryimage"},"image":{"@id":"https:\/\/www.swisspica.ch\/about-us\/#primaryimage"},"thumbnailUrl":"https:\/\/www.swisspica.ch\/wp-content\/uploads\/elementor\/thumbs\/uberuns-caviar-swisspica-imperiumcaviar2-r1k3bmikruzgo3n6mn3mwbpu3u750bpzce0ippg6e0.jpg","datePublished":"2010-08-13T15:00:54+00:00","dateModified":"2025-10-26T08:32:59+00:00","breadcrumb":{"@id":"https:\/\/www.swisspica.ch\/about-us\/#breadcrumb"},"inLanguage":"fr-FR","potentialAction":[{"@type":"ReadAction","target":["https:\/\/www.swisspica.ch\/about-us\/"]}]},{"@type":"ImageObject","inLanguage":"fr-FR","@id":"https:\/\/www.swisspica.ch\/about-us\/#primaryimage","url":"https:\/\/www.swisspica.ch\/wp-content\/uploads\/elementor\/thumbs\/uberuns-caviar-swisspica-imperiumcaviar2-r1k3bmikruzgo3n6mn3mwbpu3u750bpzce0ippg6e0.jpg","contentUrl":"https:\/\/www.swisspica.ch\/wp-content\/uploads\/elementor\/thumbs\/uberuns-caviar-swisspica-imperiumcaviar2-r1k3bmikruzgo3n6mn3mwbpu3u750bpzce0ippg6e0.jpg"},{"@type":"BreadcrumbList","@id":"https:\/\/www.swisspica.ch\/about-us\/#breadcrumb","itemListElement":[{"@type":"ListItem","position":1,"name":"Startseite","item":"https:\/\/www.swisspica.ch\/"},{"@type":"ListItem","position":2,"name":"\u00dcber uns"}]},{"@type":"WebSite","@id":"https:\/\/www.swisspica.ch\/#website","url":"https:\/\/www.swisspica.ch\/","name":"Swisspica: Naturprodukte","description":"Naturprodukte, Lebensstil, Deko &amp; Geschenkideen","publisher":{"@id":"https:\/\/www.swisspica.ch\/#organization"},"alternateName":"Swisspica","potentialAction":[{"@type":"SearchAction","target":{"@type":"EntryPoint","urlTemplate":"https:\/\/www.swisspica.ch\/?s={search_term_string}"},"query-input":{"@type":"PropertyValueSpecification","valueRequired":true,"valueName":"search_term_string"}}],"inLanguage":"fr-FR"},{"@type":"Organization","@id":"https:\/\/www.swisspica.ch\/#organization","name":"Swisspica","alternateName":"Swisspica: Naturprodukte, Lebensstil, Deko & Geschenkideen","url":"https:\/\/www.swisspica.ch\/","logo":{"@type":"ImageObject","inLanguage":"fr-FR","@id":"https:\/\/www.swisspica.ch\/#\/schema\/logo\/image\/","url":"https:\/\/www.swisspica.ch\/wp-content\/uploads\/2020\/12\/swisspica-logo-gold-no-shadow.png","contentUrl":"https:\/\/www.swisspica.ch\/wp-content\/uploads\/2020\/12\/swisspica-logo-gold-no-shadow.png","width":1166,"height":449,"caption":"Swisspica"},"image":{"@id":"https:\/\/www.swisspica.ch\/#\/schema\/logo\/image\/"},"sameAs":["https:\/\/www.facebook.com\/swisspica.delights","https:\/\/www.instagram.com\/swisspica\/"]}]}},"_links":{"self":[{"href":"https:\/\/www.swisspica.ch\/fr\/wp-json\/wp\/v2\/pages\/7","targetHints":{"allow":["GET"]}}],"collection":[{"href":"https:\/\/www.swisspica.ch\/fr\/wp-json\/wp\/v2\/pages"}],"about":[{"href":"https:\/\/www.swisspica.ch\/fr\/wp-json\/wp\/v2\/types\/page"}],"author":[{"embeddable":true,"href":"https:\/\/www.swisspica.ch\/fr\/wp-json\/wp\/v2\/users\/1"}],"replies":[{"embeddable":true,"href":"https:\/\/www.swisspica.ch\/fr\/wp-json\/wp\/v2\/comments?post=7"}],"version-history":[{"count":3,"href":"https:\/\/www.swisspica.ch\/fr\/wp-json\/wp\/v2\/pages\/7\/revisions"}],"predecessor-version":[{"id":17894,"href":"https:\/\/www.swisspica.ch\/fr\/wp-json\/wp\/v2\/pages\/7\/revisions\/17894"}],"wp:attachment":[{"href":"https:\/\/www.swisspica.ch\/fr\/wp-json\/wp\/v2\/media?parent=7"}],"curies":[{"name":"wp","href":"https:\/\/api.w.org\/{rel}","templated":true}]}}