{"id":7034,"date":"2021-01-13T08:21:29","date_gmt":"2021-01-13T07:21:29","guid":{"rendered":"https:\/\/www.swisspica.ch\/?page_id=7034"},"modified":"2025-01-27T20:19:57","modified_gmt":"2025-01-27T19:19:57","slug":"recipes","status":"publish","type":"page","link":"https:\/\/www.swisspica.ch\/fr\/recipes\/","title":{"rendered":"Recettes"},"content":{"rendered":"<section class=\"cooked-recipe-search cooked-clearfix\"><form action=\"https:\/\/www.swisspica.ch\/fr\/recipes\/\" method=\"get\" data-trp-original-action=\"https:\/\/www.swisspica.ch\/fr\/recipes\/\"><input type=\"hidden\" name=\"page_id\" value=\"7034\"><div class=\"cooked-fields-wrap cooked-1-search-fields\"><div class=\"cooked-field-wrap cooked-field-wrap-select\"><span class=\"cooked-browse-select\"><span class=\"cooked-field-title\">Parcourir<\/span><span class=\"cooked-browse-select-block cooked-clearfix\"><span class=\"cooked-tax-column\"><span class=\"cooked-tax-column-title\">Cat\u00e9gories<\/span><div class=\"cooked-tax-scrollable\"><a href=\"https:\/\/www.swisspica.ch\/fr\/recipes\/recipe-category\/datteln\">Dattes<\/a><a href=\"https:\/\/www.swisspica.ch\/fr\/recipes\/recipe-category\/kaviar\">Caviar<\/a><a href=\"https:\/\/www.swisspica.ch\/fr\/recipes\/recipe-category\/oliven\">Olives<\/a><a href=\"https:\/\/www.swisspica.ch\/fr\/recipes\/recipe-category\/pistazien\">Pistaches<\/a><a href=\"https:\/\/www.swisspica.ch\/fr\/recipes\/recipe-category\/safran\">Safran<\/a><\/div><\/span><\/span><\/span><\/div><input aria-label=\"Trouvez une recette...\" class=\"cooked-browse-search\" type=\"text\" name=\"cooked_search_s\" value=\"\" placeholder=\"Trouvez une recette...\" \/><a aria-label=\"Search\" href=\"#\" class=\"cooked-browse-search-button\"><i class=\"cooked-icon cooked-icon-search\"><\/i><\/a><\/div><span class=\"cooked-sortby-wrap\"><select class=\"cooked-sortby-select\" name=\"cooked_browse_sort_by\"><option value=\"date_desc\" selected>Plus r\u00e9centes en premier<\/option><option value=\"date_asc\">Les plus anciennes en premier<\/option><option value=\"title_asc\">Ordre Alphab\u00e9tique (A-Z)<\/option><option value=\"title_desc\">Ordre Alphab\u00e9tique (Z-A)<\/option><\/select><\/span><input type=\"hidden\" name=\"trp-form-language\" value=\"fr\"\/><\/form><\/section><section id=\"cooked-recipe-list-1\" class=\"cooked-clearfix cooked-recipe-grid cooked-recipe-loader cooked-columns-3\"><article class=\"cooked-recipe has-post-thumbnail cooked-recipe-card cooked-recipe-card-modern-centered\"><a href=\"https:\/\/www.swisspica.ch\/fr\/recipes\/lachs-mit-spinat-creme-fraiche-und-osietra-imperial-kaviar\/\" class=\"cooked-recipe-card-image\" style=\"background-image:url(https:\/\/www.swisspica.ch\/wp-content\/uploads\/2024\/06\/10-Swiss-Lachs-mit-Spinat-Creme-Fraiche-und-Imperial-Beluga-Kaviar-Oliver-chocht-620x525.jpg);\"><\/a><span class=\"cooked-recipe-card-content\"><a href=\"https:\/\/www.swisspica.ch\/fr\/recipes\/lachs-mit-spinat-creme-fraiche-und-osietra-imperial-kaviar\/\" class=\"cooked-recipe-card-title\">Saumon et \u00e9pinards, cr\u00e8me fra\u00eeche et caviar Osci\u00e8tre Imp\u00e9rial<\/a><span class=\"cooked-recipe-card-sep\"><\/span><span class=\"cooked-recipe-card-author\">Par <strong>Swisspica<\/strong><\/span><\/span><\/article><article class=\"cooked-recipe has-post-thumbnail cooked-recipe-card cooked-recipe-card-modern-centered\"><a href=\"https:\/\/www.swisspica.ch\/fr\/recipes\/gurkenkaltschale-mit-imperial-beluga-kaviar\/\" class=\"cooked-recipe-card-image\" style=\"background-image:url(https:\/\/www.swisspica.ch\/wp-content\/uploads\/2024\/06\/03-Gurkenkaltschale-mit-Beluga-Kaviar-Oliver-chocht-620x525.jpg);\"><\/a><span class=\"cooked-recipe-card-content\"><a href=\"https:\/\/www.swisspica.ch\/fr\/recipes\/gurkenkaltschale-mit-imperial-beluga-kaviar\/\" class=\"cooked-recipe-card-title\">Potage froid au concombre et caviar B\u00e9luga Imp\u00e9rial<\/a><span class=\"cooked-recipe-card-sep\"><\/span><span class=\"cooked-recipe-card-author\">Par <strong>Swisspica<\/strong><\/span><\/span><\/article><article class=\"cooked-recipe has-post-thumbnail cooked-recipe-card cooked-recipe-card-modern-centered\"><a href=\"https:\/\/www.swisspica.ch\/fr\/recipes\/rindstatar-mit-baeri-exclusive-kaviar\/\" class=\"cooked-recipe-card-image\" style=\"background-image:url(https:\/\/www.swisspica.ch\/wp-content\/uploads\/2024\/06\/09-Rindstatar-mit-Imperial-Beluga-Kaviar-Oliver-chocht-1-620x525.jpg);\"><\/a><span class=\"cooked-recipe-card-content\"><a href=\"https:\/\/www.swisspica.ch\/fr\/recipes\/rindstatar-mit-baeri-exclusive-kaviar\/\" class=\"cooked-recipe-card-title\">Tatar de boeuf et caviar Baeri Exclusive<\/a><span class=\"cooked-recipe-card-sep\"><\/span><span class=\"cooked-recipe-card-author\">Par <strong>Swisspica<\/strong><\/span><\/span><\/article><article class=\"cooked-recipe has-post-thumbnail cooked-recipe-card cooked-recipe-card-modern-centered\"><a href=\"https:\/\/www.swisspica.ch\/fr\/recipes\/ricottagnocchi-mit-champagnersauce-und-osietra-premium-gold-kaviar\/\" class=\"cooked-recipe-card-image\" style=\"background-image:url(https:\/\/www.swisspica.ch\/wp-content\/uploads\/2024\/06\/08-Ricottagnocchi-mit-Champagnersauce-und-Osietra-Gold-Kaviar-Oliver-chocht-620x525.jpg);\"><\/a><span class=\"cooked-recipe-card-content\"><a href=\"https:\/\/www.swisspica.ch\/fr\/recipes\/ricottagnocchi-mit-champagnersauce-und-osietra-premium-gold-kaviar\/\" class=\"cooked-recipe-card-title\">Gnocchis \u00e0 la ricotta accompagn\u00e9s de sauce au champagne et de caviar Osci\u00e8tre Premium Gold<\/a><span class=\"cooked-recipe-card-sep\"><\/span><span class=\"cooked-recipe-card-author\">Par <strong>Swisspica<\/strong><\/span><\/span><\/article><article class=\"cooked-recipe has-post-thumbnail cooked-recipe-card cooked-recipe-card-modern-centered\"><a href=\"https:\/\/www.swisspica.ch\/fr\/recipes\/randensalat-mit-eingelegten-schalotten-und-osietra-imperial-kaviar\/\" class=\"cooked-recipe-card-image\" style=\"background-image:url(https:\/\/www.swisspica.ch\/wp-content\/uploads\/2024\/06\/07-Randensalat-mit-Beluga-Kaviar-Oliver-chocht-1-620x525.jpg);\"><\/a><span class=\"cooked-recipe-card-content\"><a href=\"https:\/\/www.swisspica.ch\/fr\/recipes\/randensalat-mit-eingelegten-schalotten-und-osietra-imperial-kaviar\/\" class=\"cooked-recipe-card-title\">Salade de betterave rouge avec \u00e9chalotes confites et caviar Osci\u00e8tre Imp\u00e9rial<\/a><span class=\"cooked-recipe-card-sep\"><\/span><span class=\"cooked-recipe-card-author\">Par <strong>Swisspica<\/strong><\/span><\/span><\/article><article class=\"cooked-recipe has-post-thumbnail cooked-recipe-card cooked-recipe-card-modern-centered\"><a href=\"https:\/\/www.swisspica.ch\/fr\/recipes\/langustenbrioche-mit-baeri-exclusive-kaviar\/\" class=\"cooked-recipe-card-image\" style=\"background-image:url(https:\/\/www.swisspica.ch\/wp-content\/uploads\/2024\/06\/06-Langustenbrioch-mit-Royal-Beluga-Kaviar-Oliver-chocht-620x525.jpg);\"><\/a><span class=\"cooked-recipe-card-content\"><a href=\"https:\/\/www.swisspica.ch\/fr\/recipes\/langustenbrioche-mit-baeri-exclusive-kaviar\/\" class=\"cooked-recipe-card-title\">Brioche \u00e0 la langouste et au caviar Baeri Exclusive<\/a><span class=\"cooked-recipe-card-sep\"><\/span><span class=\"cooked-recipe-card-author\">Par <strong>Swisspica<\/strong><\/span><\/span><\/article><article class=\"cooked-recipe has-post-thumbnail cooked-recipe-card cooked-recipe-card-modern-centered\"><a href=\"https:\/\/www.swisspica.ch\/fr\/recipes\/jamon-kroketten-mit-royal-beluga-reserve-kaviar\/\" class=\"cooked-recipe-card-image\" style=\"background-image:url(https:\/\/www.swisspica.ch\/wp-content\/uploads\/2024\/06\/04-Jamon-Kroketten-mit-Beluga-Kaviar-Oliver-chocht-620x525.jpg);\"><\/a><span class=\"cooked-recipe-card-content\"><a href=\"https:\/\/www.swisspica.ch\/fr\/recipes\/jamon-kroketten-mit-royal-beluga-reserve-kaviar\/\" class=\"cooked-recipe-card-title\">Croquettes au Jam\u00f3n et caviar B\u00e9luga Royal R\u00e9serve<\/a><span class=\"cooked-recipe-card-sep\"><\/span><span class=\"cooked-recipe-card-author\">Par <strong>Swisspica<\/strong><\/span><\/span><\/article><article class=\"cooked-recipe has-post-thumbnail cooked-recipe-card cooked-recipe-card-modern-centered\"><a href=\"https:\/\/www.swisspica.ch\/fr\/recipes\/languste-mit-safrannudeln-und-imperial-osietra-kaviar\/\" class=\"cooked-recipe-card-image\" style=\"background-image:url(https:\/\/www.swisspica.ch\/wp-content\/uploads\/2024\/05\/05-Languste-mit-Safrannudeln-und-Baeri-Kaviar-Oliver-chocht-620x525.jpg);\"><\/a><span class=\"cooked-recipe-card-content\"><a href=\"https:\/\/www.swisspica.ch\/fr\/recipes\/languste-mit-safrannudeln-und-imperial-osietra-kaviar\/\" class=\"cooked-recipe-card-title\">Langouste, nouilles au safran et caviar Osci\u00e8tre Imp\u00e9rial<\/a><span class=\"cooked-recipe-card-sep\"><\/span><span class=\"cooked-recipe-card-author\">Par <strong>Swisspica<\/strong><\/span><\/span><\/article><article class=\"cooked-recipe has-post-thumbnail cooked-recipe-card cooked-recipe-card-modern-centered\"><a href=\"https:\/\/www.swisspica.ch\/fr\/recipes\/gougeres-mit-frischkaese-und-royal-beluga-kaviar\/\" class=\"cooked-recipe-card-image\" style=\"background-image:url(https:\/\/www.swisspica.ch\/wp-content\/uploads\/2024\/04\/Blinis-mit-Beluga-Kaviar-Oliver-chocht-620x525.jpg);\"><\/a><span class=\"cooked-recipe-card-content\"><a href=\"https:\/\/www.swisspica.ch\/fr\/recipes\/gougeres-mit-frischkaese-und-royal-beluga-kaviar\/\" class=\"cooked-recipe-card-title\">Goug\u00e8res servies avec du fromage frais et du caviar B\u00e9luga Royal<\/a><span class=\"cooked-recipe-card-sep\"><\/span><span class=\"cooked-recipe-card-author\">Par <strong>Swisspica<\/strong><\/span><\/span><\/article><article class=\"cooked-recipe has-post-thumbnail cooked-recipe-card cooked-recipe-card-modern-centered\"><a href=\"https:\/\/www.swisspica.ch\/fr\/recipes\/blinis-mit-imperial-beluga-kaviar\/\" class=\"cooked-recipe-card-image\" style=\"background-image:url(https:\/\/www.swisspica.ch\/wp-content\/uploads\/2024\/03\/Picture1-700x525.jpg);\"><\/a><span class=\"cooked-recipe-card-content\"><a href=\"https:\/\/www.swisspica.ch\/fr\/recipes\/blinis-mit-imperial-beluga-kaviar\/\" class=\"cooked-recipe-card-title\">Blinis et caviar B\u00e9luga Imp\u00e9rial<\/a><span class=\"cooked-recipe-card-sep\"><\/span><span class=\"cooked-recipe-card-author\">Par <strong>Swisspica<\/strong><\/span><\/span><\/article><article class=\"cooked-recipe has-post-thumbnail cooked-recipe-card cooked-recipe-card-modern-centered\"><a href=\"https:\/\/www.swisspica.ch\/fr\/recipes\/gesunde-gemuesesuppe-mit-haferflocken-und-safran\/\" class=\"cooked-recipe-card-image\" style=\"background-image:url(https:\/\/www.swisspica.ch\/wp-content\/uploads\/2023\/02\/Vegetable-Soup-700x525.jpg);\"><\/a><span class=\"cooked-recipe-card-content\"><a href=\"https:\/\/www.swisspica.ch\/fr\/recipes\/gesunde-gemuesesuppe-mit-haferflocken-und-safran\/\" class=\"cooked-recipe-card-title\">Soupe aux l\u00e9gumes accompagn\u00e9e de flocons d\u2019avoine et de safran<\/a><span class=\"cooked-recipe-card-sep\"><\/span><span class=\"cooked-recipe-card-author\">Par <strong>Swisspica<\/strong><\/span><\/span><\/article><article class=\"cooked-recipe has-post-thumbnail cooked-recipe-card cooked-recipe-card-modern-centered\"><a href=\"https:\/\/www.swisspica.ch\/fr\/recipes\/mango-heidelbeeren-und-dattelpulver\/\" class=\"cooked-recipe-card-image\" style=\"background-image:url(https:\/\/www.swisspica.ch\/wp-content\/uploads\/2022\/03\/Mango_blueberry_salad-2-700x525.jpg);\"><\/a><span class=\"cooked-recipe-card-content\"><a href=\"https:\/\/www.swisspica.ch\/fr\/recipes\/mango-heidelbeeren-und-dattelpulver\/\" class=\"cooked-recipe-card-title\">Mangue, myrtille et poudre de dattes<\/a><span class=\"cooked-recipe-card-sep\"><\/span><span class=\"cooked-recipe-card-author\">Par <strong>Swisspica<\/strong><\/span><\/span><\/article><article class=\"cooked-recipe has-post-thumbnail cooked-recipe-card cooked-recipe-card-modern-centered\"><a href=\"https:\/\/www.swisspica.ch\/fr\/recipes\/kraeuterreis-mit-fisch\/\" class=\"cooked-recipe-card-image\" style=\"background-image:url(https:\/\/www.swisspica.ch\/wp-content\/uploads\/2021\/03\/dd68ff40284701f12caf7287a755e985-700x525.jpg);\"><\/a><span class=\"cooked-recipe-card-content\"><a href=\"https:\/\/www.swisspica.ch\/fr\/recipes\/kraeuterreis-mit-fisch\/\" class=\"cooked-recipe-card-title\">Poisson avec riz aux herbes et olives<\/a><span class=\"cooked-recipe-card-sep\"><\/span><span class=\"cooked-recipe-card-author\">Par <strong>Swisspica<\/strong><\/span><\/span><\/article><article class=\"cooked-recipe has-post-thumbnail cooked-recipe-card cooked-recipe-card-modern-centered\"><a href=\"https:\/\/www.swisspica.ch\/fr\/recipes\/gigot-mit-bio-dattelbalsamico\/\" class=\"cooked-recipe-card-image\" style=\"background-image:url(https:\/\/www.swisspica.ch\/wp-content\/uploads\/2021\/02\/RqJrdgxSlD-1-700x525.jpg);\"><\/a><span class=\"cooked-recipe-card-content\"><a href=\"https:\/\/www.swisspica.ch\/fr\/recipes\/gigot-mit-bio-dattelbalsamico\/\" class=\"cooked-recipe-card-title\">Gigot et balsamique de dattes bio<\/a><span class=\"cooked-recipe-card-sep\"><\/span><span class=\"cooked-recipe-card-author\">Par <strong>Swisspica<\/strong><\/span><\/span><\/article><article class=\"cooked-recipe has-post-thumbnail cooked-recipe-card cooked-recipe-card-modern-centered\"><a href=\"https:\/\/www.swisspica.ch\/fr\/recipes\/gefuellte-pilze\/\" class=\"cooked-recipe-card-image\" style=\"background-image:url(https:\/\/www.swisspica.ch\/wp-content\/uploads\/2021\/01\/stuffed-mushrooms-ay-2-1000-700x525.jpg);\"><\/a><span class=\"cooked-recipe-card-content\"><a href=\"https:\/\/www.swisspica.ch\/fr\/recipes\/gefuellte-pilze\/\" class=\"cooked-recipe-card-title\">Champignons farcis<\/a><span class=\"cooked-recipe-card-sep\"><\/span><span class=\"cooked-recipe-card-author\">Par <strong>Swisspica<\/strong><\/span><\/span><\/article><article class=\"cooked-recipe has-post-thumbnail cooked-recipe-card cooked-recipe-card-modern-centered\"><a href=\"https:\/\/www.swisspica.ch\/fr\/recipes\/safranreis-mit-poulet\/\" class=\"cooked-recipe-card-image\" style=\"background-image:url(https:\/\/www.swisspica.ch\/wp-content\/uploads\/2021\/01\/com-saffron-700x525.png);\"><\/a><span class=\"cooked-recipe-card-content\"><a href=\"https:\/\/www.swisspica.ch\/fr\/recipes\/safranreis-mit-poulet\/\" class=\"cooked-recipe-card-title\">Riz au safran et poulet<\/a><span class=\"cooked-recipe-card-sep\"><\/span><span class=\"cooked-recipe-card-author\">Par <strong>Swisspica<\/strong><\/span><\/span><\/article><article class=\"cooked-recipe has-post-thumbnail cooked-recipe-card cooked-recipe-card-modern-centered\"><a href=\"https:\/\/www.swisspica.ch\/fr\/recipes\/gefullte-bio-datteln\/\" class=\"cooked-recipe-card-image\" style=\"background-image:url(https:\/\/www.swisspica.ch\/wp-content\/uploads\/2021\/01\/Gefuellte-Bio-Datteln-500x525.jpg);\"><\/a><span class=\"cooked-recipe-card-content\"><a href=\"https:\/\/www.swisspica.ch\/fr\/recipes\/gefullte-bio-datteln\/\" class=\"cooked-recipe-card-title\">Dattes bio fourr\u00e9es<\/a><span class=\"cooked-recipe-card-sep\"><\/span><span class=\"cooked-recipe-card-author\">Par <strong>Swisspica<\/strong><\/span><\/span><\/article><article class=\"cooked-recipe has-post-thumbnail cooked-recipe-card cooked-recipe-card-modern-centered\"><a href=\"https:\/\/www.swisspica.ch\/fr\/recipes\/grillierte-garnelen-mit-bio-pistazien\/\" class=\"cooked-recipe-card-image\" style=\"background-image:url(https:\/\/www.swisspica.ch\/wp-content\/uploads\/2021\/01\/pistachio-crusted-shrimp-with-paprika_waeh6o.jpg);\"><\/a><span class=\"cooked-recipe-card-content\"><a href=\"https:\/\/www.swisspica.ch\/fr\/recipes\/grillierte-garnelen-mit-bio-pistazien\/\" class=\"cooked-recipe-card-title\">Crevettes grill\u00e9es avec pistaches bio<\/a><span class=\"cooked-recipe-card-sep\"><\/span><span class=\"cooked-recipe-card-author\">Par <strong>Swisspica<\/strong><\/span><\/span><\/article><article class=\"cooked-recipe has-post-thumbnail cooked-recipe-card cooked-recipe-card-modern-centered\"><a href=\"https:\/\/www.swisspica.ch\/fr\/recipes\/dattelhalva-als-nachtisch\/\" class=\"cooked-recipe-card-image\" style=\"background-image:url(https:\/\/www.swisspica.ch\/wp-content\/uploads\/2021\/01\/10531436095786678986-700x525.jpg);\"><\/a><span class=\"cooked-recipe-card-content\"><a href=\"https:\/\/www.swisspica.ch\/fr\/recipes\/dattelhalva-als-nachtisch\/\" class=\"cooked-recipe-card-title\">Halva aux dattes pour le dessert<\/a><span class=\"cooked-recipe-card-sep\"><\/span><span class=\"cooked-recipe-card-author\">Par <strong>Swisspica<\/strong><\/span><\/span><\/article><\/section>","protected":false},"excerpt":{"rendered":"","protected":false},"author":1,"featured_media":0,"parent":0,"menu_order":0,"comment_status":"closed","ping_status":"closed","template":"","meta":{"footnotes":""},"class_list":["post-7034","page","type-page","status-publish","hentry"],"yoast_head":"<!-- This site is optimized with the Yoast SEO plugin v27.1.1 - https:\/\/yoast.com\/product\/yoast-seo-wordpress\/ -->\n<title>Rezepte<\/title>\n<meta name=\"robots\" content=\"index, follow, max-snippet:-1, max-image-preview:large, max-video-preview:-1\" \/>\n<link rel=\"canonical\" href=\"https:\/\/www.swisspica.ch\/fr\/recipes\/\" \/>\n<meta property=\"og:locale\" content=\"fr_FR\" \/>\n<meta property=\"og:type\" content=\"article\" \/>\n<meta property=\"og:title\" content=\"Rezepte\" \/>\n<meta property=\"og:url\" content=\"https:\/\/www.swisspica.ch\/fr\/recipes\/\" \/>\n<meta property=\"og:site_name\" content=\"Swisspica\" \/>\n<meta property=\"article:publisher\" content=\"https:\/\/www.facebook.com\/swisspica.delights\" \/>\n<meta property=\"article:modified_time\" content=\"2025-01-27T19:19:57+00:00\" \/>\n<meta name=\"twitter:card\" content=\"summary_large_image\" \/>\n<meta name=\"twitter:label1\" content=\"Dur\u00e9e de lecture estim\u00e9e\" \/>\n\t<meta name=\"twitter:data1\" content=\"1 minute\" \/>\n<script type=\"application\/ld+json\" class=\"yoast-schema-graph\">{\"@context\":\"https:\/\/schema.org\",\"@graph\":[{\"@type\":\"WebPage\",\"@id\":\"https:\/\/www.swisspica.ch\/recipes\/\",\"url\":\"https:\/\/www.swisspica.ch\/recipes\/\",\"name\":\"Rezepte\",\"isPartOf\":{\"@id\":\"https:\/\/www.swisspica.ch\/#website\"},\"datePublished\":\"2021-01-13T07:21:29+00:00\",\"dateModified\":\"2025-01-27T19:19:57+00:00\",\"breadcrumb\":{\"@id\":\"https:\/\/www.swisspica.ch\/recipes\/#breadcrumb\"},\"inLanguage\":\"fr-FR\",\"potentialAction\":[{\"@type\":\"ReadAction\",\"target\":[\"https:\/\/www.swisspica.ch\/recipes\/\"]}]},{\"@type\":\"BreadcrumbList\",\"@id\":\"https:\/\/www.swisspica.ch\/recipes\/#breadcrumb\",\"itemListElement\":[{\"@type\":\"ListItem\",\"position\":1,\"name\":\"Startseite\",\"item\":\"https:\/\/www.swisspica.ch\/\"},{\"@type\":\"ListItem\",\"position\":2,\"name\":\"Rezepte\"}]},{\"@type\":\"WebSite\",\"@id\":\"https:\/\/www.swisspica.ch\/#website\",\"url\":\"https:\/\/www.swisspica.ch\/\",\"name\":\"Swisspica: Naturprodukte\",\"description\":\"Naturprodukte, Lebensstil, Deko &amp; Geschenkideen\",\"publisher\":{\"@id\":\"https:\/\/www.swisspica.ch\/#organization\"},\"alternateName\":\"Swisspica\",\"potentialAction\":[{\"@type\":\"SearchAction\",\"target\":{\"@type\":\"EntryPoint\",\"urlTemplate\":\"https:\/\/www.swisspica.ch\/?s={search_term_string}\"},\"query-input\":{\"@type\":\"PropertyValueSpecification\",\"valueRequired\":true,\"valueName\":\"search_term_string\"}}],\"inLanguage\":\"fr-FR\"},{\"@type\":\"Organization\",\"@id\":\"https:\/\/www.swisspica.ch\/#organization\",\"name\":\"Swisspica\",\"alternateName\":\"Swisspica: Naturprodukte, Lebensstil, Deko & Geschenkideen\",\"url\":\"https:\/\/www.swisspica.ch\/\",\"logo\":{\"@type\":\"ImageObject\",\"inLanguage\":\"fr-FR\",\"@id\":\"https:\/\/www.swisspica.ch\/#\/schema\/logo\/image\/\",\"url\":\"https:\/\/www.swisspica.ch\/wp-content\/uploads\/2020\/12\/swisspica-logo-gold-no-shadow.png\",\"contentUrl\":\"https:\/\/www.swisspica.ch\/wp-content\/uploads\/2020\/12\/swisspica-logo-gold-no-shadow.png\",\"width\":1166,\"height\":449,\"caption\":\"Swisspica\"},\"image\":{\"@id\":\"https:\/\/www.swisspica.ch\/#\/schema\/logo\/image\/\"},\"sameAs\":[\"https:\/\/www.facebook.com\/swisspica.delights\",\"https:\/\/www.instagram.com\/swisspica\/\"]}]}<\/script>\n<!-- \/ Yoast SEO plugin. -->","yoast_head_json":{"title":"Recettes","robots":{"index":"index","follow":"follow","max-snippet":"max-snippet:-1","max-image-preview":"max-image-preview:large","max-video-preview":"max-video-preview:-1"},"canonical":"https:\/\/www.swisspica.ch\/fr\/recipes\/","og_locale":"fr_FR","og_type":"article","og_title":"Rezepte","og_url":"https:\/\/www.swisspica.ch\/fr\/recipes\/","og_site_name":"Swisspica","article_publisher":"https:\/\/www.facebook.com\/swisspica.delights","article_modified_time":"2025-01-27T19:19:57+00:00","twitter_card":"summary_large_image","twitter_misc":{"Dur\u00e9e de lecture estim\u00e9e":"1 minute"},"schema":{"@context":"https:\/\/schema.org","@graph":[{"@type":"WebPage","@id":"https:\/\/www.swisspica.ch\/recipes\/","url":"https:\/\/www.swisspica.ch\/recipes\/","name":"Recettes","isPartOf":{"@id":"https:\/\/www.swisspica.ch\/#website"},"datePublished":"2021-01-13T07:21:29+00:00","dateModified":"2025-01-27T19:19:57+00:00","breadcrumb":{"@id":"https:\/\/www.swisspica.ch\/recipes\/#breadcrumb"},"inLanguage":"fr-FR","potentialAction":[{"@type":"ReadAction","target":["https:\/\/www.swisspica.ch\/recipes\/"]}]},{"@type":"BreadcrumbList","@id":"https:\/\/www.swisspica.ch\/recipes\/#breadcrumb","itemListElement":[{"@type":"ListItem","position":1,"name":"Startseite","item":"https:\/\/www.swisspica.ch\/"},{"@type":"ListItem","position":2,"name":"Rezepte"}]},{"@type":"WebSite","@id":"https:\/\/www.swisspica.ch\/#website","url":"https:\/\/www.swisspica.ch\/","name":"Swisspica: Naturprodukte","description":"Naturprodukte, Lebensstil, Deko &amp; Geschenkideen","publisher":{"@id":"https:\/\/www.swisspica.ch\/#organization"},"alternateName":"Swisspica","potentialAction":[{"@type":"SearchAction","target":{"@type":"EntryPoint","urlTemplate":"https:\/\/www.swisspica.ch\/?s={search_term_string}"},"query-input":{"@type":"PropertyValueSpecification","valueRequired":true,"valueName":"search_term_string"}}],"inLanguage":"fr-FR"},{"@type":"Organization","@id":"https:\/\/www.swisspica.ch\/#organization","name":"Swisspica","alternateName":"Swisspica: Naturprodukte, Lebensstil, Deko & Geschenkideen","url":"https:\/\/www.swisspica.ch\/","logo":{"@type":"ImageObject","inLanguage":"fr-FR","@id":"https:\/\/www.swisspica.ch\/#\/schema\/logo\/image\/","url":"https:\/\/www.swisspica.ch\/wp-content\/uploads\/2020\/12\/swisspica-logo-gold-no-shadow.png","contentUrl":"https:\/\/www.swisspica.ch\/wp-content\/uploads\/2020\/12\/swisspica-logo-gold-no-shadow.png","width":1166,"height":449,"caption":"Swisspica"},"image":{"@id":"https:\/\/www.swisspica.ch\/#\/schema\/logo\/image\/"},"sameAs":["https:\/\/www.facebook.com\/swisspica.delights","https:\/\/www.instagram.com\/swisspica\/"]}]}},"_links":{"self":[{"href":"https:\/\/www.swisspica.ch\/fr\/wp-json\/wp\/v2\/pages\/7034","targetHints":{"allow":["GET"]}}],"collection":[{"href":"https:\/\/www.swisspica.ch\/fr\/wp-json\/wp\/v2\/pages"}],"about":[{"href":"https:\/\/www.swisspica.ch\/fr\/wp-json\/wp\/v2\/types\/page"}],"author":[{"embeddable":true,"href":"https:\/\/www.swisspica.ch\/fr\/wp-json\/wp\/v2\/users\/1"}],"replies":[{"embeddable":true,"href":"https:\/\/www.swisspica.ch\/fr\/wp-json\/wp\/v2\/comments?post=7034"}],"version-history":[{"count":0,"href":"https:\/\/www.swisspica.ch\/fr\/wp-json\/wp\/v2\/pages\/7034\/revisions"}],"wp:attachment":[{"href":"https:\/\/www.swisspica.ch\/fr\/wp-json\/wp\/v2\/media?parent=7034"}],"curies":[{"name":"wp","href":"https:\/\/api.w.org\/{rel}","templated":true}]}}