{"id":15223,"date":"2023-10-21T21:14:08","date_gmt":"2023-10-21T19:14:08","guid":{"rendered":"https:\/\/www.swisspica.ch\/?post_type=product&#038;p=15223"},"modified":"2026-02-16T20:48:14","modified_gmt":"2026-02-16T19:48:14","slug":"naturreines-rosenwasser","status":"publish","type":"product","link":"https:\/\/www.swisspica.ch\/fr\/products\/bluetenwaesser\/naturreines-rosenwasser\/","title":{"rendered":"Eau de rose naturelle"},"content":{"rendered":"<p>Cette eau de rose naturelle provient d\u2019Iran dont les roses sont connues \u00e0 travers le monde. Utilisez-la pour la cuisson et la p\u00e2tisserie, elle conf\u00e9rera \u00e0 vos cr\u00e9ations un ar\u00f4me et une saveur agr\u00e9ables et orientales. Vous pouvez par ailleurs appliquer notre eau de rose sur la peau, elle offrira ainsi un effet calmant. Ne contient ni sucre, ni \u00e9dulcorant, ni conservateurs.<\/p>\n<p>Eau de rose naturelle d\u2019Iran. Mise en bouteille dans le respect de r\u00e8gles d'hygi\u00e8ne strictes. Pur produit naturel. Sans conservateurs ni substances g\u00e9n\u00e9tiquement modifi\u00e9es.<\/p>\n<p><strong>Certificats:\u00a0 <img loading=\"lazy\" decoding=\"async\" class=\"alignnone size-full wp-image-18846\" src=\"https:\/\/www.swisspica.ch\/wp-content\/uploads\/2020\/04\/certs-5.png\" alt=\"\" width=\"81\" height=\"100\" srcset=\"https:\/\/www.swisspica.ch\/wp-content\/uploads\/2020\/04\/certs-5.png 81w, https:\/\/www.swisspica.ch\/wp-content\/uploads\/2020\/04\/certs-5-10x12.png 10w, https:\/\/www.swisspica.ch\/wp-content\/uploads\/2020\/04\/certs-5-60x74.png 60w\" sizes=\"auto, (max-width: 81px) 100vw, 81px\" \/><\/strong><\/p>","protected":false},"excerpt":{"rendered":"<p>Eau de rose naturelle d\u2019Iran.<\/p>\n<ul>\n<li>Bouteille \u00e0 250 ml<\/li>\n<li>Ajoutez une saveur subtile \u00e0 vos p\u00e2tisseries et vos mets.<\/li>\n<li>Savourez les bienfaits de l\u2019eau de rose d\u2019Iran pure ou dilu\u00e9e avec de l\u2019eau.<\/li>\n<li>Convient \u00e9galement en tant que tonique pour le visage.<\/li>\n<li>Ne contient ni sucre, ni \u00e9dulcorant, ni conservateurs.<\/li>\n<\/ul>\n<p>N'h\u00e9sitez pas \u00e0 <strong><u><a href=\"\/fr\/contact-us\/\">nous contacter<\/a><br \/>\n<\/u><\/strong><\/p>","protected":false},"featured_media":15228,"comment_status":"open","ping_status":"closed","template":"","meta":[],"product_brand":[],"product_cat":[246],"product_tag":[247,226],"class_list":{"0":"post-15223","1":"product","2":"type-product","3":"status-publish","4":"has-post-thumbnail","6":"product_cat-bluetenwaesser","7":"product_tag-bluetenwaesser","8":"product_tag-organic","9":"product_shipping_class-glass","11":"first","12":"instock","13":"sale","14":"taxable","15":"shipping-taxable","16":"purchasable","17":"product-type-variable","18":"has-default-attributes"},"yoast_head":"<!-- This site is optimized with the Yoast SEO plugin v27.1.1 - https:\/\/yoast.com\/product\/yoast-seo-wordpress\/ -->\n<title>Naturreines Rosenwasser<\/title>\n<meta name=\"robots\" content=\"index, follow, max-snippet:-1, max-image-preview:large, max-video-preview:-1\" \/>\n<link rel=\"canonical\" href=\"https:\/\/www.swisspica.ch\/fr\/products\/bluetenwaesser\/naturreines-rosenwasser\/\" \/>\n<meta property=\"og:locale\" content=\"fr_FR\" \/>\n<meta property=\"og:type\" content=\"article\" \/>\n<meta property=\"og:title\" content=\"Naturreines Rosenwasser\" \/>\n<meta property=\"og:description\" content=\"Naturreines Rosenwasser aus Iran   250 ml Flasche  F\u00fcgen Sie Ihren Backwaren und Gerichten einen subtilen Geschmack bei.  Geniessen Sie die Vorz\u00fcge des iranischen Rosenwassers pur oder mit Wasser verd\u00fcnnt.  Auch ideal als Tonic f\u00fcr Ihr Gesicht geeignet.  Enth\u00e4lt weder Zucker, S\u00fcssungsmittel noch Konservierungsstoffe.  Z\u00f6gern Sie nicht, uns zu kontaktieren.\" \/>\n<meta property=\"og:url\" content=\"https:\/\/www.swisspica.ch\/fr\/products\/bluetenwaesser\/naturreines-rosenwasser\/\" \/>\n<meta property=\"og:site_name\" content=\"Swisspica\" \/>\n<meta property=\"article:publisher\" content=\"https:\/\/www.facebook.com\/swisspica.delights\" \/>\n<meta property=\"article:modified_time\" content=\"2026-02-16T19:48:14+00:00\" \/>\n<meta property=\"og:image\" content=\"https:\/\/www.swisspica.ch\/wp-content\/uploads\/2023\/10\/swisspica-rose-water.jpg\" \/>\n\t<meta property=\"og:image:width\" content=\"600\" \/>\n\t<meta property=\"og:image:height\" content=\"600\" \/>\n\t<meta property=\"og:image:type\" content=\"image\/jpeg\" \/>\n<meta name=\"twitter:card\" content=\"summary_large_image\" \/>\n<meta name=\"twitter:label1\" content=\"Disponibilit\u00e9\" \/>\n\t<meta name=\"twitter:data1\" content=\"En stock\" \/>\n<script type=\"application\/ld+json\" class=\"yoast-schema-graph\">{\"@context\":\"https:\/\/schema.org\",\"@graph\":[{\"@type\":\"WebPage\",\"@id\":\"https:\/\/www.swisspica.ch\/products\/bluetenwaesser\/naturreines-rosenwasser\/\",\"url\":\"https:\/\/www.swisspica.ch\/products\/bluetenwaesser\/naturreines-rosenwasser\/\",\"name\":\"Naturreines Rosenwasser\",\"isPartOf\":{\"@id\":\"https:\/\/www.swisspica.ch\/#website\"},\"primaryImageOfPage\":{\"@id\":\"https:\/\/www.swisspica.ch\/products\/bluetenwaesser\/naturreines-rosenwasser\/#primaryimage\"},\"image\":{\"@id\":\"https:\/\/www.swisspica.ch\/products\/bluetenwaesser\/naturreines-rosenwasser\/#primaryimage\"},\"thumbnailUrl\":\"https:\/\/www.swisspica.ch\/wp-content\/uploads\/2023\/10\/swisspica-rose-water.jpg\",\"datePublished\":\"2023-10-21T19:14:08+00:00\",\"dateModified\":\"2026-02-16T19:48:14+00:00\",\"breadcrumb\":{\"@id\":\"https:\/\/www.swisspica.ch\/products\/bluetenwaesser\/naturreines-rosenwasser\/#breadcrumb\"},\"inLanguage\":\"fr-FR\",\"potentialAction\":[{\"@type\":\"ReadAction\",\"target\":[\"https:\/\/www.swisspica.ch\/products\/bluetenwaesser\/naturreines-rosenwasser\/\"]}]},{\"@type\":\"ImageObject\",\"inLanguage\":\"fr-FR\",\"@id\":\"https:\/\/www.swisspica.ch\/products\/bluetenwaesser\/naturreines-rosenwasser\/#primaryimage\",\"url\":\"https:\/\/www.swisspica.ch\/wp-content\/uploads\/2023\/10\/swisspica-rose-water.jpg\",\"contentUrl\":\"https:\/\/www.swisspica.ch\/wp-content\/uploads\/2023\/10\/swisspica-rose-water.jpg\",\"width\":600,\"height\":600},{\"@type\":\"BreadcrumbList\",\"@id\":\"https:\/\/www.swisspica.ch\/products\/bluetenwaesser\/naturreines-rosenwasser\/#breadcrumb\",\"itemListElement\":[{\"@type\":\"ListItem\",\"position\":1,\"name\":\"Startseite\",\"item\":\"https:\/\/www.swisspica.ch\/\"},{\"@type\":\"ListItem\",\"position\":2,\"name\":\"Shop\",\"item\":\"https:\/\/www.swisspica.ch\/products\/\"},{\"@type\":\"ListItem\",\"position\":3,\"name\":\"Bl\u00fctenw\u00e4sser\",\"item\":\"https:\/\/www.swisspica.ch\/products-category\/bluetenwaesser\/\"},{\"@type\":\"ListItem\",\"position\":4,\"name\":\"Naturreines Rosenwasser\"}]},{\"@type\":\"WebSite\",\"@id\":\"https:\/\/www.swisspica.ch\/#website\",\"url\":\"https:\/\/www.swisspica.ch\/\",\"name\":\"Swisspica: Naturprodukte\",\"description\":\"Naturprodukte, Lebensstil, Deko &amp; Geschenkideen\",\"publisher\":{\"@id\":\"https:\/\/www.swisspica.ch\/#organization\"},\"alternateName\":\"Swisspica\",\"potentialAction\":[{\"@type\":\"SearchAction\",\"target\":{\"@type\":\"EntryPoint\",\"urlTemplate\":\"https:\/\/www.swisspica.ch\/?s={search_term_string}\"},\"query-input\":{\"@type\":\"PropertyValueSpecification\",\"valueRequired\":true,\"valueName\":\"search_term_string\"}}],\"inLanguage\":\"fr-FR\"},{\"@type\":\"Organization\",\"@id\":\"https:\/\/www.swisspica.ch\/#organization\",\"name\":\"Swisspica\",\"alternateName\":\"Swisspica: Naturprodukte, Lebensstil, Deko & Geschenkideen\",\"url\":\"https:\/\/www.swisspica.ch\/\",\"logo\":{\"@type\":\"ImageObject\",\"inLanguage\":\"fr-FR\",\"@id\":\"https:\/\/www.swisspica.ch\/#\/schema\/logo\/image\/\",\"url\":\"https:\/\/www.swisspica.ch\/wp-content\/uploads\/2020\/12\/swisspica-logo-gold-no-shadow.png\",\"contentUrl\":\"https:\/\/www.swisspica.ch\/wp-content\/uploads\/2020\/12\/swisspica-logo-gold-no-shadow.png\",\"width\":1166,\"height\":449,\"caption\":\"Swisspica\"},\"image\":{\"@id\":\"https:\/\/www.swisspica.ch\/#\/schema\/logo\/image\/\"},\"sameAs\":[\"https:\/\/www.facebook.com\/swisspica.delights\",\"https:\/\/www.instagram.com\/swisspica\/\"]}]}<\/script>\n<meta property=\"og:availability\" content=\"instock\" \/>\n<meta property=\"product:availability\" content=\"instock\" \/>\n<meta property=\"product:condition\" content=\"new\" \/>\n<!-- \/ Yoast SEO plugin. -->","yoast_head_json":{"title":"Eau de rose naturelle","robots":{"index":"index","follow":"follow","max-snippet":"max-snippet:-1","max-image-preview":"max-image-preview:large","max-video-preview":"max-video-preview:-1"},"canonical":"https:\/\/www.swisspica.ch\/fr\/products\/bluetenwaesser\/naturreines-rosenwasser\/","og_locale":"fr_FR","og_type":"article","og_title":"Naturreines Rosenwasser","og_description":"Naturreines Rosenwasser aus Iran   250 ml Flasche  F\u00fcgen Sie Ihren Backwaren und Gerichten einen subtilen Geschmack bei.  Geniessen Sie die Vorz\u00fcge des iranischen Rosenwassers pur oder mit Wasser verd\u00fcnnt.  Auch ideal als Tonic f\u00fcr Ihr Gesicht geeignet.  Enth\u00e4lt weder Zucker, S\u00fcssungsmittel noch Konservierungsstoffe.  Z\u00f6gern Sie nicht, uns zu kontaktieren.","og_url":"https:\/\/www.swisspica.ch\/fr\/products\/bluetenwaesser\/naturreines-rosenwasser\/","og_site_name":"Swisspica","article_publisher":"https:\/\/www.facebook.com\/swisspica.delights","article_modified_time":"2026-02-16T19:48:14+00:00","og_image":[{"width":600,"height":600,"url":"https:\/\/www.swisspica.ch\/wp-content\/uploads\/2023\/10\/swisspica-rose-water.jpg","type":"image\/jpeg"}],"twitter_card":"summary_large_image","twitter_misc":{"Disponibilit\u00e9":"En stock"},"schema":{"@context":"https:\/\/schema.org","@graph":[{"@type":"WebPage","@id":"https:\/\/www.swisspica.ch\/products\/bluetenwaesser\/naturreines-rosenwasser\/","url":"https:\/\/www.swisspica.ch\/products\/bluetenwaesser\/naturreines-rosenwasser\/","name":"Eau de rose naturelle","isPartOf":{"@id":"https:\/\/www.swisspica.ch\/#website"},"primaryImageOfPage":{"@id":"https:\/\/www.swisspica.ch\/products\/bluetenwaesser\/naturreines-rosenwasser\/#primaryimage"},"image":{"@id":"https:\/\/www.swisspica.ch\/products\/bluetenwaesser\/naturreines-rosenwasser\/#primaryimage"},"thumbnailUrl":"https:\/\/www.swisspica.ch\/wp-content\/uploads\/2023\/10\/swisspica-rose-water.jpg","datePublished":"2023-10-21T19:14:08+00:00","dateModified":"2026-02-16T19:48:14+00:00","breadcrumb":{"@id":"https:\/\/www.swisspica.ch\/products\/bluetenwaesser\/naturreines-rosenwasser\/#breadcrumb"},"inLanguage":"fr-FR","potentialAction":[{"@type":"ReadAction","target":["https:\/\/www.swisspica.ch\/products\/bluetenwaesser\/naturreines-rosenwasser\/"]}]},{"@type":"ImageObject","inLanguage":"fr-FR","@id":"https:\/\/www.swisspica.ch\/products\/bluetenwaesser\/naturreines-rosenwasser\/#primaryimage","url":"https:\/\/www.swisspica.ch\/wp-content\/uploads\/2023\/10\/swisspica-rose-water.jpg","contentUrl":"https:\/\/www.swisspica.ch\/wp-content\/uploads\/2023\/10\/swisspica-rose-water.jpg","width":600,"height":600},{"@type":"BreadcrumbList","@id":"https:\/\/www.swisspica.ch\/products\/bluetenwaesser\/naturreines-rosenwasser\/#breadcrumb","itemListElement":[{"@type":"ListItem","position":1,"name":"Startseite","item":"https:\/\/www.swisspica.ch\/"},{"@type":"ListItem","position":2,"name":"Shop","item":"https:\/\/www.swisspica.ch\/products\/"},{"@type":"ListItem","position":3,"name":"Bl\u00fctenw\u00e4sser","item":"https:\/\/www.swisspica.ch\/products-category\/bluetenwaesser\/"},{"@type":"ListItem","position":4,"name":"Naturreines Rosenwasser"}]},{"@type":"WebSite","@id":"https:\/\/www.swisspica.ch\/#website","url":"https:\/\/www.swisspica.ch\/","name":"Swisspica: Naturprodukte","description":"Naturprodukte, Lebensstil, Deko &amp; Geschenkideen","publisher":{"@id":"https:\/\/www.swisspica.ch\/#organization"},"alternateName":"Swisspica","potentialAction":[{"@type":"SearchAction","target":{"@type":"EntryPoint","urlTemplate":"https:\/\/www.swisspica.ch\/?s={search_term_string}"},"query-input":{"@type":"PropertyValueSpecification","valueRequired":true,"valueName":"search_term_string"}}],"inLanguage":"fr-FR"},{"@type":"Organization","@id":"https:\/\/www.swisspica.ch\/#organization","name":"Swisspica","alternateName":"Swisspica: Naturprodukte, Lebensstil, Deko & Geschenkideen","url":"https:\/\/www.swisspica.ch\/","logo":{"@type":"ImageObject","inLanguage":"fr-FR","@id":"https:\/\/www.swisspica.ch\/#\/schema\/logo\/image\/","url":"https:\/\/www.swisspica.ch\/wp-content\/uploads\/2020\/12\/swisspica-logo-gold-no-shadow.png","contentUrl":"https:\/\/www.swisspica.ch\/wp-content\/uploads\/2020\/12\/swisspica-logo-gold-no-shadow.png","width":1166,"height":449,"caption":"Swisspica"},"image":{"@id":"https:\/\/www.swisspica.ch\/#\/schema\/logo\/image\/"},"sameAs":["https:\/\/www.facebook.com\/swisspica.delights","https:\/\/www.instagram.com\/swisspica\/"]}]},"og_availability":"instock","product_availability":"instock","product_condition":"new"},"_links":{"self":[{"href":"https:\/\/www.swisspica.ch\/fr\/wp-json\/wp\/v2\/product\/15223","targetHints":{"allow":["GET"]}}],"collection":[{"href":"https:\/\/www.swisspica.ch\/fr\/wp-json\/wp\/v2\/product"}],"about":[{"href":"https:\/\/www.swisspica.ch\/fr\/wp-json\/wp\/v2\/types\/product"}],"replies":[{"embeddable":true,"href":"https:\/\/www.swisspica.ch\/fr\/wp-json\/wp\/v2\/comments?post=15223"}],"version-history":[{"count":2,"href":"https:\/\/www.swisspica.ch\/fr\/wp-json\/wp\/v2\/product\/15223\/revisions"}],"predecessor-version":[{"id":18855,"href":"https:\/\/www.swisspica.ch\/fr\/wp-json\/wp\/v2\/product\/15223\/revisions\/18855"}],"wp:featuredmedia":[{"embeddable":true,"href":"https:\/\/www.swisspica.ch\/fr\/wp-json\/wp\/v2\/media\/15228"}],"wp:attachment":[{"href":"https:\/\/www.swisspica.ch\/fr\/wp-json\/wp\/v2\/media?parent=15223"}],"wp:term":[{"taxonomy":"product_brand","embeddable":true,"href":"https:\/\/www.swisspica.ch\/fr\/wp-json\/wp\/v2\/product_brand?post=15223"},{"taxonomy":"product_cat","embeddable":true,"href":"https:\/\/www.swisspica.ch\/fr\/wp-json\/wp\/v2\/product_cat?post=15223"},{"taxonomy":"product_tag","embeddable":true,"href":"https:\/\/www.swisspica.ch\/fr\/wp-json\/wp\/v2\/product_tag?post=15223"}],"curies":[{"name":"wp","href":"https:\/\/api.w.org\/{rel}","templated":true}]}}