{"id":15555,"date":"2023-11-21T21:04:13","date_gmt":"2023-11-21T20:04:13","guid":{"rendered":"https:\/\/www.swisspica.ch\/?post_type=product&#038;p=15555"},"modified":"2026-01-07T22:47:16","modified_gmt":"2026-01-07T21:47:16","slug":"geschenkbox-4","status":"publish","type":"product","link":"https:\/\/www.swisspica.ch\/fr\/products\/special-offers\/geschenkbox-4\/","title":{"rendered":"Bo\u00eete cadeau IV"},"content":{"rendered":"<p>Offrez \u00e0 vos proches la joie de vivre avec des saveurs de l\u2019Iran! Cette bo\u00eete cadeau sera livr\u00e9e dans un carton recyclable de couleur noire tr\u00e8s chic.<\/p>\n<p>1x 200g poudre de dattes naturelles <a style=\"font-size: 12px; padding-left: 5px; color: var(--wd-primary-color);\" href=\"https:\/\/www.swisspica.ch\/fr\/products\/datteln\/bio-dattelpulver\/\">Plus d'infos<\/a><br \/>\n1x 2g Safran Super N\u00e9guine <a style=\"font-size: 12px; padding-left: 5px; color: var(--wd-primary-color);\" href=\"https:\/\/www.swisspica.ch\/fr\/products\/safran\/negin-saffron\/\">Plus d'infos<\/a><br \/>\n1x 150g dattes Mazafati naturelles <a style=\"font-size: 12px; padding-left: 5px; color: var(--wd-primary-color);\" href=\"https:\/\/www.swisspica.ch\/fr\/products\/datteln-balsamessig\/naturreine-mazafati\/\">Plus d'infos<\/a><br \/>\n1x 150g dattes Madjoul naturelles <a style=\"font-size: 12px; padding-left: 5px; color: var(--wd-primary-color);\" href=\"https:\/\/www.swisspica.ch\/fr\/products\/datteln\/madjoul\/\">Plus d'infos<\/a><\/p>","protected":false},"excerpt":{"rendered":"<p>Offrez \u00e0 vos proches la joie de vivre avec des saveurs de l\u2019Iran! Cette bo\u00eete cadeau sera livr\u00e9e dans un carton recyclable de couleur noire tr\u00e8s chic.<\/p>\n<p>1x 200g poudre de dattes naturelles<br \/>\n1x 2g Safran Super N\u00e9guine<br \/>\n1x 150g dattes Mazafati naturelles<br \/>\n1x 150g dattes Madjoul naturelles<\/p>","protected":false},"featured_media":15547,"comment_status":"open","ping_status":"closed","template":"","meta":[],"product_brand":[],"product_cat":[163],"product_tag":[222,180,224],"class_list":{"0":"post-15555","1":"product","2":"type-product","3":"status-publish","4":"has-post-thumbnail","6":"product_cat-special-offers","7":"product_tag-date","8":"product_tag-datesugar","9":"product_tag-safran","10":"product_shipping_class-glass","12":"first","13":"instock","14":"taxable","15":"shipping-taxable","16":"purchasable","17":"product-type-simple"},"yoast_head":"<!-- This site is optimized with the Yoast SEO plugin v27.1.1 - https:\/\/yoast.com\/product\/yoast-seo-wordpress\/ -->\n<title>Geschenkbox IV<\/title>\n<meta name=\"robots\" content=\"index, follow, max-snippet:-1, max-image-preview:large, max-video-preview:-1\" \/>\n<link rel=\"canonical\" href=\"https:\/\/www.swisspica.ch\/fr\/products\/special-offers\/geschenkbox-4\/\" \/>\n<meta property=\"og:locale\" content=\"fr_FR\" \/>\n<meta property=\"og:type\" content=\"article\" \/>\n<meta property=\"og:title\" content=\"Geschenkbox IV\" \/>\n<meta property=\"og:description\" content=\"Schenken Sie Ihren Liebsten Lebensfreude mit iranischem Geschmack! Diese Geschenkbox wird in einer nachhaltigen Kartonschachtel in edlem Schwarz geliefert.  1x 200g Naturreines Dattelpulver 1x 2g Super Negin Safran 1x 150g Naturreine Mazafati Datteln 1x 150g Naturreine Madjoul Datteln\" \/>\n<meta property=\"og:url\" content=\"https:\/\/www.swisspica.ch\/fr\/products\/special-offers\/geschenkbox-4\/\" \/>\n<meta property=\"og:site_name\" content=\"Swisspica\" \/>\n<meta property=\"article:publisher\" content=\"https:\/\/www.facebook.com\/swisspica.delights\" \/>\n<meta property=\"article:modified_time\" content=\"2026-01-07T21:47:16+00:00\" \/>\n<meta property=\"og:image\" content=\"https:\/\/www.swisspica.ch\/wp-content\/uploads\/2023\/11\/set4.jpg\" \/>\n\t<meta property=\"og:image:width\" content=\"600\" \/>\n\t<meta property=\"og:image:height\" content=\"600\" \/>\n\t<meta property=\"og:image:type\" content=\"image\/jpeg\" \/>\n<meta name=\"twitter:card\" content=\"summary_large_image\" \/>\n<meta name=\"twitter:label1\" content=\"Prix\" \/>\n\t<meta name=\"twitter:data1\" content=\"34.00&nbsp;&#067;&#072;&#070; (Inkl. MWST)\" \/>\n\t<meta name=\"twitter:label2\" content=\"Disponibilit\u00e9\" \/>\n\t<meta name=\"twitter:data2\" content=\"En stock\" \/>\n<script type=\"application\/ld+json\" class=\"yoast-schema-graph\">{\"@context\":\"https:\/\/schema.org\",\"@graph\":[{\"@type\":\"WebPage\",\"@id\":\"https:\/\/www.swisspica.ch\/products\/special-offers\/geschenkbox-4\/\",\"url\":\"https:\/\/www.swisspica.ch\/products\/special-offers\/geschenkbox-4\/\",\"name\":\"Geschenkbox IV\",\"isPartOf\":{\"@id\":\"https:\/\/www.swisspica.ch\/#website\"},\"primaryImageOfPage\":{\"@id\":\"https:\/\/www.swisspica.ch\/products\/special-offers\/geschenkbox-4\/#primaryimage\"},\"image\":{\"@id\":\"https:\/\/www.swisspica.ch\/products\/special-offers\/geschenkbox-4\/#primaryimage\"},\"thumbnailUrl\":\"https:\/\/www.swisspica.ch\/wp-content\/uploads\/2023\/11\/set4.jpg\",\"datePublished\":\"2023-11-21T20:04:13+00:00\",\"dateModified\":\"2026-01-07T21:47:16+00:00\",\"breadcrumb\":{\"@id\":\"https:\/\/www.swisspica.ch\/products\/special-offers\/geschenkbox-4\/#breadcrumb\"},\"inLanguage\":\"fr-FR\",\"potentialAction\":[{\"@type\":\"ReadAction\",\"target\":[\"https:\/\/www.swisspica.ch\/products\/special-offers\/geschenkbox-4\/\"]}]},{\"@type\":\"ImageObject\",\"inLanguage\":\"fr-FR\",\"@id\":\"https:\/\/www.swisspica.ch\/products\/special-offers\/geschenkbox-4\/#primaryimage\",\"url\":\"https:\/\/www.swisspica.ch\/wp-content\/uploads\/2023\/11\/set4.jpg\",\"contentUrl\":\"https:\/\/www.swisspica.ch\/wp-content\/uploads\/2023\/11\/set4.jpg\",\"width\":600,\"height\":600},{\"@type\":\"BreadcrumbList\",\"@id\":\"https:\/\/www.swisspica.ch\/products\/special-offers\/geschenkbox-4\/#breadcrumb\",\"itemListElement\":[{\"@type\":\"ListItem\",\"position\":1,\"name\":\"Startseite\",\"item\":\"https:\/\/www.swisspica.ch\/\"},{\"@type\":\"ListItem\",\"position\":2,\"name\":\"Shop\",\"item\":\"https:\/\/www.swisspica.ch\/products\/\"},{\"@type\":\"ListItem\",\"position\":3,\"name\":\"Geschenkideen\",\"item\":\"https:\/\/www.swisspica.ch\/products-category\/special-offers\/\"},{\"@type\":\"ListItem\",\"position\":4,\"name\":\"Geschenkbox IV\"}]},{\"@type\":\"WebSite\",\"@id\":\"https:\/\/www.swisspica.ch\/#website\",\"url\":\"https:\/\/www.swisspica.ch\/\",\"name\":\"Swisspica: Naturprodukte\",\"description\":\"Naturprodukte, Lebensstil, Deko &amp; Geschenkideen\",\"publisher\":{\"@id\":\"https:\/\/www.swisspica.ch\/#organization\"},\"alternateName\":\"Swisspica\",\"potentialAction\":[{\"@type\":\"SearchAction\",\"target\":{\"@type\":\"EntryPoint\",\"urlTemplate\":\"https:\/\/www.swisspica.ch\/?s={search_term_string}\"},\"query-input\":{\"@type\":\"PropertyValueSpecification\",\"valueRequired\":true,\"valueName\":\"search_term_string\"}}],\"inLanguage\":\"fr-FR\"},{\"@type\":\"Organization\",\"@id\":\"https:\/\/www.swisspica.ch\/#organization\",\"name\":\"Swisspica\",\"alternateName\":\"Swisspica: Naturprodukte, Lebensstil, Deko & Geschenkideen\",\"url\":\"https:\/\/www.swisspica.ch\/\",\"logo\":{\"@type\":\"ImageObject\",\"inLanguage\":\"fr-FR\",\"@id\":\"https:\/\/www.swisspica.ch\/#\/schema\/logo\/image\/\",\"url\":\"https:\/\/www.swisspica.ch\/wp-content\/uploads\/2020\/12\/swisspica-logo-gold-no-shadow.png\",\"contentUrl\":\"https:\/\/www.swisspica.ch\/wp-content\/uploads\/2020\/12\/swisspica-logo-gold-no-shadow.png\",\"width\":1166,\"height\":449,\"caption\":\"Swisspica\"},\"image\":{\"@id\":\"https:\/\/www.swisspica.ch\/#\/schema\/logo\/image\/\"},\"sameAs\":[\"https:\/\/www.facebook.com\/swisspica.delights\",\"https:\/\/www.instagram.com\/swisspica\/\"]}]}<\/script>\n<meta property=\"product:price:amount\" content=\"34.00\" \/>\n<meta property=\"product:price:currency\" content=\"CHF\" \/>\n<meta property=\"og:availability\" content=\"instock\" \/>\n<meta property=\"product:availability\" content=\"instock\" \/>\n<meta property=\"product:condition\" content=\"new\" \/>\n<!-- \/ Yoast SEO plugin. -->","yoast_head_json":{"title":"Bo\u00eete cadeau IV","robots":{"index":"index","follow":"follow","max-snippet":"max-snippet:-1","max-image-preview":"max-image-preview:large","max-video-preview":"max-video-preview:-1"},"canonical":"https:\/\/www.swisspica.ch\/fr\/products\/special-offers\/geschenkbox-4\/","og_locale":"fr_FR","og_type":"article","og_title":"Geschenkbox IV","og_description":"Schenken Sie Ihren Liebsten Lebensfreude mit iranischem Geschmack! Diese Geschenkbox wird in einer nachhaltigen Kartonschachtel in edlem Schwarz geliefert.  1x 200g Naturreines Dattelpulver 1x 2g Super Negin Safran 1x 150g Naturreine Mazafati Datteln 1x 150g Naturreine Madjoul Datteln","og_url":"https:\/\/www.swisspica.ch\/fr\/products\/special-offers\/geschenkbox-4\/","og_site_name":"Swisspica","article_publisher":"https:\/\/www.facebook.com\/swisspica.delights","article_modified_time":"2026-01-07T21:47:16+00:00","og_image":[{"width":600,"height":600,"url":"https:\/\/www.swisspica.ch\/wp-content\/uploads\/2023\/11\/set4.jpg","type":"image\/jpeg"}],"twitter_card":"summary_large_image","twitter_misc":{"Prix":"34.00&nbsp;&#67;&#72;&#70; (Inkl. MWST)","Disponibilit\u00e9":"En stock"},"schema":{"@context":"https:\/\/schema.org","@graph":[{"@type":"WebPage","@id":"https:\/\/www.swisspica.ch\/products\/special-offers\/geschenkbox-4\/","url":"https:\/\/www.swisspica.ch\/products\/special-offers\/geschenkbox-4\/","name":"Bo\u00eete cadeau IV","isPartOf":{"@id":"https:\/\/www.swisspica.ch\/#website"},"primaryImageOfPage":{"@id":"https:\/\/www.swisspica.ch\/products\/special-offers\/geschenkbox-4\/#primaryimage"},"image":{"@id":"https:\/\/www.swisspica.ch\/products\/special-offers\/geschenkbox-4\/#primaryimage"},"thumbnailUrl":"https:\/\/www.swisspica.ch\/wp-content\/uploads\/2023\/11\/set4.jpg","datePublished":"2023-11-21T20:04:13+00:00","dateModified":"2026-01-07T21:47:16+00:00","breadcrumb":{"@id":"https:\/\/www.swisspica.ch\/products\/special-offers\/geschenkbox-4\/#breadcrumb"},"inLanguage":"fr-FR","potentialAction":[{"@type":"ReadAction","target":["https:\/\/www.swisspica.ch\/products\/special-offers\/geschenkbox-4\/"]}]},{"@type":"ImageObject","inLanguage":"fr-FR","@id":"https:\/\/www.swisspica.ch\/products\/special-offers\/geschenkbox-4\/#primaryimage","url":"https:\/\/www.swisspica.ch\/wp-content\/uploads\/2023\/11\/set4.jpg","contentUrl":"https:\/\/www.swisspica.ch\/wp-content\/uploads\/2023\/11\/set4.jpg","width":600,"height":600},{"@type":"BreadcrumbList","@id":"https:\/\/www.swisspica.ch\/products\/special-offers\/geschenkbox-4\/#breadcrumb","itemListElement":[{"@type":"ListItem","position":1,"name":"Startseite","item":"https:\/\/www.swisspica.ch\/"},{"@type":"ListItem","position":2,"name":"Shop","item":"https:\/\/www.swisspica.ch\/products\/"},{"@type":"ListItem","position":3,"name":"Geschenkideen","item":"https:\/\/www.swisspica.ch\/products-category\/special-offers\/"},{"@type":"ListItem","position":4,"name":"Geschenkbox IV"}]},{"@type":"WebSite","@id":"https:\/\/www.swisspica.ch\/#website","url":"https:\/\/www.swisspica.ch\/","name":"Swisspica: Naturprodukte","description":"Naturprodukte, Lebensstil, Deko &amp; Geschenkideen","publisher":{"@id":"https:\/\/www.swisspica.ch\/#organization"},"alternateName":"Swisspica","potentialAction":[{"@type":"SearchAction","target":{"@type":"EntryPoint","urlTemplate":"https:\/\/www.swisspica.ch\/?s={search_term_string}"},"query-input":{"@type":"PropertyValueSpecification","valueRequired":true,"valueName":"search_term_string"}}],"inLanguage":"fr-FR"},{"@type":"Organization","@id":"https:\/\/www.swisspica.ch\/#organization","name":"Swisspica","alternateName":"Swisspica: Naturprodukte, Lebensstil, Deko & Geschenkideen","url":"https:\/\/www.swisspica.ch\/","logo":{"@type":"ImageObject","inLanguage":"fr-FR","@id":"https:\/\/www.swisspica.ch\/#\/schema\/logo\/image\/","url":"https:\/\/www.swisspica.ch\/wp-content\/uploads\/2020\/12\/swisspica-logo-gold-no-shadow.png","contentUrl":"https:\/\/www.swisspica.ch\/wp-content\/uploads\/2020\/12\/swisspica-logo-gold-no-shadow.png","width":1166,"height":449,"caption":"Swisspica"},"image":{"@id":"https:\/\/www.swisspica.ch\/#\/schema\/logo\/image\/"},"sameAs":["https:\/\/www.facebook.com\/swisspica.delights","https:\/\/www.instagram.com\/swisspica\/"]}]},"product_price_amount":"34.00","product_price_currency":"CHF","og_availability":"instock","product_availability":"instock","product_condition":"new"},"_links":{"self":[{"href":"https:\/\/www.swisspica.ch\/fr\/wp-json\/wp\/v2\/product\/15555","targetHints":{"allow":["GET"]}}],"collection":[{"href":"https:\/\/www.swisspica.ch\/fr\/wp-json\/wp\/v2\/product"}],"about":[{"href":"https:\/\/www.swisspica.ch\/fr\/wp-json\/wp\/v2\/types\/product"}],"replies":[{"embeddable":true,"href":"https:\/\/www.swisspica.ch\/fr\/wp-json\/wp\/v2\/comments?post=15555"}],"version-history":[{"count":2,"href":"https:\/\/www.swisspica.ch\/fr\/wp-json\/wp\/v2\/product\/15555\/revisions"}],"predecessor-version":[{"id":18676,"href":"https:\/\/www.swisspica.ch\/fr\/wp-json\/wp\/v2\/product\/15555\/revisions\/18676"}],"wp:featuredmedia":[{"embeddable":true,"href":"https:\/\/www.swisspica.ch\/fr\/wp-json\/wp\/v2\/media\/15547"}],"wp:attachment":[{"href":"https:\/\/www.swisspica.ch\/fr\/wp-json\/wp\/v2\/media?parent=15555"}],"wp:term":[{"taxonomy":"product_brand","embeddable":true,"href":"https:\/\/www.swisspica.ch\/fr\/wp-json\/wp\/v2\/product_brand?post=15555"},{"taxonomy":"product_cat","embeddable":true,"href":"https:\/\/www.swisspica.ch\/fr\/wp-json\/wp\/v2\/product_cat?post=15555"},{"taxonomy":"product_tag","embeddable":true,"href":"https:\/\/www.swisspica.ch\/fr\/wp-json\/wp\/v2\/product_tag?post=15555"}],"curies":[{"name":"wp","href":"https:\/\/api.w.org\/{rel}","templated":true}]}}