{"id":15948,"date":"2024-02-29T20:11:39","date_gmt":"2024-02-29T19:11:39","guid":{"rendered":"https:\/\/www.swisspica.ch\/?post_type=product&#038;p=15948"},"modified":"2026-01-07T22:47:15","modified_gmt":"2026-01-07T21:47:15","slug":"authentische-kaviarschale-aus-iran-mit-fischmuster","status":"publish","type":"product","link":"https:\/\/www.swisspica.ch\/fr\/products\/lebensstil\/authentische-kaviarschale-aus-iran-mit-fischmuster\/","title":{"rendered":"Authentique coupe \u00e0 caviar de l\u2019Iran orn\u00e9e de motif de poissons"},"content":{"rendered":"<p>En harmonie avec le caviar, cette coupe est joliment d\u00e9cor\u00e9e de nombreux poissons. Il ne manque que la glace pour pr\u00e9senter le caviar \u00e0 vos h\u00f4tes de mani\u00e8re authentique et insolite.<\/p>\n<ul>\n<li>Poids : 465 g<\/li>\n<li>Dimensions: 18 x 18 x 15 cm (largeur x longueur x hauteur)<\/li>\n<\/ul>","protected":false},"excerpt":{"rendered":"<p>En harmonie avec le caviar, cette coupe est joliment d\u00e9cor\u00e9e de nombreux poissons. Il ne manque que la glace pour pr\u00e9senter le caviar \u00e0 vos h\u00f4tes de mani\u00e8re authentique et insolite.<\/p>\n<ul>\n<li>Poids : 465 g<\/li>\n<li>Dimensions: 18 x 18 x 15 cm (largeur x longueur x hauteur)<\/li>\n<\/ul>","protected":false},"featured_media":15951,"comment_status":"open","ping_status":"closed","template":"","meta":[],"product_brand":[],"product_cat":[249],"product_tag":[252,253],"class_list":{"0":"post-15948","1":"product","2":"type-product","3":"status-publish","4":"has-post-thumbnail","6":"product_cat-lebensstil","7":"product_tag-buecher","8":"product_tag-deko","10":"first","11":"outofstock","12":"taxable","13":"shipping-taxable","14":"purchasable","15":"product-type-simple"},"yoast_head":"<!-- This site is optimized with the Yoast SEO plugin v27.1.1 - https:\/\/yoast.com\/product\/yoast-seo-wordpress\/ -->\n<title>Authentische Kaviarschale aus Iran mit Fischmuster<\/title>\n<meta name=\"robots\" content=\"index, follow, max-snippet:-1, max-image-preview:large, max-video-preview:-1\" \/>\n<link rel=\"canonical\" href=\"https:\/\/www.swisspica.ch\/fr\/products\/lebensstil\/authentische-kaviarschale-aus-iran-mit-fischmuster\/\" \/>\n<meta property=\"og:locale\" content=\"fr_FR\" \/>\n<meta property=\"og:type\" content=\"article\" \/>\n<meta property=\"og:title\" content=\"Authentische Kaviarschale aus Iran mit Fischmuster\" \/>\n<meta property=\"og:description\" content=\"Passend zu Kaviar ist diese schicke Schale mit zahlreichen Fischen dekoriert. Es fehlt nur das Eis und schon zeigen Sie Ihren G\u00e4sten Kaviar auf authentische und ausgefallene Art und Weise.   Gewicht: 465g  Dimensionen: 18 x 18 x 15 cm (Breite x L\u00e4nge x H\u00f6he)\" \/>\n<meta property=\"og:url\" content=\"https:\/\/www.swisspica.ch\/fr\/products\/lebensstil\/authentische-kaviarschale-aus-iran-mit-fischmuster\/\" \/>\n<meta property=\"og:site_name\" content=\"Swisspica\" \/>\n<meta property=\"article:publisher\" content=\"https:\/\/www.facebook.com\/swisspica.delights\" \/>\n<meta property=\"article:modified_time\" content=\"2026-01-07T21:47:15+00:00\" \/>\n<meta property=\"og:image\" content=\"https:\/\/www.swisspica.ch\/wp-content\/uploads\/2024\/02\/AuthentischeKaviarschale-1.jpg\" \/>\n\t<meta property=\"og:image:width\" content=\"600\" \/>\n\t<meta property=\"og:image:height\" content=\"600\" \/>\n\t<meta property=\"og:image:type\" content=\"image\/jpeg\" \/>\n<meta name=\"twitter:card\" content=\"summary_large_image\" \/>\n<meta name=\"twitter:label1\" content=\"Prix\" \/>\n\t<meta name=\"twitter:data1\" content=\"110.00&nbsp;&#067;&#072;&#070; (Inkl. MWST)\" \/>\n\t<meta name=\"twitter:label2\" content=\"Disponibilit\u00e9\" \/>\n\t<meta name=\"twitter:data2\" content=\"Rupture de stock\" \/>\n<script type=\"application\/ld+json\" class=\"yoast-schema-graph\">{\"@context\":\"https:\/\/schema.org\",\"@graph\":[{\"@type\":\"WebPage\",\"@id\":\"https:\/\/www.swisspica.ch\/products\/lebensstil\/authentische-kaviarschale-aus-iran-mit-fischmuster\/\",\"url\":\"https:\/\/www.swisspica.ch\/products\/lebensstil\/authentische-kaviarschale-aus-iran-mit-fischmuster\/\",\"name\":\"Authentische Kaviarschale aus Iran mit Fischmuster\",\"isPartOf\":{\"@id\":\"https:\/\/www.swisspica.ch\/#website\"},\"primaryImageOfPage\":{\"@id\":\"https:\/\/www.swisspica.ch\/products\/lebensstil\/authentische-kaviarschale-aus-iran-mit-fischmuster\/#primaryimage\"},\"image\":{\"@id\":\"https:\/\/www.swisspica.ch\/products\/lebensstil\/authentische-kaviarschale-aus-iran-mit-fischmuster\/#primaryimage\"},\"thumbnailUrl\":\"https:\/\/www.swisspica.ch\/wp-content\/uploads\/2024\/02\/AuthentischeKaviarschale-1.jpg\",\"datePublished\":\"2024-02-29T19:11:39+00:00\",\"dateModified\":\"2026-01-07T21:47:15+00:00\",\"breadcrumb\":{\"@id\":\"https:\/\/www.swisspica.ch\/products\/lebensstil\/authentische-kaviarschale-aus-iran-mit-fischmuster\/#breadcrumb\"},\"inLanguage\":\"fr-FR\",\"potentialAction\":[{\"@type\":\"ReadAction\",\"target\":[\"https:\/\/www.swisspica.ch\/products\/lebensstil\/authentische-kaviarschale-aus-iran-mit-fischmuster\/\"]}]},{\"@type\":\"ImageObject\",\"inLanguage\":\"fr-FR\",\"@id\":\"https:\/\/www.swisspica.ch\/products\/lebensstil\/authentische-kaviarschale-aus-iran-mit-fischmuster\/#primaryimage\",\"url\":\"https:\/\/www.swisspica.ch\/wp-content\/uploads\/2024\/02\/AuthentischeKaviarschale-1.jpg\",\"contentUrl\":\"https:\/\/www.swisspica.ch\/wp-content\/uploads\/2024\/02\/AuthentischeKaviarschale-1.jpg\",\"width\":600,\"height\":600},{\"@type\":\"BreadcrumbList\",\"@id\":\"https:\/\/www.swisspica.ch\/products\/lebensstil\/authentische-kaviarschale-aus-iran-mit-fischmuster\/#breadcrumb\",\"itemListElement\":[{\"@type\":\"ListItem\",\"position\":1,\"name\":\"Startseite\",\"item\":\"https:\/\/www.swisspica.ch\/\"},{\"@type\":\"ListItem\",\"position\":2,\"name\":\"Shop\",\"item\":\"https:\/\/www.swisspica.ch\/products\/\"},{\"@type\":\"ListItem\",\"position\":3,\"name\":\"Lebensstil\",\"item\":\"https:\/\/www.swisspica.ch\/products-category\/lebensstil\/\"},{\"@type\":\"ListItem\",\"position\":4,\"name\":\"Authentische Kaviarschale aus Iran mit Fischmuster\"}]},{\"@type\":\"WebSite\",\"@id\":\"https:\/\/www.swisspica.ch\/#website\",\"url\":\"https:\/\/www.swisspica.ch\/\",\"name\":\"Swisspica: Naturprodukte\",\"description\":\"Naturprodukte, Lebensstil, Deko &amp; Geschenkideen\",\"publisher\":{\"@id\":\"https:\/\/www.swisspica.ch\/#organization\"},\"alternateName\":\"Swisspica\",\"potentialAction\":[{\"@type\":\"SearchAction\",\"target\":{\"@type\":\"EntryPoint\",\"urlTemplate\":\"https:\/\/www.swisspica.ch\/?s={search_term_string}\"},\"query-input\":{\"@type\":\"PropertyValueSpecification\",\"valueRequired\":true,\"valueName\":\"search_term_string\"}}],\"inLanguage\":\"fr-FR\"},{\"@type\":\"Organization\",\"@id\":\"https:\/\/www.swisspica.ch\/#organization\",\"name\":\"Swisspica\",\"alternateName\":\"Swisspica: Naturprodukte, Lebensstil, Deko & Geschenkideen\",\"url\":\"https:\/\/www.swisspica.ch\/\",\"logo\":{\"@type\":\"ImageObject\",\"inLanguage\":\"fr-FR\",\"@id\":\"https:\/\/www.swisspica.ch\/#\/schema\/logo\/image\/\",\"url\":\"https:\/\/www.swisspica.ch\/wp-content\/uploads\/2020\/12\/swisspica-logo-gold-no-shadow.png\",\"contentUrl\":\"https:\/\/www.swisspica.ch\/wp-content\/uploads\/2020\/12\/swisspica-logo-gold-no-shadow.png\",\"width\":1166,\"height\":449,\"caption\":\"Swisspica\"},\"image\":{\"@id\":\"https:\/\/www.swisspica.ch\/#\/schema\/logo\/image\/\"},\"sameAs\":[\"https:\/\/www.facebook.com\/swisspica.delights\",\"https:\/\/www.instagram.com\/swisspica\/\"]}]}<\/script>\n<meta property=\"product:price:amount\" content=\"110.00\" \/>\n<meta property=\"product:price:currency\" content=\"CHF\" \/>\n<meta property=\"og:availability\" content=\"out of stock\" \/>\n<meta property=\"product:availability\" content=\"out of stock\" \/>\n<meta property=\"product:condition\" content=\"new\" \/>\n<!-- \/ Yoast SEO plugin. -->","yoast_head_json":{"title":"Authentique coupe \u00e0 caviar de l\u2019Iran orn\u00e9e de motif de poissons","robots":{"index":"index","follow":"follow","max-snippet":"max-snippet:-1","max-image-preview":"max-image-preview:large","max-video-preview":"max-video-preview:-1"},"canonical":"https:\/\/www.swisspica.ch\/fr\/products\/lebensstil\/authentische-kaviarschale-aus-iran-mit-fischmuster\/","og_locale":"fr_FR","og_type":"article","og_title":"Authentische Kaviarschale aus Iran mit Fischmuster","og_description":"Passend zu Kaviar ist diese schicke Schale mit zahlreichen Fischen dekoriert. Es fehlt nur das Eis und schon zeigen Sie Ihren G\u00e4sten Kaviar auf authentische und ausgefallene Art und Weise.   Gewicht: 465g  Dimensionen: 18 x 18 x 15 cm (Breite x L\u00e4nge x H\u00f6he)","og_url":"https:\/\/www.swisspica.ch\/fr\/products\/lebensstil\/authentische-kaviarschale-aus-iran-mit-fischmuster\/","og_site_name":"Swisspica","article_publisher":"https:\/\/www.facebook.com\/swisspica.delights","article_modified_time":"2026-01-07T21:47:15+00:00","og_image":[{"width":600,"height":600,"url":"https:\/\/www.swisspica.ch\/wp-content\/uploads\/2024\/02\/AuthentischeKaviarschale-1.jpg","type":"image\/jpeg"}],"twitter_card":"summary_large_image","twitter_misc":{"Prix":"110.00&nbsp;&#67;&#72;&#70; (Inkl. MWST)","Disponibilit\u00e9":"Rupture de stock"},"schema":{"@context":"https:\/\/schema.org","@graph":[{"@type":"WebPage","@id":"https:\/\/www.swisspica.ch\/products\/lebensstil\/authentische-kaviarschale-aus-iran-mit-fischmuster\/","url":"https:\/\/www.swisspica.ch\/products\/lebensstil\/authentische-kaviarschale-aus-iran-mit-fischmuster\/","name":"Authentique coupe \u00e0 caviar de l\u2019Iran orn\u00e9e de motif de poissons","isPartOf":{"@id":"https:\/\/www.swisspica.ch\/#website"},"primaryImageOfPage":{"@id":"https:\/\/www.swisspica.ch\/products\/lebensstil\/authentische-kaviarschale-aus-iran-mit-fischmuster\/#primaryimage"},"image":{"@id":"https:\/\/www.swisspica.ch\/products\/lebensstil\/authentische-kaviarschale-aus-iran-mit-fischmuster\/#primaryimage"},"thumbnailUrl":"https:\/\/www.swisspica.ch\/wp-content\/uploads\/2024\/02\/AuthentischeKaviarschale-1.jpg","datePublished":"2024-02-29T19:11:39+00:00","dateModified":"2026-01-07T21:47:15+00:00","breadcrumb":{"@id":"https:\/\/www.swisspica.ch\/products\/lebensstil\/authentische-kaviarschale-aus-iran-mit-fischmuster\/#breadcrumb"},"inLanguage":"fr-FR","potentialAction":[{"@type":"ReadAction","target":["https:\/\/www.swisspica.ch\/products\/lebensstil\/authentische-kaviarschale-aus-iran-mit-fischmuster\/"]}]},{"@type":"ImageObject","inLanguage":"fr-FR","@id":"https:\/\/www.swisspica.ch\/products\/lebensstil\/authentische-kaviarschale-aus-iran-mit-fischmuster\/#primaryimage","url":"https:\/\/www.swisspica.ch\/wp-content\/uploads\/2024\/02\/AuthentischeKaviarschale-1.jpg","contentUrl":"https:\/\/www.swisspica.ch\/wp-content\/uploads\/2024\/02\/AuthentischeKaviarschale-1.jpg","width":600,"height":600},{"@type":"BreadcrumbList","@id":"https:\/\/www.swisspica.ch\/products\/lebensstil\/authentische-kaviarschale-aus-iran-mit-fischmuster\/#breadcrumb","itemListElement":[{"@type":"ListItem","position":1,"name":"Startseite","item":"https:\/\/www.swisspica.ch\/"},{"@type":"ListItem","position":2,"name":"Shop","item":"https:\/\/www.swisspica.ch\/products\/"},{"@type":"ListItem","position":3,"name":"Lebensstil","item":"https:\/\/www.swisspica.ch\/products-category\/lebensstil\/"},{"@type":"ListItem","position":4,"name":"Authentische Kaviarschale aus Iran mit Fischmuster"}]},{"@type":"WebSite","@id":"https:\/\/www.swisspica.ch\/#website","url":"https:\/\/www.swisspica.ch\/","name":"Swisspica: Naturprodukte","description":"Naturprodukte, Lebensstil, Deko &amp; Geschenkideen","publisher":{"@id":"https:\/\/www.swisspica.ch\/#organization"},"alternateName":"Swisspica","potentialAction":[{"@type":"SearchAction","target":{"@type":"EntryPoint","urlTemplate":"https:\/\/www.swisspica.ch\/?s={search_term_string}"},"query-input":{"@type":"PropertyValueSpecification","valueRequired":true,"valueName":"search_term_string"}}],"inLanguage":"fr-FR"},{"@type":"Organization","@id":"https:\/\/www.swisspica.ch\/#organization","name":"Swisspica","alternateName":"Swisspica: Naturprodukte, Lebensstil, Deko & Geschenkideen","url":"https:\/\/www.swisspica.ch\/","logo":{"@type":"ImageObject","inLanguage":"fr-FR","@id":"https:\/\/www.swisspica.ch\/#\/schema\/logo\/image\/","url":"https:\/\/www.swisspica.ch\/wp-content\/uploads\/2020\/12\/swisspica-logo-gold-no-shadow.png","contentUrl":"https:\/\/www.swisspica.ch\/wp-content\/uploads\/2020\/12\/swisspica-logo-gold-no-shadow.png","width":1166,"height":449,"caption":"Swisspica"},"image":{"@id":"https:\/\/www.swisspica.ch\/#\/schema\/logo\/image\/"},"sameAs":["https:\/\/www.facebook.com\/swisspica.delights","https:\/\/www.instagram.com\/swisspica\/"]}]},"product_price_amount":"110.00","product_price_currency":"CHF","og_availability":"out of stock","product_availability":"out of stock","product_condition":"new"},"_links":{"self":[{"href":"https:\/\/www.swisspica.ch\/fr\/wp-json\/wp\/v2\/product\/15948","targetHints":{"allow":["GET"]}}],"collection":[{"href":"https:\/\/www.swisspica.ch\/fr\/wp-json\/wp\/v2\/product"}],"about":[{"href":"https:\/\/www.swisspica.ch\/fr\/wp-json\/wp\/v2\/types\/product"}],"replies":[{"embeddable":true,"href":"https:\/\/www.swisspica.ch\/fr\/wp-json\/wp\/v2\/comments?post=15948"}],"version-history":[{"count":0,"href":"https:\/\/www.swisspica.ch\/fr\/wp-json\/wp\/v2\/product\/15948\/revisions"}],"wp:featuredmedia":[{"embeddable":true,"href":"https:\/\/www.swisspica.ch\/fr\/wp-json\/wp\/v2\/media\/15951"}],"wp:attachment":[{"href":"https:\/\/www.swisspica.ch\/fr\/wp-json\/wp\/v2\/media?parent=15948"}],"wp:term":[{"taxonomy":"product_brand","embeddable":true,"href":"https:\/\/www.swisspica.ch\/fr\/wp-json\/wp\/v2\/product_brand?post=15948"},{"taxonomy":"product_cat","embeddable":true,"href":"https:\/\/www.swisspica.ch\/fr\/wp-json\/wp\/v2\/product_cat?post=15948"},{"taxonomy":"product_tag","embeddable":true,"href":"https:\/\/www.swisspica.ch\/fr\/wp-json\/wp\/v2\/product_tag?post=15948"}],"curies":[{"name":"wp","href":"https:\/\/api.w.org\/{rel}","templated":true}]}}