{"id":15994,"date":"2024-03-01T01:52:48","date_gmt":"2024-03-01T00:52:48","guid":{"rendered":"https:\/\/www.swisspica.ch\/?post_type=product&#038;p=15994"},"modified":"2026-01-07T22:47:11","modified_gmt":"2026-01-07T21:47:11","slug":"tongefaess-in-form-einer-giraffe","status":"publish","type":"product","link":"https:\/\/www.swisspica.ch\/fr\/products\/lebensstil\/tongefaess-in-form-einer-giraffe\/","title":{"rendered":"R\u00e9cipient en terre cuite en forme de girafe"},"content":{"rendered":"<p>Une figurine tout en fantaisie et repr\u00e9sentant une girafe pour un r\u00e9cipient multifonctionnel.<\/p>\n<ul>\n<li>Poids: 565 g<\/li>\n<li>Dimensions: 16 x 12 x 28 cm (largeur x longueur x hauteur)<\/li>\n<\/ul>","protected":false},"excerpt":{"rendered":"<p>Une figurine tout en fantaisie et repr\u00e9sentant une girafe pour un r\u00e9cipient multifonctionnel.<\/p>\n<ul>\n<li>Poids: 565 g<\/li>\n<li>Dimensions: 16 x 12 x 28 cm (largeur x longueur x hauteur)<\/li>\n<\/ul>","protected":false},"featured_media":16000,"comment_status":"open","ping_status":"closed","template":"","meta":[],"product_brand":[],"product_cat":[249],"product_tag":[252,253],"class_list":{"0":"post-15994","1":"product","2":"type-product","3":"status-publish","4":"has-post-thumbnail","6":"product_cat-lebensstil","7":"product_tag-buecher","8":"product_tag-deko","10":"first","11":"instock","12":"taxable","13":"shipping-taxable","14":"purchasable","15":"product-type-simple"},"yoast_head":"<!-- This site is optimized with the Yoast SEO plugin v27.1.1 - https:\/\/yoast.com\/product\/yoast-seo-wordpress\/ -->\n<title>Tongef\u00e4ss in Form einer Giraffe<\/title>\n<meta name=\"robots\" content=\"index, follow, max-snippet:-1, max-image-preview:large, max-video-preview:-1\" \/>\n<link rel=\"canonical\" href=\"https:\/\/www.swisspica.ch\/fr\/products\/lebensstil\/tongefaess-in-form-einer-giraffe\/\" \/>\n<meta property=\"og:locale\" content=\"fr_FR\" \/>\n<meta property=\"og:type\" content=\"article\" \/>\n<meta property=\"og:title\" content=\"Tongef\u00e4ss in Form einer Giraffe\" \/>\n<meta property=\"og:description\" content=\"Diese verspielte Figur aus Ton stellt eine Giraffe dar und kann als Gef\u00e4ss f\u00fcr verschiedene Dinge dienen.   Gewicht: 565g  Dimensionen: 16 x 12 x 28 cm (Breite x L\u00e4nge x H\u00f6he)\" \/>\n<meta property=\"og:url\" content=\"https:\/\/www.swisspica.ch\/fr\/products\/lebensstil\/tongefaess-in-form-einer-giraffe\/\" \/>\n<meta property=\"og:site_name\" content=\"Swisspica\" \/>\n<meta property=\"article:publisher\" content=\"https:\/\/www.facebook.com\/swisspica.delights\" \/>\n<meta property=\"article:modified_time\" content=\"2026-01-07T21:47:11+00:00\" \/>\n<meta property=\"og:image\" content=\"https:\/\/www.swisspica.ch\/wp-content\/uploads\/2024\/03\/Tongefass-in-Form-einer-Giraffe-5.jpg\" \/>\n\t<meta property=\"og:image:width\" content=\"600\" \/>\n\t<meta property=\"og:image:height\" content=\"600\" \/>\n\t<meta property=\"og:image:type\" content=\"image\/jpeg\" \/>\n<meta name=\"twitter:card\" content=\"summary_large_image\" \/>\n<meta name=\"twitter:label1\" content=\"Prix\" \/>\n\t<meta name=\"twitter:data1\" content=\"18.00&nbsp;&#067;&#072;&#070; (Inkl. MWST)\" \/>\n\t<meta name=\"twitter:label2\" content=\"Disponibilit\u00e9\" \/>\n\t<meta name=\"twitter:data2\" content=\"En stock\" \/>\n<script type=\"application\/ld+json\" class=\"yoast-schema-graph\">{\"@context\":\"https:\/\/schema.org\",\"@graph\":[{\"@type\":\"WebPage\",\"@id\":\"https:\/\/www.swisspica.ch\/products\/lebensstil\/tongefaess-in-form-einer-giraffe\/\",\"url\":\"https:\/\/www.swisspica.ch\/products\/lebensstil\/tongefaess-in-form-einer-giraffe\/\",\"name\":\"Tongef\u00e4ss in Form einer Giraffe\",\"isPartOf\":{\"@id\":\"https:\/\/www.swisspica.ch\/#website\"},\"primaryImageOfPage\":{\"@id\":\"https:\/\/www.swisspica.ch\/products\/lebensstil\/tongefaess-in-form-einer-giraffe\/#primaryimage\"},\"image\":{\"@id\":\"https:\/\/www.swisspica.ch\/products\/lebensstil\/tongefaess-in-form-einer-giraffe\/#primaryimage\"},\"thumbnailUrl\":\"https:\/\/www.swisspica.ch\/wp-content\/uploads\/2024\/03\/Tongefass-in-Form-einer-Giraffe-5.jpg\",\"datePublished\":\"2024-03-01T00:52:48+00:00\",\"dateModified\":\"2026-01-07T21:47:11+00:00\",\"breadcrumb\":{\"@id\":\"https:\/\/www.swisspica.ch\/products\/lebensstil\/tongefaess-in-form-einer-giraffe\/#breadcrumb\"},\"inLanguage\":\"fr-FR\",\"potentialAction\":[{\"@type\":\"ReadAction\",\"target\":[\"https:\/\/www.swisspica.ch\/products\/lebensstil\/tongefaess-in-form-einer-giraffe\/\"]}]},{\"@type\":\"ImageObject\",\"inLanguage\":\"fr-FR\",\"@id\":\"https:\/\/www.swisspica.ch\/products\/lebensstil\/tongefaess-in-form-einer-giraffe\/#primaryimage\",\"url\":\"https:\/\/www.swisspica.ch\/wp-content\/uploads\/2024\/03\/Tongefass-in-Form-einer-Giraffe-5.jpg\",\"contentUrl\":\"https:\/\/www.swisspica.ch\/wp-content\/uploads\/2024\/03\/Tongefass-in-Form-einer-Giraffe-5.jpg\",\"width\":600,\"height\":600},{\"@type\":\"BreadcrumbList\",\"@id\":\"https:\/\/www.swisspica.ch\/products\/lebensstil\/tongefaess-in-form-einer-giraffe\/#breadcrumb\",\"itemListElement\":[{\"@type\":\"ListItem\",\"position\":1,\"name\":\"Startseite\",\"item\":\"https:\/\/www.swisspica.ch\/\"},{\"@type\":\"ListItem\",\"position\":2,\"name\":\"Shop\",\"item\":\"https:\/\/www.swisspica.ch\/products\/\"},{\"@type\":\"ListItem\",\"position\":3,\"name\":\"Lebensstil\",\"item\":\"https:\/\/www.swisspica.ch\/products-category\/lebensstil\/\"},{\"@type\":\"ListItem\",\"position\":4,\"name\":\"Tongef\u00e4ss in Form einer Giraffe\"}]},{\"@type\":\"WebSite\",\"@id\":\"https:\/\/www.swisspica.ch\/#website\",\"url\":\"https:\/\/www.swisspica.ch\/\",\"name\":\"Swisspica: Naturprodukte\",\"description\":\"Naturprodukte, Lebensstil, Deko &amp; Geschenkideen\",\"publisher\":{\"@id\":\"https:\/\/www.swisspica.ch\/#organization\"},\"alternateName\":\"Swisspica\",\"potentialAction\":[{\"@type\":\"SearchAction\",\"target\":{\"@type\":\"EntryPoint\",\"urlTemplate\":\"https:\/\/www.swisspica.ch\/?s={search_term_string}\"},\"query-input\":{\"@type\":\"PropertyValueSpecification\",\"valueRequired\":true,\"valueName\":\"search_term_string\"}}],\"inLanguage\":\"fr-FR\"},{\"@type\":\"Organization\",\"@id\":\"https:\/\/www.swisspica.ch\/#organization\",\"name\":\"Swisspica\",\"alternateName\":\"Swisspica: Naturprodukte, Lebensstil, Deko & Geschenkideen\",\"url\":\"https:\/\/www.swisspica.ch\/\",\"logo\":{\"@type\":\"ImageObject\",\"inLanguage\":\"fr-FR\",\"@id\":\"https:\/\/www.swisspica.ch\/#\/schema\/logo\/image\/\",\"url\":\"https:\/\/www.swisspica.ch\/wp-content\/uploads\/2020\/12\/swisspica-logo-gold-no-shadow.png\",\"contentUrl\":\"https:\/\/www.swisspica.ch\/wp-content\/uploads\/2020\/12\/swisspica-logo-gold-no-shadow.png\",\"width\":1166,\"height\":449,\"caption\":\"Swisspica\"},\"image\":{\"@id\":\"https:\/\/www.swisspica.ch\/#\/schema\/logo\/image\/\"},\"sameAs\":[\"https:\/\/www.facebook.com\/swisspica.delights\",\"https:\/\/www.instagram.com\/swisspica\/\"]}]}<\/script>\n<meta property=\"product:price:amount\" content=\"18.00\" \/>\n<meta property=\"product:price:currency\" content=\"CHF\" \/>\n<meta property=\"og:availability\" content=\"instock\" \/>\n<meta property=\"product:availability\" content=\"instock\" \/>\n<meta property=\"product:condition\" content=\"new\" \/>\n<!-- \/ Yoast SEO plugin. -->","yoast_head_json":{"title":"R\u00e9cipient en terre cuite en forme de girafe","robots":{"index":"index","follow":"follow","max-snippet":"max-snippet:-1","max-image-preview":"max-image-preview:large","max-video-preview":"max-video-preview:-1"},"canonical":"https:\/\/www.swisspica.ch\/fr\/products\/lebensstil\/tongefaess-in-form-einer-giraffe\/","og_locale":"fr_FR","og_type":"article","og_title":"Tongef\u00e4ss in Form einer Giraffe","og_description":"Diese verspielte Figur aus Ton stellt eine Giraffe dar und kann als Gef\u00e4ss f\u00fcr verschiedene Dinge dienen.   Gewicht: 565g  Dimensionen: 16 x 12 x 28 cm (Breite x L\u00e4nge x H\u00f6he)","og_url":"https:\/\/www.swisspica.ch\/fr\/products\/lebensstil\/tongefaess-in-form-einer-giraffe\/","og_site_name":"Swisspica","article_publisher":"https:\/\/www.facebook.com\/swisspica.delights","article_modified_time":"2026-01-07T21:47:11+00:00","og_image":[{"width":600,"height":600,"url":"https:\/\/www.swisspica.ch\/wp-content\/uploads\/2024\/03\/Tongefass-in-Form-einer-Giraffe-5.jpg","type":"image\/jpeg"}],"twitter_card":"summary_large_image","twitter_misc":{"Prix":"18.00&nbsp;&#67;&#72;&#70; (Inkl. MWST)","Disponibilit\u00e9":"En stock"},"schema":{"@context":"https:\/\/schema.org","@graph":[{"@type":"WebPage","@id":"https:\/\/www.swisspica.ch\/products\/lebensstil\/tongefaess-in-form-einer-giraffe\/","url":"https:\/\/www.swisspica.ch\/products\/lebensstil\/tongefaess-in-form-einer-giraffe\/","name":"R\u00e9cipient en terre cuite en forme de girafe","isPartOf":{"@id":"https:\/\/www.swisspica.ch\/#website"},"primaryImageOfPage":{"@id":"https:\/\/www.swisspica.ch\/products\/lebensstil\/tongefaess-in-form-einer-giraffe\/#primaryimage"},"image":{"@id":"https:\/\/www.swisspica.ch\/products\/lebensstil\/tongefaess-in-form-einer-giraffe\/#primaryimage"},"thumbnailUrl":"https:\/\/www.swisspica.ch\/wp-content\/uploads\/2024\/03\/Tongefass-in-Form-einer-Giraffe-5.jpg","datePublished":"2024-03-01T00:52:48+00:00","dateModified":"2026-01-07T21:47:11+00:00","breadcrumb":{"@id":"https:\/\/www.swisspica.ch\/products\/lebensstil\/tongefaess-in-form-einer-giraffe\/#breadcrumb"},"inLanguage":"fr-FR","potentialAction":[{"@type":"ReadAction","target":["https:\/\/www.swisspica.ch\/products\/lebensstil\/tongefaess-in-form-einer-giraffe\/"]}]},{"@type":"ImageObject","inLanguage":"fr-FR","@id":"https:\/\/www.swisspica.ch\/products\/lebensstil\/tongefaess-in-form-einer-giraffe\/#primaryimage","url":"https:\/\/www.swisspica.ch\/wp-content\/uploads\/2024\/03\/Tongefass-in-Form-einer-Giraffe-5.jpg","contentUrl":"https:\/\/www.swisspica.ch\/wp-content\/uploads\/2024\/03\/Tongefass-in-Form-einer-Giraffe-5.jpg","width":600,"height":600},{"@type":"BreadcrumbList","@id":"https:\/\/www.swisspica.ch\/products\/lebensstil\/tongefaess-in-form-einer-giraffe\/#breadcrumb","itemListElement":[{"@type":"ListItem","position":1,"name":"Startseite","item":"https:\/\/www.swisspica.ch\/"},{"@type":"ListItem","position":2,"name":"Shop","item":"https:\/\/www.swisspica.ch\/products\/"},{"@type":"ListItem","position":3,"name":"Lebensstil","item":"https:\/\/www.swisspica.ch\/products-category\/lebensstil\/"},{"@type":"ListItem","position":4,"name":"Tongef\u00e4ss in Form einer Giraffe"}]},{"@type":"WebSite","@id":"https:\/\/www.swisspica.ch\/#website","url":"https:\/\/www.swisspica.ch\/","name":"Swisspica: Naturprodukte","description":"Naturprodukte, Lebensstil, Deko &amp; Geschenkideen","publisher":{"@id":"https:\/\/www.swisspica.ch\/#organization"},"alternateName":"Swisspica","potentialAction":[{"@type":"SearchAction","target":{"@type":"EntryPoint","urlTemplate":"https:\/\/www.swisspica.ch\/?s={search_term_string}"},"query-input":{"@type":"PropertyValueSpecification","valueRequired":true,"valueName":"search_term_string"}}],"inLanguage":"fr-FR"},{"@type":"Organization","@id":"https:\/\/www.swisspica.ch\/#organization","name":"Swisspica","alternateName":"Swisspica: Naturprodukte, Lebensstil, Deko & Geschenkideen","url":"https:\/\/www.swisspica.ch\/","logo":{"@type":"ImageObject","inLanguage":"fr-FR","@id":"https:\/\/www.swisspica.ch\/#\/schema\/logo\/image\/","url":"https:\/\/www.swisspica.ch\/wp-content\/uploads\/2020\/12\/swisspica-logo-gold-no-shadow.png","contentUrl":"https:\/\/www.swisspica.ch\/wp-content\/uploads\/2020\/12\/swisspica-logo-gold-no-shadow.png","width":1166,"height":449,"caption":"Swisspica"},"image":{"@id":"https:\/\/www.swisspica.ch\/#\/schema\/logo\/image\/"},"sameAs":["https:\/\/www.facebook.com\/swisspica.delights","https:\/\/www.instagram.com\/swisspica\/"]}]},"product_price_amount":"18.00","product_price_currency":"CHF","og_availability":"instock","product_availability":"instock","product_condition":"new"},"_links":{"self":[{"href":"https:\/\/www.swisspica.ch\/fr\/wp-json\/wp\/v2\/product\/15994","targetHints":{"allow":["GET"]}}],"collection":[{"href":"https:\/\/www.swisspica.ch\/fr\/wp-json\/wp\/v2\/product"}],"about":[{"href":"https:\/\/www.swisspica.ch\/fr\/wp-json\/wp\/v2\/types\/product"}],"replies":[{"embeddable":true,"href":"https:\/\/www.swisspica.ch\/fr\/wp-json\/wp\/v2\/comments?post=15994"}],"version-history":[{"count":0,"href":"https:\/\/www.swisspica.ch\/fr\/wp-json\/wp\/v2\/product\/15994\/revisions"}],"wp:featuredmedia":[{"embeddable":true,"href":"https:\/\/www.swisspica.ch\/fr\/wp-json\/wp\/v2\/media\/16000"}],"wp:attachment":[{"href":"https:\/\/www.swisspica.ch\/fr\/wp-json\/wp\/v2\/media?parent=15994"}],"wp:term":[{"taxonomy":"product_brand","embeddable":true,"href":"https:\/\/www.swisspica.ch\/fr\/wp-json\/wp\/v2\/product_brand?post=15994"},{"taxonomy":"product_cat","embeddable":true,"href":"https:\/\/www.swisspica.ch\/fr\/wp-json\/wp\/v2\/product_cat?post=15994"},{"taxonomy":"product_tag","embeddable":true,"href":"https:\/\/www.swisspica.ch\/fr\/wp-json\/wp\/v2\/product_tag?post=15994"}],"curies":[{"name":"wp","href":"https:\/\/api.w.org\/{rel}","templated":true}]}}