{"id":16325,"date":"2024-10-28T22:21:20","date_gmt":"2024-10-28T21:21:20","guid":{"rendered":"https:\/\/www.swisspica.ch\/?post_type=product&#038;p=16325"},"modified":"2026-02-17T23:58:09","modified_gmt":"2026-02-17T22:58:09","slug":"geschenkbox-v","status":"publish","type":"product","link":"https:\/\/www.swisspica.ch\/fr\/products\/special-offers\/geschenkbox-v\/","title":{"rendered":"Bo\u00eete cadeau V"},"content":{"rendered":"<p>Offrez \u00e0 vos proches la joie de vivre avec des saveurs de l\u2019Iran! Cette bo\u00eete cadeau sera livr\u00e9e dans un carton recyclable de couleur noire tr\u00e8s chic.<\/p>\n<p>1x 250 ml Eau de menthe naturelle <a style=\"font-size: 12px; padding-left: 5px; color: var(--wd-primary-color);\" href=\"https:\/\/www.swisspica.ch\/fr\/products\/bluetenwaesser\/naturreines-minzwasser\/\">Plus d'infos<\/a><br \/>\n1x 250 ml Eau de rose naturelle <a style=\"font-size: 12px; padding-left: 5px; color: var(--wd-primary-color);\" href=\"https:\/\/www.swisspica.ch\/fr\/products\/bluetenwaesser\/naturreines-rosenwasser\/\">Plus d'infos<\/a><br \/>\n1x 250 ml Eau de fleur d\u2019oranger naturelle <a style=\"font-size: 12px; padding-left: 5px; color: var(--wd-primary-color);\" href=\"https:\/\/www.swisspica.ch\/fr\/products\/bluetenwaesser\/naturreines-orangenbluetenwasser\/\">Plus d'infos<\/a><br \/>\n1x 500 ml Balsamique de dattes bio <a style=\"font-size: 12px; padding-left: 5px; color: var(--wd-primary-color);\" href=\"https:\/\/www.swisspica.ch\/fr\/products\/balsamico\/bio-dattelbalsamessig\/\">Plus d'infos<\/a><br \/>\n1x 2g Safran Super N\u00e9guine <a style=\"font-size: 12px; padding-left: 5px; color: var(--wd-primary-color);\" href=\"https:\/\/www.swisspica.ch\/fr\/products\/safran\/sargol-saffron\/\">Plus d'infos<\/a><\/p>","protected":false},"excerpt":{"rendered":"<p>Offrez \u00e0 vos proches la joie de vivre avec des saveurs de l\u2019Iran! Cette bo\u00eete cadeau sera livr\u00e9e dans un carton recyclable de couleur noire tr\u00e8s chic.<\/p>\n<p>1x 250 ml Eau de menthe naturelle<br \/>\n1x 250 ml Eau de rose naturelle<br \/>\n1x 250 ml Eau de fleur d\u2019oranger naturelle<br \/>\n1x 500 ml Balsamique de dattes bio<br \/>\n1x 2g Safran Super N\u00e9guine<\/p>","protected":false},"featured_media":16326,"comment_status":"open","ping_status":"closed","template":"","meta":[],"product_brand":[],"product_cat":[163],"product_tag":[247,224],"class_list":{"0":"post-16325","1":"product","2":"type-product","3":"status-publish","4":"has-post-thumbnail","6":"product_cat-special-offers","7":"product_tag-bluetenwaesser","8":"product_tag-safran","9":"product_shipping_class-glass","11":"first","12":"instock","13":"taxable","14":"shipping-taxable","15":"purchasable","16":"product-type-simple"},"yoast_head":"<!-- This site is optimized with the Yoast SEO plugin v27.1.1 - https:\/\/yoast.com\/product\/yoast-seo-wordpress\/ -->\n<title>Geschenkbox V<\/title>\n<meta name=\"robots\" content=\"index, follow, max-snippet:-1, max-image-preview:large, max-video-preview:-1\" \/>\n<link rel=\"canonical\" href=\"https:\/\/www.swisspica.ch\/fr\/products\/special-offers\/geschenkbox-v\/\" \/>\n<meta property=\"og:locale\" content=\"fr_FR\" \/>\n<meta property=\"og:type\" content=\"article\" \/>\n<meta property=\"og:title\" content=\"Geschenkbox V\" \/>\n<meta property=\"og:description\" content=\"Schenken Sie Ihren Liebsten Lebensfreude mit iranischem Geschmack! Diese Geschenkbox wird in einer nachhaltigen Kartonschachtel in edlem Schwarz geliefert.  1x 250 ml Naturreines Minzwasser 1x 250 ml Naturreines Rosenwasser 1x 250 ml Naturreines Orangenbl\u00fctenwasser 1x 500 ml Bio-Dattelbalsamessig 1x 2g Super Negin Safran\" \/>\n<meta property=\"og:url\" content=\"https:\/\/www.swisspica.ch\/fr\/products\/special-offers\/geschenkbox-v\/\" \/>\n<meta property=\"og:site_name\" content=\"Swisspica\" \/>\n<meta property=\"article:publisher\" content=\"https:\/\/www.facebook.com\/swisspica.delights\" \/>\n<meta property=\"article:modified_time\" content=\"2026-02-17T22:58:09+00:00\" \/>\n<meta property=\"og:image\" content=\"https:\/\/www.swisspica.ch\/wp-content\/uploads\/2024\/10\/set5.jpg\" \/>\n\t<meta property=\"og:image:width\" content=\"1000\" \/>\n\t<meta property=\"og:image:height\" content=\"1000\" \/>\n\t<meta property=\"og:image:type\" content=\"image\/jpeg\" \/>\n<meta name=\"twitter:card\" content=\"summary_large_image\" \/>\n<meta name=\"twitter:label1\" content=\"Prix\" \/>\n\t<meta name=\"twitter:data1\" content=\"59.95&nbsp;&#067;&#072;&#070; (Inkl. MWST)\" \/>\n\t<meta name=\"twitter:label2\" content=\"Disponibilit\u00e9\" \/>\n\t<meta name=\"twitter:data2\" content=\"En stock\" \/>\n<script type=\"application\/ld+json\" class=\"yoast-schema-graph\">{\"@context\":\"https:\/\/schema.org\",\"@graph\":[{\"@type\":\"WebPage\",\"@id\":\"https:\/\/www.swisspica.ch\/products\/special-offers\/geschenkbox-v\/\",\"url\":\"https:\/\/www.swisspica.ch\/products\/special-offers\/geschenkbox-v\/\",\"name\":\"Geschenkbox V\",\"isPartOf\":{\"@id\":\"https:\/\/www.swisspica.ch\/#website\"},\"primaryImageOfPage\":{\"@id\":\"https:\/\/www.swisspica.ch\/products\/special-offers\/geschenkbox-v\/#primaryimage\"},\"image\":{\"@id\":\"https:\/\/www.swisspica.ch\/products\/special-offers\/geschenkbox-v\/#primaryimage\"},\"thumbnailUrl\":\"https:\/\/www.swisspica.ch\/wp-content\/uploads\/2024\/10\/set5.jpg\",\"datePublished\":\"2024-10-28T21:21:20+00:00\",\"dateModified\":\"2026-02-17T22:58:09+00:00\",\"breadcrumb\":{\"@id\":\"https:\/\/www.swisspica.ch\/products\/special-offers\/geschenkbox-v\/#breadcrumb\"},\"inLanguage\":\"fr-FR\",\"potentialAction\":[{\"@type\":\"ReadAction\",\"target\":[\"https:\/\/www.swisspica.ch\/products\/special-offers\/geschenkbox-v\/\"]}]},{\"@type\":\"ImageObject\",\"inLanguage\":\"fr-FR\",\"@id\":\"https:\/\/www.swisspica.ch\/products\/special-offers\/geschenkbox-v\/#primaryimage\",\"url\":\"https:\/\/www.swisspica.ch\/wp-content\/uploads\/2024\/10\/set5.jpg\",\"contentUrl\":\"https:\/\/www.swisspica.ch\/wp-content\/uploads\/2024\/10\/set5.jpg\",\"width\":1000,\"height\":1000},{\"@type\":\"BreadcrumbList\",\"@id\":\"https:\/\/www.swisspica.ch\/products\/special-offers\/geschenkbox-v\/#breadcrumb\",\"itemListElement\":[{\"@type\":\"ListItem\",\"position\":1,\"name\":\"Startseite\",\"item\":\"https:\/\/www.swisspica.ch\/\"},{\"@type\":\"ListItem\",\"position\":2,\"name\":\"Shop\",\"item\":\"https:\/\/www.swisspica.ch\/products\/\"},{\"@type\":\"ListItem\",\"position\":3,\"name\":\"Geschenkideen\",\"item\":\"https:\/\/www.swisspica.ch\/products-category\/special-offers\/\"},{\"@type\":\"ListItem\",\"position\":4,\"name\":\"Geschenkbox V\"}]},{\"@type\":\"WebSite\",\"@id\":\"https:\/\/www.swisspica.ch\/#website\",\"url\":\"https:\/\/www.swisspica.ch\/\",\"name\":\"Swisspica: Naturprodukte\",\"description\":\"Naturprodukte, Lebensstil, Deko &amp; Geschenkideen\",\"publisher\":{\"@id\":\"https:\/\/www.swisspica.ch\/#organization\"},\"alternateName\":\"Swisspica\",\"potentialAction\":[{\"@type\":\"SearchAction\",\"target\":{\"@type\":\"EntryPoint\",\"urlTemplate\":\"https:\/\/www.swisspica.ch\/?s={search_term_string}\"},\"query-input\":{\"@type\":\"PropertyValueSpecification\",\"valueRequired\":true,\"valueName\":\"search_term_string\"}}],\"inLanguage\":\"fr-FR\"},{\"@type\":\"Organization\",\"@id\":\"https:\/\/www.swisspica.ch\/#organization\",\"name\":\"Swisspica\",\"alternateName\":\"Swisspica: Naturprodukte, Lebensstil, Deko & Geschenkideen\",\"url\":\"https:\/\/www.swisspica.ch\/\",\"logo\":{\"@type\":\"ImageObject\",\"inLanguage\":\"fr-FR\",\"@id\":\"https:\/\/www.swisspica.ch\/#\/schema\/logo\/image\/\",\"url\":\"https:\/\/www.swisspica.ch\/wp-content\/uploads\/2020\/12\/swisspica-logo-gold-no-shadow.png\",\"contentUrl\":\"https:\/\/www.swisspica.ch\/wp-content\/uploads\/2020\/12\/swisspica-logo-gold-no-shadow.png\",\"width\":1166,\"height\":449,\"caption\":\"Swisspica\"},\"image\":{\"@id\":\"https:\/\/www.swisspica.ch\/#\/schema\/logo\/image\/\"},\"sameAs\":[\"https:\/\/www.facebook.com\/swisspica.delights\",\"https:\/\/www.instagram.com\/swisspica\/\"]}]}<\/script>\n<meta property=\"product:price:amount\" content=\"59.95\" \/>\n<meta property=\"product:price:currency\" content=\"CHF\" \/>\n<meta property=\"og:availability\" content=\"instock\" \/>\n<meta property=\"product:availability\" content=\"instock\" \/>\n<meta property=\"product:condition\" content=\"new\" \/>\n<!-- \/ Yoast SEO plugin. -->","yoast_head_json":{"title":"Bo\u00eete cadeau V","robots":{"index":"index","follow":"follow","max-snippet":"max-snippet:-1","max-image-preview":"max-image-preview:large","max-video-preview":"max-video-preview:-1"},"canonical":"https:\/\/www.swisspica.ch\/fr\/products\/special-offers\/geschenkbox-v\/","og_locale":"fr_FR","og_type":"article","og_title":"Geschenkbox V","og_description":"Schenken Sie Ihren Liebsten Lebensfreude mit iranischem Geschmack! Diese Geschenkbox wird in einer nachhaltigen Kartonschachtel in edlem Schwarz geliefert.  1x 250 ml Naturreines Minzwasser 1x 250 ml Naturreines Rosenwasser 1x 250 ml Naturreines Orangenbl\u00fctenwasser 1x 500 ml Bio-Dattelbalsamessig 1x 2g Super Negin Safran","og_url":"https:\/\/www.swisspica.ch\/fr\/products\/special-offers\/geschenkbox-v\/","og_site_name":"Swisspica","article_publisher":"https:\/\/www.facebook.com\/swisspica.delights","article_modified_time":"2026-02-17T22:58:09+00:00","og_image":[{"width":1000,"height":1000,"url":"https:\/\/www.swisspica.ch\/wp-content\/uploads\/2024\/10\/set5.jpg","type":"image\/jpeg"}],"twitter_card":"summary_large_image","twitter_misc":{"Prix":"59.95&nbsp;&#67;&#72;&#70; (Inkl. MWST)","Disponibilit\u00e9":"En stock"},"schema":{"@context":"https:\/\/schema.org","@graph":[{"@type":"WebPage","@id":"https:\/\/www.swisspica.ch\/products\/special-offers\/geschenkbox-v\/","url":"https:\/\/www.swisspica.ch\/products\/special-offers\/geschenkbox-v\/","name":"Bo\u00eete cadeau V","isPartOf":{"@id":"https:\/\/www.swisspica.ch\/#website"},"primaryImageOfPage":{"@id":"https:\/\/www.swisspica.ch\/products\/special-offers\/geschenkbox-v\/#primaryimage"},"image":{"@id":"https:\/\/www.swisspica.ch\/products\/special-offers\/geschenkbox-v\/#primaryimage"},"thumbnailUrl":"https:\/\/www.swisspica.ch\/wp-content\/uploads\/2024\/10\/set5.jpg","datePublished":"2024-10-28T21:21:20+00:00","dateModified":"2026-02-17T22:58:09+00:00","breadcrumb":{"@id":"https:\/\/www.swisspica.ch\/products\/special-offers\/geschenkbox-v\/#breadcrumb"},"inLanguage":"fr-FR","potentialAction":[{"@type":"ReadAction","target":["https:\/\/www.swisspica.ch\/products\/special-offers\/geschenkbox-v\/"]}]},{"@type":"ImageObject","inLanguage":"fr-FR","@id":"https:\/\/www.swisspica.ch\/products\/special-offers\/geschenkbox-v\/#primaryimage","url":"https:\/\/www.swisspica.ch\/wp-content\/uploads\/2024\/10\/set5.jpg","contentUrl":"https:\/\/www.swisspica.ch\/wp-content\/uploads\/2024\/10\/set5.jpg","width":1000,"height":1000},{"@type":"BreadcrumbList","@id":"https:\/\/www.swisspica.ch\/products\/special-offers\/geschenkbox-v\/#breadcrumb","itemListElement":[{"@type":"ListItem","position":1,"name":"Startseite","item":"https:\/\/www.swisspica.ch\/"},{"@type":"ListItem","position":2,"name":"Shop","item":"https:\/\/www.swisspica.ch\/products\/"},{"@type":"ListItem","position":3,"name":"Geschenkideen","item":"https:\/\/www.swisspica.ch\/products-category\/special-offers\/"},{"@type":"ListItem","position":4,"name":"Geschenkbox V"}]},{"@type":"WebSite","@id":"https:\/\/www.swisspica.ch\/#website","url":"https:\/\/www.swisspica.ch\/","name":"Swisspica: Naturprodukte","description":"Naturprodukte, Lebensstil, Deko &amp; Geschenkideen","publisher":{"@id":"https:\/\/www.swisspica.ch\/#organization"},"alternateName":"Swisspica","potentialAction":[{"@type":"SearchAction","target":{"@type":"EntryPoint","urlTemplate":"https:\/\/www.swisspica.ch\/?s={search_term_string}"},"query-input":{"@type":"PropertyValueSpecification","valueRequired":true,"valueName":"search_term_string"}}],"inLanguage":"fr-FR"},{"@type":"Organization","@id":"https:\/\/www.swisspica.ch\/#organization","name":"Swisspica","alternateName":"Swisspica: Naturprodukte, Lebensstil, Deko & Geschenkideen","url":"https:\/\/www.swisspica.ch\/","logo":{"@type":"ImageObject","inLanguage":"fr-FR","@id":"https:\/\/www.swisspica.ch\/#\/schema\/logo\/image\/","url":"https:\/\/www.swisspica.ch\/wp-content\/uploads\/2020\/12\/swisspica-logo-gold-no-shadow.png","contentUrl":"https:\/\/www.swisspica.ch\/wp-content\/uploads\/2020\/12\/swisspica-logo-gold-no-shadow.png","width":1166,"height":449,"caption":"Swisspica"},"image":{"@id":"https:\/\/www.swisspica.ch\/#\/schema\/logo\/image\/"},"sameAs":["https:\/\/www.facebook.com\/swisspica.delights","https:\/\/www.instagram.com\/swisspica\/"]}]},"product_price_amount":"59.95","product_price_currency":"CHF","og_availability":"instock","product_availability":"instock","product_condition":"new"},"_links":{"self":[{"href":"https:\/\/www.swisspica.ch\/fr\/wp-json\/wp\/v2\/product\/16325","targetHints":{"allow":["GET"]}}],"collection":[{"href":"https:\/\/www.swisspica.ch\/fr\/wp-json\/wp\/v2\/product"}],"about":[{"href":"https:\/\/www.swisspica.ch\/fr\/wp-json\/wp\/v2\/types\/product"}],"replies":[{"embeddable":true,"href":"https:\/\/www.swisspica.ch\/fr\/wp-json\/wp\/v2\/comments?post=16325"}],"version-history":[{"count":2,"href":"https:\/\/www.swisspica.ch\/fr\/wp-json\/wp\/v2\/product\/16325\/revisions"}],"predecessor-version":[{"id":18677,"href":"https:\/\/www.swisspica.ch\/fr\/wp-json\/wp\/v2\/product\/16325\/revisions\/18677"}],"wp:featuredmedia":[{"embeddable":true,"href":"https:\/\/www.swisspica.ch\/fr\/wp-json\/wp\/v2\/media\/16326"}],"wp:attachment":[{"href":"https:\/\/www.swisspica.ch\/fr\/wp-json\/wp\/v2\/media?parent=16325"}],"wp:term":[{"taxonomy":"product_brand","embeddable":true,"href":"https:\/\/www.swisspica.ch\/fr\/wp-json\/wp\/v2\/product_brand?post=16325"},{"taxonomy":"product_cat","embeddable":true,"href":"https:\/\/www.swisspica.ch\/fr\/wp-json\/wp\/v2\/product_cat?post=16325"},{"taxonomy":"product_tag","embeddable":true,"href":"https:\/\/www.swisspica.ch\/fr\/wp-json\/wp\/v2\/product_tag?post=16325"}],"curies":[{"name":"wp","href":"https:\/\/api.w.org\/{rel}","templated":true}]}}