{"id":18440,"date":"2025-11-13T14:26:02","date_gmt":"2025-11-13T13:26:02","guid":{"rendered":"https:\/\/www.swisspica.ch\/?post_type=product&#038;p=18440"},"modified":"2026-01-07T22:47:12","modified_gmt":"2026-01-07T21:47:12","slug":"babydecke-aus-lammwolle-pastellfarbenes-karomuster","status":"publish","type":"product","link":"https:\/\/www.swisspica.ch\/fr\/products\/lebensstil\/babydecke-aus-lammwolle-pastellfarbenes-karomuster\/","title":{"rendered":"Couverture pour b\u00e9b\u00e9 en lambswool \u2013 motifs \u00e0 carreaux aux couleurs pastel"},"content":{"rendered":"<p>Cette charmante couverture pour b\u00e9b\u00e9 est confectionn\u00e9e en 100% lambswool procurant douceur, l\u00e9g\u00e8ret\u00e9 et chaleur \u2013 et du confort \u00e0 votre b\u00e9b\u00e9 dans son petit lit ou sa poussette ou pour se pelotonner \u00e0 la maison. Tiss\u00e9e avec savoir-faire en Irlande, cette couverture arbore un d\u00e9licat motif \u00e0 carreaux pastel, teintes douces pour un look intemporel. Con\u00e7ue pour \u00eatre \u00e0 la fois belle et pratique, cette couverture de qualit\u00e9 h\u00e9ritage est naturellement respirante et hypoallerg\u00e9nique. Elle est id\u00e9ale pour les peaux sensibles : un cadeau attentionn\u00e9 pour un nouveau-n\u00e9, confectionn\u00e9 avec soin et dans le respect de la tradition.<\/p>","protected":false},"excerpt":{"rendered":"<p>Emmaillotez votre petit bout de chou dans cette couverture pour b\u00e9b\u00e9 tr\u00e8s douce aux carreaux de couleur pastel. Toutes les couvertures pour b\u00e9b\u00e9 sont livr\u00e9es dans un coffret cadeau.<\/p>\n<p>Dimensions : 75 x 120 cm<\/p>\n<link rel=\"stylesheet\" id=\"elementor-post-18438-css\" href=\"https:\/\/www.swisspica.ch\/wp-content\/uploads\/elementor\/css\/post-18438.css?ver=1776368069\" type=\"text\/css\" media=\"all\">\n<div data-elementor-type=\"wp-post\" data-elementor-id=\"18438\" class=\"elementor elementor-18438\" data-elementor-post-type=\"cms_block\">\n<div class=\"elementor-element elementor-element-998fe64 e-con-full fixp e-flex e-con e-parent\" data-id=\"998fe64\" data-element_type=\"container\" data-e-type=\"container\" data-settings=\"{&quot;background_background&quot;:&quot;classic&quot;}\">\n<div class=\"elementor-element elementor-element-64c814c elementor-icon-list--layout-traditional elementor-list-item-link-full_width elementor-widget elementor-widget-icon-list\" data-id=\"64c814c\" data-element_type=\"widget\" data-e-type=\"widget\" data-widget_type=\"icon-list.default\">\n<div class=\"elementor-widget-container\">\n<ul class=\"elementor-icon-list-items\">\n<li class=\"elementor-icon-list-item\">\n\t\t\t\t\t\t\t\t\t\t\t<span class=\"elementor-icon-list-icon\"><br \/>\n\t\t\t\t\t\t\t<i aria-hidden=\"true\" class=\"fas fa-tshirt\"><\/i>\t\t\t\t\t\t<\/span><br \/>\n\t\t\t\t\t\t\t\t\t\t<span class=\"elementor-icon-list-text\">100% lambswool naturelle<\/span>\n\t\t\t\t\t\t\t\t\t<\/li>\n<li class=\"elementor-icon-list-item\">\n\t\t\t\t\t\t\t\t\t\t\t<span class=\"elementor-icon-list-icon\"><br \/>\n\t\t\t\t\t\t\t<i aria-hidden=\"true\" class=\"fas fa-map-marked-alt\"><\/i>\t\t\t\t\t\t<\/span><br \/>\n\t\t\t\t\t\t\t\t\t\t<span class=\"elementor-icon-list-text\">Provenance: Irlande<\/span>\n\t\t\t\t\t\t\t\t\t<\/li>\n<\/ul><\/div>\n<\/p><\/div>\n<\/p><\/div>\n<\/p><\/div>","protected":false},"featured_media":18450,"comment_status":"open","ping_status":"closed","template":"","meta":[],"product_brand":[],"product_cat":[249],"product_tag":[344],"class_list":{"0":"post-18440","1":"product","2":"type-product","3":"status-publish","4":"has-post-thumbnail","6":"product_cat-lebensstil","7":"product_tag-lebensstil","9":"first","10":"instock","11":"taxable","12":"shipping-taxable","13":"purchasable","14":"product-type-variable","15":"has-default-attributes"},"yoast_head":"<!-- This site is optimized with the Yoast SEO plugin v27.1.1 - https:\/\/yoast.com\/product\/yoast-seo-wordpress\/ -->\n<title>Babydecke aus Lammwolle \u2013 Pastellfarbenes Karomuster<\/title>\n<meta name=\"robots\" content=\"index, follow, max-snippet:-1, max-image-preview:large, max-video-preview:-1\" \/>\n<link rel=\"canonical\" href=\"https:\/\/www.swisspica.ch\/fr\/products\/lebensstil\/babydecke-aus-lammwolle-pastellfarbenes-karomuster\/\" \/>\n<meta property=\"og:locale\" content=\"fr_FR\" \/>\n<meta property=\"og:type\" content=\"article\" \/>\n<meta property=\"og:title\" content=\"Babydecke aus Lammwolle \u2013 Pastellfarbenes Karomuster\" \/>\n<meta property=\"og:description\" content=\"H\u00fcllen Sie Ihren kleinen Schatz in diese weiche Babydecke aus Lammwolle mit pastellfarbenem Karomuster. Alle Babydecken werden in einer Geschenkbox geliefert.  Gr\u00f6sse: 75 x 120 cm\" \/>\n<meta property=\"og:url\" content=\"https:\/\/www.swisspica.ch\/fr\/products\/lebensstil\/babydecke-aus-lammwolle-pastellfarbenes-karomuster\/\" \/>\n<meta property=\"og:site_name\" content=\"Swisspica\" \/>\n<meta property=\"article:publisher\" content=\"https:\/\/www.facebook.com\/swisspica.delights\" \/>\n<meta property=\"article:modified_time\" content=\"2026-01-07T21:47:12+00:00\" \/>\n<meta property=\"og:image\" content=\"https:\/\/www.swisspica.ch\/wp-content\/uploads\/2025\/11\/Lambswool-Baby-Blanket-Pastel-Check.webp\" \/>\n\t<meta property=\"og:image:width\" content=\"1000\" \/>\n\t<meta property=\"og:image:height\" content=\"1000\" \/>\n\t<meta property=\"og:image:type\" content=\"image\/webp\" \/>\n<meta name=\"twitter:card\" content=\"summary_large_image\" \/>\n<meta name=\"twitter:label1\" content=\"Disponibilit\u00e9\" \/>\n\t<meta name=\"twitter:data1\" content=\"En stock\" \/>\n<script type=\"application\/ld+json\" class=\"yoast-schema-graph\">{\"@context\":\"https:\/\/schema.org\",\"@graph\":[{\"@type\":\"WebPage\",\"@id\":\"https:\/\/www.swisspica.ch\/products\/lebensstil\/babydecke-aus-lammwolle-pastellfarbenes-karomuster\/\",\"url\":\"https:\/\/www.swisspica.ch\/products\/lebensstil\/babydecke-aus-lammwolle-pastellfarbenes-karomuster\/\",\"name\":\"Babydecke aus Lammwolle \u2013 Pastellfarbenes Karomuster\",\"isPartOf\":{\"@id\":\"https:\/\/www.swisspica.ch\/#website\"},\"primaryImageOfPage\":{\"@id\":\"https:\/\/www.swisspica.ch\/products\/lebensstil\/babydecke-aus-lammwolle-pastellfarbenes-karomuster\/#primaryimage\"},\"image\":{\"@id\":\"https:\/\/www.swisspica.ch\/products\/lebensstil\/babydecke-aus-lammwolle-pastellfarbenes-karomuster\/#primaryimage\"},\"thumbnailUrl\":\"https:\/\/www.swisspica.ch\/wp-content\/uploads\/2025\/11\/Lambswool-Baby-Blanket-Pastel-Check.webp\",\"datePublished\":\"2025-11-13T13:26:02+00:00\",\"dateModified\":\"2026-01-07T21:47:12+00:00\",\"breadcrumb\":{\"@id\":\"https:\/\/www.swisspica.ch\/products\/lebensstil\/babydecke-aus-lammwolle-pastellfarbenes-karomuster\/#breadcrumb\"},\"inLanguage\":\"fr-FR\",\"potentialAction\":[{\"@type\":\"ReadAction\",\"target\":[\"https:\/\/www.swisspica.ch\/products\/lebensstil\/babydecke-aus-lammwolle-pastellfarbenes-karomuster\/\"]}]},{\"@type\":\"ImageObject\",\"inLanguage\":\"fr-FR\",\"@id\":\"https:\/\/www.swisspica.ch\/products\/lebensstil\/babydecke-aus-lammwolle-pastellfarbenes-karomuster\/#primaryimage\",\"url\":\"https:\/\/www.swisspica.ch\/wp-content\/uploads\/2025\/11\/Lambswool-Baby-Blanket-Pastel-Check.webp\",\"contentUrl\":\"https:\/\/www.swisspica.ch\/wp-content\/uploads\/2025\/11\/Lambswool-Baby-Blanket-Pastel-Check.webp\",\"width\":1000,\"height\":1000},{\"@type\":\"BreadcrumbList\",\"@id\":\"https:\/\/www.swisspica.ch\/products\/lebensstil\/babydecke-aus-lammwolle-pastellfarbenes-karomuster\/#breadcrumb\",\"itemListElement\":[{\"@type\":\"ListItem\",\"position\":1,\"name\":\"Startseite\",\"item\":\"https:\/\/www.swisspica.ch\/\"},{\"@type\":\"ListItem\",\"position\":2,\"name\":\"Shop\",\"item\":\"https:\/\/www.swisspica.ch\/products\/\"},{\"@type\":\"ListItem\",\"position\":3,\"name\":\"Lebensstil\",\"item\":\"https:\/\/www.swisspica.ch\/products-category\/lebensstil\/\"},{\"@type\":\"ListItem\",\"position\":4,\"name\":\"Babydecke aus Lammwolle \u2013 Pastellfarbenes Karomuster\"}]},{\"@type\":\"WebSite\",\"@id\":\"https:\/\/www.swisspica.ch\/#website\",\"url\":\"https:\/\/www.swisspica.ch\/\",\"name\":\"Swisspica: Naturprodukte\",\"description\":\"Naturprodukte, Lebensstil, Deko &amp; Geschenkideen\",\"publisher\":{\"@id\":\"https:\/\/www.swisspica.ch\/#organization\"},\"alternateName\":\"Swisspica\",\"potentialAction\":[{\"@type\":\"SearchAction\",\"target\":{\"@type\":\"EntryPoint\",\"urlTemplate\":\"https:\/\/www.swisspica.ch\/?s={search_term_string}\"},\"query-input\":{\"@type\":\"PropertyValueSpecification\",\"valueRequired\":true,\"valueName\":\"search_term_string\"}}],\"inLanguage\":\"fr-FR\"},{\"@type\":\"Organization\",\"@id\":\"https:\/\/www.swisspica.ch\/#organization\",\"name\":\"Swisspica\",\"alternateName\":\"Swisspica: Naturprodukte, Lebensstil, Deko & Geschenkideen\",\"url\":\"https:\/\/www.swisspica.ch\/\",\"logo\":{\"@type\":\"ImageObject\",\"inLanguage\":\"fr-FR\",\"@id\":\"https:\/\/www.swisspica.ch\/#\/schema\/logo\/image\/\",\"url\":\"https:\/\/www.swisspica.ch\/wp-content\/uploads\/2020\/12\/swisspica-logo-gold-no-shadow.png\",\"contentUrl\":\"https:\/\/www.swisspica.ch\/wp-content\/uploads\/2020\/12\/swisspica-logo-gold-no-shadow.png\",\"width\":1166,\"height\":449,\"caption\":\"Swisspica\"},\"image\":{\"@id\":\"https:\/\/www.swisspica.ch\/#\/schema\/logo\/image\/\"},\"sameAs\":[\"https:\/\/www.facebook.com\/swisspica.delights\",\"https:\/\/www.instagram.com\/swisspica\/\"]}]}<\/script>\n<meta property=\"og:availability\" content=\"instock\" \/>\n<meta property=\"product:availability\" content=\"instock\" \/>\n<meta property=\"product:condition\" content=\"new\" \/>\n<!-- \/ Yoast SEO plugin. -->","yoast_head_json":{"title":"Couverture pour b\u00e9b\u00e9 en lambswool \u2013 motifs \u00e0 carreaux aux couleurs pastel","robots":{"index":"index","follow":"follow","max-snippet":"max-snippet:-1","max-image-preview":"max-image-preview:large","max-video-preview":"max-video-preview:-1"},"canonical":"https:\/\/www.swisspica.ch\/fr\/products\/lebensstil\/babydecke-aus-lammwolle-pastellfarbenes-karomuster\/","og_locale":"fr_FR","og_type":"article","og_title":"Babydecke aus Lammwolle \u2013 Pastellfarbenes Karomuster","og_description":"H\u00fcllen Sie Ihren kleinen Schatz in diese weiche Babydecke aus Lammwolle mit pastellfarbenem Karomuster. Alle Babydecken werden in einer Geschenkbox geliefert.  Gr\u00f6sse: 75 x 120 cm","og_url":"https:\/\/www.swisspica.ch\/fr\/products\/lebensstil\/babydecke-aus-lammwolle-pastellfarbenes-karomuster\/","og_site_name":"Swisspica","article_publisher":"https:\/\/www.facebook.com\/swisspica.delights","article_modified_time":"2026-01-07T21:47:12+00:00","og_image":[{"width":1000,"height":1000,"url":"https:\/\/www.swisspica.ch\/wp-content\/uploads\/2025\/11\/Lambswool-Baby-Blanket-Pastel-Check.webp","type":"image\/webp"}],"twitter_card":"summary_large_image","twitter_misc":{"Disponibilit\u00e9":"En stock"},"schema":{"@context":"https:\/\/schema.org","@graph":[{"@type":"WebPage","@id":"https:\/\/www.swisspica.ch\/products\/lebensstil\/babydecke-aus-lammwolle-pastellfarbenes-karomuster\/","url":"https:\/\/www.swisspica.ch\/products\/lebensstil\/babydecke-aus-lammwolle-pastellfarbenes-karomuster\/","name":"Couverture pour b\u00e9b\u00e9 en lambswool \u2013 motifs \u00e0 carreaux aux couleurs pastel","isPartOf":{"@id":"https:\/\/www.swisspica.ch\/#website"},"primaryImageOfPage":{"@id":"https:\/\/www.swisspica.ch\/products\/lebensstil\/babydecke-aus-lammwolle-pastellfarbenes-karomuster\/#primaryimage"},"image":{"@id":"https:\/\/www.swisspica.ch\/products\/lebensstil\/babydecke-aus-lammwolle-pastellfarbenes-karomuster\/#primaryimage"},"thumbnailUrl":"https:\/\/www.swisspica.ch\/wp-content\/uploads\/2025\/11\/Lambswool-Baby-Blanket-Pastel-Check.webp","datePublished":"2025-11-13T13:26:02+00:00","dateModified":"2026-01-07T21:47:12+00:00","breadcrumb":{"@id":"https:\/\/www.swisspica.ch\/products\/lebensstil\/babydecke-aus-lammwolle-pastellfarbenes-karomuster\/#breadcrumb"},"inLanguage":"fr-FR","potentialAction":[{"@type":"ReadAction","target":["https:\/\/www.swisspica.ch\/products\/lebensstil\/babydecke-aus-lammwolle-pastellfarbenes-karomuster\/"]}]},{"@type":"ImageObject","inLanguage":"fr-FR","@id":"https:\/\/www.swisspica.ch\/products\/lebensstil\/babydecke-aus-lammwolle-pastellfarbenes-karomuster\/#primaryimage","url":"https:\/\/www.swisspica.ch\/wp-content\/uploads\/2025\/11\/Lambswool-Baby-Blanket-Pastel-Check.webp","contentUrl":"https:\/\/www.swisspica.ch\/wp-content\/uploads\/2025\/11\/Lambswool-Baby-Blanket-Pastel-Check.webp","width":1000,"height":1000},{"@type":"BreadcrumbList","@id":"https:\/\/www.swisspica.ch\/products\/lebensstil\/babydecke-aus-lammwolle-pastellfarbenes-karomuster\/#breadcrumb","itemListElement":[{"@type":"ListItem","position":1,"name":"Startseite","item":"https:\/\/www.swisspica.ch\/"},{"@type":"ListItem","position":2,"name":"Shop","item":"https:\/\/www.swisspica.ch\/products\/"},{"@type":"ListItem","position":3,"name":"Lebensstil","item":"https:\/\/www.swisspica.ch\/products-category\/lebensstil\/"},{"@type":"ListItem","position":4,"name":"Babydecke aus Lammwolle \u2013 Pastellfarbenes Karomuster"}]},{"@type":"WebSite","@id":"https:\/\/www.swisspica.ch\/#website","url":"https:\/\/www.swisspica.ch\/","name":"Swisspica: Naturprodukte","description":"Naturprodukte, Lebensstil, Deko &amp; Geschenkideen","publisher":{"@id":"https:\/\/www.swisspica.ch\/#organization"},"alternateName":"Swisspica","potentialAction":[{"@type":"SearchAction","target":{"@type":"EntryPoint","urlTemplate":"https:\/\/www.swisspica.ch\/?s={search_term_string}"},"query-input":{"@type":"PropertyValueSpecification","valueRequired":true,"valueName":"search_term_string"}}],"inLanguage":"fr-FR"},{"@type":"Organization","@id":"https:\/\/www.swisspica.ch\/#organization","name":"Swisspica","alternateName":"Swisspica: Naturprodukte, Lebensstil, Deko & Geschenkideen","url":"https:\/\/www.swisspica.ch\/","logo":{"@type":"ImageObject","inLanguage":"fr-FR","@id":"https:\/\/www.swisspica.ch\/#\/schema\/logo\/image\/","url":"https:\/\/www.swisspica.ch\/wp-content\/uploads\/2020\/12\/swisspica-logo-gold-no-shadow.png","contentUrl":"https:\/\/www.swisspica.ch\/wp-content\/uploads\/2020\/12\/swisspica-logo-gold-no-shadow.png","width":1166,"height":449,"caption":"Swisspica"},"image":{"@id":"https:\/\/www.swisspica.ch\/#\/schema\/logo\/image\/"},"sameAs":["https:\/\/www.facebook.com\/swisspica.delights","https:\/\/www.instagram.com\/swisspica\/"]}]},"og_availability":"instock","product_availability":"instock","product_condition":"new"},"_links":{"self":[{"href":"https:\/\/www.swisspica.ch\/fr\/wp-json\/wp\/v2\/product\/18440","targetHints":{"allow":["GET"]}}],"collection":[{"href":"https:\/\/www.swisspica.ch\/fr\/wp-json\/wp\/v2\/product"}],"about":[{"href":"https:\/\/www.swisspica.ch\/fr\/wp-json\/wp\/v2\/types\/product"}],"replies":[{"embeddable":true,"href":"https:\/\/www.swisspica.ch\/fr\/wp-json\/wp\/v2\/comments?post=18440"}],"version-history":[{"count":3,"href":"https:\/\/www.swisspica.ch\/fr\/wp-json\/wp\/v2\/product\/18440\/revisions"}],"predecessor-version":[{"id":18551,"href":"https:\/\/www.swisspica.ch\/fr\/wp-json\/wp\/v2\/product\/18440\/revisions\/18551"}],"wp:featuredmedia":[{"embeddable":true,"href":"https:\/\/www.swisspica.ch\/fr\/wp-json\/wp\/v2\/media\/18450"}],"wp:attachment":[{"href":"https:\/\/www.swisspica.ch\/fr\/wp-json\/wp\/v2\/media?parent=18440"}],"wp:term":[{"taxonomy":"product_brand","embeddable":true,"href":"https:\/\/www.swisspica.ch\/fr\/wp-json\/wp\/v2\/product_brand?post=18440"},{"taxonomy":"product_cat","embeddable":true,"href":"https:\/\/www.swisspica.ch\/fr\/wp-json\/wp\/v2\/product_cat?post=18440"},{"taxonomy":"product_tag","embeddable":true,"href":"https:\/\/www.swisspica.ch\/fr\/wp-json\/wp\/v2\/product_tag?post=18440"}],"curies":[{"name":"wp","href":"https:\/\/api.w.org\/{rel}","templated":true}]}}