{"id":18999,"date":"2026-03-10T18:33:02","date_gmt":"2026-03-10T17:33:02","guid":{"rendered":"https:\/\/www.swisspica.ch\/?post_type=product&#038;p=18999"},"modified":"2026-03-13T00:00:07","modified_gmt":"2026-03-12T23:00:07","slug":"lippenbalsam-mit-lanolin","status":"publish","type":"product","link":"https:\/\/www.swisspica.ch\/fr\/products\/lebensstil\/lippenbalsam-mit-lanolin\/","title":{"rendered":"Baume l\u00e8vres \u00e0 base de lanoline"},"content":{"rendered":"<p>Gardez le baume \u00e0 port\u00e9e de main pour apaiser et adoucir vos l\u00e8vres tout au long de la journ\u00e9e.<\/p>\n<p>Parfum\u00e9 naturellement et subtilement \u00e0 la lavande, au g\u00e9ranium et \u00e0 l\u2019Ylang-Ylang.\u00a0<\/p>\n<p>Issue d\u2019ingr\u00e9dients purement naturels. Exempte d\u2019huile de palme. Convient \u00e0 tout type de peau. Rapidement absorb\u00e9e.<\/p>","protected":false},"excerpt":{"rendered":"<p>Baume pour l\u00e8vres avec lanoline et beurre de karit\u00e9. Prot\u00e8ge contre la d\u00e9shydratation et laisse les l\u00e8vres sensiblement plus douces. Avec une subtile touche de miel.<\/p>\n<link rel=\"stylesheet\" id=\"elementor-post-19019-css\" href=\"https:\/\/www.swisspica.ch\/wp-content\/uploads\/elementor\/css\/post-19019.css?ver=1776364949\" type=\"text\/css\" media=\"all\">\n<div data-elementor-type=\"wp-post\" data-elementor-id=\"19019\" class=\"elementor elementor-19019\" data-elementor-post-type=\"cms_block\">\n<div class=\"elementor-element elementor-element-998fe64 e-con-full fixp e-flex e-con e-parent\" data-id=\"998fe64\" data-element_type=\"container\" data-e-type=\"container\" data-settings=\"{&quot;background_background&quot;:&quot;classic&quot;}\">\n<div class=\"elementor-element elementor-element-64c814c elementor-icon-list--layout-traditional elementor-list-item-link-full_width elementor-widget elementor-widget-icon-list\" data-id=\"64c814c\" data-element_type=\"widget\" data-e-type=\"widget\" data-widget_type=\"icon-list.default\">\n<div class=\"elementor-widget-container\">\n<ul class=\"elementor-icon-list-items\">\n<li class=\"elementor-icon-list-item\">\n\t\t\t\t\t\t\t\t\t\t\t<span class=\"elementor-icon-list-icon\"><br \/>\n\t\t\t\t\t\t\t<i aria-hidden=\"true\" class=\"fas fa-leaf\"><\/i>\t\t\t\t\t\t<\/span><br \/>\n\t\t\t\t\t\t\t\t\t\t<span class=\"elementor-icon-list-text\">\u00c0 base d'huile naturelle de laine de mouton irlandaise, ingr\u00e9dients 100 % naturels.<\/span>\n\t\t\t\t\t\t\t\t\t<\/li>\n<li class=\"elementor-icon-list-item\">\n\t\t\t\t\t\t\t\t\t\t\t<span class=\"elementor-icon-list-icon\"><br \/>\n\t\t\t\t\t\t\t<i aria-hidden=\"true\" class=\"fas fa-map-marked-alt\"><\/i>\t\t\t\t\t\t<\/span><br \/>\n\t\t\t\t\t\t\t\t\t\t<span class=\"elementor-icon-list-text\">Provenance: Irlande<\/span>\n\t\t\t\t\t\t\t\t\t<\/li>\n<\/ul><\/div>\n<\/p><\/div>\n<\/p><\/div>\n<\/p><\/div>\n<p><strong>Poids: 7 g<\/strong><\/p>","protected":false},"featured_media":19001,"comment_status":"open","ping_status":"closed","template":"","meta":[],"product_brand":[],"product_cat":[249],"product_tag":[368],"class_list":{"0":"post-18999","1":"product","2":"type-product","3":"status-publish","4":"has-post-thumbnail","6":"product_cat-lebensstil","7":"product_tag-naturrein","9":"first","10":"instock","11":"taxable","12":"shipping-taxable","13":"purchasable","14":"product-type-simple"},"yoast_head":"<!-- This site is optimized with the Yoast SEO plugin v27.1.1 - https:\/\/yoast.com\/product\/yoast-seo-wordpress\/ -->\n<title>Lippenbalsam mit Lanolin<\/title>\n<meta name=\"description\" content=\"Pflegender Lippenbalsam mit Lanolin und Sheabutter. Schu\u0308tzt vor Feuchtigkeitsverlust und sorgt fu\u0308r spu\u0308rbar weiche Lippen. Mit dezenter Honignote.\" \/>\n<meta name=\"robots\" content=\"index, follow, max-snippet:-1, max-image-preview:large, max-video-preview:-1\" \/>\n<link rel=\"canonical\" href=\"https:\/\/www.swisspica.ch\/fr\/products\/lebensstil\/lippenbalsam-mit-lanolin\/\" \/>\n<meta property=\"og:locale\" content=\"fr_FR\" \/>\n<meta property=\"og:type\" content=\"article\" \/>\n<meta property=\"og:title\" content=\"Lippenbalsam mit Lanolin\" \/>\n<meta property=\"og:description\" content=\"Pflegender Lippenbalsam mit Lanolin und Sheabutter. Schu\u0308tzt vor Feuchtigkeitsverlust und sorgt fu\u0308r spu\u0308rbar weiche Lippen. Mit dezenter Honignote.\" \/>\n<meta property=\"og:url\" content=\"https:\/\/www.swisspica.ch\/fr\/products\/lebensstil\/lippenbalsam-mit-lanolin\/\" \/>\n<meta property=\"og:site_name\" content=\"Swisspica\" \/>\n<meta property=\"article:publisher\" content=\"https:\/\/www.facebook.com\/swisspica.delights\" \/>\n<meta property=\"article:modified_time\" content=\"2026-03-12T23:00:07+00:00\" \/>\n<meta property=\"og:image\" content=\"https:\/\/www.swisspica.ch\/wp-content\/uploads\/2026\/03\/Web-Banor-Lip-Balm.webp\" \/>\n\t<meta property=\"og:image:width\" content=\"1054\" \/>\n\t<meta property=\"og:image:height\" content=\"1580\" \/>\n\t<meta property=\"og:image:type\" content=\"image\/webp\" \/>\n<meta name=\"twitter:card\" content=\"summary_large_image\" \/>\n<meta name=\"twitter:label1\" content=\"Prix\" \/>\n\t<meta name=\"twitter:data1\" content=\"8.95&nbsp;&#067;&#072;&#070; (Inkl. MWST)\" \/>\n\t<meta name=\"twitter:label2\" content=\"Disponibilit\u00e9\" \/>\n\t<meta name=\"twitter:data2\" content=\"En stock\" \/>\n<script type=\"application\/ld+json\" class=\"yoast-schema-graph\">{\"@context\":\"https:\/\/schema.org\",\"@graph\":[{\"@type\":\"WebPage\",\"@id\":\"https:\/\/www.swisspica.ch\/products\/lebensstil\/lippenbalsam-mit-lanolin\/\",\"url\":\"https:\/\/www.swisspica.ch\/products\/lebensstil\/lippenbalsam-mit-lanolin\/\",\"name\":\"Lippenbalsam mit Lanolin\",\"isPartOf\":{\"@id\":\"https:\/\/www.swisspica.ch\/#website\"},\"primaryImageOfPage\":{\"@id\":\"https:\/\/www.swisspica.ch\/products\/lebensstil\/lippenbalsam-mit-lanolin\/#primaryimage\"},\"image\":{\"@id\":\"https:\/\/www.swisspica.ch\/products\/lebensstil\/lippenbalsam-mit-lanolin\/#primaryimage\"},\"thumbnailUrl\":\"https:\/\/www.swisspica.ch\/wp-content\/uploads\/2026\/03\/Web-Banor-Lip-Balm.webp\",\"datePublished\":\"2026-03-10T17:33:02+00:00\",\"dateModified\":\"2026-03-12T23:00:07+00:00\",\"description\":\"Pflegender Lippenbalsam mit Lanolin und Sheabutter. Schu\u0308tzt vor Feuchtigkeitsverlust und sorgt fu\u0308r spu\u0308rbar weiche Lippen. Mit dezenter Honignote.\",\"breadcrumb\":{\"@id\":\"https:\/\/www.swisspica.ch\/products\/lebensstil\/lippenbalsam-mit-lanolin\/#breadcrumb\"},\"inLanguage\":\"fr-FR\",\"potentialAction\":[{\"@type\":\"ReadAction\",\"target\":[\"https:\/\/www.swisspica.ch\/products\/lebensstil\/lippenbalsam-mit-lanolin\/\"]}]},{\"@type\":\"ImageObject\",\"inLanguage\":\"fr-FR\",\"@id\":\"https:\/\/www.swisspica.ch\/products\/lebensstil\/lippenbalsam-mit-lanolin\/#primaryimage\",\"url\":\"https:\/\/www.swisspica.ch\/wp-content\/uploads\/2026\/03\/Web-Banor-Lip-Balm.webp\",\"contentUrl\":\"https:\/\/www.swisspica.ch\/wp-content\/uploads\/2026\/03\/Web-Banor-Lip-Balm.webp\",\"width\":1054,\"height\":1580},{\"@type\":\"BreadcrumbList\",\"@id\":\"https:\/\/www.swisspica.ch\/products\/lebensstil\/lippenbalsam-mit-lanolin\/#breadcrumb\",\"itemListElement\":[{\"@type\":\"ListItem\",\"position\":1,\"name\":\"Startseite\",\"item\":\"https:\/\/www.swisspica.ch\/\"},{\"@type\":\"ListItem\",\"position\":2,\"name\":\"Shop\",\"item\":\"https:\/\/www.swisspica.ch\/products\/\"},{\"@type\":\"ListItem\",\"position\":3,\"name\":\"Lebensstil\",\"item\":\"https:\/\/www.swisspica.ch\/products-category\/lebensstil\/\"},{\"@type\":\"ListItem\",\"position\":4,\"name\":\"Lippenbalsam mit Lanolin\"}]},{\"@type\":\"WebSite\",\"@id\":\"https:\/\/www.swisspica.ch\/#website\",\"url\":\"https:\/\/www.swisspica.ch\/\",\"name\":\"Swisspica: Naturprodukte\",\"description\":\"Naturprodukte, Lebensstil, Deko &amp; Geschenkideen\",\"publisher\":{\"@id\":\"https:\/\/www.swisspica.ch\/#organization\"},\"alternateName\":\"Swisspica\",\"potentialAction\":[{\"@type\":\"SearchAction\",\"target\":{\"@type\":\"EntryPoint\",\"urlTemplate\":\"https:\/\/www.swisspica.ch\/?s={search_term_string}\"},\"query-input\":{\"@type\":\"PropertyValueSpecification\",\"valueRequired\":true,\"valueName\":\"search_term_string\"}}],\"inLanguage\":\"fr-FR\"},{\"@type\":\"Organization\",\"@id\":\"https:\/\/www.swisspica.ch\/#organization\",\"name\":\"Swisspica\",\"alternateName\":\"Swisspica: Naturprodukte, Lebensstil, Deko & Geschenkideen\",\"url\":\"https:\/\/www.swisspica.ch\/\",\"logo\":{\"@type\":\"ImageObject\",\"inLanguage\":\"fr-FR\",\"@id\":\"https:\/\/www.swisspica.ch\/#\/schema\/logo\/image\/\",\"url\":\"https:\/\/www.swisspica.ch\/wp-content\/uploads\/2020\/12\/swisspica-logo-gold-no-shadow.png\",\"contentUrl\":\"https:\/\/www.swisspica.ch\/wp-content\/uploads\/2020\/12\/swisspica-logo-gold-no-shadow.png\",\"width\":1166,\"height\":449,\"caption\":\"Swisspica\"},\"image\":{\"@id\":\"https:\/\/www.swisspica.ch\/#\/schema\/logo\/image\/\"},\"sameAs\":[\"https:\/\/www.facebook.com\/swisspica.delights\",\"https:\/\/www.instagram.com\/swisspica\/\"]}]}<\/script>\n<meta property=\"product:price:amount\" content=\"8.95\" \/>\n<meta property=\"product:price:currency\" content=\"CHF\" \/>\n<meta property=\"og:availability\" content=\"instock\" \/>\n<meta property=\"product:availability\" content=\"instock\" \/>\n<meta property=\"product:condition\" content=\"new\" \/>\n<!-- \/ Yoast SEO plugin. -->","yoast_head_json":{"title":"Baume l\u00e8vres \u00e0 base de lanoline","description":"Baume pour l\u00e8vres avec lanoline et beurre de karit\u00e9. Prot\u00e8ge contre la d\u00e9shydratation et laisse les l\u00e8vres sensiblement plus douces. Avec une subtile touche de miel.","robots":{"index":"index","follow":"follow","max-snippet":"max-snippet:-1","max-image-preview":"max-image-preview:large","max-video-preview":"max-video-preview:-1"},"canonical":"https:\/\/www.swisspica.ch\/fr\/products\/lebensstil\/lippenbalsam-mit-lanolin\/","og_locale":"fr_FR","og_type":"article","og_title":"Lippenbalsam mit Lanolin","og_description":"Pflegender Lippenbalsam mit Lanolin und Sheabutter. Schu\u0308tzt vor Feuchtigkeitsverlust und sorgt fu\u0308r spu\u0308rbar weiche Lippen. Mit dezenter Honignote.","og_url":"https:\/\/www.swisspica.ch\/fr\/products\/lebensstil\/lippenbalsam-mit-lanolin\/","og_site_name":"Swisspica","article_publisher":"https:\/\/www.facebook.com\/swisspica.delights","article_modified_time":"2026-03-12T23:00:07+00:00","og_image":[{"width":1054,"height":1580,"url":"https:\/\/www.swisspica.ch\/wp-content\/uploads\/2026\/03\/Web-Banor-Lip-Balm.webp","type":"image\/webp"}],"twitter_card":"summary_large_image","twitter_misc":{"Prix":"8.95&nbsp;&#67;&#72;&#70; (Inkl. MWST)","Disponibilit\u00e9":"En stock"},"schema":{"@context":"https:\/\/schema.org","@graph":[{"@type":"WebPage","@id":"https:\/\/www.swisspica.ch\/products\/lebensstil\/lippenbalsam-mit-lanolin\/","url":"https:\/\/www.swisspica.ch\/products\/lebensstil\/lippenbalsam-mit-lanolin\/","name":"Baume l\u00e8vres \u00e0 base de lanoline","isPartOf":{"@id":"https:\/\/www.swisspica.ch\/#website"},"primaryImageOfPage":{"@id":"https:\/\/www.swisspica.ch\/products\/lebensstil\/lippenbalsam-mit-lanolin\/#primaryimage"},"image":{"@id":"https:\/\/www.swisspica.ch\/products\/lebensstil\/lippenbalsam-mit-lanolin\/#primaryimage"},"thumbnailUrl":"https:\/\/www.swisspica.ch\/wp-content\/uploads\/2026\/03\/Web-Banor-Lip-Balm.webp","datePublished":"2026-03-10T17:33:02+00:00","dateModified":"2026-03-12T23:00:07+00:00","description":"Baume pour l\u00e8vres avec lanoline et beurre de karit\u00e9. Prot\u00e8ge contre la d\u00e9shydratation et laisse les l\u00e8vres sensiblement plus douces. Avec une subtile touche de miel.","breadcrumb":{"@id":"https:\/\/www.swisspica.ch\/products\/lebensstil\/lippenbalsam-mit-lanolin\/#breadcrumb"},"inLanguage":"fr-FR","potentialAction":[{"@type":"ReadAction","target":["https:\/\/www.swisspica.ch\/products\/lebensstil\/lippenbalsam-mit-lanolin\/"]}]},{"@type":"ImageObject","inLanguage":"fr-FR","@id":"https:\/\/www.swisspica.ch\/products\/lebensstil\/lippenbalsam-mit-lanolin\/#primaryimage","url":"https:\/\/www.swisspica.ch\/wp-content\/uploads\/2026\/03\/Web-Banor-Lip-Balm.webp","contentUrl":"https:\/\/www.swisspica.ch\/wp-content\/uploads\/2026\/03\/Web-Banor-Lip-Balm.webp","width":1054,"height":1580},{"@type":"BreadcrumbList","@id":"https:\/\/www.swisspica.ch\/products\/lebensstil\/lippenbalsam-mit-lanolin\/#breadcrumb","itemListElement":[{"@type":"ListItem","position":1,"name":"Startseite","item":"https:\/\/www.swisspica.ch\/"},{"@type":"ListItem","position":2,"name":"Shop","item":"https:\/\/www.swisspica.ch\/products\/"},{"@type":"ListItem","position":3,"name":"Lebensstil","item":"https:\/\/www.swisspica.ch\/products-category\/lebensstil\/"},{"@type":"ListItem","position":4,"name":"Lippenbalsam mit Lanolin"}]},{"@type":"WebSite","@id":"https:\/\/www.swisspica.ch\/#website","url":"https:\/\/www.swisspica.ch\/","name":"Swisspica: Naturprodukte","description":"Naturprodukte, Lebensstil, Deko &amp; Geschenkideen","publisher":{"@id":"https:\/\/www.swisspica.ch\/#organization"},"alternateName":"Swisspica","potentialAction":[{"@type":"SearchAction","target":{"@type":"EntryPoint","urlTemplate":"https:\/\/www.swisspica.ch\/?s={search_term_string}"},"query-input":{"@type":"PropertyValueSpecification","valueRequired":true,"valueName":"search_term_string"}}],"inLanguage":"fr-FR"},{"@type":"Organization","@id":"https:\/\/www.swisspica.ch\/#organization","name":"Swisspica","alternateName":"Swisspica: Naturprodukte, Lebensstil, Deko & Geschenkideen","url":"https:\/\/www.swisspica.ch\/","logo":{"@type":"ImageObject","inLanguage":"fr-FR","@id":"https:\/\/www.swisspica.ch\/#\/schema\/logo\/image\/","url":"https:\/\/www.swisspica.ch\/wp-content\/uploads\/2020\/12\/swisspica-logo-gold-no-shadow.png","contentUrl":"https:\/\/www.swisspica.ch\/wp-content\/uploads\/2020\/12\/swisspica-logo-gold-no-shadow.png","width":1166,"height":449,"caption":"Swisspica"},"image":{"@id":"https:\/\/www.swisspica.ch\/#\/schema\/logo\/image\/"},"sameAs":["https:\/\/www.facebook.com\/swisspica.delights","https:\/\/www.instagram.com\/swisspica\/"]}]},"product_price_amount":"8.95","product_price_currency":"CHF","og_availability":"instock","product_availability":"instock","product_condition":"new"},"_links":{"self":[{"href":"https:\/\/www.swisspica.ch\/fr\/wp-json\/wp\/v2\/product\/18999","targetHints":{"allow":["GET"]}}],"collection":[{"href":"https:\/\/www.swisspica.ch\/fr\/wp-json\/wp\/v2\/product"}],"about":[{"href":"https:\/\/www.swisspica.ch\/fr\/wp-json\/wp\/v2\/types\/product"}],"replies":[{"embeddable":true,"href":"https:\/\/www.swisspica.ch\/fr\/wp-json\/wp\/v2\/comments?post=18999"}],"version-history":[{"count":2,"href":"https:\/\/www.swisspica.ch\/fr\/wp-json\/wp\/v2\/product\/18999\/revisions"}],"predecessor-version":[{"id":19034,"href":"https:\/\/www.swisspica.ch\/fr\/wp-json\/wp\/v2\/product\/18999\/revisions\/19034"}],"wp:featuredmedia":[{"embeddable":true,"href":"https:\/\/www.swisspica.ch\/fr\/wp-json\/wp\/v2\/media\/19001"}],"wp:attachment":[{"href":"https:\/\/www.swisspica.ch\/fr\/wp-json\/wp\/v2\/media?parent=18999"}],"wp:term":[{"taxonomy":"product_brand","embeddable":true,"href":"https:\/\/www.swisspica.ch\/fr\/wp-json\/wp\/v2\/product_brand?post=18999"},{"taxonomy":"product_cat","embeddable":true,"href":"https:\/\/www.swisspica.ch\/fr\/wp-json\/wp\/v2\/product_cat?post=18999"},{"taxonomy":"product_tag","embeddable":true,"href":"https:\/\/www.swisspica.ch\/fr\/wp-json\/wp\/v2\/product_tag?post=18999"}],"curies":[{"name":"wp","href":"https:\/\/api.w.org\/{rel}","templated":true}]}}