{"id":19010,"date":"2026-03-10T18:38:11","date_gmt":"2026-03-10T17:38:11","guid":{"rendered":"https:\/\/www.swisspica.ch\/?post_type=product&#038;p=19010"},"modified":"2026-03-12T23:58:06","modified_gmt":"2026-03-12T22:58:06","slug":"waschgel-mit-schafmilch-fuer-haende-und-koerper","status":"publish","type":"product","link":"https:\/\/www.swisspica.ch\/fr\/products\/lebensstil\/waschgel-mit-schafmilch-fuer-haende-und-koerper\/","title":{"rendered":"Gel nettoyant mains et corps au lait de brebis"},"content":{"rendered":"<p>Appliquez-le sur la peau humide et massez. Respirez profond\u00e9ment avant de rincer.<\/p>\n<p>Parfum\u00e9 naturellement et subtilement \u00e0 la lavande, au g\u00e9ranium et \u00e0 l\u2019Ylang-Ylang.\u00a0<\/p>\n<p>Issue d\u2019ingr\u00e9dients purement naturels. Exempte d\u2019huile de palme. Convient \u00e0 tout type de peau.<\/p>\n<p>Le lait est utilis\u00e9 depuis des mill\u00e9naires pour ses vertus cosm\u00e9tiques et m\u00e9dicinales. Le lait de brebis poss\u00e8de de nombreuses propri\u00e9t\u00e9s contribuant \u00e0 prot\u00e9ger la barri\u00e8re cutan\u00e9e. Il est riche en vitamines, min\u00e9raux, prot\u00e9ines et acides amin\u00e9s qui nourrissent et hydratent votre peau.\u00a0<\/p>\n<p>Des recherches men\u00e9es par le Centre for Applied Bioscience Research (CABR), un \u00e9tablissement irlandais de premier plan, ont montr\u00e9 que la gamme de produits au lait de brebis de B\u00e1n\u00f3r :<\/p>\n<ul>\n<li>contient des antioxydants et r\u00e9duit l'apparence des rides et ridules,<\/li>\n<li>augmente la production de collag\u00e8ne et<\/li>\n<li>renforce la barri\u00e8re cutan\u00e9e.<\/li>\n<\/ul>","protected":false},"excerpt":{"rendered":"<p>Ce gel nettoyant est fabriqu\u00e9 \u00e0 base de lait de brebis de Tipperary (Irlande) et peut \u00eatre utilis\u00e9 pour les mains et le corps. Parfait pour se laver au lavabo ou sous la douche.<\/p>\n<link rel=\"stylesheet\" id=\"elementor-post-19026-css\" href=\"https:\/\/www.swisspica.ch\/wp-content\/uploads\/elementor\/css\/post-19026.css?ver=1776364949\" type=\"text\/css\" media=\"all\">\n<div data-elementor-type=\"wp-post\" data-elementor-id=\"19026\" class=\"elementor elementor-19026\" data-elementor-post-type=\"cms_block\">\n<div class=\"elementor-element elementor-element-998fe64 e-con-full fixp e-flex e-con e-parent\" data-id=\"998fe64\" data-element_type=\"container\" data-e-type=\"container\" data-settings=\"{&quot;background_background&quot;:&quot;classic&quot;}\">\n<div class=\"elementor-element elementor-element-64c814c elementor-icon-list--layout-traditional elementor-list-item-link-full_width elementor-widget elementor-widget-icon-list\" data-id=\"64c814c\" data-element_type=\"widget\" data-e-type=\"widget\" data-widget_type=\"icon-list.default\">\n<div class=\"elementor-widget-container\">\n<ul class=\"elementor-icon-list-items\">\n<li class=\"elementor-icon-list-item\">\n\t\t\t\t\t\t\t\t\t\t\t<span class=\"elementor-icon-list-icon\"><br \/>\n\t\t\t\t\t\t\t<i aria-hidden=\"true\" class=\"fas fa-leaf\"><\/i>\t\t\t\t\t\t<\/span><br \/>\n\t\t\t\t\t\t\t\t\t\t<span class=\"elementor-icon-list-text\">Lait de brebis naturel provenant de l\u2019Irlande, ingr\u00e9dients 100 % naturels.<\/span>\n\t\t\t\t\t\t\t\t\t<\/li>\n<li class=\"elementor-icon-list-item\">\n\t\t\t\t\t\t\t\t\t\t\t<span class=\"elementor-icon-list-icon\"><br \/>\n\t\t\t\t\t\t\t<i aria-hidden=\"true\" class=\"fas fa-map-marked-alt\"><\/i>\t\t\t\t\t\t<\/span><br \/>\n\t\t\t\t\t\t\t\t\t\t<span class=\"elementor-icon-list-text\">Provenance: Irlande<\/span>\n\t\t\t\t\t\t\t\t\t<\/li>\n<\/ul><\/div>\n<\/p><\/div>\n<\/p><\/div>\n<\/p><\/div>\n<p><strong>Contenance : 250 ml<\/strong><\/p>","protected":false},"featured_media":19011,"comment_status":"open","ping_status":"closed","template":"","meta":[],"product_brand":[],"product_cat":[249],"product_tag":[368],"class_list":{"0":"post-19010","1":"product","2":"type-product","3":"status-publish","4":"has-post-thumbnail","6":"product_cat-lebensstil","7":"product_tag-naturrein","9":"first","10":"instock","11":"taxable","12":"shipping-taxable","13":"purchasable","14":"product-type-simple"},"yoast_head":"<!-- This site is optimized with the Yoast SEO plugin v27.1.1 - https:\/\/yoast.com\/product\/yoast-seo-wordpress\/ -->\n<title>Waschgel mit Schafmilch f\u00fcr H\u00e4nde und K\u00f6rper<\/title>\n<meta name=\"description\" content=\"Dieses Waschgel wird mit Schafmilch aus Tipperary (Irland) hergestellt und kann f\u00fcr H\u00e4nde und K\u00f6rper verwendet werden. Perfekt f\u00fcr Ihren Waschtisch oder die Dusche.\" \/>\n<meta name=\"robots\" content=\"index, follow, max-snippet:-1, max-image-preview:large, max-video-preview:-1\" \/>\n<link rel=\"canonical\" href=\"https:\/\/www.swisspica.ch\/fr\/products\/lebensstil\/waschgel-mit-schafmilch-fuer-haende-und-koerper\/\" \/>\n<meta property=\"og:locale\" content=\"fr_FR\" \/>\n<meta property=\"og:type\" content=\"article\" \/>\n<meta property=\"og:title\" content=\"Waschgel mit Schafmilch f\u00fcr H\u00e4nde und K\u00f6rper\" \/>\n<meta property=\"og:description\" content=\"Dieses Waschgel wird mit Schafmilch aus Tipperary (Irland) hergestellt und kann f\u00fcr H\u00e4nde und K\u00f6rper verwendet werden. Perfekt f\u00fcr Ihren Waschtisch oder die Dusche.\" \/>\n<meta property=\"og:url\" content=\"https:\/\/www.swisspica.ch\/fr\/products\/lebensstil\/waschgel-mit-schafmilch-fuer-haende-und-koerper\/\" \/>\n<meta property=\"og:site_name\" content=\"Swisspica\" \/>\n<meta property=\"article:publisher\" content=\"https:\/\/www.facebook.com\/swisspica.delights\" \/>\n<meta property=\"article:modified_time\" content=\"2026-03-12T22:58:06+00:00\" \/>\n<meta property=\"og:image\" content=\"https:\/\/www.swisspica.ch\/wp-content\/uploads\/2026\/03\/Banor-Milk-Wash-1.webp\" \/>\n\t<meta property=\"og:image:width\" content=\"1054\" \/>\n\t<meta property=\"og:image:height\" content=\"1580\" \/>\n\t<meta property=\"og:image:type\" content=\"image\/webp\" \/>\n<meta name=\"twitter:card\" content=\"summary_large_image\" \/>\n<meta name=\"twitter:label1\" content=\"Prix\" \/>\n\t<meta name=\"twitter:data1\" content=\"28.95&nbsp;&#067;&#072;&#070; (Inkl. MWST)\" \/>\n\t<meta name=\"twitter:label2\" content=\"Disponibilit\u00e9\" \/>\n\t<meta name=\"twitter:data2\" content=\"En stock\" \/>\n<script type=\"application\/ld+json\" class=\"yoast-schema-graph\">{\"@context\":\"https:\/\/schema.org\",\"@graph\":[{\"@type\":\"WebPage\",\"@id\":\"https:\/\/www.swisspica.ch\/products\/lebensstil\/waschgel-mit-schafmilch-fuer-haende-und-koerper\/\",\"url\":\"https:\/\/www.swisspica.ch\/products\/lebensstil\/waschgel-mit-schafmilch-fuer-haende-und-koerper\/\",\"name\":\"Waschgel mit Schafmilch f\u00fcr H\u00e4nde und K\u00f6rper\",\"isPartOf\":{\"@id\":\"https:\/\/www.swisspica.ch\/#website\"},\"primaryImageOfPage\":{\"@id\":\"https:\/\/www.swisspica.ch\/products\/lebensstil\/waschgel-mit-schafmilch-fuer-haende-und-koerper\/#primaryimage\"},\"image\":{\"@id\":\"https:\/\/www.swisspica.ch\/products\/lebensstil\/waschgel-mit-schafmilch-fuer-haende-und-koerper\/#primaryimage\"},\"thumbnailUrl\":\"https:\/\/www.swisspica.ch\/wp-content\/uploads\/2026\/03\/Banor-Milk-Wash-1.webp\",\"datePublished\":\"2026-03-10T17:38:11+00:00\",\"dateModified\":\"2026-03-12T22:58:06+00:00\",\"description\":\"Dieses Waschgel wird mit Schafmilch aus Tipperary (Irland) hergestellt und kann f\u00fcr H\u00e4nde und K\u00f6rper verwendet werden. Perfekt f\u00fcr Ihren Waschtisch oder die Dusche.\",\"breadcrumb\":{\"@id\":\"https:\/\/www.swisspica.ch\/products\/lebensstil\/waschgel-mit-schafmilch-fuer-haende-und-koerper\/#breadcrumb\"},\"inLanguage\":\"fr-FR\",\"potentialAction\":[{\"@type\":\"ReadAction\",\"target\":[\"https:\/\/www.swisspica.ch\/products\/lebensstil\/waschgel-mit-schafmilch-fuer-haende-und-koerper\/\"]}]},{\"@type\":\"ImageObject\",\"inLanguage\":\"fr-FR\",\"@id\":\"https:\/\/www.swisspica.ch\/products\/lebensstil\/waschgel-mit-schafmilch-fuer-haende-und-koerper\/#primaryimage\",\"url\":\"https:\/\/www.swisspica.ch\/wp-content\/uploads\/2026\/03\/Banor-Milk-Wash-1.webp\",\"contentUrl\":\"https:\/\/www.swisspica.ch\/wp-content\/uploads\/2026\/03\/Banor-Milk-Wash-1.webp\",\"width\":1054,\"height\":1580},{\"@type\":\"BreadcrumbList\",\"@id\":\"https:\/\/www.swisspica.ch\/products\/lebensstil\/waschgel-mit-schafmilch-fuer-haende-und-koerper\/#breadcrumb\",\"itemListElement\":[{\"@type\":\"ListItem\",\"position\":1,\"name\":\"Startseite\",\"item\":\"https:\/\/www.swisspica.ch\/\"},{\"@type\":\"ListItem\",\"position\":2,\"name\":\"Shop\",\"item\":\"https:\/\/www.swisspica.ch\/products\/\"},{\"@type\":\"ListItem\",\"position\":3,\"name\":\"Lebensstil\",\"item\":\"https:\/\/www.swisspica.ch\/products-category\/lebensstil\/\"},{\"@type\":\"ListItem\",\"position\":4,\"name\":\"Waschgel mit Schafmilch f\u00fcr H\u00e4nde und K\u00f6rper\"}]},{\"@type\":\"WebSite\",\"@id\":\"https:\/\/www.swisspica.ch\/#website\",\"url\":\"https:\/\/www.swisspica.ch\/\",\"name\":\"Swisspica: Naturprodukte\",\"description\":\"Naturprodukte, Lebensstil, Deko &amp; Geschenkideen\",\"publisher\":{\"@id\":\"https:\/\/www.swisspica.ch\/#organization\"},\"alternateName\":\"Swisspica\",\"potentialAction\":[{\"@type\":\"SearchAction\",\"target\":{\"@type\":\"EntryPoint\",\"urlTemplate\":\"https:\/\/www.swisspica.ch\/?s={search_term_string}\"},\"query-input\":{\"@type\":\"PropertyValueSpecification\",\"valueRequired\":true,\"valueName\":\"search_term_string\"}}],\"inLanguage\":\"fr-FR\"},{\"@type\":\"Organization\",\"@id\":\"https:\/\/www.swisspica.ch\/#organization\",\"name\":\"Swisspica\",\"alternateName\":\"Swisspica: Naturprodukte, Lebensstil, Deko & Geschenkideen\",\"url\":\"https:\/\/www.swisspica.ch\/\",\"logo\":{\"@type\":\"ImageObject\",\"inLanguage\":\"fr-FR\",\"@id\":\"https:\/\/www.swisspica.ch\/#\/schema\/logo\/image\/\",\"url\":\"https:\/\/www.swisspica.ch\/wp-content\/uploads\/2020\/12\/swisspica-logo-gold-no-shadow.png\",\"contentUrl\":\"https:\/\/www.swisspica.ch\/wp-content\/uploads\/2020\/12\/swisspica-logo-gold-no-shadow.png\",\"width\":1166,\"height\":449,\"caption\":\"Swisspica\"},\"image\":{\"@id\":\"https:\/\/www.swisspica.ch\/#\/schema\/logo\/image\/\"},\"sameAs\":[\"https:\/\/www.facebook.com\/swisspica.delights\",\"https:\/\/www.instagram.com\/swisspica\/\"]}]}<\/script>\n<meta property=\"product:price:amount\" content=\"28.95\" \/>\n<meta property=\"product:price:currency\" content=\"CHF\" \/>\n<meta property=\"og:availability\" content=\"instock\" \/>\n<meta property=\"product:availability\" content=\"instock\" \/>\n<meta property=\"product:condition\" content=\"new\" \/>\n<!-- \/ Yoast SEO plugin. -->","yoast_head_json":{"title":"Gel nettoyant mains et corps au lait de brebis","description":"Ce gel nettoyant est fabriqu\u00e9 \u00e0 base de lait de brebis de Tipperary (Irlande) et peut \u00eatre utilis\u00e9 pour les mains et le corps. Parfait pour se laver au lavabo ou sous la douche.","robots":{"index":"index","follow":"follow","max-snippet":"max-snippet:-1","max-image-preview":"max-image-preview:large","max-video-preview":"max-video-preview:-1"},"canonical":"https:\/\/www.swisspica.ch\/fr\/products\/lebensstil\/waschgel-mit-schafmilch-fuer-haende-und-koerper\/","og_locale":"fr_FR","og_type":"article","og_title":"Waschgel mit Schafmilch f\u00fcr H\u00e4nde und K\u00f6rper","og_description":"Dieses Waschgel wird mit Schafmilch aus Tipperary (Irland) hergestellt und kann f\u00fcr H\u00e4nde und K\u00f6rper verwendet werden. Perfekt f\u00fcr Ihren Waschtisch oder die Dusche.","og_url":"https:\/\/www.swisspica.ch\/fr\/products\/lebensstil\/waschgel-mit-schafmilch-fuer-haende-und-koerper\/","og_site_name":"Swisspica","article_publisher":"https:\/\/www.facebook.com\/swisspica.delights","article_modified_time":"2026-03-12T22:58:06+00:00","og_image":[{"width":1054,"height":1580,"url":"https:\/\/www.swisspica.ch\/wp-content\/uploads\/2026\/03\/Banor-Milk-Wash-1.webp","type":"image\/webp"}],"twitter_card":"summary_large_image","twitter_misc":{"Prix":"28.95&nbsp;&#67;&#72;&#70; (Inkl. MWST)","Disponibilit\u00e9":"En stock"},"schema":{"@context":"https:\/\/schema.org","@graph":[{"@type":"WebPage","@id":"https:\/\/www.swisspica.ch\/products\/lebensstil\/waschgel-mit-schafmilch-fuer-haende-und-koerper\/","url":"https:\/\/www.swisspica.ch\/products\/lebensstil\/waschgel-mit-schafmilch-fuer-haende-und-koerper\/","name":"Gel nettoyant mains et corps au lait de brebis","isPartOf":{"@id":"https:\/\/www.swisspica.ch\/#website"},"primaryImageOfPage":{"@id":"https:\/\/www.swisspica.ch\/products\/lebensstil\/waschgel-mit-schafmilch-fuer-haende-und-koerper\/#primaryimage"},"image":{"@id":"https:\/\/www.swisspica.ch\/products\/lebensstil\/waschgel-mit-schafmilch-fuer-haende-und-koerper\/#primaryimage"},"thumbnailUrl":"https:\/\/www.swisspica.ch\/wp-content\/uploads\/2026\/03\/Banor-Milk-Wash-1.webp","datePublished":"2026-03-10T17:38:11+00:00","dateModified":"2026-03-12T22:58:06+00:00","description":"Ce gel nettoyant est fabriqu\u00e9 \u00e0 base de lait de brebis de Tipperary (Irlande) et peut \u00eatre utilis\u00e9 pour les mains et le corps. Parfait pour se laver au lavabo ou sous la douche.","breadcrumb":{"@id":"https:\/\/www.swisspica.ch\/products\/lebensstil\/waschgel-mit-schafmilch-fuer-haende-und-koerper\/#breadcrumb"},"inLanguage":"fr-FR","potentialAction":[{"@type":"ReadAction","target":["https:\/\/www.swisspica.ch\/products\/lebensstil\/waschgel-mit-schafmilch-fuer-haende-und-koerper\/"]}]},{"@type":"ImageObject","inLanguage":"fr-FR","@id":"https:\/\/www.swisspica.ch\/products\/lebensstil\/waschgel-mit-schafmilch-fuer-haende-und-koerper\/#primaryimage","url":"https:\/\/www.swisspica.ch\/wp-content\/uploads\/2026\/03\/Banor-Milk-Wash-1.webp","contentUrl":"https:\/\/www.swisspica.ch\/wp-content\/uploads\/2026\/03\/Banor-Milk-Wash-1.webp","width":1054,"height":1580},{"@type":"BreadcrumbList","@id":"https:\/\/www.swisspica.ch\/products\/lebensstil\/waschgel-mit-schafmilch-fuer-haende-und-koerper\/#breadcrumb","itemListElement":[{"@type":"ListItem","position":1,"name":"Startseite","item":"https:\/\/www.swisspica.ch\/"},{"@type":"ListItem","position":2,"name":"Shop","item":"https:\/\/www.swisspica.ch\/products\/"},{"@type":"ListItem","position":3,"name":"Lebensstil","item":"https:\/\/www.swisspica.ch\/products-category\/lebensstil\/"},{"@type":"ListItem","position":4,"name":"Waschgel mit Schafmilch f\u00fcr H\u00e4nde und K\u00f6rper"}]},{"@type":"WebSite","@id":"https:\/\/www.swisspica.ch\/#website","url":"https:\/\/www.swisspica.ch\/","name":"Swisspica: Naturprodukte","description":"Naturprodukte, Lebensstil, Deko &amp; Geschenkideen","publisher":{"@id":"https:\/\/www.swisspica.ch\/#organization"},"alternateName":"Swisspica","potentialAction":[{"@type":"SearchAction","target":{"@type":"EntryPoint","urlTemplate":"https:\/\/www.swisspica.ch\/?s={search_term_string}"},"query-input":{"@type":"PropertyValueSpecification","valueRequired":true,"valueName":"search_term_string"}}],"inLanguage":"fr-FR"},{"@type":"Organization","@id":"https:\/\/www.swisspica.ch\/#organization","name":"Swisspica","alternateName":"Swisspica: Naturprodukte, Lebensstil, Deko & Geschenkideen","url":"https:\/\/www.swisspica.ch\/","logo":{"@type":"ImageObject","inLanguage":"fr-FR","@id":"https:\/\/www.swisspica.ch\/#\/schema\/logo\/image\/","url":"https:\/\/www.swisspica.ch\/wp-content\/uploads\/2020\/12\/swisspica-logo-gold-no-shadow.png","contentUrl":"https:\/\/www.swisspica.ch\/wp-content\/uploads\/2020\/12\/swisspica-logo-gold-no-shadow.png","width":1166,"height":449,"caption":"Swisspica"},"image":{"@id":"https:\/\/www.swisspica.ch\/#\/schema\/logo\/image\/"},"sameAs":["https:\/\/www.facebook.com\/swisspica.delights","https:\/\/www.instagram.com\/swisspica\/"]}]},"product_price_amount":"28.95","product_price_currency":"CHF","og_availability":"instock","product_availability":"instock","product_condition":"new"},"_links":{"self":[{"href":"https:\/\/www.swisspica.ch\/fr\/wp-json\/wp\/v2\/product\/19010","targetHints":{"allow":["GET"]}}],"collection":[{"href":"https:\/\/www.swisspica.ch\/fr\/wp-json\/wp\/v2\/product"}],"about":[{"href":"https:\/\/www.swisspica.ch\/fr\/wp-json\/wp\/v2\/types\/product"}],"replies":[{"embeddable":true,"href":"https:\/\/www.swisspica.ch\/fr\/wp-json\/wp\/v2\/comments?post=19010"}],"version-history":[{"count":3,"href":"https:\/\/www.swisspica.ch\/fr\/wp-json\/wp\/v2\/product\/19010\/revisions"}],"predecessor-version":[{"id":19031,"href":"https:\/\/www.swisspica.ch\/fr\/wp-json\/wp\/v2\/product\/19010\/revisions\/19031"}],"wp:featuredmedia":[{"embeddable":true,"href":"https:\/\/www.swisspica.ch\/fr\/wp-json\/wp\/v2\/media\/19011"}],"wp:attachment":[{"href":"https:\/\/www.swisspica.ch\/fr\/wp-json\/wp\/v2\/media?parent=19010"}],"wp:term":[{"taxonomy":"product_brand","embeddable":true,"href":"https:\/\/www.swisspica.ch\/fr\/wp-json\/wp\/v2\/product_brand?post=19010"},{"taxonomy":"product_cat","embeddable":true,"href":"https:\/\/www.swisspica.ch\/fr\/wp-json\/wp\/v2\/product_cat?post=19010"},{"taxonomy":"product_tag","embeddable":true,"href":"https:\/\/www.swisspica.ch\/fr\/wp-json\/wp\/v2\/product_tag?post=19010"}],"curies":[{"name":"wp","href":"https:\/\/api.w.org\/{rel}","templated":true}]}}