{"id":3166,"date":"2019-05-13T07:41:06","date_gmt":"2019-05-13T05:41:06","guid":{"rendered":"https:\/\/www.swisspica.ch\/?post_type=product&#038;p=3166"},"modified":"2026-02-28T00:08:30","modified_gmt":"2026-02-27T23:08:30","slug":"sargol-saffron","status":"publish","type":"product","link":"https:\/\/www.swisspica.ch\/fr\/products\/safran\/sargol-saffron\/","title":{"rendered":"Sargol"},"content":{"rendered":"<p>Le meilleur safran au monde provient de la province iranienne Khorasan m\u00e9ridional. Nous vous proposons l'original certifi\u00e9 (ISO 3232-2, classe I) et en filaments de diff\u00e9rentes longueurs. Il provient de plantations certifi\u00e9es HACCP.<br \/>\nLe safran poss\u00e8de une (tr\u00e8s) haute teneur en potassium et en mangan\u00e8se et est riche en vitamines C, B6 et en folate, ainsi qu\u2019en phosphore, magn\u00e9sium, fer et cuivre. Il contient \u00e9galement des acides gras om\u00e9ga-3 (ALA), des fibres, des prot\u00e9ines et de la riboflavine (vitamine B2).<br \/>\nEn Iran, le safran est utilis\u00e9 dans d'innombrables pr\u00e9parations culinaires. Ajoutez, vous aussi, la note raffin\u00e9e de notre safran \u00e0 vos cr\u00e9ations!<\/p>\n<p><strong>Certificats:\u00a0 <img loading=\"lazy\" decoding=\"async\" class=\"alignnone wp-image-18838 size-full\" src=\"https:\/\/www.swisspica.ch\/wp-content\/uploads\/2024\/03\/certs-3.png\" alt=\"\" width=\"156\" height=\"100\" srcset=\"https:\/\/www.swisspica.ch\/wp-content\/uploads\/2024\/03\/certs-3.png 156w, https:\/\/www.swisspica.ch\/wp-content\/uploads\/2024\/03\/certs-3-18x12.png 18w, https:\/\/www.swisspica.ch\/wp-content\/uploads\/2024\/03\/certs-3-60x38.png 60w, https:\/\/www.swisspica.ch\/wp-content\/uploads\/2024\/03\/certs-3-150x96.png 150w\" sizes=\"auto, (max-width: 156px) 100vw, 156px\" \/><\/strong><\/p>","protected":false},"excerpt":{"rendered":"<p>Saveur safran\u00e9e envo\u00fbtante: qualit\u00e9 iranienne haut de gamme<\/p>\n<ul>\n<li>De couleur rouge pur.<\/li>\n<li>Ar\u00f4me le plus intense et note am\u00e8re.<\/li>\n<li>Filaments les plus courts.<\/li>\n<\/ul>\n<p>N'h\u00e9sitez pas \u00e0 <strong><u><a href=\"\/fr\/contact-us\/\">nous contacter<\/a><\/u><\/strong><\/p>","protected":false},"featured_media":18927,"comment_status":"open","ping_status":"closed","template":"","meta":[],"product_brand":[],"product_cat":[104],"product_tag":[226,224],"class_list":{"0":"post-3166","1":"product","2":"type-product","3":"status-publish","4":"has-post-thumbnail","6":"product_cat-safran","7":"product_tag-organic","8":"product_tag-safran","10":"first","11":"instock","12":"taxable","13":"shipping-taxable","14":"purchasable","15":"product-type-variable","16":"has-default-attributes"},"yoast_head":"<!-- This site is optimized with the Yoast SEO plugin v27.1.1 - https:\/\/yoast.com\/product\/yoast-seo-wordpress\/ -->\n<title>Sargol<\/title>\n<meta name=\"robots\" content=\"index, follow, max-snippet:-1, max-image-preview:large, max-video-preview:-1\" \/>\n<link rel=\"canonical\" href=\"https:\/\/www.swisspica.ch\/fr\/products\/safran\/sargol-saffron\/\" \/>\n<meta property=\"og:locale\" content=\"fr_FR\" \/>\n<meta property=\"og:type\" content=\"article\" \/>\n<meta property=\"og:title\" content=\"Sargol\" \/>\n<meta property=\"og:description\" content=\"Bet\u00f6render Safrangeruch: iranische Spitzenqualit\u00e4t   Rein rote Farbe.  Intensivstes, herbes Aroma.  K\u00fcrzeste F\u00e4denl\u00e4nge.  Z\u00f6gern Sie nicht, uns zu kontaktieren.\" \/>\n<meta property=\"og:url\" content=\"https:\/\/www.swisspica.ch\/fr\/products\/safran\/sargol-saffron\/\" \/>\n<meta property=\"og:site_name\" content=\"Swisspica\" \/>\n<meta property=\"article:publisher\" content=\"https:\/\/www.facebook.com\/swisspica.delights\" \/>\n<meta property=\"article:modified_time\" content=\"2026-02-27T23:08:30+00:00\" \/>\n<meta property=\"og:image\" content=\"https:\/\/www.swisspica.ch\/wp-content\/uploads\/2019\/05\/sargol-negin-swisspica-1.jpg\" \/>\n\t<meta property=\"og:image:width\" content=\"1500\" \/>\n\t<meta property=\"og:image:height\" content=\"1500\" \/>\n\t<meta property=\"og:image:type\" content=\"image\/jpeg\" \/>\n<meta name=\"twitter:card\" content=\"summary_large_image\" \/>\n<meta name=\"twitter:label1\" content=\"Disponibilit\u00e9\" \/>\n\t<meta name=\"twitter:data1\" content=\"En stock\" \/>\n<script type=\"application\/ld+json\" class=\"yoast-schema-graph\">{\"@context\":\"https:\/\/schema.org\",\"@graph\":[{\"@type\":\"WebPage\",\"@id\":\"https:\/\/www.swisspica.ch\/products\/safran\/sargol-saffron\/\",\"url\":\"https:\/\/www.swisspica.ch\/products\/safran\/sargol-saffron\/\",\"name\":\"Sargol\",\"isPartOf\":{\"@id\":\"https:\/\/www.swisspica.ch\/#website\"},\"primaryImageOfPage\":{\"@id\":\"https:\/\/www.swisspica.ch\/products\/safran\/sargol-saffron\/#primaryimage\"},\"image\":{\"@id\":\"https:\/\/www.swisspica.ch\/products\/safran\/sargol-saffron\/#primaryimage\"},\"thumbnailUrl\":\"https:\/\/www.swisspica.ch\/wp-content\/uploads\/2019\/05\/sargol-negin-swisspica-1.jpg\",\"datePublished\":\"2019-05-13T05:41:06+00:00\",\"dateModified\":\"2026-02-27T23:08:30+00:00\",\"breadcrumb\":{\"@id\":\"https:\/\/www.swisspica.ch\/products\/safran\/sargol-saffron\/#breadcrumb\"},\"inLanguage\":\"fr-FR\",\"potentialAction\":[{\"@type\":\"ReadAction\",\"target\":[\"https:\/\/www.swisspica.ch\/products\/safran\/sargol-saffron\/\"]}]},{\"@type\":\"ImageObject\",\"inLanguage\":\"fr-FR\",\"@id\":\"https:\/\/www.swisspica.ch\/products\/safran\/sargol-saffron\/#primaryimage\",\"url\":\"https:\/\/www.swisspica.ch\/wp-content\/uploads\/2019\/05\/sargol-negin-swisspica-1.jpg\",\"contentUrl\":\"https:\/\/www.swisspica.ch\/wp-content\/uploads\/2019\/05\/sargol-negin-swisspica-1.jpg\",\"width\":1500,\"height\":1500},{\"@type\":\"BreadcrumbList\",\"@id\":\"https:\/\/www.swisspica.ch\/products\/safran\/sargol-saffron\/#breadcrumb\",\"itemListElement\":[{\"@type\":\"ListItem\",\"position\":1,\"name\":\"Startseite\",\"item\":\"https:\/\/www.swisspica.ch\/\"},{\"@type\":\"ListItem\",\"position\":2,\"name\":\"Shop\",\"item\":\"https:\/\/www.swisspica.ch\/products\/\"},{\"@type\":\"ListItem\",\"position\":3,\"name\":\"Safran\",\"item\":\"https:\/\/www.swisspica.ch\/products-category\/safran\/\"},{\"@type\":\"ListItem\",\"position\":4,\"name\":\"Sargol\"}]},{\"@type\":\"WebSite\",\"@id\":\"https:\/\/www.swisspica.ch\/#website\",\"url\":\"https:\/\/www.swisspica.ch\/\",\"name\":\"Swisspica: Naturprodukte\",\"description\":\"Naturprodukte, Lebensstil, Deko &amp; Geschenkideen\",\"publisher\":{\"@id\":\"https:\/\/www.swisspica.ch\/#organization\"},\"alternateName\":\"Swisspica\",\"potentialAction\":[{\"@type\":\"SearchAction\",\"target\":{\"@type\":\"EntryPoint\",\"urlTemplate\":\"https:\/\/www.swisspica.ch\/?s={search_term_string}\"},\"query-input\":{\"@type\":\"PropertyValueSpecification\",\"valueRequired\":true,\"valueName\":\"search_term_string\"}}],\"inLanguage\":\"fr-FR\"},{\"@type\":\"Organization\",\"@id\":\"https:\/\/www.swisspica.ch\/#organization\",\"name\":\"Swisspica\",\"alternateName\":\"Swisspica: Naturprodukte, Lebensstil, Deko & Geschenkideen\",\"url\":\"https:\/\/www.swisspica.ch\/\",\"logo\":{\"@type\":\"ImageObject\",\"inLanguage\":\"fr-FR\",\"@id\":\"https:\/\/www.swisspica.ch\/#\/schema\/logo\/image\/\",\"url\":\"https:\/\/www.swisspica.ch\/wp-content\/uploads\/2020\/12\/swisspica-logo-gold-no-shadow.png\",\"contentUrl\":\"https:\/\/www.swisspica.ch\/wp-content\/uploads\/2020\/12\/swisspica-logo-gold-no-shadow.png\",\"width\":1166,\"height\":449,\"caption\":\"Swisspica\"},\"image\":{\"@id\":\"https:\/\/www.swisspica.ch\/#\/schema\/logo\/image\/\"},\"sameAs\":[\"https:\/\/www.facebook.com\/swisspica.delights\",\"https:\/\/www.instagram.com\/swisspica\/\"]}]}<\/script>\n<meta property=\"og:availability\" content=\"instock\" \/>\n<meta property=\"product:availability\" content=\"instock\" \/>\n<meta property=\"product:condition\" content=\"new\" \/>\n<!-- \/ Yoast SEO plugin. -->","yoast_head_json":{"title":"Sargol","robots":{"index":"index","follow":"follow","max-snippet":"max-snippet:-1","max-image-preview":"max-image-preview:large","max-video-preview":"max-video-preview:-1"},"canonical":"https:\/\/www.swisspica.ch\/fr\/products\/safran\/sargol-saffron\/","og_locale":"fr_FR","og_type":"article","og_title":"Sargol","og_description":"Bet\u00f6render Safrangeruch: iranische Spitzenqualit\u00e4t   Rein rote Farbe.  Intensivstes, herbes Aroma.  K\u00fcrzeste F\u00e4denl\u00e4nge.  Z\u00f6gern Sie nicht, uns zu kontaktieren.","og_url":"https:\/\/www.swisspica.ch\/fr\/products\/safran\/sargol-saffron\/","og_site_name":"Swisspica","article_publisher":"https:\/\/www.facebook.com\/swisspica.delights","article_modified_time":"2026-02-27T23:08:30+00:00","og_image":[{"width":1500,"height":1500,"url":"https:\/\/www.swisspica.ch\/wp-content\/uploads\/2019\/05\/sargol-negin-swisspica-1.jpg","type":"image\/jpeg"}],"twitter_card":"summary_large_image","twitter_misc":{"Disponibilit\u00e9":"En stock"},"schema":{"@context":"https:\/\/schema.org","@graph":[{"@type":"WebPage","@id":"https:\/\/www.swisspica.ch\/products\/safran\/sargol-saffron\/","url":"https:\/\/www.swisspica.ch\/products\/safran\/sargol-saffron\/","name":"Sargol","isPartOf":{"@id":"https:\/\/www.swisspica.ch\/#website"},"primaryImageOfPage":{"@id":"https:\/\/www.swisspica.ch\/products\/safran\/sargol-saffron\/#primaryimage"},"image":{"@id":"https:\/\/www.swisspica.ch\/products\/safran\/sargol-saffron\/#primaryimage"},"thumbnailUrl":"https:\/\/www.swisspica.ch\/wp-content\/uploads\/2019\/05\/sargol-negin-swisspica-1.jpg","datePublished":"2019-05-13T05:41:06+00:00","dateModified":"2026-02-27T23:08:30+00:00","breadcrumb":{"@id":"https:\/\/www.swisspica.ch\/products\/safran\/sargol-saffron\/#breadcrumb"},"inLanguage":"fr-FR","potentialAction":[{"@type":"ReadAction","target":["https:\/\/www.swisspica.ch\/products\/safran\/sargol-saffron\/"]}]},{"@type":"ImageObject","inLanguage":"fr-FR","@id":"https:\/\/www.swisspica.ch\/products\/safran\/sargol-saffron\/#primaryimage","url":"https:\/\/www.swisspica.ch\/wp-content\/uploads\/2019\/05\/sargol-negin-swisspica-1.jpg","contentUrl":"https:\/\/www.swisspica.ch\/wp-content\/uploads\/2019\/05\/sargol-negin-swisspica-1.jpg","width":1500,"height":1500},{"@type":"BreadcrumbList","@id":"https:\/\/www.swisspica.ch\/products\/safran\/sargol-saffron\/#breadcrumb","itemListElement":[{"@type":"ListItem","position":1,"name":"Startseite","item":"https:\/\/www.swisspica.ch\/"},{"@type":"ListItem","position":2,"name":"Shop","item":"https:\/\/www.swisspica.ch\/products\/"},{"@type":"ListItem","position":3,"name":"Safran","item":"https:\/\/www.swisspica.ch\/products-category\/safran\/"},{"@type":"ListItem","position":4,"name":"Sargol"}]},{"@type":"WebSite","@id":"https:\/\/www.swisspica.ch\/#website","url":"https:\/\/www.swisspica.ch\/","name":"Swisspica: Naturprodukte","description":"Naturprodukte, Lebensstil, Deko &amp; Geschenkideen","publisher":{"@id":"https:\/\/www.swisspica.ch\/#organization"},"alternateName":"Swisspica","potentialAction":[{"@type":"SearchAction","target":{"@type":"EntryPoint","urlTemplate":"https:\/\/www.swisspica.ch\/?s={search_term_string}"},"query-input":{"@type":"PropertyValueSpecification","valueRequired":true,"valueName":"search_term_string"}}],"inLanguage":"fr-FR"},{"@type":"Organization","@id":"https:\/\/www.swisspica.ch\/#organization","name":"Swisspica","alternateName":"Swisspica: Naturprodukte, Lebensstil, Deko & Geschenkideen","url":"https:\/\/www.swisspica.ch\/","logo":{"@type":"ImageObject","inLanguage":"fr-FR","@id":"https:\/\/www.swisspica.ch\/#\/schema\/logo\/image\/","url":"https:\/\/www.swisspica.ch\/wp-content\/uploads\/2020\/12\/swisspica-logo-gold-no-shadow.png","contentUrl":"https:\/\/www.swisspica.ch\/wp-content\/uploads\/2020\/12\/swisspica-logo-gold-no-shadow.png","width":1166,"height":449,"caption":"Swisspica"},"image":{"@id":"https:\/\/www.swisspica.ch\/#\/schema\/logo\/image\/"},"sameAs":["https:\/\/www.facebook.com\/swisspica.delights","https:\/\/www.instagram.com\/swisspica\/"]}]},"og_availability":"instock","product_availability":"instock","product_condition":"new"},"_links":{"self":[{"href":"https:\/\/www.swisspica.ch\/fr\/wp-json\/wp\/v2\/product\/3166","targetHints":{"allow":["GET"]}}],"collection":[{"href":"https:\/\/www.swisspica.ch\/fr\/wp-json\/wp\/v2\/product"}],"about":[{"href":"https:\/\/www.swisspica.ch\/fr\/wp-json\/wp\/v2\/types\/product"}],"replies":[{"embeddable":true,"href":"https:\/\/www.swisspica.ch\/fr\/wp-json\/wp\/v2\/comments?post=3166"}],"version-history":[{"count":3,"href":"https:\/\/www.swisspica.ch\/fr\/wp-json\/wp\/v2\/product\/3166\/revisions"}],"predecessor-version":[{"id":18845,"href":"https:\/\/www.swisspica.ch\/fr\/wp-json\/wp\/v2\/product\/3166\/revisions\/18845"}],"wp:featuredmedia":[{"embeddable":true,"href":"https:\/\/www.swisspica.ch\/fr\/wp-json\/wp\/v2\/media\/18927"}],"wp:attachment":[{"href":"https:\/\/www.swisspica.ch\/fr\/wp-json\/wp\/v2\/media?parent=3166"}],"wp:term":[{"taxonomy":"product_brand","embeddable":true,"href":"https:\/\/www.swisspica.ch\/fr\/wp-json\/wp\/v2\/product_brand?post=3166"},{"taxonomy":"product_cat","embeddable":true,"href":"https:\/\/www.swisspica.ch\/fr\/wp-json\/wp\/v2\/product_cat?post=3166"},{"taxonomy":"product_tag","embeddable":true,"href":"https:\/\/www.swisspica.ch\/fr\/wp-json\/wp\/v2\/product_tag?post=3166"}],"curies":[{"name":"wp","href":"https:\/\/api.w.org\/{rel}","templated":true}]}}