{"id":3516,"date":"2020-04-18T07:19:42","date_gmt":"2020-04-18T05:19:42","guid":{"rendered":"https:\/\/www.swisspica.ch\/?post_type=product&#038;p=3516"},"modified":"2026-02-14T11:47:23","modified_gmt":"2026-02-14T10:47:23","slug":"bio-safranpistazien","status":"publish","type":"product","link":"https:\/\/www.swisspica.ch\/fr\/products\/pistazien\/bio-safranpistazien\/","title":{"rendered":"Pistaches bio au safran"},"content":{"rendered":"<p>Les meilleures pistaches bio iraniennes: riches en acides gras insatur\u00e9s, en fibres et cuivre, ainsi qu\u2019en min\u00e9raux importants tels que le potassium et le phosphore et en vitamines B1 (thiamine) et B6. Elles sont source de prot\u00e9ines, de vitamines E, K, B2 (riboflavine) et de folate, de magn\u00e9sium, fer, zinc et s\u00e9l\u00e9nium.<br \/>\nNous coop\u00e9rons uniquement avec des producteurs qui ont \u00e0 c\u0153ur de pratiquer une culture respectueuse de l'environnement et \u00e0 faible consommation d'eau. Un sol fertile, une excellente qualit\u00e9 de l'eau et des comp\u00e9tences en termes d'innovation permettent aux pistachiers de cro\u00eetre dans des conditions particuli\u00e8rement id\u00e9ales en Iran.<\/p>\n<p><strong>Certificats:\u00a0 \u00a0<\/strong><img loading=\"lazy\" decoding=\"async\" class=\"alignnone size-full wp-image-18847\" src=\"https:\/\/www.swisspica.ch\/wp-content\/uploads\/2020\/04\/certs-4.png\" alt=\"\" width=\"162\" height=\"100\" srcset=\"https:\/\/www.swisspica.ch\/wp-content\/uploads\/2020\/04\/certs-4.png 162w, https:\/\/www.swisspica.ch\/wp-content\/uploads\/2020\/04\/certs-4-18x12.png 18w, https:\/\/www.swisspica.ch\/wp-content\/uploads\/2020\/04\/certs-4-60x37.png 60w, https:\/\/www.swisspica.ch\/wp-content\/uploads\/2020\/04\/certs-4-150x93.png 150w\" sizes=\"auto, (max-width: 162px) 100vw, 162px\" \/><\/p>","protected":false},"excerpt":{"rendered":"<p>Pistaches croquantes bio associ\u00e9es au meilleur safran: une alliance de deux produits iraniens de premi\u00e8re qualit\u00e9<\/p>\n<ul>\n<li>Grandes pistaches Akbari et coque \u00e0 coloration safran\u00e9e.<\/li>\n<li>Le meilleur safran bio de classe I.<\/li>\n<li>Saveur naturelle de pistache accompagn\u00e9e d'une note safran\u00e9e \u00e9l\u00e9gante. L\u00e9g\u00e8rement sal\u00e9e. Grill\u00e9e.<\/li>\n<\/ul>","protected":false},"featured_media":9999,"comment_status":"open","ping_status":"closed","template":"","meta":[],"product_brand":[],"product_cat":[113],"product_tag":[226,200,224],"class_list":{"0":"post-3516","1":"product","2":"type-product","3":"status-publish","4":"has-post-thumbnail","6":"product_cat-pistazien","7":"product_tag-organic","8":"product_tag-pistachios","9":"product_tag-safran","11":"first","12":"outofstock","13":"taxable","14":"shipping-taxable","15":"purchasable","16":"product-type-variable","17":"has-default-attributes"},"yoast_head":"<!-- This site is optimized with the Yoast SEO plugin v27.1.1 - https:\/\/yoast.com\/product\/yoast-seo-wordpress\/ -->\n<title>Bio-Safranpistazien<\/title>\n<meta name=\"robots\" content=\"index, follow, max-snippet:-1, max-image-preview:large, max-video-preview:-1\" \/>\n<link rel=\"canonical\" href=\"https:\/\/www.swisspica.ch\/fr\/products\/pistazien\/bio-safranpistazien\/\" \/>\n<meta property=\"og:locale\" content=\"fr_FR\" \/>\n<meta property=\"og:type\" content=\"article\" \/>\n<meta property=\"og:title\" content=\"Bio-Safranpistazien\" \/>\n<meta property=\"og:description\" content=\"Knackige Bio-Pistazien mit bestem Safran: zwei erstklassige iranische Produkte vereint   Grosse Akbari Pistazien mit Schale. Safrannuancen.  Bester Bio-Safran der Klasse I.  Nat\u00fcrlicher Pistaziengeschmack mit eleganter Safrannote. Leicht gesalzen. Ger\u00f6stet.\" \/>\n<meta property=\"og:url\" content=\"https:\/\/www.swisspica.ch\/fr\/products\/pistazien\/bio-safranpistazien\/\" \/>\n<meta property=\"og:site_name\" content=\"Swisspica\" \/>\n<meta property=\"article:publisher\" content=\"https:\/\/www.facebook.com\/swisspica.delights\" \/>\n<meta property=\"article:modified_time\" content=\"2026-02-14T10:47:23+00:00\" \/>\n<meta property=\"og:image\" content=\"https:\/\/www.swisspica.ch\/wp-content\/uploads\/2020\/04\/pistachio-box-mockup-16-1-1.jpg\" \/>\n\t<meta property=\"og:image:width\" content=\"700\" \/>\n\t<meta property=\"og:image:height\" content=\"689\" \/>\n\t<meta property=\"og:image:type\" content=\"image\/jpeg\" \/>\n<meta name=\"twitter:card\" content=\"summary_large_image\" \/>\n<meta name=\"twitter:label1\" content=\"Disponibilit\u00e9\" \/>\n\t<meta name=\"twitter:data1\" content=\"Rupture de stock\" \/>\n<script type=\"application\/ld+json\" class=\"yoast-schema-graph\">{\"@context\":\"https:\/\/schema.org\",\"@graph\":[{\"@type\":\"WebPage\",\"@id\":\"https:\/\/www.swisspica.ch\/products\/pistazien\/bio-safranpistazien\/\",\"url\":\"https:\/\/www.swisspica.ch\/products\/pistazien\/bio-safranpistazien\/\",\"name\":\"Bio-Safranpistazien\",\"isPartOf\":{\"@id\":\"https:\/\/www.swisspica.ch\/#website\"},\"primaryImageOfPage\":{\"@id\":\"https:\/\/www.swisspica.ch\/products\/pistazien\/bio-safranpistazien\/#primaryimage\"},\"image\":{\"@id\":\"https:\/\/www.swisspica.ch\/products\/pistazien\/bio-safranpistazien\/#primaryimage\"},\"thumbnailUrl\":\"https:\/\/www.swisspica.ch\/wp-content\/uploads\/2020\/04\/pistachio-box-mockup-16-1-1.jpg\",\"datePublished\":\"2020-04-18T05:19:42+00:00\",\"dateModified\":\"2026-02-14T10:47:23+00:00\",\"breadcrumb\":{\"@id\":\"https:\/\/www.swisspica.ch\/products\/pistazien\/bio-safranpistazien\/#breadcrumb\"},\"inLanguage\":\"fr-FR\",\"potentialAction\":[{\"@type\":\"ReadAction\",\"target\":[\"https:\/\/www.swisspica.ch\/products\/pistazien\/bio-safranpistazien\/\"]}]},{\"@type\":\"ImageObject\",\"inLanguage\":\"fr-FR\",\"@id\":\"https:\/\/www.swisspica.ch\/products\/pistazien\/bio-safranpistazien\/#primaryimage\",\"url\":\"https:\/\/www.swisspica.ch\/wp-content\/uploads\/2020\/04\/pistachio-box-mockup-16-1-1.jpg\",\"contentUrl\":\"https:\/\/www.swisspica.ch\/wp-content\/uploads\/2020\/04\/pistachio-box-mockup-16-1-1.jpg\",\"width\":700,\"height\":689},{\"@type\":\"BreadcrumbList\",\"@id\":\"https:\/\/www.swisspica.ch\/products\/pistazien\/bio-safranpistazien\/#breadcrumb\",\"itemListElement\":[{\"@type\":\"ListItem\",\"position\":1,\"name\":\"Startseite\",\"item\":\"https:\/\/www.swisspica.ch\/\"},{\"@type\":\"ListItem\",\"position\":2,\"name\":\"Shop\",\"item\":\"https:\/\/www.swisspica.ch\/products\/\"},{\"@type\":\"ListItem\",\"position\":3,\"name\":\"Bio-Pistazien\",\"item\":\"https:\/\/www.swisspica.ch\/products-category\/pistazien\/\"},{\"@type\":\"ListItem\",\"position\":4,\"name\":\"Bio-Safranpistazien\"}]},{\"@type\":\"WebSite\",\"@id\":\"https:\/\/www.swisspica.ch\/#website\",\"url\":\"https:\/\/www.swisspica.ch\/\",\"name\":\"Swisspica: Naturprodukte\",\"description\":\"Naturprodukte, Lebensstil, Deko &amp; Geschenkideen\",\"publisher\":{\"@id\":\"https:\/\/www.swisspica.ch\/#organization\"},\"alternateName\":\"Swisspica\",\"potentialAction\":[{\"@type\":\"SearchAction\",\"target\":{\"@type\":\"EntryPoint\",\"urlTemplate\":\"https:\/\/www.swisspica.ch\/?s={search_term_string}\"},\"query-input\":{\"@type\":\"PropertyValueSpecification\",\"valueRequired\":true,\"valueName\":\"search_term_string\"}}],\"inLanguage\":\"fr-FR\"},{\"@type\":\"Organization\",\"@id\":\"https:\/\/www.swisspica.ch\/#organization\",\"name\":\"Swisspica\",\"alternateName\":\"Swisspica: Naturprodukte, Lebensstil, Deko & Geschenkideen\",\"url\":\"https:\/\/www.swisspica.ch\/\",\"logo\":{\"@type\":\"ImageObject\",\"inLanguage\":\"fr-FR\",\"@id\":\"https:\/\/www.swisspica.ch\/#\/schema\/logo\/image\/\",\"url\":\"https:\/\/www.swisspica.ch\/wp-content\/uploads\/2020\/12\/swisspica-logo-gold-no-shadow.png\",\"contentUrl\":\"https:\/\/www.swisspica.ch\/wp-content\/uploads\/2020\/12\/swisspica-logo-gold-no-shadow.png\",\"width\":1166,\"height\":449,\"caption\":\"Swisspica\"},\"image\":{\"@id\":\"https:\/\/www.swisspica.ch\/#\/schema\/logo\/image\/\"},\"sameAs\":[\"https:\/\/www.facebook.com\/swisspica.delights\",\"https:\/\/www.instagram.com\/swisspica\/\"]}]}<\/script>\n<meta property=\"og:availability\" content=\"out of stock\" \/>\n<meta property=\"product:availability\" content=\"out of stock\" \/>\n<meta property=\"product:condition\" content=\"new\" \/>\n<!-- \/ Yoast SEO plugin. -->","yoast_head_json":{"title":"Pistaches bio au safran","robots":{"index":"index","follow":"follow","max-snippet":"max-snippet:-1","max-image-preview":"max-image-preview:large","max-video-preview":"max-video-preview:-1"},"canonical":"https:\/\/www.swisspica.ch\/fr\/products\/pistazien\/bio-safranpistazien\/","og_locale":"fr_FR","og_type":"article","og_title":"Bio-Safranpistazien","og_description":"Knackige Bio-Pistazien mit bestem Safran: zwei erstklassige iranische Produkte vereint   Grosse Akbari Pistazien mit Schale. Safrannuancen.  Bester Bio-Safran der Klasse I.  Nat\u00fcrlicher Pistaziengeschmack mit eleganter Safrannote. Leicht gesalzen. Ger\u00f6stet.","og_url":"https:\/\/www.swisspica.ch\/fr\/products\/pistazien\/bio-safranpistazien\/","og_site_name":"Swisspica","article_publisher":"https:\/\/www.facebook.com\/swisspica.delights","article_modified_time":"2026-02-14T10:47:23+00:00","og_image":[{"width":700,"height":689,"url":"https:\/\/www.swisspica.ch\/wp-content\/uploads\/2020\/04\/pistachio-box-mockup-16-1-1.jpg","type":"image\/jpeg"}],"twitter_card":"summary_large_image","twitter_misc":{"Disponibilit\u00e9":"Rupture de stock"},"schema":{"@context":"https:\/\/schema.org","@graph":[{"@type":"WebPage","@id":"https:\/\/www.swisspica.ch\/products\/pistazien\/bio-safranpistazien\/","url":"https:\/\/www.swisspica.ch\/products\/pistazien\/bio-safranpistazien\/","name":"Pistaches bio au safran","isPartOf":{"@id":"https:\/\/www.swisspica.ch\/#website"},"primaryImageOfPage":{"@id":"https:\/\/www.swisspica.ch\/products\/pistazien\/bio-safranpistazien\/#primaryimage"},"image":{"@id":"https:\/\/www.swisspica.ch\/products\/pistazien\/bio-safranpistazien\/#primaryimage"},"thumbnailUrl":"https:\/\/www.swisspica.ch\/wp-content\/uploads\/2020\/04\/pistachio-box-mockup-16-1-1.jpg","datePublished":"2020-04-18T05:19:42+00:00","dateModified":"2026-02-14T10:47:23+00:00","breadcrumb":{"@id":"https:\/\/www.swisspica.ch\/products\/pistazien\/bio-safranpistazien\/#breadcrumb"},"inLanguage":"fr-FR","potentialAction":[{"@type":"ReadAction","target":["https:\/\/www.swisspica.ch\/products\/pistazien\/bio-safranpistazien\/"]}]},{"@type":"ImageObject","inLanguage":"fr-FR","@id":"https:\/\/www.swisspica.ch\/products\/pistazien\/bio-safranpistazien\/#primaryimage","url":"https:\/\/www.swisspica.ch\/wp-content\/uploads\/2020\/04\/pistachio-box-mockup-16-1-1.jpg","contentUrl":"https:\/\/www.swisspica.ch\/wp-content\/uploads\/2020\/04\/pistachio-box-mockup-16-1-1.jpg","width":700,"height":689},{"@type":"BreadcrumbList","@id":"https:\/\/www.swisspica.ch\/products\/pistazien\/bio-safranpistazien\/#breadcrumb","itemListElement":[{"@type":"ListItem","position":1,"name":"Startseite","item":"https:\/\/www.swisspica.ch\/"},{"@type":"ListItem","position":2,"name":"Shop","item":"https:\/\/www.swisspica.ch\/products\/"},{"@type":"ListItem","position":3,"name":"Bio-Pistazien","item":"https:\/\/www.swisspica.ch\/products-category\/pistazien\/"},{"@type":"ListItem","position":4,"name":"Bio-Safranpistazien"}]},{"@type":"WebSite","@id":"https:\/\/www.swisspica.ch\/#website","url":"https:\/\/www.swisspica.ch\/","name":"Swisspica: Naturprodukte","description":"Naturprodukte, Lebensstil, Deko &amp; Geschenkideen","publisher":{"@id":"https:\/\/www.swisspica.ch\/#organization"},"alternateName":"Swisspica","potentialAction":[{"@type":"SearchAction","target":{"@type":"EntryPoint","urlTemplate":"https:\/\/www.swisspica.ch\/?s={search_term_string}"},"query-input":{"@type":"PropertyValueSpecification","valueRequired":true,"valueName":"search_term_string"}}],"inLanguage":"fr-FR"},{"@type":"Organization","@id":"https:\/\/www.swisspica.ch\/#organization","name":"Swisspica","alternateName":"Swisspica: Naturprodukte, Lebensstil, Deko & Geschenkideen","url":"https:\/\/www.swisspica.ch\/","logo":{"@type":"ImageObject","inLanguage":"fr-FR","@id":"https:\/\/www.swisspica.ch\/#\/schema\/logo\/image\/","url":"https:\/\/www.swisspica.ch\/wp-content\/uploads\/2020\/12\/swisspica-logo-gold-no-shadow.png","contentUrl":"https:\/\/www.swisspica.ch\/wp-content\/uploads\/2020\/12\/swisspica-logo-gold-no-shadow.png","width":1166,"height":449,"caption":"Swisspica"},"image":{"@id":"https:\/\/www.swisspica.ch\/#\/schema\/logo\/image\/"},"sameAs":["https:\/\/www.facebook.com\/swisspica.delights","https:\/\/www.instagram.com\/swisspica\/"]}]},"og_availability":"out of stock","product_availability":"out of stock","product_condition":"new"},"_links":{"self":[{"href":"https:\/\/www.swisspica.ch\/fr\/wp-json\/wp\/v2\/product\/3516","targetHints":{"allow":["GET"]}}],"collection":[{"href":"https:\/\/www.swisspica.ch\/fr\/wp-json\/wp\/v2\/product"}],"about":[{"href":"https:\/\/www.swisspica.ch\/fr\/wp-json\/wp\/v2\/types\/product"}],"replies":[{"embeddable":true,"href":"https:\/\/www.swisspica.ch\/fr\/wp-json\/wp\/v2\/comments?post=3516"}],"version-history":[{"count":1,"href":"https:\/\/www.swisspica.ch\/fr\/wp-json\/wp\/v2\/product\/3516\/revisions"}],"predecessor-version":[{"id":18851,"href":"https:\/\/www.swisspica.ch\/fr\/wp-json\/wp\/v2\/product\/3516\/revisions\/18851"}],"wp:featuredmedia":[{"embeddable":true,"href":"https:\/\/www.swisspica.ch\/fr\/wp-json\/wp\/v2\/media\/9999"}],"wp:attachment":[{"href":"https:\/\/www.swisspica.ch\/fr\/wp-json\/wp\/v2\/media?parent=3516"}],"wp:term":[{"taxonomy":"product_brand","embeddable":true,"href":"https:\/\/www.swisspica.ch\/fr\/wp-json\/wp\/v2\/product_brand?post=3516"},{"taxonomy":"product_cat","embeddable":true,"href":"https:\/\/www.swisspica.ch\/fr\/wp-json\/wp\/v2\/product_cat?post=3516"},{"taxonomy":"product_tag","embeddable":true,"href":"https:\/\/www.swisspica.ch\/fr\/wp-json\/wp\/v2\/product_tag?post=3516"}],"curies":[{"name":"wp","href":"https:\/\/api.w.org\/{rel}","templated":true}]}}