{"id":4968,"date":"2020-12-10T14:02:35","date_gmt":"2020-12-10T13:02:35","guid":{"rendered":"https:\/\/www.swisspica.ch\/?post_type=product&#038;p=4968"},"modified":"2026-02-14T11:08:41","modified_gmt":"2026-02-14T10:08:41","slug":"royal-beluga","status":"publish","type":"product","link":"https:\/\/www.swisspica.ch\/fr\/products\/kaviar\/royal-beluga\/","title":{"rendered":"B\u00e9luga Royal"},"content":{"rendered":"<p>Le savoir-faire de l'Iran ravive la v\u00e9ritable saveur du caviar - et ce, en qualit\u00e9 d'\u00e9levage durable. Nous vous proposons un excellent caviar provenant de fermes d'\u00e9levage certifi\u00e9es HACCP, utilisant des aliments certifi\u00e9s ISO et offrant aux poissons suffisamment d'espace pour une croissance naturelle. Aucune utilisation d'hormones de croissance ni de substances artificielles.<br \/>\nLe caviar est riche en vitamines A, D et B12, en prot\u00e9ines, en acides gras om\u00e9ga 3, en sels min\u00e9raux tels que calcium, phosphore et magn\u00e9sium ainsi qu\u2019en fer, un oligo\u00e9l\u00e9ment. Le caviar contient en outre de la vitamine E et des acides amin\u00e9s essentiels.<\/p>\n<p><strong>Certificats:\u00a0 <img loading=\"lazy\" decoding=\"async\" class=\"alignnone wp-image-18828 size-full\" src=\"https:\/\/www.swisspica.ch\/wp-content\/uploads\/2023\/06\/certs2.png\" alt=\"\" width=\"375\" height=\"100\" srcset=\"https:\/\/www.swisspica.ch\/wp-content\/uploads\/2023\/06\/certs2.png 375w, https:\/\/www.swisspica.ch\/wp-content\/uploads\/2023\/06\/certs2-300x80.png 300w, https:\/\/www.swisspica.ch\/wp-content\/uploads\/2023\/06\/certs2-18x5.png 18w, https:\/\/www.swisspica.ch\/wp-content\/uploads\/2023\/06\/certs2-60x16.png 60w, https:\/\/www.swisspica.ch\/wp-content\/uploads\/2023\/06\/certs2-150x40.png 150w\" sizes=\"auto, (max-width: 375px) 100vw, 375px\" \/><\/strong><\/p>","protected":false},"excerpt":{"rendered":"<p>Caviar B\u00e9luga iranien exclusivement s\u00e9lectionn\u00e9<\/p>\n<ul>\n<li>Grand grain enrob\u00e9 d'une couche d\u00e9licate. Fond d\u00e9licatement dans la bouche. Saveur cr\u00e9meuse.<\/li>\n<li>Grains grands (3.3 mm). Couleur gris clair \u00e0 gris fonc\u00e9.<\/li>\n<li>Faible teneur en sel: 2-3%; un pur d\u00e9lice.<\/li>\n<\/ul>\n<p>Bo\u00eetes \u00e0 1 kg sur demande<\/p>\n<p>N'h\u00e9sitez pas \u00e0 <strong><u><a href=\"\/fr\/contact-us\/\">nous contacter<\/a><\/u><\/strong><\/p>","protected":false},"featured_media":16692,"comment_status":"open","ping_status":"closed","template":"","meta":[],"product_brand":[],"product_cat":[96],"product_tag":[],"class_list":{"0":"post-4968","1":"product","2":"type-product","3":"status-publish","4":"has-post-thumbnail","6":"product_cat-kaviar","8":"first","9":"instock","10":"taxable","11":"shipping-taxable","12":"purchasable","13":"product-type-variable","14":"has-default-attributes"},"yoast_head":"<!-- This site is optimized with the Yoast SEO plugin v27.1.1 - https:\/\/yoast.com\/product\/yoast-seo-wordpress\/ -->\n<title>Royal Beluga<\/title>\n<meta name=\"robots\" content=\"index, follow, max-snippet:-1, max-image-preview:large, max-video-preview:-1\" \/>\n<link rel=\"canonical\" href=\"https:\/\/www.swisspica.ch\/fr\/products\/kaviar\/royal-beluga\/\" \/>\n<meta property=\"og:locale\" content=\"fr_FR\" \/>\n<meta property=\"og:type\" content=\"article\" \/>\n<meta property=\"og:title\" content=\"Royal Beluga\" \/>\n<meta property=\"og:description\" content=\"Exklusiv selektionierter Beluga Kaviar aus Iran   Grosses Korn mit delikater H\u00fclle. Zergeht zart auf der Zunge. Cremig-butteriger Geschmack.  Grosse K\u00f6rner (3.3 mm). Hell- bis leicht dunkelgraue Farbe.  Tiefer Salzgehalt von 2-3%: reinster Kaviargenuss.  Kilo-Dosen auf Anfrage  Z\u00f6gern Sie nicht, uns zu kontaktieren.\" \/>\n<meta property=\"og:url\" content=\"https:\/\/www.swisspica.ch\/fr\/products\/kaviar\/royal-beluga\/\" \/>\n<meta property=\"og:site_name\" content=\"Swisspica\" \/>\n<meta property=\"article:publisher\" content=\"https:\/\/www.facebook.com\/swisspica.delights\" \/>\n<meta property=\"article:modified_time\" content=\"2026-02-14T10:08:41+00:00\" \/>\n<meta property=\"og:image\" content=\"https:\/\/www.swisspica.ch\/wp-content\/uploads\/2023\/06\/beluga-royal-imperiumcaviar.jpg\" \/>\n\t<meta property=\"og:image:width\" content=\"1000\" \/>\n\t<meta property=\"og:image:height\" content=\"1000\" \/>\n\t<meta property=\"og:image:type\" content=\"image\/jpeg\" \/>\n<meta name=\"twitter:card\" content=\"summary_large_image\" \/>\n<meta name=\"twitter:label1\" content=\"Disponibilit\u00e9\" \/>\n\t<meta name=\"twitter:data1\" content=\"En stock\" \/>\n<script type=\"application\/ld+json\" class=\"yoast-schema-graph\">{\"@context\":\"https:\/\/schema.org\",\"@graph\":[{\"@type\":\"WebPage\",\"@id\":\"https:\/\/www.swisspica.ch\/products\/kaviar\/royal-beluga\/\",\"url\":\"https:\/\/www.swisspica.ch\/products\/kaviar\/royal-beluga\/\",\"name\":\"Royal Beluga\",\"isPartOf\":{\"@id\":\"https:\/\/www.swisspica.ch\/#website\"},\"primaryImageOfPage\":{\"@id\":\"https:\/\/www.swisspica.ch\/products\/kaviar\/royal-beluga\/#primaryimage\"},\"image\":{\"@id\":\"https:\/\/www.swisspica.ch\/products\/kaviar\/royal-beluga\/#primaryimage\"},\"thumbnailUrl\":\"https:\/\/www.swisspica.ch\/wp-content\/uploads\/2023\/06\/beluga-royal-imperiumcaviar.jpg\",\"datePublished\":\"2020-12-10T13:02:35+00:00\",\"dateModified\":\"2026-02-14T10:08:41+00:00\",\"breadcrumb\":{\"@id\":\"https:\/\/www.swisspica.ch\/products\/kaviar\/royal-beluga\/#breadcrumb\"},\"inLanguage\":\"fr-FR\",\"potentialAction\":[{\"@type\":\"ReadAction\",\"target\":[\"https:\/\/www.swisspica.ch\/products\/kaviar\/royal-beluga\/\"]}]},{\"@type\":\"ImageObject\",\"inLanguage\":\"fr-FR\",\"@id\":\"https:\/\/www.swisspica.ch\/products\/kaviar\/royal-beluga\/#primaryimage\",\"url\":\"https:\/\/www.swisspica.ch\/wp-content\/uploads\/2023\/06\/beluga-royal-imperiumcaviar.jpg\",\"contentUrl\":\"https:\/\/www.swisspica.ch\/wp-content\/uploads\/2023\/06\/beluga-royal-imperiumcaviar.jpg\",\"width\":1000,\"height\":1000},{\"@type\":\"BreadcrumbList\",\"@id\":\"https:\/\/www.swisspica.ch\/products\/kaviar\/royal-beluga\/#breadcrumb\",\"itemListElement\":[{\"@type\":\"ListItem\",\"position\":1,\"name\":\"Startseite\",\"item\":\"https:\/\/www.swisspica.ch\/\"},{\"@type\":\"ListItem\",\"position\":2,\"name\":\"Shop\",\"item\":\"https:\/\/www.swisspica.ch\/products\/\"},{\"@type\":\"ListItem\",\"position\":3,\"name\":\"Kaviar\",\"item\":\"https:\/\/www.swisspica.ch\/products-category\/kaviar\/\"},{\"@type\":\"ListItem\",\"position\":4,\"name\":\"Royal Beluga\"}]},{\"@type\":\"WebSite\",\"@id\":\"https:\/\/www.swisspica.ch\/#website\",\"url\":\"https:\/\/www.swisspica.ch\/\",\"name\":\"Swisspica: Naturprodukte\",\"description\":\"Naturprodukte, Lebensstil, Deko &amp; Geschenkideen\",\"publisher\":{\"@id\":\"https:\/\/www.swisspica.ch\/#organization\"},\"alternateName\":\"Swisspica\",\"potentialAction\":[{\"@type\":\"SearchAction\",\"target\":{\"@type\":\"EntryPoint\",\"urlTemplate\":\"https:\/\/www.swisspica.ch\/?s={search_term_string}\"},\"query-input\":{\"@type\":\"PropertyValueSpecification\",\"valueRequired\":true,\"valueName\":\"search_term_string\"}}],\"inLanguage\":\"fr-FR\"},{\"@type\":\"Organization\",\"@id\":\"https:\/\/www.swisspica.ch\/#organization\",\"name\":\"Swisspica\",\"alternateName\":\"Swisspica: Naturprodukte, Lebensstil, Deko & Geschenkideen\",\"url\":\"https:\/\/www.swisspica.ch\/\",\"logo\":{\"@type\":\"ImageObject\",\"inLanguage\":\"fr-FR\",\"@id\":\"https:\/\/www.swisspica.ch\/#\/schema\/logo\/image\/\",\"url\":\"https:\/\/www.swisspica.ch\/wp-content\/uploads\/2020\/12\/swisspica-logo-gold-no-shadow.png\",\"contentUrl\":\"https:\/\/www.swisspica.ch\/wp-content\/uploads\/2020\/12\/swisspica-logo-gold-no-shadow.png\",\"width\":1166,\"height\":449,\"caption\":\"Swisspica\"},\"image\":{\"@id\":\"https:\/\/www.swisspica.ch\/#\/schema\/logo\/image\/\"},\"sameAs\":[\"https:\/\/www.facebook.com\/swisspica.delights\",\"https:\/\/www.instagram.com\/swisspica\/\"]}]}<\/script>\n<meta property=\"og:availability\" content=\"instock\" \/>\n<meta property=\"product:availability\" content=\"instock\" \/>\n<meta property=\"product:condition\" content=\"new\" \/>\n<!-- \/ Yoast SEO plugin. -->","yoast_head_json":{"title":"B\u00e9luga Royal","robots":{"index":"index","follow":"follow","max-snippet":"max-snippet:-1","max-image-preview":"max-image-preview:large","max-video-preview":"max-video-preview:-1"},"canonical":"https:\/\/www.swisspica.ch\/fr\/products\/kaviar\/royal-beluga\/","og_locale":"fr_FR","og_type":"article","og_title":"Royal Beluga","og_description":"Exklusiv selektionierter Beluga Kaviar aus Iran   Grosses Korn mit delikater H\u00fclle. Zergeht zart auf der Zunge. Cremig-butteriger Geschmack.  Grosse K\u00f6rner (3.3 mm). Hell- bis leicht dunkelgraue Farbe.  Tiefer Salzgehalt von 2-3%: reinster Kaviargenuss.  Kilo-Dosen auf Anfrage  Z\u00f6gern Sie nicht, uns zu kontaktieren.","og_url":"https:\/\/www.swisspica.ch\/fr\/products\/kaviar\/royal-beluga\/","og_site_name":"Swisspica","article_publisher":"https:\/\/www.facebook.com\/swisspica.delights","article_modified_time":"2026-02-14T10:08:41+00:00","og_image":[{"width":1000,"height":1000,"url":"https:\/\/www.swisspica.ch\/wp-content\/uploads\/2023\/06\/beluga-royal-imperiumcaviar.jpg","type":"image\/jpeg"}],"twitter_card":"summary_large_image","twitter_misc":{"Disponibilit\u00e9":"En stock"},"schema":{"@context":"https:\/\/schema.org","@graph":[{"@type":"WebPage","@id":"https:\/\/www.swisspica.ch\/products\/kaviar\/royal-beluga\/","url":"https:\/\/www.swisspica.ch\/products\/kaviar\/royal-beluga\/","name":"B\u00e9luga Royal","isPartOf":{"@id":"https:\/\/www.swisspica.ch\/#website"},"primaryImageOfPage":{"@id":"https:\/\/www.swisspica.ch\/products\/kaviar\/royal-beluga\/#primaryimage"},"image":{"@id":"https:\/\/www.swisspica.ch\/products\/kaviar\/royal-beluga\/#primaryimage"},"thumbnailUrl":"https:\/\/www.swisspica.ch\/wp-content\/uploads\/2023\/06\/beluga-royal-imperiumcaviar.jpg","datePublished":"2020-12-10T13:02:35+00:00","dateModified":"2026-02-14T10:08:41+00:00","breadcrumb":{"@id":"https:\/\/www.swisspica.ch\/products\/kaviar\/royal-beluga\/#breadcrumb"},"inLanguage":"fr-FR","potentialAction":[{"@type":"ReadAction","target":["https:\/\/www.swisspica.ch\/products\/kaviar\/royal-beluga\/"]}]},{"@type":"ImageObject","inLanguage":"fr-FR","@id":"https:\/\/www.swisspica.ch\/products\/kaviar\/royal-beluga\/#primaryimage","url":"https:\/\/www.swisspica.ch\/wp-content\/uploads\/2023\/06\/beluga-royal-imperiumcaviar.jpg","contentUrl":"https:\/\/www.swisspica.ch\/wp-content\/uploads\/2023\/06\/beluga-royal-imperiumcaviar.jpg","width":1000,"height":1000},{"@type":"BreadcrumbList","@id":"https:\/\/www.swisspica.ch\/products\/kaviar\/royal-beluga\/#breadcrumb","itemListElement":[{"@type":"ListItem","position":1,"name":"Startseite","item":"https:\/\/www.swisspica.ch\/"},{"@type":"ListItem","position":2,"name":"Shop","item":"https:\/\/www.swisspica.ch\/products\/"},{"@type":"ListItem","position":3,"name":"Kaviar","item":"https:\/\/www.swisspica.ch\/products-category\/kaviar\/"},{"@type":"ListItem","position":4,"name":"Royal Beluga"}]},{"@type":"WebSite","@id":"https:\/\/www.swisspica.ch\/#website","url":"https:\/\/www.swisspica.ch\/","name":"Swisspica: Naturprodukte","description":"Naturprodukte, Lebensstil, Deko &amp; Geschenkideen","publisher":{"@id":"https:\/\/www.swisspica.ch\/#organization"},"alternateName":"Swisspica","potentialAction":[{"@type":"SearchAction","target":{"@type":"EntryPoint","urlTemplate":"https:\/\/www.swisspica.ch\/?s={search_term_string}"},"query-input":{"@type":"PropertyValueSpecification","valueRequired":true,"valueName":"search_term_string"}}],"inLanguage":"fr-FR"},{"@type":"Organization","@id":"https:\/\/www.swisspica.ch\/#organization","name":"Swisspica","alternateName":"Swisspica: Naturprodukte, Lebensstil, Deko & Geschenkideen","url":"https:\/\/www.swisspica.ch\/","logo":{"@type":"ImageObject","inLanguage":"fr-FR","@id":"https:\/\/www.swisspica.ch\/#\/schema\/logo\/image\/","url":"https:\/\/www.swisspica.ch\/wp-content\/uploads\/2020\/12\/swisspica-logo-gold-no-shadow.png","contentUrl":"https:\/\/www.swisspica.ch\/wp-content\/uploads\/2020\/12\/swisspica-logo-gold-no-shadow.png","width":1166,"height":449,"caption":"Swisspica"},"image":{"@id":"https:\/\/www.swisspica.ch\/#\/schema\/logo\/image\/"},"sameAs":["https:\/\/www.facebook.com\/swisspica.delights","https:\/\/www.instagram.com\/swisspica\/"]}]},"og_availability":"instock","product_availability":"instock","product_condition":"new"},"_links":{"self":[{"href":"https:\/\/www.swisspica.ch\/fr\/wp-json\/wp\/v2\/product\/4968","targetHints":{"allow":["GET"]}}],"collection":[{"href":"https:\/\/www.swisspica.ch\/fr\/wp-json\/wp\/v2\/product"}],"about":[{"href":"https:\/\/www.swisspica.ch\/fr\/wp-json\/wp\/v2\/types\/product"}],"replies":[{"embeddable":true,"href":"https:\/\/www.swisspica.ch\/fr\/wp-json\/wp\/v2\/comments?post=4968"}],"version-history":[{"count":1,"href":"https:\/\/www.swisspica.ch\/fr\/wp-json\/wp\/v2\/product\/4968\/revisions"}],"predecessor-version":[{"id":18835,"href":"https:\/\/www.swisspica.ch\/fr\/wp-json\/wp\/v2\/product\/4968\/revisions\/18835"}],"wp:featuredmedia":[{"embeddable":true,"href":"https:\/\/www.swisspica.ch\/fr\/wp-json\/wp\/v2\/media\/16692"}],"wp:attachment":[{"href":"https:\/\/www.swisspica.ch\/fr\/wp-json\/wp\/v2\/media?parent=4968"}],"wp:term":[{"taxonomy":"product_brand","embeddable":true,"href":"https:\/\/www.swisspica.ch\/fr\/wp-json\/wp\/v2\/product_brand?post=4968"},{"taxonomy":"product_cat","embeddable":true,"href":"https:\/\/www.swisspica.ch\/fr\/wp-json\/wp\/v2\/product_cat?post=4968"},{"taxonomy":"product_tag","embeddable":true,"href":"https:\/\/www.swisspica.ch\/fr\/wp-json\/wp\/v2\/product_tag?post=4968"}],"curies":[{"name":"wp","href":"https:\/\/api.w.org\/{rel}","templated":true}]}}