{"id":6597,"date":"2021-01-11T11:22:16","date_gmt":"2021-01-11T10:22:16","guid":{"rendered":"https:\/\/www.swisspica.ch\/?post_type=product&#038;p=6597"},"modified":"2026-03-20T08:37:16","modified_gmt":"2026-03-20T07:37:16","slug":"madjoul","status":"publish","type":"product","link":"https:\/\/www.swisspica.ch\/fr\/products\/datteln-balsamessig\/madjoul\/","title":{"rendered":"Dattes Madjoul naturelles"},"content":{"rendered":"<p>Nos d\u00e9licieuses dattes iraniennes sont riches en \u00e9nergie et id\u00e9ales pour une alimentation \u00e9quilibr\u00e9e et saine. Outre le fructose naturel, elles rec\u00e8lent notamment d'importantes sources en magn\u00e9sium, vitamines, fibres, potassium et prot\u00e9ines.<\/p>\n<p><strong>Certificats:\u00a0 <img loading=\"lazy\" decoding=\"async\" class=\"alignnone size-full wp-image-18846\" src=\"https:\/\/www.swisspica.ch\/wp-content\/uploads\/2020\/04\/certs-5.png\" alt=\"\" width=\"81\" height=\"100\" srcset=\"https:\/\/www.swisspica.ch\/wp-content\/uploads\/2020\/04\/certs-5.png 81w, https:\/\/www.swisspica.ch\/wp-content\/uploads\/2020\/04\/certs-5-10x12.png 10w, https:\/\/www.swisspica.ch\/wp-content\/uploads\/2020\/04\/certs-5-60x74.png 60w\" sizes=\"auto, (max-width: 81px) 100vw, 81px\" \/><\/strong><\/p>","protected":false},"excerpt":{"rendered":"<p>La datte Madjoul est la vari\u00e9t\u00e9 la plus connue dans le monde.\u00a0<\/p>\n<ul>\n<li class=\"jop-noMdConv\">Tr\u00e8s grosse datte \u00e0 nuances orange, rouges et brunes.\u00a0<\/li>\n<li class=\"jop-noMdConv\">Saveur intense \u00e0 texture souple.<\/li>\n<\/ul>\n<p>Veuillez noter que les dattes Madjoul iraniennes peuvent avoir un aspect et un go\u00fbt diff\u00e9rents par rapport aux dattes Madjoul en provenance d'autres pays.<\/p>\n<p>N'h\u00e9sitez pas \u00e0 <strong><u><a href=\"\/fr\/contact-us\/\">nous contacter<\/a><\/u><\/strong><\/p>","protected":false},"featured_media":18603,"comment_status":"open","ping_status":"closed","template":"","meta":[],"product_brand":[],"product_cat":[114],"product_tag":[222,368],"class_list":{"0":"post-6597","1":"product","2":"type-product","3":"status-publish","4":"has-post-thumbnail","6":"product_cat-datteln-balsamessig","7":"product_tag-date","8":"product_tag-naturrein","10":"first","11":"instock","12":"sale","13":"taxable","14":"shipping-taxable","15":"purchasable","16":"product-type-variable","17":"has-default-attributes"},"yoast_head":"<!-- This site is optimized with the Yoast SEO plugin v27.1.1 - https:\/\/yoast.com\/product\/yoast-seo-wordpress\/ -->\n<title>Naturreine Madjoul Datteln<\/title>\n<meta name=\"description\" content=\"Die Madjoul Dattel ist die bekannteste Dattelsorte weltweit.\" \/>\n<meta name=\"robots\" content=\"index, follow, max-snippet:-1, max-image-preview:large, max-video-preview:-1\" \/>\n<link rel=\"canonical\" href=\"https:\/\/www.swisspica.ch\/fr\/products\/datteln-balsamessig\/madjoul\/\" \/>\n<meta property=\"og:locale\" content=\"fr_FR\" \/>\n<meta property=\"og:type\" content=\"article\" \/>\n<meta property=\"og:title\" content=\"Naturreine Madjoul Datteln\" \/>\n<meta property=\"og:description\" content=\"Die Madjoul Dattel ist die bekannteste Dattelsorte weltweit.\" \/>\n<meta property=\"og:url\" content=\"https:\/\/www.swisspica.ch\/fr\/products\/datteln-balsamessig\/madjoul\/\" \/>\n<meta property=\"og:site_name\" content=\"Swisspica\" \/>\n<meta property=\"article:publisher\" content=\"https:\/\/www.facebook.com\/swisspica.delights\" \/>\n<meta property=\"article:modified_time\" content=\"2026-03-20T07:37:16+00:00\" \/>\n<meta property=\"og:image\" content=\"https:\/\/www.swisspica.ch\/wp-content\/uploads\/2025\/04\/naturreine-madjoul-datteln.webp\" \/>\n\t<meta property=\"og:image:width\" content=\"1000\" \/>\n\t<meta property=\"og:image:height\" content=\"1000\" \/>\n\t<meta property=\"og:image:type\" content=\"image\/webp\" \/>\n<meta name=\"twitter:card\" content=\"summary_large_image\" \/>\n<meta name=\"twitter:label1\" content=\"Disponibilit\u00e9\" \/>\n\t<meta name=\"twitter:data1\" content=\"En stock\" \/>\n<script type=\"application\/ld+json\" class=\"yoast-schema-graph\">{\"@context\":\"https:\/\/schema.org\",\"@graph\":[{\"@type\":\"WebPage\",\"@id\":\"https:\/\/www.swisspica.ch\/products\/datteln-balsamessig\/madjoul\/\",\"url\":\"https:\/\/www.swisspica.ch\/products\/datteln-balsamessig\/madjoul\/\",\"name\":\"Naturreine Madjoul Datteln\",\"isPartOf\":{\"@id\":\"https:\/\/www.swisspica.ch\/#website\"},\"primaryImageOfPage\":{\"@id\":\"https:\/\/www.swisspica.ch\/products\/datteln-balsamessig\/madjoul\/#primaryimage\"},\"image\":{\"@id\":\"https:\/\/www.swisspica.ch\/products\/datteln-balsamessig\/madjoul\/#primaryimage\"},\"thumbnailUrl\":\"https:\/\/www.swisspica.ch\/wp-content\/uploads\/2025\/04\/naturreine-madjoul-datteln.webp\",\"datePublished\":\"2021-01-11T10:22:16+00:00\",\"dateModified\":\"2026-03-20T07:37:16+00:00\",\"description\":\"Die Madjoul Dattel ist die bekannteste Dattelsorte weltweit.\",\"breadcrumb\":{\"@id\":\"https:\/\/www.swisspica.ch\/products\/datteln-balsamessig\/madjoul\/#breadcrumb\"},\"inLanguage\":\"fr-FR\",\"potentialAction\":[{\"@type\":\"ReadAction\",\"target\":[\"https:\/\/www.swisspica.ch\/products\/datteln-balsamessig\/madjoul\/\"]}]},{\"@type\":\"ImageObject\",\"inLanguage\":\"fr-FR\",\"@id\":\"https:\/\/www.swisspica.ch\/products\/datteln-balsamessig\/madjoul\/#primaryimage\",\"url\":\"https:\/\/www.swisspica.ch\/wp-content\/uploads\/2025\/04\/naturreine-madjoul-datteln.webp\",\"contentUrl\":\"https:\/\/www.swisspica.ch\/wp-content\/uploads\/2025\/04\/naturreine-madjoul-datteln.webp\",\"width\":1000,\"height\":1000},{\"@type\":\"BreadcrumbList\",\"@id\":\"https:\/\/www.swisspica.ch\/products\/datteln-balsamessig\/madjoul\/#breadcrumb\",\"itemListElement\":[{\"@type\":\"ListItem\",\"position\":1,\"name\":\"Startseite\",\"item\":\"https:\/\/www.swisspica.ch\/\"},{\"@type\":\"ListItem\",\"position\":2,\"name\":\"Shop\",\"item\":\"https:\/\/www.swisspica.ch\/products\/\"},{\"@type\":\"ListItem\",\"position\":3,\"name\":\"Datteln &amp; Balsamessig\",\"item\":\"https:\/\/www.swisspica.ch\/products-category\/datteln-balsamessig\/\"},{\"@type\":\"ListItem\",\"position\":4,\"name\":\"Naturreine Madjoul Datteln\"}]},{\"@type\":\"WebSite\",\"@id\":\"https:\/\/www.swisspica.ch\/#website\",\"url\":\"https:\/\/www.swisspica.ch\/\",\"name\":\"Swisspica: Naturprodukte\",\"description\":\"Naturprodukte, Lebensstil, Deko &amp; Geschenkideen\",\"publisher\":{\"@id\":\"https:\/\/www.swisspica.ch\/#organization\"},\"alternateName\":\"Swisspica\",\"potentialAction\":[{\"@type\":\"SearchAction\",\"target\":{\"@type\":\"EntryPoint\",\"urlTemplate\":\"https:\/\/www.swisspica.ch\/?s={search_term_string}\"},\"query-input\":{\"@type\":\"PropertyValueSpecification\",\"valueRequired\":true,\"valueName\":\"search_term_string\"}}],\"inLanguage\":\"fr-FR\"},{\"@type\":\"Organization\",\"@id\":\"https:\/\/www.swisspica.ch\/#organization\",\"name\":\"Swisspica\",\"alternateName\":\"Swisspica: Naturprodukte, Lebensstil, Deko & Geschenkideen\",\"url\":\"https:\/\/www.swisspica.ch\/\",\"logo\":{\"@type\":\"ImageObject\",\"inLanguage\":\"fr-FR\",\"@id\":\"https:\/\/www.swisspica.ch\/#\/schema\/logo\/image\/\",\"url\":\"https:\/\/www.swisspica.ch\/wp-content\/uploads\/2020\/12\/swisspica-logo-gold-no-shadow.png\",\"contentUrl\":\"https:\/\/www.swisspica.ch\/wp-content\/uploads\/2020\/12\/swisspica-logo-gold-no-shadow.png\",\"width\":1166,\"height\":449,\"caption\":\"Swisspica\"},\"image\":{\"@id\":\"https:\/\/www.swisspica.ch\/#\/schema\/logo\/image\/\"},\"sameAs\":[\"https:\/\/www.facebook.com\/swisspica.delights\",\"https:\/\/www.instagram.com\/swisspica\/\"]}]}<\/script>\n<meta property=\"og:availability\" content=\"instock\" \/>\n<meta property=\"product:availability\" content=\"instock\" \/>\n<meta property=\"product:condition\" content=\"new\" \/>\n<!-- \/ Yoast SEO plugin. -->","yoast_head_json":{"title":"Dattes Madjoul naturelles","description":"La datte Madjoul est la vari\u00e9t\u00e9 la plus connue dans le monde.\u00a0","robots":{"index":"index","follow":"follow","max-snippet":"max-snippet:-1","max-image-preview":"max-image-preview:large","max-video-preview":"max-video-preview:-1"},"canonical":"https:\/\/www.swisspica.ch\/fr\/products\/datteln-balsamessig\/madjoul\/","og_locale":"fr_FR","og_type":"article","og_title":"Naturreine Madjoul Datteln","og_description":"Die Madjoul Dattel ist die bekannteste Dattelsorte weltweit.","og_url":"https:\/\/www.swisspica.ch\/fr\/products\/datteln-balsamessig\/madjoul\/","og_site_name":"Swisspica","article_publisher":"https:\/\/www.facebook.com\/swisspica.delights","article_modified_time":"2026-03-20T07:37:16+00:00","og_image":[{"width":1000,"height":1000,"url":"https:\/\/www.swisspica.ch\/wp-content\/uploads\/2025\/04\/naturreine-madjoul-datteln.webp","type":"image\/webp"}],"twitter_card":"summary_large_image","twitter_misc":{"Disponibilit\u00e9":"En stock"},"schema":{"@context":"https:\/\/schema.org","@graph":[{"@type":"WebPage","@id":"https:\/\/www.swisspica.ch\/products\/datteln-balsamessig\/madjoul\/","url":"https:\/\/www.swisspica.ch\/products\/datteln-balsamessig\/madjoul\/","name":"Dattes Madjoul naturelles","isPartOf":{"@id":"https:\/\/www.swisspica.ch\/#website"},"primaryImageOfPage":{"@id":"https:\/\/www.swisspica.ch\/products\/datteln-balsamessig\/madjoul\/#primaryimage"},"image":{"@id":"https:\/\/www.swisspica.ch\/products\/datteln-balsamessig\/madjoul\/#primaryimage"},"thumbnailUrl":"https:\/\/www.swisspica.ch\/wp-content\/uploads\/2025\/04\/naturreine-madjoul-datteln.webp","datePublished":"2021-01-11T10:22:16+00:00","dateModified":"2026-03-20T07:37:16+00:00","description":"La datte Madjoul est la vari\u00e9t\u00e9 la plus connue dans le monde.\u00a0","breadcrumb":{"@id":"https:\/\/www.swisspica.ch\/products\/datteln-balsamessig\/madjoul\/#breadcrumb"},"inLanguage":"fr-FR","potentialAction":[{"@type":"ReadAction","target":["https:\/\/www.swisspica.ch\/products\/datteln-balsamessig\/madjoul\/"]}]},{"@type":"ImageObject","inLanguage":"fr-FR","@id":"https:\/\/www.swisspica.ch\/products\/datteln-balsamessig\/madjoul\/#primaryimage","url":"https:\/\/www.swisspica.ch\/wp-content\/uploads\/2025\/04\/naturreine-madjoul-datteln.webp","contentUrl":"https:\/\/www.swisspica.ch\/wp-content\/uploads\/2025\/04\/naturreine-madjoul-datteln.webp","width":1000,"height":1000},{"@type":"BreadcrumbList","@id":"https:\/\/www.swisspica.ch\/products\/datteln-balsamessig\/madjoul\/#breadcrumb","itemListElement":[{"@type":"ListItem","position":1,"name":"Startseite","item":"https:\/\/www.swisspica.ch\/"},{"@type":"ListItem","position":2,"name":"Shop","item":"https:\/\/www.swisspica.ch\/products\/"},{"@type":"ListItem","position":3,"name":"Datteln &amp; Balsamessig","item":"https:\/\/www.swisspica.ch\/products-category\/datteln-balsamessig\/"},{"@type":"ListItem","position":4,"name":"Naturreine Madjoul Datteln"}]},{"@type":"WebSite","@id":"https:\/\/www.swisspica.ch\/#website","url":"https:\/\/www.swisspica.ch\/","name":"Swisspica: Naturprodukte","description":"Naturprodukte, Lebensstil, Deko &amp; Geschenkideen","publisher":{"@id":"https:\/\/www.swisspica.ch\/#organization"},"alternateName":"Swisspica","potentialAction":[{"@type":"SearchAction","target":{"@type":"EntryPoint","urlTemplate":"https:\/\/www.swisspica.ch\/?s={search_term_string}"},"query-input":{"@type":"PropertyValueSpecification","valueRequired":true,"valueName":"search_term_string"}}],"inLanguage":"fr-FR"},{"@type":"Organization","@id":"https:\/\/www.swisspica.ch\/#organization","name":"Swisspica","alternateName":"Swisspica: Naturprodukte, Lebensstil, Deko & Geschenkideen","url":"https:\/\/www.swisspica.ch\/","logo":{"@type":"ImageObject","inLanguage":"fr-FR","@id":"https:\/\/www.swisspica.ch\/#\/schema\/logo\/image\/","url":"https:\/\/www.swisspica.ch\/wp-content\/uploads\/2020\/12\/swisspica-logo-gold-no-shadow.png","contentUrl":"https:\/\/www.swisspica.ch\/wp-content\/uploads\/2020\/12\/swisspica-logo-gold-no-shadow.png","width":1166,"height":449,"caption":"Swisspica"},"image":{"@id":"https:\/\/www.swisspica.ch\/#\/schema\/logo\/image\/"},"sameAs":["https:\/\/www.facebook.com\/swisspica.delights","https:\/\/www.instagram.com\/swisspica\/"]}]},"og_availability":"instock","product_availability":"instock","product_condition":"new"},"_links":{"self":[{"href":"https:\/\/www.swisspica.ch\/fr\/wp-json\/wp\/v2\/product\/6597","targetHints":{"allow":["GET"]}}],"collection":[{"href":"https:\/\/www.swisspica.ch\/fr\/wp-json\/wp\/v2\/product"}],"about":[{"href":"https:\/\/www.swisspica.ch\/fr\/wp-json\/wp\/v2\/types\/product"}],"replies":[{"embeddable":true,"href":"https:\/\/www.swisspica.ch\/fr\/wp-json\/wp\/v2\/comments?post=6597"}],"version-history":[{"count":3,"href":"https:\/\/www.swisspica.ch\/fr\/wp-json\/wp\/v2\/product\/6597\/revisions"}],"predecessor-version":[{"id":18610,"href":"https:\/\/www.swisspica.ch\/fr\/wp-json\/wp\/v2\/product\/6597\/revisions\/18610"}],"wp:featuredmedia":[{"embeddable":true,"href":"https:\/\/www.swisspica.ch\/fr\/wp-json\/wp\/v2\/media\/18603"}],"wp:attachment":[{"href":"https:\/\/www.swisspica.ch\/fr\/wp-json\/wp\/v2\/media?parent=6597"}],"wp:term":[{"taxonomy":"product_brand","embeddable":true,"href":"https:\/\/www.swisspica.ch\/fr\/wp-json\/wp\/v2\/product_brand?post=6597"},{"taxonomy":"product_cat","embeddable":true,"href":"https:\/\/www.swisspica.ch\/fr\/wp-json\/wp\/v2\/product_cat?post=6597"},{"taxonomy":"product_tag","embeddable":true,"href":"https:\/\/www.swisspica.ch\/fr\/wp-json\/wp\/v2\/product_tag?post=6597"}],"curies":[{"name":"wp","href":"https:\/\/api.w.org\/{rel}","templated":true}]}}