{"id":9571,"date":"2021-02-20T12:23:10","date_gmt":"2021-02-20T11:23:10","guid":{"rendered":"https:\/\/www.swisspica.ch\/?post_type=product&#038;p=9571"},"modified":"2026-03-18T18:46:18","modified_gmt":"2026-03-18T17:46:18","slug":"bio-dattelbalsamessig","status":"publish","type":"product","link":"https:\/\/www.swisspica.ch\/fr\/products\/datteln-balsamessig\/bio-dattelbalsamessig\/","title":{"rendered":"Balsamique de dattes bio"},"content":{"rendered":"<p>Cet excellent vinaigre balsamique est produit \u00e0 partir des meilleures dattes iraniennes bio. Apportez de la diversit\u00e9 dans votre cuisine et surprenez avec ce balsamique de dattes doux. Outre le fructose naturel, il est source de fibres et a une haute teneur en potassium.<br \/>\nBalsamique de dattes de haute qualit\u00e9 produit \u00e0 partir de dattes iraniennes bio s\u00e9lectionn\u00e9es. Mis en bouteille dans le respect de r\u00e8gles d'hygi\u00e8ne strictes. Purement naturel. Sans conservateurs ni substances g\u00e9n\u00e9tiquement modifi\u00e9es.<\/p>\n<p><strong>Certificats:\u00a0 \u00a0<\/strong><img loading=\"lazy\" decoding=\"async\" class=\"alignnone wp-image-18859 size-full\" src=\"https:\/\/www.swisspica.ch\/wp-content\/uploads\/2021\/02\/certs-6-1.png\" alt=\"\" width=\"378\" height=\"100\" srcset=\"https:\/\/www.swisspica.ch\/wp-content\/uploads\/2021\/02\/certs-6-1.png 378w, https:\/\/www.swisspica.ch\/wp-content\/uploads\/2021\/02\/certs-6-1-300x79.png 300w, https:\/\/www.swisspica.ch\/wp-content\/uploads\/2021\/02\/certs-6-1-18x5.png 18w, https:\/\/www.swisspica.ch\/wp-content\/uploads\/2021\/02\/certs-6-1-60x16.png 60w, https:\/\/www.swisspica.ch\/wp-content\/uploads\/2021\/02\/certs-6-1-150x40.png 150w\" sizes=\"auto, (max-width: 378px) 100vw, 378px\" \/><\/p>","protected":false},"excerpt":{"rendered":"<p>Vinaigre balsamique produit \u00e0 partir de dattes iraniennes bio<\/p>\n<ul>\n<li>Couleur brun fonc\u00e9 intense<\/li>\n<li>Ar\u00f4me doux, complexe et riche<\/li>\n<\/ul>\n<p>N'h\u00e9sitez pas \u00e0 <strong><u><a href=\"\/fr\/contact-us\/\">nous contacter<\/a><br \/>\n<\/u><\/strong><\/p>","protected":false},"featured_media":9583,"comment_status":"open","ping_status":"closed","template":"","meta":[],"product_brand":[],"product_cat":[114],"product_tag":[179,222,226],"class_list":{"0":"post-9571","1":"product","2":"type-product","3":"status-publish","4":"has-post-thumbnail","6":"product_cat-datteln-balsamessig","7":"product_tag-balsamic","8":"product_tag-date","9":"product_tag-organic","10":"product_shipping_class-glass","12":"first","13":"instock","14":"sale","15":"taxable","16":"shipping-taxable","17":"purchasable","18":"product-type-variable","19":"has-default-attributes"},"yoast_head":"<!-- This site is optimized with the Yoast SEO plugin v27.1.1 - https:\/\/yoast.com\/product\/yoast-seo-wordpress\/ -->\n<title>Bio-Dattelbalsamessig<\/title>\n<meta name=\"robots\" content=\"index, follow, max-snippet:-1, max-image-preview:large, max-video-preview:-1\" \/>\n<link rel=\"canonical\" href=\"https:\/\/www.swisspica.ch\/fr\/products\/datteln-balsamessig\/bio-dattelbalsamessig\/\" \/>\n<meta property=\"og:locale\" content=\"fr_FR\" \/>\n<meta property=\"og:type\" content=\"article\" \/>\n<meta property=\"og:title\" content=\"Bio-Dattelbalsamessig\" \/>\n<meta property=\"og:description\" content=\"Balsamessig, hergestellt aus iranischen Bio-Datteln   Intensiv dunkelbraune Farbe  S\u00fcsses, komplexes und reichhaltiges Aroma  Z\u00f6gern Sie nicht, uns zu kontaktieren.\" \/>\n<meta property=\"og:url\" content=\"https:\/\/www.swisspica.ch\/fr\/products\/datteln-balsamessig\/bio-dattelbalsamessig\/\" \/>\n<meta property=\"og:site_name\" content=\"Swisspica\" \/>\n<meta property=\"article:publisher\" content=\"https:\/\/www.facebook.com\/swisspica.delights\" \/>\n<meta property=\"article:modified_time\" content=\"2026-03-18T17:46:18+00:00\" \/>\n<meta property=\"og:image\" content=\"https:\/\/www.swisspica.ch\/wp-content\/uploads\/2021\/02\/swisspica-balsamic-500.jpg\" \/>\n\t<meta property=\"og:image:width\" content=\"600\" \/>\n\t<meta property=\"og:image:height\" content=\"600\" \/>\n\t<meta property=\"og:image:type\" content=\"image\/jpeg\" \/>\n<meta name=\"twitter:card\" content=\"summary_large_image\" \/>\n<meta name=\"twitter:label1\" content=\"Disponibilit\u00e9\" \/>\n\t<meta name=\"twitter:data1\" content=\"En stock\" \/>\n<script type=\"application\/ld+json\" class=\"yoast-schema-graph\">{\"@context\":\"https:\/\/schema.org\",\"@graph\":[{\"@type\":\"WebPage\",\"@id\":\"https:\/\/www.swisspica.ch\/products\/datteln-balsamessig\/bio-dattelbalsamessig\/\",\"url\":\"https:\/\/www.swisspica.ch\/products\/datteln-balsamessig\/bio-dattelbalsamessig\/\",\"name\":\"Bio-Dattelbalsamessig\",\"isPartOf\":{\"@id\":\"https:\/\/www.swisspica.ch\/#website\"},\"primaryImageOfPage\":{\"@id\":\"https:\/\/www.swisspica.ch\/products\/datteln-balsamessig\/bio-dattelbalsamessig\/#primaryimage\"},\"image\":{\"@id\":\"https:\/\/www.swisspica.ch\/products\/datteln-balsamessig\/bio-dattelbalsamessig\/#primaryimage\"},\"thumbnailUrl\":\"https:\/\/www.swisspica.ch\/wp-content\/uploads\/2021\/02\/swisspica-balsamic-500.jpg\",\"datePublished\":\"2021-02-20T11:23:10+00:00\",\"dateModified\":\"2026-03-18T17:46:18+00:00\",\"breadcrumb\":{\"@id\":\"https:\/\/www.swisspica.ch\/products\/datteln-balsamessig\/bio-dattelbalsamessig\/#breadcrumb\"},\"inLanguage\":\"fr-FR\",\"potentialAction\":[{\"@type\":\"ReadAction\",\"target\":[\"https:\/\/www.swisspica.ch\/products\/datteln-balsamessig\/bio-dattelbalsamessig\/\"]}]},{\"@type\":\"ImageObject\",\"inLanguage\":\"fr-FR\",\"@id\":\"https:\/\/www.swisspica.ch\/products\/datteln-balsamessig\/bio-dattelbalsamessig\/#primaryimage\",\"url\":\"https:\/\/www.swisspica.ch\/wp-content\/uploads\/2021\/02\/swisspica-balsamic-500.jpg\",\"contentUrl\":\"https:\/\/www.swisspica.ch\/wp-content\/uploads\/2021\/02\/swisspica-balsamic-500.jpg\",\"width\":600,\"height\":600},{\"@type\":\"BreadcrumbList\",\"@id\":\"https:\/\/www.swisspica.ch\/products\/datteln-balsamessig\/bio-dattelbalsamessig\/#breadcrumb\",\"itemListElement\":[{\"@type\":\"ListItem\",\"position\":1,\"name\":\"Startseite\",\"item\":\"https:\/\/www.swisspica.ch\/\"},{\"@type\":\"ListItem\",\"position\":2,\"name\":\"Shop\",\"item\":\"https:\/\/www.swisspica.ch\/products\/\"},{\"@type\":\"ListItem\",\"position\":3,\"name\":\"Datteln &amp; Balsamessig\",\"item\":\"https:\/\/www.swisspica.ch\/products-category\/datteln-balsamessig\/\"},{\"@type\":\"ListItem\",\"position\":4,\"name\":\"Bio-Dattelbalsamessig\"}]},{\"@type\":\"WebSite\",\"@id\":\"https:\/\/www.swisspica.ch\/#website\",\"url\":\"https:\/\/www.swisspica.ch\/\",\"name\":\"Swisspica: Naturprodukte\",\"description\":\"Naturprodukte, Lebensstil, Deko &amp; Geschenkideen\",\"publisher\":{\"@id\":\"https:\/\/www.swisspica.ch\/#organization\"},\"alternateName\":\"Swisspica\",\"potentialAction\":[{\"@type\":\"SearchAction\",\"target\":{\"@type\":\"EntryPoint\",\"urlTemplate\":\"https:\/\/www.swisspica.ch\/?s={search_term_string}\"},\"query-input\":{\"@type\":\"PropertyValueSpecification\",\"valueRequired\":true,\"valueName\":\"search_term_string\"}}],\"inLanguage\":\"fr-FR\"},{\"@type\":\"Organization\",\"@id\":\"https:\/\/www.swisspica.ch\/#organization\",\"name\":\"Swisspica\",\"alternateName\":\"Swisspica: Naturprodukte, Lebensstil, Deko & Geschenkideen\",\"url\":\"https:\/\/www.swisspica.ch\/\",\"logo\":{\"@type\":\"ImageObject\",\"inLanguage\":\"fr-FR\",\"@id\":\"https:\/\/www.swisspica.ch\/#\/schema\/logo\/image\/\",\"url\":\"https:\/\/www.swisspica.ch\/wp-content\/uploads\/2020\/12\/swisspica-logo-gold-no-shadow.png\",\"contentUrl\":\"https:\/\/www.swisspica.ch\/wp-content\/uploads\/2020\/12\/swisspica-logo-gold-no-shadow.png\",\"width\":1166,\"height\":449,\"caption\":\"Swisspica\"},\"image\":{\"@id\":\"https:\/\/www.swisspica.ch\/#\/schema\/logo\/image\/\"},\"sameAs\":[\"https:\/\/www.facebook.com\/swisspica.delights\",\"https:\/\/www.instagram.com\/swisspica\/\"]}]}<\/script>\n<meta property=\"og:availability\" content=\"instock\" \/>\n<meta property=\"product:availability\" content=\"instock\" \/>\n<meta property=\"product:condition\" content=\"new\" \/>\n<!-- \/ Yoast SEO plugin. -->","yoast_head_json":{"title":"Balsamique de dattes bio","robots":{"index":"index","follow":"follow","max-snippet":"max-snippet:-1","max-image-preview":"max-image-preview:large","max-video-preview":"max-video-preview:-1"},"canonical":"https:\/\/www.swisspica.ch\/fr\/products\/datteln-balsamessig\/bio-dattelbalsamessig\/","og_locale":"fr_FR","og_type":"article","og_title":"Bio-Dattelbalsamessig","og_description":"Balsamessig, hergestellt aus iranischen Bio-Datteln   Intensiv dunkelbraune Farbe  S\u00fcsses, komplexes und reichhaltiges Aroma  Z\u00f6gern Sie nicht, uns zu kontaktieren.","og_url":"https:\/\/www.swisspica.ch\/fr\/products\/datteln-balsamessig\/bio-dattelbalsamessig\/","og_site_name":"Swisspica","article_publisher":"https:\/\/www.facebook.com\/swisspica.delights","article_modified_time":"2026-03-18T17:46:18+00:00","og_image":[{"width":600,"height":600,"url":"https:\/\/www.swisspica.ch\/wp-content\/uploads\/2021\/02\/swisspica-balsamic-500.jpg","type":"image\/jpeg"}],"twitter_card":"summary_large_image","twitter_misc":{"Disponibilit\u00e9":"En stock"},"schema":{"@context":"https:\/\/schema.org","@graph":[{"@type":"WebPage","@id":"https:\/\/www.swisspica.ch\/products\/datteln-balsamessig\/bio-dattelbalsamessig\/","url":"https:\/\/www.swisspica.ch\/products\/datteln-balsamessig\/bio-dattelbalsamessig\/","name":"Balsamique de dattes bio","isPartOf":{"@id":"https:\/\/www.swisspica.ch\/#website"},"primaryImageOfPage":{"@id":"https:\/\/www.swisspica.ch\/products\/datteln-balsamessig\/bio-dattelbalsamessig\/#primaryimage"},"image":{"@id":"https:\/\/www.swisspica.ch\/products\/datteln-balsamessig\/bio-dattelbalsamessig\/#primaryimage"},"thumbnailUrl":"https:\/\/www.swisspica.ch\/wp-content\/uploads\/2021\/02\/swisspica-balsamic-500.jpg","datePublished":"2021-02-20T11:23:10+00:00","dateModified":"2026-03-18T17:46:18+00:00","breadcrumb":{"@id":"https:\/\/www.swisspica.ch\/products\/datteln-balsamessig\/bio-dattelbalsamessig\/#breadcrumb"},"inLanguage":"fr-FR","potentialAction":[{"@type":"ReadAction","target":["https:\/\/www.swisspica.ch\/products\/datteln-balsamessig\/bio-dattelbalsamessig\/"]}]},{"@type":"ImageObject","inLanguage":"fr-FR","@id":"https:\/\/www.swisspica.ch\/products\/datteln-balsamessig\/bio-dattelbalsamessig\/#primaryimage","url":"https:\/\/www.swisspica.ch\/wp-content\/uploads\/2021\/02\/swisspica-balsamic-500.jpg","contentUrl":"https:\/\/www.swisspica.ch\/wp-content\/uploads\/2021\/02\/swisspica-balsamic-500.jpg","width":600,"height":600},{"@type":"BreadcrumbList","@id":"https:\/\/www.swisspica.ch\/products\/datteln-balsamessig\/bio-dattelbalsamessig\/#breadcrumb","itemListElement":[{"@type":"ListItem","position":1,"name":"Startseite","item":"https:\/\/www.swisspica.ch\/"},{"@type":"ListItem","position":2,"name":"Shop","item":"https:\/\/www.swisspica.ch\/products\/"},{"@type":"ListItem","position":3,"name":"Datteln &amp; Balsamessig","item":"https:\/\/www.swisspica.ch\/products-category\/datteln-balsamessig\/"},{"@type":"ListItem","position":4,"name":"Bio-Dattelbalsamessig"}]},{"@type":"WebSite","@id":"https:\/\/www.swisspica.ch\/#website","url":"https:\/\/www.swisspica.ch\/","name":"Swisspica: Naturprodukte","description":"Naturprodukte, Lebensstil, Deko &amp; Geschenkideen","publisher":{"@id":"https:\/\/www.swisspica.ch\/#organization"},"alternateName":"Swisspica","potentialAction":[{"@type":"SearchAction","target":{"@type":"EntryPoint","urlTemplate":"https:\/\/www.swisspica.ch\/?s={search_term_string}"},"query-input":{"@type":"PropertyValueSpecification","valueRequired":true,"valueName":"search_term_string"}}],"inLanguage":"fr-FR"},{"@type":"Organization","@id":"https:\/\/www.swisspica.ch\/#organization","name":"Swisspica","alternateName":"Swisspica: Naturprodukte, Lebensstil, Deko & Geschenkideen","url":"https:\/\/www.swisspica.ch\/","logo":{"@type":"ImageObject","inLanguage":"fr-FR","@id":"https:\/\/www.swisspica.ch\/#\/schema\/logo\/image\/","url":"https:\/\/www.swisspica.ch\/wp-content\/uploads\/2020\/12\/swisspica-logo-gold-no-shadow.png","contentUrl":"https:\/\/www.swisspica.ch\/wp-content\/uploads\/2020\/12\/swisspica-logo-gold-no-shadow.png","width":1166,"height":449,"caption":"Swisspica"},"image":{"@id":"https:\/\/www.swisspica.ch\/#\/schema\/logo\/image\/"},"sameAs":["https:\/\/www.facebook.com\/swisspica.delights","https:\/\/www.instagram.com\/swisspica\/"]}]},"og_availability":"instock","product_availability":"instock","product_condition":"new"},"_links":{"self":[{"href":"https:\/\/www.swisspica.ch\/fr\/wp-json\/wp\/v2\/product\/9571","targetHints":{"allow":["GET"]}}],"collection":[{"href":"https:\/\/www.swisspica.ch\/fr\/wp-json\/wp\/v2\/product"}],"about":[{"href":"https:\/\/www.swisspica.ch\/fr\/wp-json\/wp\/v2\/types\/product"}],"replies":[{"embeddable":true,"href":"https:\/\/www.swisspica.ch\/fr\/wp-json\/wp\/v2\/comments?post=9571"}],"version-history":[{"count":4,"href":"https:\/\/www.swisspica.ch\/fr\/wp-json\/wp\/v2\/product\/9571\/revisions"}],"predecessor-version":[{"id":18861,"href":"https:\/\/www.swisspica.ch\/fr\/wp-json\/wp\/v2\/product\/9571\/revisions\/18861"}],"wp:featuredmedia":[{"embeddable":true,"href":"https:\/\/www.swisspica.ch\/fr\/wp-json\/wp\/v2\/media\/9583"}],"wp:attachment":[{"href":"https:\/\/www.swisspica.ch\/fr\/wp-json\/wp\/v2\/media?parent=9571"}],"wp:term":[{"taxonomy":"product_brand","embeddable":true,"href":"https:\/\/www.swisspica.ch\/fr\/wp-json\/wp\/v2\/product_brand?post=9571"},{"taxonomy":"product_cat","embeddable":true,"href":"https:\/\/www.swisspica.ch\/fr\/wp-json\/wp\/v2\/product_cat?post=9571"},{"taxonomy":"product_tag","embeddable":true,"href":"https:\/\/www.swisspica.ch\/fr\/wp-json\/wp\/v2\/product_tag?post=9571"}],"curies":[{"name":"wp","href":"https:\/\/api.w.org\/{rel}","templated":true}]}}