{"id":9584,"date":"2021-02-20T13:29:46","date_gmt":"2021-02-20T12:29:46","guid":{"rendered":"https:\/\/www.swisspica.ch\/?post_type=product&#038;p=9584"},"modified":"2026-03-22T19:36:53","modified_gmt":"2026-03-22T18:36:53","slug":"bio-dattelpulver","status":"publish","type":"product","link":"https:\/\/www.swisspica.ch\/fr\/products\/datteln-balsamessig\/bio-dattelpulver\/","title":{"rendered":"Poudre de dattes naturelles"},"content":{"rendered":"<p>Cette poudre de dattes est produite \u00e0 partir de dattes s\u00e9ch\u00e9es naturelles; elle offre une alternative savoureuse au sucre brun ou blanc. Ajoutez une douce saveur de dattes \u00e0 vos boissons et \u00e0 vos recettes. Outre le fructose naturel, la poudre de dattes est source de fibres et a une haute teneur en potassium.<\/p>\n<p><strong>Certificats:\u00a0 <img loading=\"lazy\" decoding=\"async\" class=\"alignnone size-full wp-image-18846\" src=\"https:\/\/www.swisspica.ch\/wp-content\/uploads\/2020\/04\/certs-5.png\" alt=\"\" width=\"81\" height=\"100\" srcset=\"https:\/\/www.swisspica.ch\/wp-content\/uploads\/2020\/04\/certs-5.png 81w, https:\/\/www.swisspica.ch\/wp-content\/uploads\/2020\/04\/certs-5-10x12.png 10w, https:\/\/www.swisspica.ch\/wp-content\/uploads\/2020\/04\/certs-5-60x74.png 60w\" sizes=\"auto, (max-width: 81px) 100vw, 81px\" \/><\/strong><\/p>","protected":false},"excerpt":{"rendered":"<p>Poudre de dattes naturelles en provenance de l'Iran. Une alternative savoureuse au sucre blanc ou brun.<\/p>\n<ul>\n<li>200 grammes<\/li>\n<li class=\"jop-noMdConv\">Couleur beige, consistance \u00e0 grain fin<\/li>\n<li class=\"jop-noMdConv\">Douce saveur de dattes; fond agr\u00e9ablement dans la bouche<\/li>\n<\/ul>\n<p>N'h\u00e9sitez pas \u00e0 <strong><u><a href=\"\/fr\/contact-us\/\">nous contacter<\/a><\/u><\/strong><\/p>","protected":false},"featured_media":18606,"comment_status":"open","ping_status":"closed","template":"","meta":[],"product_brand":[],"product_cat":[114],"product_tag":[222,180,368],"class_list":{"0":"post-9584","1":"product","2":"type-product","3":"status-publish","4":"has-post-thumbnail","6":"product_cat-datteln-balsamessig","7":"product_tag-date","8":"product_tag-datesugar","9":"product_tag-naturrein","11":"first","12":"instock","13":"sale","14":"taxable","15":"shipping-taxable","16":"purchasable","17":"product-type-variable","18":"has-default-attributes"},"yoast_head":"<!-- This site is optimized with the Yoast SEO plugin v27.1.1 - https:\/\/yoast.com\/product\/yoast-seo-wordpress\/ -->\n<title>Naturreines Dattelpulver<\/title>\n<meta name=\"description\" content=\"Naturreines Dattelpulver aus Iran, auch als Dattels\u00fcsse bekannt. Eine k\u00f6stliche Alternative zu weissem oder braunem Zucker.\" \/>\n<meta name=\"robots\" content=\"index, follow, max-snippet:-1, max-image-preview:large, max-video-preview:-1\" \/>\n<link rel=\"canonical\" href=\"https:\/\/www.swisspica.ch\/fr\/products\/datteln-balsamessig\/bio-dattelpulver\/\" \/>\n<meta property=\"og:locale\" content=\"fr_FR\" \/>\n<meta property=\"og:type\" content=\"article\" \/>\n<meta property=\"og:title\" content=\"Naturreines Dattelpulver\" \/>\n<meta property=\"og:description\" content=\"Naturreines Dattelpulver aus Iran, auch als Dattels\u00fcsse bekannt. Eine k\u00f6stliche Alternative zu weissem oder braunem Zucker.\" \/>\n<meta property=\"og:url\" content=\"https:\/\/www.swisspica.ch\/fr\/products\/datteln-balsamessig\/bio-dattelpulver\/\" \/>\n<meta property=\"og:site_name\" content=\"Swisspica\" \/>\n<meta property=\"article:publisher\" content=\"https:\/\/www.facebook.com\/swisspica.delights\" \/>\n<meta property=\"article:modified_time\" content=\"2026-03-22T18:36:53+00:00\" \/>\n<meta property=\"og:image\" content=\"https:\/\/www.swisspica.ch\/wp-content\/uploads\/2025\/04\/naturreines-dattelpulver.webp\" \/>\n\t<meta property=\"og:image:width\" content=\"1000\" \/>\n\t<meta property=\"og:image:height\" content=\"1000\" \/>\n\t<meta property=\"og:image:type\" content=\"image\/webp\" \/>\n<meta name=\"twitter:card\" content=\"summary_large_image\" \/>\n<meta name=\"twitter:label1\" content=\"Disponibilit\u00e9\" \/>\n\t<meta name=\"twitter:data1\" content=\"En stock\" \/>\n<script type=\"application\/ld+json\" class=\"yoast-schema-graph\">{\"@context\":\"https:\/\/schema.org\",\"@graph\":[{\"@type\":\"WebPage\",\"@id\":\"https:\/\/www.swisspica.ch\/products\/datteln-balsamessig\/bio-dattelpulver\/\",\"url\":\"https:\/\/www.swisspica.ch\/products\/datteln-balsamessig\/bio-dattelpulver\/\",\"name\":\"Naturreines Dattelpulver\",\"isPartOf\":{\"@id\":\"https:\/\/www.swisspica.ch\/#website\"},\"primaryImageOfPage\":{\"@id\":\"https:\/\/www.swisspica.ch\/products\/datteln-balsamessig\/bio-dattelpulver\/#primaryimage\"},\"image\":{\"@id\":\"https:\/\/www.swisspica.ch\/products\/datteln-balsamessig\/bio-dattelpulver\/#primaryimage\"},\"thumbnailUrl\":\"https:\/\/www.swisspica.ch\/wp-content\/uploads\/2025\/04\/naturreines-dattelpulver.webp\",\"datePublished\":\"2021-02-20T12:29:46+00:00\",\"dateModified\":\"2026-03-22T18:36:53+00:00\",\"description\":\"Naturreines Dattelpulver aus Iran, auch als Dattels\u00fcsse bekannt. Eine k\u00f6stliche Alternative zu weissem oder braunem Zucker.\",\"breadcrumb\":{\"@id\":\"https:\/\/www.swisspica.ch\/products\/datteln-balsamessig\/bio-dattelpulver\/#breadcrumb\"},\"inLanguage\":\"fr-FR\",\"potentialAction\":[{\"@type\":\"ReadAction\",\"target\":[\"https:\/\/www.swisspica.ch\/products\/datteln-balsamessig\/bio-dattelpulver\/\"]}]},{\"@type\":\"ImageObject\",\"inLanguage\":\"fr-FR\",\"@id\":\"https:\/\/www.swisspica.ch\/products\/datteln-balsamessig\/bio-dattelpulver\/#primaryimage\",\"url\":\"https:\/\/www.swisspica.ch\/wp-content\/uploads\/2025\/04\/naturreines-dattelpulver.webp\",\"contentUrl\":\"https:\/\/www.swisspica.ch\/wp-content\/uploads\/2025\/04\/naturreines-dattelpulver.webp\",\"width\":1000,\"height\":1000},{\"@type\":\"BreadcrumbList\",\"@id\":\"https:\/\/www.swisspica.ch\/products\/datteln-balsamessig\/bio-dattelpulver\/#breadcrumb\",\"itemListElement\":[{\"@type\":\"ListItem\",\"position\":1,\"name\":\"Startseite\",\"item\":\"https:\/\/www.swisspica.ch\/\"},{\"@type\":\"ListItem\",\"position\":2,\"name\":\"Shop\",\"item\":\"https:\/\/www.swisspica.ch\/products\/\"},{\"@type\":\"ListItem\",\"position\":3,\"name\":\"Datteln &amp; Balsamessig\",\"item\":\"https:\/\/www.swisspica.ch\/products-category\/datteln-balsamessig\/\"},{\"@type\":\"ListItem\",\"position\":4,\"name\":\"Naturreines Dattelpulver\"}]},{\"@type\":\"WebSite\",\"@id\":\"https:\/\/www.swisspica.ch\/#website\",\"url\":\"https:\/\/www.swisspica.ch\/\",\"name\":\"Swisspica: Naturprodukte\",\"description\":\"Naturprodukte, Lebensstil, Deko &amp; Geschenkideen\",\"publisher\":{\"@id\":\"https:\/\/www.swisspica.ch\/#organization\"},\"alternateName\":\"Swisspica\",\"potentialAction\":[{\"@type\":\"SearchAction\",\"target\":{\"@type\":\"EntryPoint\",\"urlTemplate\":\"https:\/\/www.swisspica.ch\/?s={search_term_string}\"},\"query-input\":{\"@type\":\"PropertyValueSpecification\",\"valueRequired\":true,\"valueName\":\"search_term_string\"}}],\"inLanguage\":\"fr-FR\"},{\"@type\":\"Organization\",\"@id\":\"https:\/\/www.swisspica.ch\/#organization\",\"name\":\"Swisspica\",\"alternateName\":\"Swisspica: Naturprodukte, Lebensstil, Deko & Geschenkideen\",\"url\":\"https:\/\/www.swisspica.ch\/\",\"logo\":{\"@type\":\"ImageObject\",\"inLanguage\":\"fr-FR\",\"@id\":\"https:\/\/www.swisspica.ch\/#\/schema\/logo\/image\/\",\"url\":\"https:\/\/www.swisspica.ch\/wp-content\/uploads\/2020\/12\/swisspica-logo-gold-no-shadow.png\",\"contentUrl\":\"https:\/\/www.swisspica.ch\/wp-content\/uploads\/2020\/12\/swisspica-logo-gold-no-shadow.png\",\"width\":1166,\"height\":449,\"caption\":\"Swisspica\"},\"image\":{\"@id\":\"https:\/\/www.swisspica.ch\/#\/schema\/logo\/image\/\"},\"sameAs\":[\"https:\/\/www.facebook.com\/swisspica.delights\",\"https:\/\/www.instagram.com\/swisspica\/\"]}]}<\/script>\n<meta property=\"og:availability\" content=\"instock\" \/>\n<meta property=\"product:availability\" content=\"instock\" \/>\n<meta property=\"product:condition\" content=\"new\" \/>\n<!-- \/ Yoast SEO plugin. -->","yoast_head_json":{"title":"Poudre de dattes naturelles","description":"Poudre de dattes naturelles en provenance de l'Iran. Une alternative savoureuse au sucre blanc ou brun.","robots":{"index":"index","follow":"follow","max-snippet":"max-snippet:-1","max-image-preview":"max-image-preview:large","max-video-preview":"max-video-preview:-1"},"canonical":"https:\/\/www.swisspica.ch\/fr\/products\/datteln-balsamessig\/bio-dattelpulver\/","og_locale":"fr_FR","og_type":"article","og_title":"Naturreines Dattelpulver","og_description":"Naturreines Dattelpulver aus Iran, auch als Dattels\u00fcsse bekannt. Eine k\u00f6stliche Alternative zu weissem oder braunem Zucker.","og_url":"https:\/\/www.swisspica.ch\/fr\/products\/datteln-balsamessig\/bio-dattelpulver\/","og_site_name":"Swisspica","article_publisher":"https:\/\/www.facebook.com\/swisspica.delights","article_modified_time":"2026-03-22T18:36:53+00:00","og_image":[{"width":1000,"height":1000,"url":"https:\/\/www.swisspica.ch\/wp-content\/uploads\/2025\/04\/naturreines-dattelpulver.webp","type":"image\/webp"}],"twitter_card":"summary_large_image","twitter_misc":{"Disponibilit\u00e9":"En stock"},"schema":{"@context":"https:\/\/schema.org","@graph":[{"@type":"WebPage","@id":"https:\/\/www.swisspica.ch\/products\/datteln-balsamessig\/bio-dattelpulver\/","url":"https:\/\/www.swisspica.ch\/products\/datteln-balsamessig\/bio-dattelpulver\/","name":"Poudre de dattes naturelles","isPartOf":{"@id":"https:\/\/www.swisspica.ch\/#website"},"primaryImageOfPage":{"@id":"https:\/\/www.swisspica.ch\/products\/datteln-balsamessig\/bio-dattelpulver\/#primaryimage"},"image":{"@id":"https:\/\/www.swisspica.ch\/products\/datteln-balsamessig\/bio-dattelpulver\/#primaryimage"},"thumbnailUrl":"https:\/\/www.swisspica.ch\/wp-content\/uploads\/2025\/04\/naturreines-dattelpulver.webp","datePublished":"2021-02-20T12:29:46+00:00","dateModified":"2026-03-22T18:36:53+00:00","description":"Poudre de dattes naturelles en provenance de l'Iran. Une alternative savoureuse au sucre blanc ou brun.","breadcrumb":{"@id":"https:\/\/www.swisspica.ch\/products\/datteln-balsamessig\/bio-dattelpulver\/#breadcrumb"},"inLanguage":"fr-FR","potentialAction":[{"@type":"ReadAction","target":["https:\/\/www.swisspica.ch\/products\/datteln-balsamessig\/bio-dattelpulver\/"]}]},{"@type":"ImageObject","inLanguage":"fr-FR","@id":"https:\/\/www.swisspica.ch\/products\/datteln-balsamessig\/bio-dattelpulver\/#primaryimage","url":"https:\/\/www.swisspica.ch\/wp-content\/uploads\/2025\/04\/naturreines-dattelpulver.webp","contentUrl":"https:\/\/www.swisspica.ch\/wp-content\/uploads\/2025\/04\/naturreines-dattelpulver.webp","width":1000,"height":1000},{"@type":"BreadcrumbList","@id":"https:\/\/www.swisspica.ch\/products\/datteln-balsamessig\/bio-dattelpulver\/#breadcrumb","itemListElement":[{"@type":"ListItem","position":1,"name":"Startseite","item":"https:\/\/www.swisspica.ch\/"},{"@type":"ListItem","position":2,"name":"Shop","item":"https:\/\/www.swisspica.ch\/products\/"},{"@type":"ListItem","position":3,"name":"Datteln &amp; Balsamessig","item":"https:\/\/www.swisspica.ch\/products-category\/datteln-balsamessig\/"},{"@type":"ListItem","position":4,"name":"Naturreines Dattelpulver"}]},{"@type":"WebSite","@id":"https:\/\/www.swisspica.ch\/#website","url":"https:\/\/www.swisspica.ch\/","name":"Swisspica: Naturprodukte","description":"Naturprodukte, Lebensstil, Deko &amp; Geschenkideen","publisher":{"@id":"https:\/\/www.swisspica.ch\/#organization"},"alternateName":"Swisspica","potentialAction":[{"@type":"SearchAction","target":{"@type":"EntryPoint","urlTemplate":"https:\/\/www.swisspica.ch\/?s={search_term_string}"},"query-input":{"@type":"PropertyValueSpecification","valueRequired":true,"valueName":"search_term_string"}}],"inLanguage":"fr-FR"},{"@type":"Organization","@id":"https:\/\/www.swisspica.ch\/#organization","name":"Swisspica","alternateName":"Swisspica: Naturprodukte, Lebensstil, Deko & Geschenkideen","url":"https:\/\/www.swisspica.ch\/","logo":{"@type":"ImageObject","inLanguage":"fr-FR","@id":"https:\/\/www.swisspica.ch\/#\/schema\/logo\/image\/","url":"https:\/\/www.swisspica.ch\/wp-content\/uploads\/2020\/12\/swisspica-logo-gold-no-shadow.png","contentUrl":"https:\/\/www.swisspica.ch\/wp-content\/uploads\/2020\/12\/swisspica-logo-gold-no-shadow.png","width":1166,"height":449,"caption":"Swisspica"},"image":{"@id":"https:\/\/www.swisspica.ch\/#\/schema\/logo\/image\/"},"sameAs":["https:\/\/www.facebook.com\/swisspica.delights","https:\/\/www.instagram.com\/swisspica\/"]}]},"og_availability":"instock","product_availability":"instock","product_condition":"new"},"_links":{"self":[{"href":"https:\/\/www.swisspica.ch\/fr\/wp-json\/wp\/v2\/product\/9584","targetHints":{"allow":["GET"]}}],"collection":[{"href":"https:\/\/www.swisspica.ch\/fr\/wp-json\/wp\/v2\/product"}],"about":[{"href":"https:\/\/www.swisspica.ch\/fr\/wp-json\/wp\/v2\/types\/product"}],"replies":[{"embeddable":true,"href":"https:\/\/www.swisspica.ch\/fr\/wp-json\/wp\/v2\/comments?post=9584"}],"version-history":[{"count":3,"href":"https:\/\/www.swisspica.ch\/fr\/wp-json\/wp\/v2\/product\/9584\/revisions"}],"predecessor-version":[{"id":18609,"href":"https:\/\/www.swisspica.ch\/fr\/wp-json\/wp\/v2\/product\/9584\/revisions\/18609"}],"wp:featuredmedia":[{"embeddable":true,"href":"https:\/\/www.swisspica.ch\/fr\/wp-json\/wp\/v2\/media\/18606"}],"wp:attachment":[{"href":"https:\/\/www.swisspica.ch\/fr\/wp-json\/wp\/v2\/media?parent=9584"}],"wp:term":[{"taxonomy":"product_brand","embeddable":true,"href":"https:\/\/www.swisspica.ch\/fr\/wp-json\/wp\/v2\/product_brand?post=9584"},{"taxonomy":"product_cat","embeddable":true,"href":"https:\/\/www.swisspica.ch\/fr\/wp-json\/wp\/v2\/product_cat?post=9584"},{"taxonomy":"product_tag","embeddable":true,"href":"https:\/\/www.swisspica.ch\/fr\/wp-json\/wp\/v2\/product_tag?post=9584"}],"curies":[{"name":"wp","href":"https:\/\/api.w.org\/{rel}","templated":true}]}}